{"id":1523,"date":"2023-11-06T12:17:52","date_gmt":"2023-11-06T11:17:52","guid":{"rendered":"https:\/\/www.kosmetiksalon-lushezy.at\/product\/vela-shape\/"},"modified":"2024-10-31T11:57:56","modified_gmt":"2024-10-31T10:57:56","slug":"vela-shape","status":"publish","type":"product","link":"https:\/\/www.kosmetiksalon-lushezy.at\/sr\/\u043f\u0440\u043e\u0438\u0437\u0432\u043e\u0434\/vela-shape\/","title":{"rendered":"Vela Shape"},"content":{"rendered":"<div class=\"wpb-content-wrapper\"><p>[vc_row full_width=&#8220;stretch_row&#8220; css=&#8220;.vc_custom_1699454323630{background-image: url(https:\/\/www.kosmetiksalon-lushezy.at\/wp-content\/uploads\/2023\/11\/Adrianna-Lushezy-Blue-Background.jpg?id=69) !important;background-position: center !important;background-repeat: no-repeat !important;background-size: cover !important;}&#8220; woodmart_css_id=&#8220;654b9d6ad4292&#8243; responsive_spacing=&#8220;eyJwYXJhbV90eXBlIjoid29vZG1hcnRfcmVzcG9uc2l2ZV9zcGFjaW5nIiwic2VsZWN0b3JfaWQiOiI2NTRiOWQ2YWQ0MjkyIiwic2hvcnRjb2RlIjoidmNfcm93IiwiZGF0YSI6eyJ0YWJsZXQiOnt9LCJtb2JpbGUiOnt9fX0=&#8220; mobile_bg_img_hidden=&#8220;no&#8220; tablet_bg_img_hidden=&#8220;no&#8220; woodmart_parallax=&#8220;0&#8243; woodmart_gradient_switch=&#8220;no&#8220; woodmart_box_shadow=&#8220;no&#8220; wd_z_index=&#8220;no&#8220; woodmart_disable_overflow=&#8220;0&#8243; row_reverse_mobile=&#8220;0&#8243; row_reverse_tablet=&#8220;0&#8243; el_class=&#8220;product-blue-row&#8220;][vc_column][vc_column_text woodmart_inline=&#8220;no&#8220; text_larger=&#8220;no&#8220; el_class=&#8220;inner-tb&#8220;]<\/p>\n<p class=\"iznad-naslova\" style=\"text-align: center;\">Pro\u010ditaj vi\u0161e<\/p>\n<h2 style=\"text-align: center;\">Vela Shape<\/h2>\n<p style=\"text-align: center;\">VelaShape je ure\u0111aj odobren od strane FDA koji se koristi za tretman celulita i za smanjenje obima. Evo pregleda smanjenja celulita pomo\u0107u VelaShape-a: <\/p>\n<p style=\"text-align: center;\"><strong>\u0160ta je VelaShape?<\/strong> VelaShape kombinuje infracrveno svetlo, bi-polarnu radiofrekventnu energiju i vakuum kako bi zagrejao masne \u0107elije i okolno tkivo. Ova kombinacija dovodi do pove\u0107ane cirkulacije, limfne drena\u017ee, \u0107elijskog metabolizma i stvaranja kolagena. Na kraju, rezultira smanjenjem opu\u0161tenosti ko\u017ee i obima, pru\u017eaju\u0107i gla\u0111i izgled.  <\/p>\n<p>[\/vc_column_text][\/vc_column][\/vc_row][vc_row][vc_column][vc_raw_html]PGRpdiBjbGFzcz0ib21vdGFjLW5hYnJhamFuamEtcHJvZHVjdCI+CiAgICA8ZGl2IGNsYXNzPSJrb2xvbmEtbGV2byI+CiAgICAgICAgPGRpdiBjbGFzcz0iaW5uZXItbmFicmFqYW5qYS13cmFwcGVyIj4KICAgICAgICA8aDMgY2xhc3M9InNpbmdsLXByb2R1Y3QiPktha28gZnVua2Npb25pxaFlPzwvaDM+CiAgICAgICAgPGRpdiBjbGFzcz0iaW5uZXItbmFicmFqYW5qZSI+CiAgICAgICAgICAgIDxwIGNsYXNzPSJuYXNsb3YtbmFicmFqYW5qZSI+PHNwYW4gY2xhc3M9ImJyb2oiPjEuPC9zcGFuPiBUb3Bsb3RuYSBlbmVyZ2lqYSBpIHZha3V1bTo8L3A+CiAgICAgICAgICAgIDxwPlVyZcSRYWoga29yaXN0aSBrb21iaW5hY2lqdSBlbmVyZ2lqYSBrYWtvIGJpIGVmaWthc25vIHphZ3JlamFvIG1hc25lIMSHZWxpamUgaXNwb2Qga2\/FvmUsIHBvdmXEh2F2YWp1xIdpIG1ldGFib2xpemFtIHVza2xhZGnFoXRlbmUgZW5lcmdpamUgaSB0aW1lIHNtYW5qdWp1xIdpIHZlbGnEjWludSBtYXNuZSBrb21vcmUuPC9wPgogICAgICAgIDwvZGl2PgogICAgICAgIDxkaXYgY2xhc3M9ImlubmVyLW5hYnJhamFuamUiPgogICAgICAgICAgICA8cCBjbGFzcz0ibmFzbG92LW5hYnJhamFuamUiPjxzcGFuIGNsYXNzPSJicm9qIj4yLjwvc3Bhbj4gUG9kc3RpY2FuamUga29sYWdlbmEgaSBlbGFzdGluYTo8L3A+CiAgICAgICAgICAgIDxwPlRvcGxvdGEgdGFrb8SRZSBzdGltdWxpxaFlIHByb2l6dm9kbmp1IGtvbGFnZW5hIGkgZWxhc3RpbmEsIGVzZW5jaWphbG5paCBwcm90ZWluYSB6YSBlbGFzdGnEjW5vc3QgaSDEjXZyc3RvxId1IGtvxb5lLjwvcD4KICAgICAgICA8L2Rpdj4KICAgICAgICA8ZGl2IGNsYXNzPSJpbm5lci1uYWJyYWphbmplIj4KICAgICAgICAgICAgPHAgY2xhc3M9Im5hc2xvdi1uYWJyYWphbmplIj48c3BhbiBjbGFzcz0iYnJvaiI+My48L3NwYW4+IFBvdmXEh2FuYSBjaXJrdWxhY2lqYTo8L3A+CiAgICAgICAgICAgIDxwPlZha3V1bSBpIG1laGFuaXptaSB2YWxqa2EgcG92ZcSHYXZhanUgY2lya3VsYWNpanUga3J2aSBpIGxpbWZudSBkcmVuYcW+dSwgb2JhIHN1IGtsanXEjW5hIHphIG\/EjXV2YW5qZSB6ZHJhdmxqYSBpIGl6Z2xlZGEga2\/FvmUuPC9wPgogICAgICAgIDwvZGl2PgogICAgPC9kaXY+CiAgICA8ZGl2IGNsYXNzPSJpbm5lci1uYWJyYWphbmphLXdyYXBwZXIiPgogICAgICAgIDxoMyBjbGFzcz0ic2luZ2wtcHJvZHVjdCI+UHJlZG5vc3RpIFZlbGFTaGFwZS1hOjwvaDM+CiAgICAgICAgPGRpdiBjbGFzcz0iaW5uZXItbmFicmFqYW5qZSI+CiAgICAgICAgICAgIDx1bD4KICAgICAgICAgICAgICAgIDxsaT5OZWludmF6aXZhbiB0cmV0bWFuLjwvbGk+CiAgICAgICAgICAgICAgICA8bGk+TmVtYSB2cmVtZW5hIG9wb3JhdmthLCDFoXRvIG9tb2d1xIdhdmEgcGFjaWplbnRpbWEgZGEgc2Ugb2RtYWggdnJhdGUgcmVkb3ZuaW0gYWt0aXZub3N0aW1hLjwvbGk+CiAgICAgICAgICAgICAgICA8bGk+TW\/FvmUgc2Uga29yaXN0aXRpIG5hIHJhemxpxI1pdGltIGRlbG92aW1hIHRlbGEsIHVrbGp1xI11anXEh2kgc3RvbWFrLCBidXRpbmUsIHJ1a2UgaSB6YWRuamljdS48L2xpPgogICAgICAgICAgICAgICAgPGxpPlByaXZyZW1lbm8gc21hbmplbmplIGl6Z2xlZGEgY2VsdWxpdGEuPC9saT4KICAgICAgICAgICAgICAgIDxsaT5HbGF0a2EgaSDEjXZyc3RhIGtvxb5hLjwvbGk+CiAgICAgICAgICAgIDwvdWw+CiAgICAgICAgPC9kaXY+CiAgICA8L2Rpdj4KICAgIDwvZGl2PgogICAgPGRpdiBjbGFzcz0ia29sb25hLWRlc25vIj4KICAgICAgICA8ZGl2IGNsYXNzPSJpbm5lci1uYWJyYWphbmphLXdyYXBwZXIiPgogICAgICAgIDxoMyBjbGFzcz0ic2luZ2wtcHJvZHVjdCI+UHJvY2VzIHRyZXRtYW5hOjwvaDM+CiAgICAgICAgPGRpdiBjbGFzcz0iaW5uZXItbmFicmFqYW5qZSI+CiAgICAgICAgICAgIDxvbD4KICAgICAgICAgICAgICAgIDxsaT7EjGlzdGkgc2UgcG9kcnXEjWplIGtvxb5lIGtvamUgxIdlIHNlIHRyZXRpcmF0aTwvbGk+CiAgICAgICAgICAgICAgICA8bGk+R2VsIHNlIG1vxb5lIG5hbmV0aSBuYSBrb8W+dSBrYWtvIGJpIHVyZcSRYWogbGFrxaFlIGtsaXppby48L2xpPgogICAgICAgICAgICAgICAgPGxpPlZlbGFTaGFwZSB1cmXEkWFqIHNlIHByZW1lxaF0YSBwcmVrbyB0cmV0aXJhbm9nIHBvZHJ1xI1qYSwgZ2RlIHBhY2lqZW50aSBtb2d1IG9zZXRpdGkgdG9wYW8gb3NlxIdhaiBpIGJsYWdvIHVzaXNhdmFuamUuPC9saT4KICAgICAgICAgICAgICAgIDxsaT5TdmFrYSBzZXNpamEgdHJldG1hbmEgbW\/FvmUgdHJhamF0aSBpem1lxJF1IDIwIG1pbnV0YSBpIGplZG5vZyBzYXRhLCB1IHphdmlzbm9zdGkgb2QgdHJldGlyYW5vZyBwb2RydcSNamEuPC9saT4KICAgICAgICAgICAgPC9vbD4KICAgICAgICA8L2Rpdj4KICAgIDwvZGl2PgogICAgPGRpdiBjbGFzcz0iaW5uZXItbmFicmFqYW5qYS13cmFwcGVyIj4KICAgIDxoMyBjbGFzcz0ic2luZ2wtcHJvZHVjdCI+S29saWtvIGplIHNlc2lqYSBwb3RyZWJubz88L2gzPgogICAgPGRpdiBjbGFzcz0iaW5uZXItbmFicmFqYW5qZSI+CiAgICAgICAgPHVsPgogICAgICAgICAgICA8bGk+VGlwacSNbm8sIHBhY2lqZW50aSBwcm9sYXplIGtyb3ogNi0xMiBzZXNpamEgdSByYXptYWt1IG9kIGplZG5lIG5lZGVsamUuIE1lxJF1dGltLCBicm9qIHNlc2lqYSB6YXZpc2nEh2Ugb2Qgc3BlY2lmacSNbmloIHBvdHJlYmEgcG9qZWRpbmNhLiA8L2xpPgogICAgICAgICAgICA8bGk+T2Ryxb5hdmFqdcSHaSB0cmV0bWFuaSBtb2d1IGJpdGkgcG90cmVibmkgc3Zha2loIG5la29saWtvIG1lc2VjaSBrYWtvIGJpIHNlIG9kcsW+YWxpIHJlenVsdGF0aS48L2xpPgogICAgICAgIDwvdWw+CiAgICA8L2Rpdj4KICAgIDwvZGl2PgogICAgPGRpdiBjbGFzcz0iaW5uZXItbmFicmFqYW5qYS13cmFwcGVyIj4KICAgIDxoMyBjbGFzcz0ic2luZ2wtcHJvZHVjdCI+TnVzcG9qYXZlIGkgcmF6bWF0cmFuamE6PC9oMz4KICAgIDxkaXYgY2xhc3M9ImlubmVyLW5hYnJhamFuamUiPgogICAgICAgIDx1bD4KICAgICAgICAgICAgPGxpPk51c3BvamF2ZSBzdSBnZW5lcmFsbm8gYmxhZ2UgaSBtb2d1IHVrbGp1xI1pdmF0aSBjcnZlbmlsbywgbW9kcmljZSBpIHRvcGFvIG9zZcSHYWogbmEgdHJldGlyYW5vbSBwb2RydcSNanU8L2xpPgogICAgICAgICAgICA8bGk+VmHFvm5vIGplIG5hcG9tZW51dGkgZGEgamUgVmVsYVNoYXBlIHRyZXRtYW4gemEgc21hbmplbmplIGNlbHVsaXRhLCBhIG5lIHJlxaFlbmplIHphIG1yxaFhdmxqZW5qZS4gUmV6dWx0YXRpIG1vZ3UgYml0aSBpenJhxb5lbmlqaSBrYWRhIHNlIGtvbWJpbnVqdSBzYSB1cmF2bm90ZcW+ZW5vbSBpc2hyYW5vbSBpIHJlZG92bm9tIHZlxb5ib20gPC9saT4KICAgICAgICAgICAgPGxpPkluZGl2aWR1YWxuaSByZXp1bHRhdGkgc2UgbW9ndSByYXpsaWtvdmF0aSwgaSB2YcW+bm8gamUgaW1hdGkgcmVhbG5hIG\/EjWVraXZhbmphLjwvbGk+CiAgICAgICAgPC91bD4KICAgIDwvZGl2PgogICAgPC9kaXY+CjwvZGl2Pgo8L2Rpdj4=[\/vc_raw_html][\/vc_column][\/vc_row][vc_row full_width=&#8220;stretch_row&#8220; el_class=&#8220;testimonials-red&#8220; css=&#8220;.vc_custom_1699371591429{background-image: url(https:\/\/www.kosmetiksalon-lushezy.at\/wp-content\/uploads\/2023\/11\/Adrianna-Lushezy-Blue-Background.jpg?id=69) !important;background-position: center !important;background-repeat: no-repeat !important;background-size: cover !important;}&#8220; woodmart_css_id=&#8220;654a5a258b98f&#8220; responsive_spacing=&#8220;eyJwYXJhbV90eXBlIjoid29vZG1hcnRfcmVzcG9uc2l2ZV9zcGFjaW5nIiwic2VsZWN0b3JfaWQiOiI2NTRhNWEyNThiOThmIiwic2hvcnRjb2RlIjoidmNfcm93IiwiZGF0YSI6eyJ0YWJsZXQiOnt9LCJtb2JpbGUiOnt9fX0=&#8220; mobile_bg_img_hidden=&#8220;no&#8220; tablet_bg_img_hidden=&#8220;no&#8220; woodmart_parallax=&#8220;0&#8243; woodmart_gradient_switch=&#8220;no&#8220; woodmart_box_shadow=&#8220;no&#8220; wd_z_index=&#8220;no&#8220; woodmart_disable_overflow=&#8220;0&#8243; row_reverse_mobile=&#8220;0&#8243; row_reverse_tablet=&#8220;0&#8243;][vc_column width=&#8220;1\/2&#8243;][vc_column_text woodmart_inline=&#8220;no&#8220; text_larger=&#8220;no&#8220; el_class=&#8220;testimonials-tb&#8220;]<\/p>\n<h4 class=\"veci\">Srec\u0301ni klijenti i <span class=\"flexed-testimonials\">Sjajni rezultati<\/span><\/h4>\n<p>Pridru\u017eite nam se na putovanju kroz svedo\u010danstva ispunjena rado\u0161c\u0301u na\u0161ih zadovoljnih klijenata, otkrivajuc\u0301i istinsku srec\u0301u i blistave rezultate koji ilustruju na\u0161u posvec\u0301enost pru\u017eanju izuzetnih lepotnih iskustava.[\/vc_column_text][\/vc_column][vc_column width=&#8220;1\/2&#8243;][vc_raw_html]W3RydXN0aW5kZXggbm8tcmVnaXN0cmF0aW9uPSJnb29nbGUiXQ==[\/vc_raw_html][\/vc_column][\/vc_row]<\/p>\n<\/div>","protected":false},"excerpt":{"rendered":"<p>Cellulit se odnosi na pojavu udubljenja i kvr\u017eica na ko\u017ei, \u010desto upore\u0111ivan s izgledom kore pomorand\u017ee. Prete\u017eno poga\u0111a \u017eene i naj\u010de\u0161\u0107e se pojavljuje na butinama, bokovima, zadnjici i stomaku. Postoji nekoliko faktora koji mogu doprineti njegovom razvoju: Masne \u0107elije i struktura ko\u017ee, Hormoni, Genetika, Starost i debljina ko\u017ee, Ishrana, Faktori \u017eivotnog stila. <\/p>\n<ul class=\"price\">\n<li>Buttox: <span class=\"mini-price\">60\u20ac<\/span> <span class=\"duration\">* Trajanje: 30 min.<\/span><\/li>\n<li>Butine: <span class=\"mini-price\">99\u20ac<\/span> <span class=\"duration\">* Trajanje: 30 &#8211; 80 min.<\/span><\/li>\n<li>Buttox + Butine: <span class=\"mini-price\">130\u20ac<\/span> <span class=\"duration\">* Trajanje: 120 min.<\/span><\/li>\n<\/ul>\n[bookly-form category_id=\"18\" hide=\"staff_members,week_days,time_range\"]\n","protected":false},"featured_media":891,"template":"","meta":[],"product_cat":[139],"product_tag":[],"class_list":{"0":"post-1523","1":"product","2":"type-product","3":"status-publish","4":"has-post-thumbnail","6":"product_cat-kozmeticki-tretmani-za-telo","8":"first","9":"instock","10":"shipping-taxable","11":"purchasable","12":"product-type-variable"},"yoast_head":"<!-- This site is optimized with the Yoast SEO plugin v23.3 - https:\/\/yoast.com\/wordpress\/plugins\/seo\/ -->\n<title>Vela Shape | Adrianna Lushezy<\/title>\n<meta name=\"description\" content=\"VelaShape je ure\u0111aj odobren od strane FDA koji se koristi za tretman celulita i za smanjenje obima. Evo pregleda smanjenja celulita...\" \/>\n<meta name=\"robots\" content=\"index, follow, max-snippet:-1, max-image-preview:large, max-video-preview:-1\" \/>\n<link rel=\"canonical\" href=\"https:\/\/www.kosmetiksalon-lushezy.at\/sr\/\u043f\u0440\u043e\u0438\u0437\u0432\u043e\u0434\/vela-shape\/\" \/>\n<meta property=\"og:locale\" content=\"sr_RS\" \/>\n<meta property=\"og:type\" content=\"article\" \/>\n<meta property=\"og:title\" content=\"Vela Shape | Adrianna Lushezy\" \/>\n<meta property=\"og:description\" content=\"VelaShape je ure\u0111aj odobren od strane FDA koji se koristi za tretman celulita i za smanjenje obima. Evo pregleda smanjenja celulita...\" \/>\n<meta property=\"og:url\" content=\"https:\/\/www.kosmetiksalon-lushezy.at\/sr\/\u043f\u0440\u043e\u0438\u0437\u0432\u043e\u0434\/vela-shape\/\" \/>\n<meta property=\"og:site_name\" content=\"Adrianna Lushezy\" \/>\n<meta property=\"article:publisher\" content=\"https:\/\/www.facebook.com\/pmu.adrianna.lushezy\/\" \/>\n<meta property=\"article:modified_time\" content=\"2024-10-31T10:57:56+00:00\" \/>\n<meta property=\"og:image\" content=\"https:\/\/www.kosmetiksalon-lushezy.at\/wp-content\/uploads\/2023\/11\/Adrianna-Lushezy-Cosmetic-Body-Treatments-Cellulit-Reduction-Vela-Shape-12.jpg\" \/>\n\t<meta property=\"og:image:width\" content=\"940\" \/>\n\t<meta property=\"og:image:height\" content=\"788\" \/>\n\t<meta property=\"og:image:type\" content=\"image\/jpeg\" \/>\n<meta name=\"twitter:card\" content=\"summary_large_image\" \/>\n<meta name=\"twitter:label1\" content=\"\u041f\u0440\u043e\u0446\u0435\u045a\u0435\u043d\u043e \u0432\u0440\u0435\u043c\u0435 \u0447\u0438\u0442\u0430\u045a\u0430\" \/>\n\t<meta name=\"twitter:data1\" content=\"4 \u043c\u0438\u043d\u0443\u0442\u0430\" \/>\n<script type=\"application\/ld+json\" class=\"yoast-schema-graph\">{\"@context\":\"https:\/\/schema.org\",\"@graph\":[{\"@type\":\"WebPage\",\"@id\":\"https:\/\/www.kosmetiksalon-lushezy.at\/sr\/\u043f\u0440\u043e\u0438\u0437\u0432\u043e\u0434\/vela-shape\/\",\"url\":\"https:\/\/www.kosmetiksalon-lushezy.at\/sr\/\u043f\u0440\u043e\u0438\u0437\u0432\u043e\u0434\/vela-shape\/\",\"name\":\"Vela Shape | Adrianna Lushezy\",\"isPartOf\":{\"@id\":\"https:\/\/www.kosmetiksalon-lushezy.at\/#website\"},\"primaryImageOfPage\":{\"@id\":\"https:\/\/www.kosmetiksalon-lushezy.at\/sr\/\u043f\u0440\u043e\u0438\u0437\u0432\u043e\u0434\/vela-shape\/#primaryimage\"},\"image\":{\"@id\":\"https:\/\/www.kosmetiksalon-lushezy.at\/sr\/\u043f\u0440\u043e\u0438\u0437\u0432\u043e\u0434\/vela-shape\/#primaryimage\"},\"thumbnailUrl\":\"https:\/\/www.kosmetiksalon-lushezy.at\/wp-content\/uploads\/2023\/11\/Adrianna-Lushezy-Cosmetic-Body-Treatments-Cellulit-Reduction-Vela-Shape-12.jpg\",\"datePublished\":\"2023-11-06T11:17:52+00:00\",\"dateModified\":\"2024-10-31T10:57:56+00:00\",\"description\":\"VelaShape je ure\u0111aj odobren od strane FDA koji se koristi za tretman celulita i za smanjenje obima. Evo pregleda smanjenja celulita...\",\"breadcrumb\":{\"@id\":\"https:\/\/www.kosmetiksalon-lushezy.at\/sr\/\u043f\u0440\u043e\u0438\u0437\u0432\u043e\u0434\/vela-shape\/#breadcrumb\"},\"inLanguage\":\"sr-RS\",\"potentialAction\":[{\"@type\":\"ReadAction\",\"target\":[\"https:\/\/www.kosmetiksalon-lushezy.at\/sr\/\u043f\u0440\u043e\u0438\u0437\u0432\u043e\u0434\/vela-shape\/\"]}]},{\"@type\":\"ImageObject\",\"inLanguage\":\"sr-RS\",\"@id\":\"https:\/\/www.kosmetiksalon-lushezy.at\/sr\/\u043f\u0440\u043e\u0438\u0437\u0432\u043e\u0434\/vela-shape\/#primaryimage\",\"url\":\"https:\/\/www.kosmetiksalon-lushezy.at\/wp-content\/uploads\/2023\/11\/Adrianna-Lushezy-Cosmetic-Body-Treatments-Cellulit-Reduction-Vela-Shape-12.jpg\",\"contentUrl\":\"https:\/\/www.kosmetiksalon-lushezy.at\/wp-content\/uploads\/2023\/11\/Adrianna-Lushezy-Cosmetic-Body-Treatments-Cellulit-Reduction-Vela-Shape-12.jpg\",\"width\":940,\"height\":788},{\"@type\":\"BreadcrumbList\",\"@id\":\"https:\/\/www.kosmetiksalon-lushezy.at\/sr\/\u043f\u0440\u043e\u0438\u0437\u0432\u043e\u0434\/vela-shape\/#breadcrumb\",\"itemListElement\":[{\"@type\":\"ListItem\",\"position\":1,\"name\":\"Home\",\"item\":\"https:\/\/www.kosmetiksalon-lushezy.at\/sr\/\"},{\"@type\":\"ListItem\",\"position\":2,\"name\":\"Shop\",\"item\":\"https:\/\/www.kosmetiksalon-lushezy.at\/sr\/shop\/\"},{\"@type\":\"ListItem\",\"position\":3,\"name\":\"Vela Shape\"}]},{\"@type\":\"WebSite\",\"@id\":\"https:\/\/www.kosmetiksalon-lushezy.at\/#website\",\"url\":\"https:\/\/www.kosmetiksalon-lushezy.at\/\",\"name\":\"Adrianna Lushezy\",\"description\":\"Cosmetic, Permanent Make-up and Academy\",\"publisher\":{\"@id\":\"https:\/\/www.kosmetiksalon-lushezy.at\/#organization\"},\"potentialAction\":[{\"@type\":\"SearchAction\",\"target\":{\"@type\":\"EntryPoint\",\"urlTemplate\":\"https:\/\/www.kosmetiksalon-lushezy.at\/?s={search_term_string}\"},\"query-input\":\"required name=search_term_string\"}],\"inLanguage\":\"sr-RS\"},{\"@type\":\"Organization\",\"@id\":\"https:\/\/www.kosmetiksalon-lushezy.at\/#organization\",\"name\":\"Adrianna Lushezy\",\"url\":\"https:\/\/www.kosmetiksalon-lushezy.at\/\",\"logo\":{\"@type\":\"ImageObject\",\"inLanguage\":\"sr-RS\",\"@id\":\"https:\/\/www.kosmetiksalon-lushezy.at\/#\/schema\/logo\/image\/\",\"url\":\"https:\/\/www.kosmetiksalon-lushezy.at\/wp-content\/uploads\/2023\/11\/Adrianna-Lushezy-Favicon.png\",\"contentUrl\":\"https:\/\/www.kosmetiksalon-lushezy.at\/wp-content\/uploads\/2023\/11\/Adrianna-Lushezy-Favicon.png\",\"width\":64,\"height\":60,\"caption\":\"Adrianna Lushezy\"},\"image\":{\"@id\":\"https:\/\/www.kosmetiksalon-lushezy.at\/#\/schema\/logo\/image\/\"},\"sameAs\":[\"https:\/\/www.facebook.com\/pmu.adrianna.lushezy\/\",\"https:\/\/www.instagram.com\/adrianna_lushezy\/\"]}]}<\/script>\n<!-- \/ Yoast SEO plugin. -->","yoast_head_json":{"title":"Vela Shape | Adrianna Lushezy","description":"VelaShape je ure\u0111aj odobren od strane FDA koji se koristi za tretman celulita i za smanjenje obima. Evo pregleda smanjenja celulita...","robots":{"index":"index","follow":"follow","max-snippet":"max-snippet:-1","max-image-preview":"max-image-preview:large","max-video-preview":"max-video-preview:-1"},"canonical":"https:\/\/www.kosmetiksalon-lushezy.at\/sr\/\u043f\u0440\u043e\u0438\u0437\u0432\u043e\u0434\/vela-shape\/","og_locale":"sr_RS","og_type":"article","og_title":"Vela Shape | Adrianna Lushezy","og_description":"VelaShape je ure\u0111aj odobren od strane FDA koji se koristi za tretman celulita i za smanjenje obima. Evo pregleda smanjenja celulita...","og_url":"https:\/\/www.kosmetiksalon-lushezy.at\/sr\/\u043f\u0440\u043e\u0438\u0437\u0432\u043e\u0434\/vela-shape\/","og_site_name":"Adrianna Lushezy","article_publisher":"https:\/\/www.facebook.com\/pmu.adrianna.lushezy\/","article_modified_time":"2024-10-31T10:57:56+00:00","og_image":[{"width":940,"height":788,"url":"https:\/\/www.kosmetiksalon-lushezy.at\/wp-content\/uploads\/2023\/11\/Adrianna-Lushezy-Cosmetic-Body-Treatments-Cellulit-Reduction-Vela-Shape-12.jpg","type":"image\/jpeg"}],"twitter_card":"summary_large_image","twitter_misc":{"\u041f\u0440\u043e\u0446\u0435\u045a\u0435\u043d\u043e \u0432\u0440\u0435\u043c\u0435 \u0447\u0438\u0442\u0430\u045a\u0430":"4 \u043c\u0438\u043d\u0443\u0442\u0430"},"schema":{"@context":"https:\/\/schema.org","@graph":[{"@type":"WebPage","@id":"https:\/\/www.kosmetiksalon-lushezy.at\/sr\/\u043f\u0440\u043e\u0438\u0437\u0432\u043e\u0434\/vela-shape\/","url":"https:\/\/www.kosmetiksalon-lushezy.at\/sr\/\u043f\u0440\u043e\u0438\u0437\u0432\u043e\u0434\/vela-shape\/","name":"Vela Shape | Adrianna Lushezy","isPartOf":{"@id":"https:\/\/www.kosmetiksalon-lushezy.at\/#website"},"primaryImageOfPage":{"@id":"https:\/\/www.kosmetiksalon-lushezy.at\/sr\/\u043f\u0440\u043e\u0438\u0437\u0432\u043e\u0434\/vela-shape\/#primaryimage"},"image":{"@id":"https:\/\/www.kosmetiksalon-lushezy.at\/sr\/\u043f\u0440\u043e\u0438\u0437\u0432\u043e\u0434\/vela-shape\/#primaryimage"},"thumbnailUrl":"https:\/\/www.kosmetiksalon-lushezy.at\/wp-content\/uploads\/2023\/11\/Adrianna-Lushezy-Cosmetic-Body-Treatments-Cellulit-Reduction-Vela-Shape-12.jpg","datePublished":"2023-11-06T11:17:52+00:00","dateModified":"2024-10-31T10:57:56+00:00","description":"VelaShape je ure\u0111aj odobren od strane FDA koji se koristi za tretman celulita i za smanjenje obima. Evo pregleda smanjenja celulita...","breadcrumb":{"@id":"https:\/\/www.kosmetiksalon-lushezy.at\/sr\/\u043f\u0440\u043e\u0438\u0437\u0432\u043e\u0434\/vela-shape\/#breadcrumb"},"inLanguage":"sr-RS","potentialAction":[{"@type":"ReadAction","target":["https:\/\/www.kosmetiksalon-lushezy.at\/sr\/\u043f\u0440\u043e\u0438\u0437\u0432\u043e\u0434\/vela-shape\/"]}]},{"@type":"ImageObject","inLanguage":"sr-RS","@id":"https:\/\/www.kosmetiksalon-lushezy.at\/sr\/\u043f\u0440\u043e\u0438\u0437\u0432\u043e\u0434\/vela-shape\/#primaryimage","url":"https:\/\/www.kosmetiksalon-lushezy.at\/wp-content\/uploads\/2023\/11\/Adrianna-Lushezy-Cosmetic-Body-Treatments-Cellulit-Reduction-Vela-Shape-12.jpg","contentUrl":"https:\/\/www.kosmetiksalon-lushezy.at\/wp-content\/uploads\/2023\/11\/Adrianna-Lushezy-Cosmetic-Body-Treatments-Cellulit-Reduction-Vela-Shape-12.jpg","width":940,"height":788},{"@type":"BreadcrumbList","@id":"https:\/\/www.kosmetiksalon-lushezy.at\/sr\/\u043f\u0440\u043e\u0438\u0437\u0432\u043e\u0434\/vela-shape\/#breadcrumb","itemListElement":[{"@type":"ListItem","position":1,"name":"Home","item":"https:\/\/www.kosmetiksalon-lushezy.at\/sr\/"},{"@type":"ListItem","position":2,"name":"Shop","item":"https:\/\/www.kosmetiksalon-lushezy.at\/sr\/shop\/"},{"@type":"ListItem","position":3,"name":"Vela Shape"}]},{"@type":"WebSite","@id":"https:\/\/www.kosmetiksalon-lushezy.at\/#website","url":"https:\/\/www.kosmetiksalon-lushezy.at\/","name":"Adrianna Lushezy","description":"Cosmetic, Permanent Make-up and Academy","publisher":{"@id":"https:\/\/www.kosmetiksalon-lushezy.at\/#organization"},"potentialAction":[{"@type":"SearchAction","target":{"@type":"EntryPoint","urlTemplate":"https:\/\/www.kosmetiksalon-lushezy.at\/?s={search_term_string}"},"query-input":"required name=search_term_string"}],"inLanguage":"sr-RS"},{"@type":"Organization","@id":"https:\/\/www.kosmetiksalon-lushezy.at\/#organization","name":"Adrianna Lushezy","url":"https:\/\/www.kosmetiksalon-lushezy.at\/","logo":{"@type":"ImageObject","inLanguage":"sr-RS","@id":"https:\/\/www.kosmetiksalon-lushezy.at\/#\/schema\/logo\/image\/","url":"https:\/\/www.kosmetiksalon-lushezy.at\/wp-content\/uploads\/2023\/11\/Adrianna-Lushezy-Favicon.png","contentUrl":"https:\/\/www.kosmetiksalon-lushezy.at\/wp-content\/uploads\/2023\/11\/Adrianna-Lushezy-Favicon.png","width":64,"height":60,"caption":"Adrianna Lushezy"},"image":{"@id":"https:\/\/www.kosmetiksalon-lushezy.at\/#\/schema\/logo\/image\/"},"sameAs":["https:\/\/www.facebook.com\/pmu.adrianna.lushezy\/","https:\/\/www.instagram.com\/adrianna_lushezy\/"]}]}},"_links":{"self":[{"href":"https:\/\/www.kosmetiksalon-lushezy.at\/sr\/wp-json\/wp\/v2\/product\/1523","targetHints":{"allow":["GET"]}}],"collection":[{"href":"https:\/\/www.kosmetiksalon-lushezy.at\/sr\/wp-json\/wp\/v2\/product"}],"about":[{"href":"https:\/\/www.kosmetiksalon-lushezy.at\/sr\/wp-json\/wp\/v2\/types\/product"}],"wp:featuredmedia":[{"embeddable":true,"href":"https:\/\/www.kosmetiksalon-lushezy.at\/sr\/wp-json\/wp\/v2\/media\/891"}],"wp:attachment":[{"href":"https:\/\/www.kosmetiksalon-lushezy.at\/sr\/wp-json\/wp\/v2\/media?parent=1523"}],"wp:term":[{"taxonomy":"product_cat","embeddable":true,"href":"https:\/\/www.kosmetiksalon-lushezy.at\/sr\/wp-json\/wp\/v2\/product_cat?post=1523"},{"taxonomy":"product_tag","embeddable":true,"href":"https:\/\/www.kosmetiksalon-lushezy.at\/sr\/wp-json\/wp\/v2\/product_tag?post=1523"}],"curies":[{"name":"wp","href":"https:\/\/api.w.org\/{rel}","templated":true}]}}