{"id":1519,"date":"2023-11-06T12:27:51","date_gmt":"2023-11-06T11:27:51","guid":{"rendered":"https:\/\/www.kosmetiksalon-lushezy.at\/product\/uklanjanje-strija\/"},"modified":"2024-10-31T11:49:19","modified_gmt":"2024-10-31T10:49:19","slug":"uklanjanje-strija","status":"publish","type":"product","link":"https:\/\/www.kosmetiksalon-lushezy.at\/sr\/\u043f\u0440\u043e\u0438\u0437\u0432\u043e\u0434\/uklanjanje-strija\/","title":{"rendered":"Uklanjanje Strija"},"content":{"rendered":"<div class=\"wpb-content-wrapper\"><p>[vc_row full_width=&#8220;stretch_row&#8220; css=&#8220;.vc_custom_1699454323630{background-image: url(https:\/\/www.kosmetiksalon-lushezy.at\/wp-content\/uploads\/2023\/11\/Adrianna-Lushezy-Blue-Background.jpg?id=69) !important;background-position: center !important;background-repeat: no-repeat !important;background-size: cover !important;}&#8220; woodmart_css_id=&#8220;654b9d6ad4292&#8243; responsive_spacing=&#8220;eyJwYXJhbV90eXBlIjoid29vZG1hcnRfcmVzcG9uc2l2ZV9zcGFjaW5nIiwic2VsZWN0b3JfaWQiOiI2NTRiOWQ2YWQ0MjkyIiwic2hvcnRjb2RlIjoidmNfcm93IiwiZGF0YSI6eyJ0YWJsZXQiOnt9LCJtb2JpbGUiOnt9fX0=&#8220; mobile_bg_img_hidden=&#8220;no&#8220; tablet_bg_img_hidden=&#8220;no&#8220; woodmart_parallax=&#8220;0&#8243; woodmart_gradient_switch=&#8220;no&#8220; woodmart_box_shadow=&#8220;no&#8220; wd_z_index=&#8220;no&#8220; woodmart_disable_overflow=&#8220;0&#8243; row_reverse_mobile=&#8220;0&#8243; row_reverse_tablet=&#8220;0&#8243; el_class=&#8220;product-blue-row&#8220;][vc_column][vc_column_text woodmart_inline=&#8220;no&#8220; text_larger=&#8220;no&#8220; el_class=&#8220;inner-tb&#8220;]<\/p>\n<p class=\"iznad-naslova\" style=\"text-align: center;\">Pro\u010ditaj vi\u0161e<\/p>\n<h2 style=\"text-align: center;\">Uklanjanje Strija<\/h2>\n<p style=\"text-align: center;\"><strong>Aktivne Supstance u tretmanu Microneedling <\/strong>Hyaluronic acid, RETINOL, Peptides, Collagen, VITAMIN C, Growth factors, Stem Cells&#8230;<\/p>\n<p style=\"text-align: center;\">Bitno je napomenuti da, iako ove supstance mogu potencijalno poja\u010dati efekte microneedlinga, individualni rezultati mogu varirati. Nije svaka supstanca pogodna za svaku osobu, i klju\u010dno je pro\u0107i kroz temeljnu procenu ko\u017ee <\/p>\n<p style=\"text-align: center;\">Mikroneedling, poznat i kao terapija indukcijom kolagena. MICRONEEDLING je NE invazivni tretman ko\u017ee koji se koristi za le\u010denje razli\u010ditih ko\u017enih stanja, uklju\u010duju\u0107i strije (o\u017eiljke od rastezanja). Evo kako mikroneedling deluje i njegove potencijalne koristi za le\u010denje strija: <\/p>\n<p>[\/vc_column_text][\/vc_column][\/vc_row][vc_row][vc_column][vc_raw_html]PGRpdiBjbGFzcz0ib21vdGFjLW5hYnJhamFuamEtcHJvZHVjdCI+CiAgICA8ZGl2IGNsYXNzPSJrb2xvbmEtbGV2byI+CiAgICAgICAgPGRpdiBjbGFzcz0iaW5uZXItbmFicmFqYW5qZSI+CiAgICAgICAgICAgIDxwIGNsYXNzPSJuYXNsb3YtbmFicmFqYW5qZSI+PHNwYW4gY2xhc3M9ImJyb2oiPjEuPC9zcGFuPiBTdGEgamUgTWljcm9uZWVkbGluZyBJIGtha28gZGVsdWplPzwvcD4KICAgICAgICAgICAgPHA+TWljcm9uZWVkbGluZyBqZSBzdGltdWxpemFjaWphIGkgcG9zcGVzbmphIHByb3RlaW5hIENvbGxhZ2VuYSB1IHRlbHUgbmEgcHJpcm9kYW4gbmFjaW4sIHJlYWtjaWpvbSB0ZWxhLiBVcmXEkWFqIHphIG1pa3JvbmVlZGxpbmcsIGtvcmlzdGkgZmluZSBzdGVyaWxuZSBpZ2xpY2UgLHByYXZlIGhpbGphZGUgbWlrcm9za29wc2tpaCBwdW5rY2lqYSDigJMgbWlrcmlwb3ZyZWRhIG5hIGdvcm5qZW0gc2xvanUga2\/FvmUuIE92ZSBrb250cm9saXNhbmUgcG92cmVkZSBzdGltdWxpxaF1IHByaXJvZG5pIHByb2NlcyB6YWNlbGppdmFuamEgcmFuYSB0ZWxhLCDFoXRvIGRvdm9kaSBkbyBwb3ZlxIdhbmUgcHJvaXp2b2RuamUga29sYWdlbmEgaSBlbGFzdGluYS4gIDwvcD4KICAgICAgICA8L2Rpdj4KICAgICAgICA8ZGl2IGNsYXNzPSJpbm5lci1uYWJyYWphbmplIj4KICAgICAgICAgICAgPHAgY2xhc3M9Im5hc2xvdi1uYWJyYWphbmplIj48c3BhbiBjbGFzcz0iYnJvaiI+Mi48L3NwYW4+IFN0aW11bGFjaWphIGtvbGFnZW5hIGkgZWxhc3RpbmE6PC9wPgogICAgICAgICAgICA8cD5TdHJpamUgc2UgZm9ybWlyYWp1IGthZGEgc2Uga2\/FvmEgYnJ6byByYXN0ZcW+ZSwgxaF0byB1enJva3VqZSBwdWNhbmplIGRlcm1pc2EuIFRvIG9zdGF2bGphIGxpbmVhcm5lIG\/FvmlsamtlIGtvamkgc3UgxI1lc3RvIHN2ZXRsaWplIGJvamUgb2Qgb2tvbG5lIGtvxb5lLiBLb2xhZ2VuIGplIGtsanXEjW5pIHN0cnVrdHVyYWxuaSBwcm90ZWluIHUgbmHFoW9qIGtvxb5pIGtvamkgcHJ1xb5hIMSNdnJzdG\/Eh3UgaSBvdHBvcm5vc3QuIEVsYXN0aW4gZGFqZSBrb8W+aSBlbGFzdGnEjW5vc3QuIFN0aW11bGFjaWpvbSBwcm9penZvZG5qZSBrb2xhZ2VuYSBpIGVsYXN0aW5hLCBtaWtyb25lZWRsaW5nIG1vxb5lIHBvbW\/Eh2kgdSBwb2JvbGrFoWFuanUgaXpnbGVkYSwgdGVrc3R1cmUgaSBlbGFzdGnEjW5vc3RpIHN0cmlqYS4gICAgPC9wPgogICAgICAgIDwvZGl2PgogICAgICAgIDxkaXYgY2xhc3M9ImlubmVyLW5hYnJhamFuamUiPgogICAgICAgICAgICA8cCBjbGFzcz0ibmFzbG92LW5hYnJhamFuamUiPjxzcGFuIGNsYXNzPSJicm9qIj4zLjwvc3Bhbj4gUG92ZcSHYW5hIGFwc29ycGNpamEgdG9wacSNa2loIHByb2l6dm9kYTo8L3A+CiAgICAgICAgICAgIDxwPk1pa3JvLWthbmFsaSBrcmVpcmFuaSBtaWtyb25lZWRsaW5nb20gbW9ndSBwb2JvbGrFoWF0aSBhcHNvcnBjaWp1IHRvcGnEjWtpaCB0cmV0bWFuYS4gVGFrbywga2FkYSBzZSBrb21iaW51anUgc2EgZWZpa2FzbmltIHRvcGnEjWtpbSBwcm9penZvZGltYSwgcG9zdG9qaSBwb3RlbmNpamFsIHphIGJvbGplIHJlenVsdGF0ZS4gWmEgc3RyaWplLCB0byBiaSBtb2dsaSBiaXRpIHByb2l6dm9kaSBrb2ppIHNhZHLFvmUgZmFrdG9yZSByYXN0YSwgaGlqYWx1cm9uc2t1IGtpc2VsaW51IGlsaSBkcnVnZSBrb3Jpc25lIHNhc3RvamtlLiAgPC9wPgogICAgICAgIDwvZGl2PgogICAgICAgIDxkaXYgY2xhc3M9ImlubmVyLW5hYnJhamFuamUiPgogICAgICAgICAgICA8cCBjbGFzcz0ibmFzbG92LW5hYnJhamFuamUiPjxzcGFuIGNsYXNzPSJicm9qIj40Ljwvc3Bhbj4gUHJvY2VzIHRyZXRtYW5hOjwvcD4KICAgICAgICAgICAgPHA+UHJlIHBvc3R1cGthLCBhbmFsaXppcmEgc2Uga296YSAtIHJlZ2lqYSwgZGV6aW5maWt1amUsIG9kYWJlcmUgc2UgYWt0aXZuYSBzdXBzdGFuY2Ega29qYSBvZGdvdmFyYSB0aXB1IGtvemUgLCBkZWJsamluaSBrb3plLCB2cnN0aSAsZGVibGppbmkgSSBzdGFyb3N0aSBzdHJpamEgLiBEdcW+aW5hIGlnbGUgbW\/FvmUgdmFyaXJhdGkgdSB6YXZpc25vc3RpIG9kIHNwZWNpZmnEjW5paCBkZWxvdmEgdGVsYSBJIGRlYmxqaW5lIGtvemUuICBUcmV0bWFuIE1pY3JvbmVlZGxpbmdhIG5lIGJvbGkuIE5ha29uIHRyZXRtYW5hLCBtb8W+ZSBkb8SHaSBkbyBjcnZlbmlsYSBpIG90aWNhbmphLCBzbGnEjW5vIGJsYWdvbSBvcGVrb3RpbmFtYSBvZCBzdW5jYSwga29qZSBvYmnEjW5vIHByb2xhemkgemEgbmVrb2xpa28gZGFuYS4gUG9zbGUgdHJldG1hbmEgZG9iaWNldGUgdSBzYWxvbnUgQWRyaWFubmEgTHVzaGV6eSBBZnRlciBDYXJlIGRvY3VtZW50LCBrYWtvIGJpIG9jdXZhbGksIEkgcHJhdmlsbm8gbmVnb3ZhbGkga296dS4gPC9wPgogICAgICAgIDwvZGl2PgogICAgPC9kaXY+CiAgICA8ZGl2IGNsYXNzPSJrb2xvbmEtZGVzbm8iPgogICAgICAgIDxkaXYgY2xhc3M9ImlubmVyLW5hYnJhamFuamUiPgogICAgICAgICAgICA8cCBjbGFzcz0ibmFzbG92LW5hYnJhamFuamUiPjxzcGFuIGNsYXNzPSJicm9qIj41Ljwvc3Bhbj4gT2Nla2l2YW5pIHJlenVsdGF0aTwvcD4KICAgICAgICAgICAgPHA+UmV6dWx0YXRpIHN1IG9wdGltYWxuaSBpIHZhcmlyYWp1IG9kIG9zb2JlIGRvIG9zb2JlLCBhbGkgaXRla2FrbyBtb3pldGUgcHJpbWV0aXRpIHJhemxpa3UsIGthbyBibGFnbyBzbWFuamVuamUgZGVibGppbmUgSSBkdXppbmUgc3RyaWphIHZlYyBuYWtvbiA0LiBUcmV0bWFuYS48L3A+CiAgICAgICAgPC9kaXY+CiAgICAgICAgPGRpdiBjbGFzcz0iaW5uZXItbmFicmFqYW5qZSI+CiAgICAgICAgICAgIDxwIGNsYXNzPSJuYXNsb3YtbmFicmFqYW5qZSI+PHNwYW4gY2xhc3M9ImJyb2oiPjYuPC9zcGFuPiBQb3RyZWJuZSBzdSB2acWhZXN0cnVraSB0cmV0bWFuaTwvcD4KICAgICAgICAgICAgPHA+VmnFoWVzdHJ1a2Ugc2VzaWplIChvYmnEjW5vIDgtMTQpIHNhIHJhem1hY2ltYSBvZCBuZWtvbGlrbyBuZWRlbGphIG9iacSNbm8gc3UgcG90cmVibmUgZGEgYmkgc2UgcG9zdGlnbGkgxb5lbGplbmkgcmV6dWx0YXRpLiBCcm9qIHNlc2lqYSB6YXZpc2kgb2Qgb3piaWxqbm9zdGkgc3RyaWphIGkgaW5kaXZpZHVhbG5paCBmYWt0b3JhIHBhY2lqZW50YS4gIDwvcD4KICAgICAgICA8L2Rpdj4KICAgICAgICA8ZGl2IGNsYXNzPSJpbm5lci1uYWJyYWphbmplIj4KICAgICAgICAgICAgPHAgY2xhc3M9Im5hc2xvdi1uYWJyYWphbmplIj48c3BhbiBjbGFzcz0iYnJvaiI+Ny48L3NwYW4+IFJlenVsdGF0aSBtb2d1IHZhcmlyYXRpOjwvcD4KICAgICAgICAgICAgPHA+SWFrbyBtbm9naSBsanVkaSB2aWRlIHBvYm9sasWhYW5qZSB1IGl6Z2xlZHUgc3ZvamloIHN0cmlqYSBuYWtvbiBtaWtyb25lZWRsaW5nYSwgcmV6dWx0YXRpIG1vZ3UgdmFyaXJhdGkuIFN0cmlqZSBtb8W+ZGEgbmXEh2UgcG90cHVubyBuZXN0YXRpLCBhbGkgbmppaG92IGl6Z2xlZCBtb8W+ZSBiaXRpIHpuYcSNYWpubyB1bWFuamVuLiA8L3A+CiAgICAgICAgPC9kaXY+CiAgICAgICAgPGRpdiBjbGFzcz0iemFva3J1emVubyI+CiAgICAgICAgICAgIDxwPk1pY3JvbmVlZGxpbmcgbnVkaSBvYmXEh2F2YWp1xIdpIHByaXN0dXAgdW1hbmplbmphIGthbyBpIG5lc3RhamFuamEgc3RyaWphIHByb21vdmlzYW5qZW0gcHJvaXp2b2RuamUga29sYWdlbmEgaSBlbGFzdGluYS4gTWXEkXV0aW0sIGluZGl2aWR1YWxuaSByZXp1bHRhdGkgbW9ndSB2YXJpcmF0aSB1IHphdmlzbm9zdGkgb2Qgc3Rhcm9zdGksZGVibGppbmUga296ZSwgdnJzdGUgLGtvbGljaW5lIGthbyBJIHZlbGljaW5lLHN0YXJvc3RpIHN0cmlqYSwgb2Qgc2Ftb2cgdGVsYSBpIGJyemluZSByZWdlbmVyYWNpamUuIDwvcD4KICAgICAgICA8L2Rpdj4KICAgIDwvZGl2Pgo8L2Rpdj4=[\/vc_raw_html][\/vc_column][\/vc_row][vc_row full_width=&#8220;stretch_row&#8220; el_class=&#8220;testimonials-red&#8220; css=&#8220;.vc_custom_1699371591429{background-image: url(https:\/\/www.kosmetiksalon-lushezy.at\/wp-content\/uploads\/2023\/11\/Adrianna-Lushezy-Blue-Background.jpg?id=69) !important;background-position: center !important;background-repeat: no-repeat !important;background-size: cover !important;}&#8220; woodmart_css_id=&#8220;654a5a258b98f&#8220; responsive_spacing=&#8220;eyJwYXJhbV90eXBlIjoid29vZG1hcnRfcmVzcG9uc2l2ZV9zcGFjaW5nIiwic2VsZWN0b3JfaWQiOiI2NTRhNWEyNThiOThmIiwic2hvcnRjb2RlIjoidmNfcm93IiwiZGF0YSI6eyJ0YWJsZXQiOnt9LCJtb2JpbGUiOnt9fX0=&#8220; mobile_bg_img_hidden=&#8220;no&#8220; tablet_bg_img_hidden=&#8220;no&#8220; woodmart_parallax=&#8220;0&#8243; woodmart_gradient_switch=&#8220;no&#8220; woodmart_box_shadow=&#8220;no&#8220; wd_z_index=&#8220;no&#8220; woodmart_disable_overflow=&#8220;0&#8243; row_reverse_mobile=&#8220;0&#8243; row_reverse_tablet=&#8220;0&#8243;][vc_column width=&#8220;1\/2&#8243;][vc_column_text woodmart_inline=&#8220;no&#8220; text_larger=&#8220;no&#8220; el_class=&#8220;testimonials-tb&#8220;]<\/p>\n<h4 class=\"veci\">Srec\u0301ni klijenti i <span class=\"flexed-testimonials\">Sjajni rezultati<\/span><\/h4>\n<p>Pridru\u017eite nam se na putovanju kroz svedo\u010danstva ispunjena rado\u0161c\u0301u na\u0161ih zadovoljnih klijenata, otkrivajuc\u0301i istinsku srec\u0301u i blistave rezultate koji ilustruju na\u0161u posvec\u0301enost pru\u017eanju izuzetnih lepotnih iskustava.[\/vc_column_text][\/vc_column][vc_column width=&#8220;1\/2&#8243;][vc_raw_html]W3RydXN0aW5kZXggbm8tcmVnaXN0cmF0aW9uPSJnb29nbGUiXQ==[\/vc_raw_html][\/vc_column][\/vc_row]<\/p>\n<\/div>","protected":false},"excerpt":{"rendered":"<p>Strije nastaju zbog traume ko\u017ee usled pove\u0107anja te\u017eine. Kada se ko\u017ea raste\u017ee, mre\u017ea kolagena i elastina se iste\u017ee i elasti\u010dna vlakna pucaju. Roze i crvene linije se pojavljuju na o\u0161te\u0107enoj ko\u017ei. Vremenom postaju svetlije i mogu na kraju postati ljubi\u010daste. Bele strije su obi\u010dno najstarije; najvi\u0161e li\u010de na o\u017eiljke i najlak\u0161e se le\u010de. MIKRONEEDLING i stimulacija kolagena mogu obnoviti pogo\u0111ene povr\u0161ine i strije mogu postati manje ili \u010dak u nekim slu\u010dajevima potpuno nestati.    <\/p>\n<ul class=\"price\">\n<li>Butine: <span class=\"mini-price\">150\u20ac<\/span> <span class=\"duration\">* Trajanje: 40 &#8211; 60 min.<\/span><\/li>\n<li>Buttox: <span class=\"mini-price\">70\u20ac<\/span> <span class=\"duration\">* Trajanje: 20 &#8211; 40 min.<\/span><\/li>\n<li>Butine + Buttox: <span class=\"mini-price\">190\u20ac<\/span> <span class=\"duration\">* Trajanje: 60 &#8211; 100 min.<\/span><\/li>\n<\/ul>\n[bookly-form category_id=\"17\" hide=\"staff_members,week_days,time_range\"]\n","protected":false},"featured_media":943,"template":"","meta":[],"product_cat":[139],"product_tag":[],"class_list":{"0":"post-1519","1":"product","2":"type-product","3":"status-publish","4":"has-post-thumbnail","6":"product_cat-kozmeticki-tretmani-za-telo","8":"first","9":"instock","10":"shipping-taxable","11":"purchasable","12":"product-type-variable"},"yoast_head":"<!-- This site is optimized with the Yoast SEO plugin v23.3 - https:\/\/yoast.com\/wordpress\/plugins\/seo\/ -->\n<title>Uklanjanje Strija | Adrianna Lushezy<\/title>\n<meta name=\"description\" content=\"Strije nastaju zbog traume ko\u017ee usled pove\u0107anja te\u017eine. Kada se ko\u017ea raste\u017ee, mre\u017ea kolagena i elastina se iste\u017ee i elasti\u010dna vlakna pucaju....\" \/>\n<meta name=\"robots\" content=\"index, follow, max-snippet:-1, max-image-preview:large, max-video-preview:-1\" \/>\n<link rel=\"canonical\" href=\"https:\/\/www.kosmetiksalon-lushezy.at\/sr\/\u043f\u0440\u043e\u0438\u0437\u0432\u043e\u0434\/uklanjanje-strija\/\" \/>\n<meta property=\"og:locale\" content=\"sr_RS\" \/>\n<meta property=\"og:type\" content=\"article\" \/>\n<meta property=\"og:title\" content=\"Uklanjanje Strija | Adrianna Lushezy\" \/>\n<meta property=\"og:description\" content=\"Strije nastaju zbog traume ko\u017ee usled pove\u0107anja te\u017eine. Kada se ko\u017ea raste\u017ee, mre\u017ea kolagena i elastina se iste\u017ee i elasti\u010dna vlakna pucaju....\" \/>\n<meta property=\"og:url\" content=\"https:\/\/www.kosmetiksalon-lushezy.at\/sr\/\u043f\u0440\u043e\u0438\u0437\u0432\u043e\u0434\/uklanjanje-strija\/\" \/>\n<meta property=\"og:site_name\" content=\"Adrianna Lushezy\" \/>\n<meta property=\"article:publisher\" content=\"https:\/\/www.facebook.com\/pmu.adrianna.lushezy\/\" \/>\n<meta property=\"article:modified_time\" content=\"2024-10-31T10:49:19+00:00\" \/>\n<meta property=\"og:image\" content=\"https:\/\/www.kosmetiksalon-lushezy.at\/wp-content\/uploads\/2023\/11\/Adrianna-Lushezy-Cosmetic-Body-Treatments-Stretch-Marks-Reduction-07.jpg\" \/>\n\t<meta property=\"og:image:width\" content=\"940\" \/>\n\t<meta property=\"og:image:height\" content=\"788\" \/>\n\t<meta property=\"og:image:type\" content=\"image\/jpeg\" \/>\n<meta name=\"twitter:card\" content=\"summary_large_image\" \/>\n<meta name=\"twitter:label1\" content=\"\u041f\u0440\u043e\u0446\u0435\u045a\u0435\u043d\u043e \u0432\u0440\u0435\u043c\u0435 \u0447\u0438\u0442\u0430\u045a\u0430\" \/>\n\t<meta name=\"twitter:data1\" content=\"5 \u043c\u0438\u043d\u0443\u0442\u0430\" \/>\n<script type=\"application\/ld+json\" class=\"yoast-schema-graph\">{\"@context\":\"https:\/\/schema.org\",\"@graph\":[{\"@type\":\"WebPage\",\"@id\":\"https:\/\/www.kosmetiksalon-lushezy.at\/sr\/\u043f\u0440\u043e\u0438\u0437\u0432\u043e\u0434\/uklanjanje-strija\/\",\"url\":\"https:\/\/www.kosmetiksalon-lushezy.at\/sr\/\u043f\u0440\u043e\u0438\u0437\u0432\u043e\u0434\/uklanjanje-strija\/\",\"name\":\"Uklanjanje Strija | Adrianna Lushezy\",\"isPartOf\":{\"@id\":\"https:\/\/www.kosmetiksalon-lushezy.at\/#website\"},\"primaryImageOfPage\":{\"@id\":\"https:\/\/www.kosmetiksalon-lushezy.at\/sr\/\u043f\u0440\u043e\u0438\u0437\u0432\u043e\u0434\/uklanjanje-strija\/#primaryimage\"},\"image\":{\"@id\":\"https:\/\/www.kosmetiksalon-lushezy.at\/sr\/\u043f\u0440\u043e\u0438\u0437\u0432\u043e\u0434\/uklanjanje-strija\/#primaryimage\"},\"thumbnailUrl\":\"https:\/\/www.kosmetiksalon-lushezy.at\/wp-content\/uploads\/2023\/11\/Adrianna-Lushezy-Cosmetic-Body-Treatments-Stretch-Marks-Reduction-07.jpg\",\"datePublished\":\"2023-11-06T11:27:51+00:00\",\"dateModified\":\"2024-10-31T10:49:19+00:00\",\"description\":\"Strije nastaju zbog traume ko\u017ee usled pove\u0107anja te\u017eine. Kada se ko\u017ea raste\u017ee, mre\u017ea kolagena i elastina se iste\u017ee i elasti\u010dna vlakna pucaju....\",\"breadcrumb\":{\"@id\":\"https:\/\/www.kosmetiksalon-lushezy.at\/sr\/\u043f\u0440\u043e\u0438\u0437\u0432\u043e\u0434\/uklanjanje-strija\/#breadcrumb\"},\"inLanguage\":\"sr-RS\",\"potentialAction\":[{\"@type\":\"ReadAction\",\"target\":[\"https:\/\/www.kosmetiksalon-lushezy.at\/sr\/\u043f\u0440\u043e\u0438\u0437\u0432\u043e\u0434\/uklanjanje-strija\/\"]}]},{\"@type\":\"ImageObject\",\"inLanguage\":\"sr-RS\",\"@id\":\"https:\/\/www.kosmetiksalon-lushezy.at\/sr\/\u043f\u0440\u043e\u0438\u0437\u0432\u043e\u0434\/uklanjanje-strija\/#primaryimage\",\"url\":\"https:\/\/www.kosmetiksalon-lushezy.at\/wp-content\/uploads\/2023\/11\/Adrianna-Lushezy-Cosmetic-Body-Treatments-Stretch-Marks-Reduction-07.jpg\",\"contentUrl\":\"https:\/\/www.kosmetiksalon-lushezy.at\/wp-content\/uploads\/2023\/11\/Adrianna-Lushezy-Cosmetic-Body-Treatments-Stretch-Marks-Reduction-07.jpg\",\"width\":940,\"height\":788},{\"@type\":\"BreadcrumbList\",\"@id\":\"https:\/\/www.kosmetiksalon-lushezy.at\/sr\/\u043f\u0440\u043e\u0438\u0437\u0432\u043e\u0434\/uklanjanje-strija\/#breadcrumb\",\"itemListElement\":[{\"@type\":\"ListItem\",\"position\":1,\"name\":\"Home\",\"item\":\"https:\/\/www.kosmetiksalon-lushezy.at\/sr\/\"},{\"@type\":\"ListItem\",\"position\":2,\"name\":\"Shop\",\"item\":\"https:\/\/www.kosmetiksalon-lushezy.at\/sr\/shop\/\"},{\"@type\":\"ListItem\",\"position\":3,\"name\":\"Uklanjanje Strija\"}]},{\"@type\":\"WebSite\",\"@id\":\"https:\/\/www.kosmetiksalon-lushezy.at\/#website\",\"url\":\"https:\/\/www.kosmetiksalon-lushezy.at\/\",\"name\":\"Adrianna Lushezy\",\"description\":\"Cosmetic, Permanent Make-up and Academy\",\"publisher\":{\"@id\":\"https:\/\/www.kosmetiksalon-lushezy.at\/#organization\"},\"potentialAction\":[{\"@type\":\"SearchAction\",\"target\":{\"@type\":\"EntryPoint\",\"urlTemplate\":\"https:\/\/www.kosmetiksalon-lushezy.at\/?s={search_term_string}\"},\"query-input\":\"required name=search_term_string\"}],\"inLanguage\":\"sr-RS\"},{\"@type\":\"Organization\",\"@id\":\"https:\/\/www.kosmetiksalon-lushezy.at\/#organization\",\"name\":\"Adrianna Lushezy\",\"url\":\"https:\/\/www.kosmetiksalon-lushezy.at\/\",\"logo\":{\"@type\":\"ImageObject\",\"inLanguage\":\"sr-RS\",\"@id\":\"https:\/\/www.kosmetiksalon-lushezy.at\/#\/schema\/logo\/image\/\",\"url\":\"https:\/\/www.kosmetiksalon-lushezy.at\/wp-content\/uploads\/2023\/11\/Adrianna-Lushezy-Favicon.png\",\"contentUrl\":\"https:\/\/www.kosmetiksalon-lushezy.at\/wp-content\/uploads\/2023\/11\/Adrianna-Lushezy-Favicon.png\",\"width\":64,\"height\":60,\"caption\":\"Adrianna Lushezy\"},\"image\":{\"@id\":\"https:\/\/www.kosmetiksalon-lushezy.at\/#\/schema\/logo\/image\/\"},\"sameAs\":[\"https:\/\/www.facebook.com\/pmu.adrianna.lushezy\/\",\"https:\/\/www.instagram.com\/adrianna_lushezy\/\"]}]}<\/script>\n<!-- \/ Yoast SEO plugin. -->","yoast_head_json":{"title":"Uklanjanje Strija | Adrianna Lushezy","description":"Strije nastaju zbog traume ko\u017ee usled pove\u0107anja te\u017eine. Kada se ko\u017ea raste\u017ee, mre\u017ea kolagena i elastina se iste\u017ee i elasti\u010dna vlakna pucaju....","robots":{"index":"index","follow":"follow","max-snippet":"max-snippet:-1","max-image-preview":"max-image-preview:large","max-video-preview":"max-video-preview:-1"},"canonical":"https:\/\/www.kosmetiksalon-lushezy.at\/sr\/\u043f\u0440\u043e\u0438\u0437\u0432\u043e\u0434\/uklanjanje-strija\/","og_locale":"sr_RS","og_type":"article","og_title":"Uklanjanje Strija | Adrianna Lushezy","og_description":"Strije nastaju zbog traume ko\u017ee usled pove\u0107anja te\u017eine. Kada se ko\u017ea raste\u017ee, mre\u017ea kolagena i elastina se iste\u017ee i elasti\u010dna vlakna pucaju....","og_url":"https:\/\/www.kosmetiksalon-lushezy.at\/sr\/\u043f\u0440\u043e\u0438\u0437\u0432\u043e\u0434\/uklanjanje-strija\/","og_site_name":"Adrianna Lushezy","article_publisher":"https:\/\/www.facebook.com\/pmu.adrianna.lushezy\/","article_modified_time":"2024-10-31T10:49:19+00:00","og_image":[{"width":940,"height":788,"url":"https:\/\/www.kosmetiksalon-lushezy.at\/wp-content\/uploads\/2023\/11\/Adrianna-Lushezy-Cosmetic-Body-Treatments-Stretch-Marks-Reduction-07.jpg","type":"image\/jpeg"}],"twitter_card":"summary_large_image","twitter_misc":{"\u041f\u0440\u043e\u0446\u0435\u045a\u0435\u043d\u043e \u0432\u0440\u0435\u043c\u0435 \u0447\u0438\u0442\u0430\u045a\u0430":"5 \u043c\u0438\u043d\u0443\u0442\u0430"},"schema":{"@context":"https:\/\/schema.org","@graph":[{"@type":"WebPage","@id":"https:\/\/www.kosmetiksalon-lushezy.at\/sr\/\u043f\u0440\u043e\u0438\u0437\u0432\u043e\u0434\/uklanjanje-strija\/","url":"https:\/\/www.kosmetiksalon-lushezy.at\/sr\/\u043f\u0440\u043e\u0438\u0437\u0432\u043e\u0434\/uklanjanje-strija\/","name":"Uklanjanje Strija | Adrianna Lushezy","isPartOf":{"@id":"https:\/\/www.kosmetiksalon-lushezy.at\/#website"},"primaryImageOfPage":{"@id":"https:\/\/www.kosmetiksalon-lushezy.at\/sr\/\u043f\u0440\u043e\u0438\u0437\u0432\u043e\u0434\/uklanjanje-strija\/#primaryimage"},"image":{"@id":"https:\/\/www.kosmetiksalon-lushezy.at\/sr\/\u043f\u0440\u043e\u0438\u0437\u0432\u043e\u0434\/uklanjanje-strija\/#primaryimage"},"thumbnailUrl":"https:\/\/www.kosmetiksalon-lushezy.at\/wp-content\/uploads\/2023\/11\/Adrianna-Lushezy-Cosmetic-Body-Treatments-Stretch-Marks-Reduction-07.jpg","datePublished":"2023-11-06T11:27:51+00:00","dateModified":"2024-10-31T10:49:19+00:00","description":"Strije nastaju zbog traume ko\u017ee usled pove\u0107anja te\u017eine. Kada se ko\u017ea raste\u017ee, mre\u017ea kolagena i elastina se iste\u017ee i elasti\u010dna vlakna pucaju....","breadcrumb":{"@id":"https:\/\/www.kosmetiksalon-lushezy.at\/sr\/\u043f\u0440\u043e\u0438\u0437\u0432\u043e\u0434\/uklanjanje-strija\/#breadcrumb"},"inLanguage":"sr-RS","potentialAction":[{"@type":"ReadAction","target":["https:\/\/www.kosmetiksalon-lushezy.at\/sr\/\u043f\u0440\u043e\u0438\u0437\u0432\u043e\u0434\/uklanjanje-strija\/"]}]},{"@type":"ImageObject","inLanguage":"sr-RS","@id":"https:\/\/www.kosmetiksalon-lushezy.at\/sr\/\u043f\u0440\u043e\u0438\u0437\u0432\u043e\u0434\/uklanjanje-strija\/#primaryimage","url":"https:\/\/www.kosmetiksalon-lushezy.at\/wp-content\/uploads\/2023\/11\/Adrianna-Lushezy-Cosmetic-Body-Treatments-Stretch-Marks-Reduction-07.jpg","contentUrl":"https:\/\/www.kosmetiksalon-lushezy.at\/wp-content\/uploads\/2023\/11\/Adrianna-Lushezy-Cosmetic-Body-Treatments-Stretch-Marks-Reduction-07.jpg","width":940,"height":788},{"@type":"BreadcrumbList","@id":"https:\/\/www.kosmetiksalon-lushezy.at\/sr\/\u043f\u0440\u043e\u0438\u0437\u0432\u043e\u0434\/uklanjanje-strija\/#breadcrumb","itemListElement":[{"@type":"ListItem","position":1,"name":"Home","item":"https:\/\/www.kosmetiksalon-lushezy.at\/sr\/"},{"@type":"ListItem","position":2,"name":"Shop","item":"https:\/\/www.kosmetiksalon-lushezy.at\/sr\/shop\/"},{"@type":"ListItem","position":3,"name":"Uklanjanje Strija"}]},{"@type":"WebSite","@id":"https:\/\/www.kosmetiksalon-lushezy.at\/#website","url":"https:\/\/www.kosmetiksalon-lushezy.at\/","name":"Adrianna Lushezy","description":"Cosmetic, Permanent Make-up and Academy","publisher":{"@id":"https:\/\/www.kosmetiksalon-lushezy.at\/#organization"},"potentialAction":[{"@type":"SearchAction","target":{"@type":"EntryPoint","urlTemplate":"https:\/\/www.kosmetiksalon-lushezy.at\/?s={search_term_string}"},"query-input":"required name=search_term_string"}],"inLanguage":"sr-RS"},{"@type":"Organization","@id":"https:\/\/www.kosmetiksalon-lushezy.at\/#organization","name":"Adrianna Lushezy","url":"https:\/\/www.kosmetiksalon-lushezy.at\/","logo":{"@type":"ImageObject","inLanguage":"sr-RS","@id":"https:\/\/www.kosmetiksalon-lushezy.at\/#\/schema\/logo\/image\/","url":"https:\/\/www.kosmetiksalon-lushezy.at\/wp-content\/uploads\/2023\/11\/Adrianna-Lushezy-Favicon.png","contentUrl":"https:\/\/www.kosmetiksalon-lushezy.at\/wp-content\/uploads\/2023\/11\/Adrianna-Lushezy-Favicon.png","width":64,"height":60,"caption":"Adrianna Lushezy"},"image":{"@id":"https:\/\/www.kosmetiksalon-lushezy.at\/#\/schema\/logo\/image\/"},"sameAs":["https:\/\/www.facebook.com\/pmu.adrianna.lushezy\/","https:\/\/www.instagram.com\/adrianna_lushezy\/"]}]}},"_links":{"self":[{"href":"https:\/\/www.kosmetiksalon-lushezy.at\/sr\/wp-json\/wp\/v2\/product\/1519","targetHints":{"allow":["GET"]}}],"collection":[{"href":"https:\/\/www.kosmetiksalon-lushezy.at\/sr\/wp-json\/wp\/v2\/product"}],"about":[{"href":"https:\/\/www.kosmetiksalon-lushezy.at\/sr\/wp-json\/wp\/v2\/types\/product"}],"wp:featuredmedia":[{"embeddable":true,"href":"https:\/\/www.kosmetiksalon-lushezy.at\/sr\/wp-json\/wp\/v2\/media\/943"}],"wp:attachment":[{"href":"https:\/\/www.kosmetiksalon-lushezy.at\/sr\/wp-json\/wp\/v2\/media?parent=1519"}],"wp:term":[{"taxonomy":"product_cat","embeddable":true,"href":"https:\/\/www.kosmetiksalon-lushezy.at\/sr\/wp-json\/wp\/v2\/product_cat?post=1519"},{"taxonomy":"product_tag","embeddable":true,"href":"https:\/\/www.kosmetiksalon-lushezy.at\/sr\/wp-json\/wp\/v2\/product_tag?post=1519"}],"curies":[{"name":"wp","href":"https:\/\/api.w.org\/{rel}","templated":true}]}}