{"id":1454,"date":"2023-11-06T12:25:56","date_gmt":"2023-11-06T11:25:56","guid":{"rendered":"https:\/\/www.kosmetiksalon-lushezy.at\/product\/hydrafacial\/"},"modified":"2024-10-24T17:35:05","modified_gmt":"2024-10-24T15:35:05","slug":"hydrafacial","status":"publish","type":"product","link":"https:\/\/www.kosmetiksalon-lushezy.at\/sr\/\u043f\u0440\u043e\u0438\u0437\u0432\u043e\u0434\/hydrafacial\/","title":{"rendered":"Hydrafacial"},"content":{"rendered":"<div class=\"wpb-content-wrapper\"><p>[vc_row full_width=&#8220;stretch_row&#8220; css=&#8220;.vc_custom_1699454323630{background-image: url(https:\/\/www.kosmetiksalon-lushezy.at\/wp-content\/uploads\/2023\/11\/Adrianna-Lushezy-Blue-Background.jpg?id=69) !important;background-position: center !important;background-repeat: no-repeat !important;background-size: cover !important;}&#8220; woodmart_css_id=&#8220;654b9d6ad4292&#8243; responsive_spacing=&#8220;eyJwYXJhbV90eXBlIjoid29vZG1hcnRfcmVzcG9uc2l2ZV9zcGFjaW5nIiwic2VsZWN0b3JfaWQiOiI2NTRiOWQ2YWQ0MjkyIiwic2hvcnRjb2RlIjoidmNfcm93IiwiZGF0YSI6eyJ0YWJsZXQiOnt9LCJtb2JpbGUiOnt9fX0=&#8220; mobile_bg_img_hidden=&#8220;no&#8220; tablet_bg_img_hidden=&#8220;no&#8220; woodmart_parallax=&#8220;0&#8243; woodmart_gradient_switch=&#8220;no&#8220; woodmart_box_shadow=&#8220;no&#8220; wd_z_index=&#8220;no&#8220; woodmart_disable_overflow=&#8220;0&#8243; row_reverse_mobile=&#8220;0&#8243; row_reverse_tablet=&#8220;0&#8243; el_class=&#8220;product-blue-row&#8220;][vc_column][vc_column_text woodmart_inline=&#8220;no&#8220; text_larger=&#8220;no&#8220; el_class=&#8220;inner-tb&#8220;]<\/p>\n<p class=\"iznad-naslova\" style=\"text-align: center;\">Pro\u010ditaj vi\u0161e<\/p>\n<h2 style=\"text-align: center;\">Hydrafacial<\/h2>\n<p style=\"text-align: center;\">Hydrafacial obuhvata patentiranu tehnologiju za \u010di\u0161c\u0301enje i piling, ne\u017eni hemijski piling, vakuumsku ekstrakciju i hidratantaciju vlazenje koze. U toku tretmana koriste se aktivne supstance- BOOSTERI. Kojim hranimo kozu,sto cini kozu elasticnijom i cvrscom Serumi su prilagodjeni na osnovu tipa koze i stanja koze.  <\/p>\n<p style=\"text-align: center;\">Neposredni rezultati. mo\u017eete odmah videti pozitivne rezultate. Ko\u017ea je odmah nakon prvog tretmana vidno blistava , meka, suve fleke su eliminisane i ko\u017ea je o\u010di\u0161c\u0301ena do pora. Koza izgleda zivo, negovano i zdravo.   <\/p>\n<p style=\"text-align: center;\">Preporu\u010dujemo Hydrafacial \u010dak i pre ven\u010danja ili doga\u0111aja za blistav, zdrav sjaj.<\/p>\n<p>[\/vc_column_text][\/vc_column][\/vc_row][vc_row][vc_column][vc_column_text woodmart_inline=&#8220;no&#8220; text_larger=&#8220;no&#8220;]<\/p>\n<h4 class=\"manji\">HydraFacial HydraFacial je neinvazivni tretman lica koji \u010disti, pilinguje, izvla\u010di i hrani ko\u017eu. Tokom tretmana koristi se poseban, patentirani nastavak za ruku koji kombinuje razli\u010dite korake: <\/h4>\n<p>[\/vc_column_text][vc_raw_html]PGRpdiBjbGFzcz0ib21vdGFjLW5hYnJhamFuamEtcHJvZHVjdCI+CiAgICA8ZGl2IGNsYXNzPSJrb2xvbmEtbGV2byI+CiAgICAgICAgPGRpdiBjbGFzcz0iaW5uZXItbmFicmFqYW5qZSI+CiAgICAgICAgICAgIDxwIGNsYXNzPSJuYXNsb3YtbmFicmFqYW5qZSI+PHNwYW4gY2xhc3M9ImJyb2oiPjEuPC9zcGFuPiDEjGnFocSHZW5qZSBpIHBpbGluZzo8L3A+CiAgICAgICAgICAgIDxwPlBvbW\/Eh3UgcnVrYXZpY2UgYmF6aXJhbm9nIFZvcnRleCBla3Nmb2xpamFjaW9ub2cgc2lzdGVtYSBrb8W+YSBzZSDEjWlzdGksIG9kc3RyYW5qdWp1IHNlIG1ydHZlIMSHZWxpamUga2\/FvmUgaSBuZcSNaXN0b8SHZS48L3A+CiAgICAgICAgPC9kaXY+CiAgICAgICAgPGRpdiBjbGFzcz0iaW5uZXItbmFicmFqYW5qZSI+CiAgICAgICAgICAgIDxwIGNsYXNzPSJuYXNsb3YtbmFicmFqYW5qZSI+PHNwYW4gY2xhc3M9ImJyb2oiPjIuPC9zcGFuPiBLaXNlbGluc2tpIHBpbGluZzo8L3A+CiAgICAgICAgICAgIDxwPk5hIGtvxb51IHNlIG5hbm9zaSBibGFnaSBraXNlbGluc2tpIHBpbGluZyBrYWtvIGJpIHNlIG5lxb5ubyBla3Nmb2xpcmFsYSBrb8W+YSBpIHNtYW5qaWxpIHpuYWNpIHN0YXJlbmphLjwvcD4KICAgICAgICA8L2Rpdj4KICAgICAgICA8ZGl2IGNsYXNzPSJpbm5lci1uYWJyYWphbmplIj4KICAgICAgICAgICAgPHAgY2xhc3M9Im5hc2xvdi1uYWJyYWphbmplIj48c3BhbiBjbGFzcz0iYnJvaiI+My48L3NwYW4+IEVrc3RyYWtjaWphOjwvcD4KICAgICAgICAgICAgPHA+UG9tb8SHdSBWb3J0ZXggZWtzdHJha2Npb25vZyBuYXN0YXZrYSBpenZsYcSNZSBzZSBuZcSNaXN0b8SHZSwgbWl0aXNlcmkgaSB6YcSNZXBsamVuZSBwb3JlIGl6IGtvxb5lLjwvcD4KICAgICAgICA8L2Rpdj4KICAgICAgICA8ZGl2IGNsYXNzPSJpbm5lci1uYWJyYWphbmplIj4KICAgICAgICAgICAgPHAgY2xhc3M9Im5hc2xvdi1uYWJyYWphbmplIj48c3BhbiBjbGFzcz0iYnJvaiI+NC48L3NwYW4+IEhpZHJhdGFjaWphOjwvcD4KICAgICAgICAgICAgPHA+SHlkcmFGYWNpYWwgc2lzdGVtIHBydcW+YSBrb8W+aSBwb3NlYm5lIHNlcnVtZSBrb2ppIHNhZHLFvmUgYW50aW9rc2lkYW50ZSwgcGVwdGlkZSBpIGhpamFsdXJvbnNrdSBraXNlbGludS4gVGltZSBzZSBrb8W+YSBoaWRyaXJhLCBocmFuaSBpIGphxI1hLiA8L3A+CiAgICAgICAgPC9kaXY+CiAgICA8L2Rpdj4KICAgIDxkaXYgY2xhc3M9ImtvbG9uYS1kZXNubyI+CiAgICA8ZGl2IGNsYXNzPSJpbm5lci1uYWJyYWphbmplIj4KICAgICAgICA8cD5IeWRyYUZhY2lhbCB0cmV0bWFuIGplIHBvem5hdCBwbyBzdm9qaW0gdHJlbnV0bmltIHJlenVsdGF0aW1hLCBqZXIgxI1pbmkga2\/FvnUgZ2xhdGtvbSwgaGlkcmlyYW5vbSBpIHNqYWpub20uIFBvZ29kYW4gamUgemEgc3ZlIHRpcG92ZSBrb8W+ZSBpIG1vxb5lIHNlIHByaW1lbml0aSBrb2QgcmF6bGnEjWl0aWggcHJvYmxlbWEgcyBrb8W+b20ga2FvIMWhdG8gc3UgYWtuZSwgcGlnbWVudGFjaWplLCBmaW5lIGxpbmlqZSBpIGJvcmUsIGthbyBpIG5ldWplZG5hxI1lbmEgdGVrc3R1cmEuIDwvcD4KICAgIDwvZGl2PgogICAgPGRpdiBjbGFzcz0iaW5uZXItbmFicmFqYW5qZSI+CiAgICAgICAgPHA+TmFrb24gSHlkcmFGYWNpYWwgdHJldG1hbmEsIGtvxb5hIG1vxb5lIHRyZW51dG5vIGl6Z2xlZGF0aSBzamFqbm8sIGhpZHJpcmFubyBpIGdsYXRrby4gTW5vZ2kgbGp1ZGkgcHJpbWV0ZSBwb2JvbGrFoWFudSB0ZWtzdHVydSBrb8W+ZSwgcmF2bm9tZXJuaWppIHRlbiBpIHZpZGxqaXZvIHNtYW5qZW5qZSBmaW5paCBsaW5pamEgaSBib3JhLiBCdWR1xIdpIGRhIHRyZXRtYW4gdGVtZWxqbm8gxI1pc3RpIHBvcmUgaSB1a2xhbmphIG5lxI1pc3RvxIdlLCBrb8W+YSBtb8W+ZSBpemdsZWRhdGkgaSDEjWlzdGlqZSBpIGphc25pamUuICA8L3A+CiAgICA8L2Rpdj4KICAgIDxkaXYgY2xhc3M9ImlubmVyLW5hYnJhamFuamUiPgogICAgICAgIDxwPlJlenVsdGF0aSBzZSBtb2d1IHJhemxpa292YXRpIG9kIG9zb2JlIGRvIG9zb2JlLCBhbGkgbW5vZ2kgbGp1ZGkgaXp2ZcWhdGF2YWp1IG8gdHJlbnV0bm9tICJzamFqdSIgaSBwb2JvbGrFoWFub2ogdGVrc3R1cmkga2\/FvmUgbmVwb3NyZWRubyBuYWtvbiB0cmV0bWFuYS4gS2\/FvmEgdGFrb8SRZSBtb8W+ZSBiaXRpIG1la8WhYSBpIGdsYXRrYSB6Ym9nIGhpZHJhdGFudG5vZyBkZWpzdHZhIHNwZWNpamFsbmloIHNlcnVtYS4gPC9wPgogICAgPC9kaXY+CiAgICA8ZGl2IGNsYXNzPSJ6YW9rcnV6ZW5vIj4KICAgIDxwPlJlenVsdGF0aSBzZSBtb2d1IHJhemxpa292YXRpIG9kIG9zb2JlIGRvIG9zb2JlLCBhbGkgbW5vZ2kgbGp1ZGkgaXp2ZcWhdGF2YWp1IG8gdHJlbnV0bm9tICJzamFqdSIgaSBwb2JvbGrFoWFub2ogdGVrc3R1cmkga2\/FvmUgbmVwb3NyZWRubyBuYWtvbiB0cmV0bWFuYS4gS2\/FvmEgdGFrb8SRZSBtb8W+ZSBiaXRpIG1la8WhYSBpIGdsYXRrYSB6Ym9nIGhpZHJhdGFudG5vZyBkZWpzdHZhIHNwZWNpamFsbmloIHNlcnVtYS4gPC9wPgogICAgPC9kaXY+CiAgICA8L2Rpdj4KPC9kaXY+[\/vc_raw_html][\/vc_column][\/vc_row][vc_row css=&#8220;.vc_custom_1699540805657{background-position: center !important;background-repeat: no-repeat !important;background-size: cover !important;}&#8220; woodmart_css_id=&#8220;654cef3e13719&#8243; responsive_spacing=&#8220;eyJwYXJhbV90eXBlIjoid29vZG1hcnRfcmVzcG9uc2l2ZV9zcGFjaW5nIiwic2VsZWN0b3JfaWQiOiI2NTRjZWYzZTEzNzE5Iiwic2hvcnRjb2RlIjoidmNfcm93IiwiZGF0YSI6eyJ0YWJsZXQiOnt9LCJtb2JpbGUiOnt9fX0=&#8220; mobile_bg_img_hidden=&#8220;no&#8220; tablet_bg_img_hidden=&#8220;no&#8220; woodmart_parallax=&#8220;0&#8243; woodmart_gradient_switch=&#8220;no&#8220; woodmart_box_shadow=&#8220;no&#8220; wd_z_index=&#8220;no&#8220; woodmart_disable_overflow=&#8220;0&#8243; row_reverse_mobile=&#8220;0&#8243; row_reverse_tablet=&#8220;0&#8243; el_class=&#8220;dve-kolone-red&#8220;][vc_column width=&#8220;1\/2&#8243;][vc_column_text woodmart_inline=&#8220;no&#8220; text_larger=&#8220;no&#8220;]Tokom tog vremena izvode se razli\u010diti koraci tretmana, uklju\u010duju\u0107i \u010di\u0161\u0107enje, piling, ekstrakciju i hidrataciju. Ta\u010dno vreme zavisi od faktora kao \u0161to su stanje ko\u017ee, specifi\u010dni problemi i \u017eeljeni rezultat.[\/vc_column_text][\/vc_column][vc_column width=&#8220;1\/2&#8243;][vc_column_text woodmart_inline=&#8220;no&#8220; text_larger=&#8220;no&#8220;]Tako\u0111e je va\u017eno napomenuti da se HydraFacial tretmani \u010desto nude kao deo sveobuhvatnog re\u017eima nege ko\u017ee, u kojem mogu biti uklju\u010deni dodatni koraci ili tretmani poput maski, LED tretmana, ultrazvuka ili drugih dopunskih procedura. U takvim slu\u010dajevima, cela sesija mo\u017ee trajati du\u017ee.[\/vc_column_text][\/vc_column][\/vc_row][vc_row full_width=&#8220;stretch_row&#8220; el_class=&#8220;testimonials-red&#8220; css=&#8220;.vc_custom_1699371591429{background-image: url(https:\/\/www.kosmetiksalon-lushezy.at\/wp-content\/uploads\/2023\/11\/Adrianna-Lushezy-Blue-Background.jpg?id=69) !important;background-position: center !important;background-repeat: no-repeat !important;background-size: cover !important;}&#8220; woodmart_css_id=&#8220;654a5a258b98f&#8220; responsive_spacing=&#8220;eyJwYXJhbV90eXBlIjoid29vZG1hcnRfcmVzcG9uc2l2ZV9zcGFjaW5nIiwic2VsZWN0b3JfaWQiOiI2NTRhNWEyNThiOThmIiwic2hvcnRjb2RlIjoidmNfcm93IiwiZGF0YSI6eyJ0YWJsZXQiOnt9LCJtb2JpbGUiOnt9fX0=&#8220; mobile_bg_img_hidden=&#8220;no&#8220; tablet_bg_img_hidden=&#8220;no&#8220; woodmart_parallax=&#8220;0&#8243; woodmart_gradient_switch=&#8220;no&#8220; woodmart_box_shadow=&#8220;no&#8220; wd_z_index=&#8220;no&#8220; woodmart_disable_overflow=&#8220;0&#8243; row_reverse_mobile=&#8220;0&#8243; row_reverse_tablet=&#8220;0&#8243;][vc_column width=&#8220;1\/2&#8243;][vc_column_text woodmart_inline=&#8220;no&#8220; text_larger=&#8220;no&#8220; el_class=&#8220;testimonials-tb&#8220;]<\/p>\n<h4 class=\"veci\">Srec\u0301ni klijenti i <span class=\"flexed-testimonials\">Sjajni rezultati<\/span><\/h4>\n<p>Pridru\u017eite nam se na putovanju kroz svedo\u010danstva ispunjena rado\u0161c\u0301u na\u0161ih zadovoljnih klijenata, otkrivajuc\u0301i istinsku srec\u0301u i blistave rezultate koji ilustruju na\u0161u posvec\u0301enost pru\u017eanju izuzetnih lepotnih iskustava.[\/vc_column_text][\/vc_column][vc_column width=&#8220;1\/2&#8243;][vc_raw_html]W3RydXN0aW5kZXggbm8tcmVnaXN0cmF0aW9uPSJnb29nbGUiXQ==[\/vc_raw_html][\/vc_column][\/vc_row]<\/p>\n<\/div>","protected":false},"excerpt":{"rendered":"<p>HidraFacial tretman je neivanzivan ali veoma efikasan i jedan od najpopularnijih Tretmana u Beauty Industriji za dubinsko ciscenje, i blistavost koze. Hydrafacial je pogodan tretman za svaki tip koze. Hydrafacial tretman stvara ujednacen ten ,bezbolno otklanja mrtve celije dubinski \u010disti pore, prljav\u0161tinu ,necistoce,smanjuje sitne bore,hidrira ,umiruje , otklanja Sme\u0111e mrlje,zateze opu\u0161tenu ko\u017eu.<\/p>\n[bookly-form category_id=\"1\" service_id=\"8\" hide=\"staff_members,week_days,time_range\"]\n","protected":false},"featured_media":929,"template":"","meta":[],"product_cat":[140],"product_tag":[],"class_list":{"0":"post-1454","1":"product","2":"type-product","3":"status-publish","4":"has-post-thumbnail","6":"product_cat-kozmeticki-tretmani-za-lice","8":"first","9":"instock","10":"shipping-taxable","11":"purchasable","12":"product-type-simple"},"yoast_head":"<!-- This site is optimized with the Yoast SEO plugin v23.3 - https:\/\/yoast.com\/wordpress\/plugins\/seo\/ -->\n<title>Hydrafacial | Adrianna Lushezy<\/title>\n<meta name=\"description\" content=\"HidraFacial tretman je neivanzivan ali veoma efikasan i jedan od najpopularnijih Tretmana u Beauty Industriji za dubinsko ciscenje...\" \/>\n<meta name=\"robots\" content=\"index, follow, max-snippet:-1, max-image-preview:large, max-video-preview:-1\" \/>\n<link rel=\"canonical\" href=\"https:\/\/www.kosmetiksalon-lushezy.at\/sr\/\u043f\u0440\u043e\u0438\u0437\u0432\u043e\u0434\/hydrafacial\/\" \/>\n<meta property=\"og:locale\" content=\"sr_RS\" \/>\n<meta property=\"og:type\" content=\"article\" \/>\n<meta property=\"og:title\" content=\"Hydrafacial | Adrianna Lushezy\" \/>\n<meta property=\"og:description\" content=\"HidraFacial tretman je neivanzivan ali veoma efikasan i jedan od najpopularnijih Tretmana u Beauty Industriji za dubinsko ciscenje...\" \/>\n<meta property=\"og:url\" content=\"https:\/\/www.kosmetiksalon-lushezy.at\/sr\/\u043f\u0440\u043e\u0438\u0437\u0432\u043e\u0434\/hydrafacial\/\" \/>\n<meta property=\"og:site_name\" content=\"Adrianna Lushezy\" \/>\n<meta property=\"article:publisher\" content=\"https:\/\/www.facebook.com\/pmu.adrianna.lushezy\/\" \/>\n<meta property=\"article:modified_time\" content=\"2024-10-24T15:35:05+00:00\" \/>\n<meta property=\"og:image\" content=\"https:\/\/www.kosmetiksalon-lushezy.at\/wp-content\/uploads\/2023\/11\/Adrianna-Lushezy-Cosmetic-Facial-Treatments-Hydrafacial-01.jpg\" \/>\n\t<meta property=\"og:image:width\" content=\"940\" \/>\n\t<meta property=\"og:image:height\" content=\"788\" \/>\n\t<meta property=\"og:image:type\" content=\"image\/jpeg\" \/>\n<meta name=\"twitter:card\" content=\"summary_large_image\" \/>\n<meta name=\"twitter:label1\" content=\"\u041f\u0440\u043e\u0446\u0435\u045a\u0435\u043d\u043e \u0432\u0440\u0435\u043c\u0435 \u0447\u0438\u0442\u0430\u045a\u0430\" \/>\n\t<meta name=\"twitter:data1\" content=\"5 \u043c\u0438\u043d\u0443\u0442\u0430\" \/>\n<script type=\"application\/ld+json\" class=\"yoast-schema-graph\">{\"@context\":\"https:\/\/schema.org\",\"@graph\":[{\"@type\":\"WebPage\",\"@id\":\"https:\/\/www.kosmetiksalon-lushezy.at\/sr\/\u043f\u0440\u043e\u0438\u0437\u0432\u043e\u0434\/hydrafacial\/\",\"url\":\"https:\/\/www.kosmetiksalon-lushezy.at\/sr\/\u043f\u0440\u043e\u0438\u0437\u0432\u043e\u0434\/hydrafacial\/\",\"name\":\"Hydrafacial | Adrianna Lushezy\",\"isPartOf\":{\"@id\":\"https:\/\/www.kosmetiksalon-lushezy.at\/#website\"},\"primaryImageOfPage\":{\"@id\":\"https:\/\/www.kosmetiksalon-lushezy.at\/sr\/\u043f\u0440\u043e\u0438\u0437\u0432\u043e\u0434\/hydrafacial\/#primaryimage\"},\"image\":{\"@id\":\"https:\/\/www.kosmetiksalon-lushezy.at\/sr\/\u043f\u0440\u043e\u0438\u0437\u0432\u043e\u0434\/hydrafacial\/#primaryimage\"},\"thumbnailUrl\":\"https:\/\/www.kosmetiksalon-lushezy.at\/wp-content\/uploads\/2023\/11\/Adrianna-Lushezy-Cosmetic-Facial-Treatments-Hydrafacial-01.jpg\",\"datePublished\":\"2023-11-06T11:25:56+00:00\",\"dateModified\":\"2024-10-24T15:35:05+00:00\",\"description\":\"HidraFacial tretman je neivanzivan ali veoma efikasan i jedan od najpopularnijih Tretmana u Beauty Industriji za dubinsko ciscenje...\",\"breadcrumb\":{\"@id\":\"https:\/\/www.kosmetiksalon-lushezy.at\/sr\/\u043f\u0440\u043e\u0438\u0437\u0432\u043e\u0434\/hydrafacial\/#breadcrumb\"},\"inLanguage\":\"sr-RS\",\"potentialAction\":[{\"@type\":\"ReadAction\",\"target\":[\"https:\/\/www.kosmetiksalon-lushezy.at\/sr\/\u043f\u0440\u043e\u0438\u0437\u0432\u043e\u0434\/hydrafacial\/\"]}]},{\"@type\":\"ImageObject\",\"inLanguage\":\"sr-RS\",\"@id\":\"https:\/\/www.kosmetiksalon-lushezy.at\/sr\/\u043f\u0440\u043e\u0438\u0437\u0432\u043e\u0434\/hydrafacial\/#primaryimage\",\"url\":\"https:\/\/www.kosmetiksalon-lushezy.at\/wp-content\/uploads\/2023\/11\/Adrianna-Lushezy-Cosmetic-Facial-Treatments-Hydrafacial-01.jpg\",\"contentUrl\":\"https:\/\/www.kosmetiksalon-lushezy.at\/wp-content\/uploads\/2023\/11\/Adrianna-Lushezy-Cosmetic-Facial-Treatments-Hydrafacial-01.jpg\",\"width\":940,\"height\":788},{\"@type\":\"BreadcrumbList\",\"@id\":\"https:\/\/www.kosmetiksalon-lushezy.at\/sr\/\u043f\u0440\u043e\u0438\u0437\u0432\u043e\u0434\/hydrafacial\/#breadcrumb\",\"itemListElement\":[{\"@type\":\"ListItem\",\"position\":1,\"name\":\"Home\",\"item\":\"https:\/\/www.kosmetiksalon-lushezy.at\/sr\/\"},{\"@type\":\"ListItem\",\"position\":2,\"name\":\"Shop\",\"item\":\"https:\/\/www.kosmetiksalon-lushezy.at\/sr\/shop\/\"},{\"@type\":\"ListItem\",\"position\":3,\"name\":\"Hydrafacial\"}]},{\"@type\":\"WebSite\",\"@id\":\"https:\/\/www.kosmetiksalon-lushezy.at\/#website\",\"url\":\"https:\/\/www.kosmetiksalon-lushezy.at\/\",\"name\":\"Adrianna Lushezy\",\"description\":\"Cosmetic, Permanent Make-up and Academy\",\"publisher\":{\"@id\":\"https:\/\/www.kosmetiksalon-lushezy.at\/#organization\"},\"potentialAction\":[{\"@type\":\"SearchAction\",\"target\":{\"@type\":\"EntryPoint\",\"urlTemplate\":\"https:\/\/www.kosmetiksalon-lushezy.at\/?s={search_term_string}\"},\"query-input\":\"required name=search_term_string\"}],\"inLanguage\":\"sr-RS\"},{\"@type\":\"Organization\",\"@id\":\"https:\/\/www.kosmetiksalon-lushezy.at\/#organization\",\"name\":\"Adrianna Lushezy\",\"url\":\"https:\/\/www.kosmetiksalon-lushezy.at\/\",\"logo\":{\"@type\":\"ImageObject\",\"inLanguage\":\"sr-RS\",\"@id\":\"https:\/\/www.kosmetiksalon-lushezy.at\/#\/schema\/logo\/image\/\",\"url\":\"https:\/\/www.kosmetiksalon-lushezy.at\/wp-content\/uploads\/2023\/11\/Adrianna-Lushezy-Favicon.png\",\"contentUrl\":\"https:\/\/www.kosmetiksalon-lushezy.at\/wp-content\/uploads\/2023\/11\/Adrianna-Lushezy-Favicon.png\",\"width\":64,\"height\":60,\"caption\":\"Adrianna Lushezy\"},\"image\":{\"@id\":\"https:\/\/www.kosmetiksalon-lushezy.at\/#\/schema\/logo\/image\/\"},\"sameAs\":[\"https:\/\/www.facebook.com\/pmu.adrianna.lushezy\/\",\"https:\/\/www.instagram.com\/adrianna_lushezy\/\"]}]}<\/script>\n<!-- \/ Yoast SEO plugin. -->","yoast_head_json":{"title":"Hydrafacial | Adrianna Lushezy","description":"HidraFacial tretman je neivanzivan ali veoma efikasan i jedan od najpopularnijih Tretmana u Beauty Industriji za dubinsko ciscenje...","robots":{"index":"index","follow":"follow","max-snippet":"max-snippet:-1","max-image-preview":"max-image-preview:large","max-video-preview":"max-video-preview:-1"},"canonical":"https:\/\/www.kosmetiksalon-lushezy.at\/sr\/\u043f\u0440\u043e\u0438\u0437\u0432\u043e\u0434\/hydrafacial\/","og_locale":"sr_RS","og_type":"article","og_title":"Hydrafacial | Adrianna Lushezy","og_description":"HidraFacial tretman je neivanzivan ali veoma efikasan i jedan od najpopularnijih Tretmana u Beauty Industriji za dubinsko ciscenje...","og_url":"https:\/\/www.kosmetiksalon-lushezy.at\/sr\/\u043f\u0440\u043e\u0438\u0437\u0432\u043e\u0434\/hydrafacial\/","og_site_name":"Adrianna Lushezy","article_publisher":"https:\/\/www.facebook.com\/pmu.adrianna.lushezy\/","article_modified_time":"2024-10-24T15:35:05+00:00","og_image":[{"width":940,"height":788,"url":"https:\/\/www.kosmetiksalon-lushezy.at\/wp-content\/uploads\/2023\/11\/Adrianna-Lushezy-Cosmetic-Facial-Treatments-Hydrafacial-01.jpg","type":"image\/jpeg"}],"twitter_card":"summary_large_image","twitter_misc":{"\u041f\u0440\u043e\u0446\u0435\u045a\u0435\u043d\u043e \u0432\u0440\u0435\u043c\u0435 \u0447\u0438\u0442\u0430\u045a\u0430":"5 \u043c\u0438\u043d\u0443\u0442\u0430"},"schema":{"@context":"https:\/\/schema.org","@graph":[{"@type":"WebPage","@id":"https:\/\/www.kosmetiksalon-lushezy.at\/sr\/\u043f\u0440\u043e\u0438\u0437\u0432\u043e\u0434\/hydrafacial\/","url":"https:\/\/www.kosmetiksalon-lushezy.at\/sr\/\u043f\u0440\u043e\u0438\u0437\u0432\u043e\u0434\/hydrafacial\/","name":"Hydrafacial | Adrianna Lushezy","isPartOf":{"@id":"https:\/\/www.kosmetiksalon-lushezy.at\/#website"},"primaryImageOfPage":{"@id":"https:\/\/www.kosmetiksalon-lushezy.at\/sr\/\u043f\u0440\u043e\u0438\u0437\u0432\u043e\u0434\/hydrafacial\/#primaryimage"},"image":{"@id":"https:\/\/www.kosmetiksalon-lushezy.at\/sr\/\u043f\u0440\u043e\u0438\u0437\u0432\u043e\u0434\/hydrafacial\/#primaryimage"},"thumbnailUrl":"https:\/\/www.kosmetiksalon-lushezy.at\/wp-content\/uploads\/2023\/11\/Adrianna-Lushezy-Cosmetic-Facial-Treatments-Hydrafacial-01.jpg","datePublished":"2023-11-06T11:25:56+00:00","dateModified":"2024-10-24T15:35:05+00:00","description":"HidraFacial tretman je neivanzivan ali veoma efikasan i jedan od najpopularnijih Tretmana u Beauty Industriji za dubinsko ciscenje...","breadcrumb":{"@id":"https:\/\/www.kosmetiksalon-lushezy.at\/sr\/\u043f\u0440\u043e\u0438\u0437\u0432\u043e\u0434\/hydrafacial\/#breadcrumb"},"inLanguage":"sr-RS","potentialAction":[{"@type":"ReadAction","target":["https:\/\/www.kosmetiksalon-lushezy.at\/sr\/\u043f\u0440\u043e\u0438\u0437\u0432\u043e\u0434\/hydrafacial\/"]}]},{"@type":"ImageObject","inLanguage":"sr-RS","@id":"https:\/\/www.kosmetiksalon-lushezy.at\/sr\/\u043f\u0440\u043e\u0438\u0437\u0432\u043e\u0434\/hydrafacial\/#primaryimage","url":"https:\/\/www.kosmetiksalon-lushezy.at\/wp-content\/uploads\/2023\/11\/Adrianna-Lushezy-Cosmetic-Facial-Treatments-Hydrafacial-01.jpg","contentUrl":"https:\/\/www.kosmetiksalon-lushezy.at\/wp-content\/uploads\/2023\/11\/Adrianna-Lushezy-Cosmetic-Facial-Treatments-Hydrafacial-01.jpg","width":940,"height":788},{"@type":"BreadcrumbList","@id":"https:\/\/www.kosmetiksalon-lushezy.at\/sr\/\u043f\u0440\u043e\u0438\u0437\u0432\u043e\u0434\/hydrafacial\/#breadcrumb","itemListElement":[{"@type":"ListItem","position":1,"name":"Home","item":"https:\/\/www.kosmetiksalon-lushezy.at\/sr\/"},{"@type":"ListItem","position":2,"name":"Shop","item":"https:\/\/www.kosmetiksalon-lushezy.at\/sr\/shop\/"},{"@type":"ListItem","position":3,"name":"Hydrafacial"}]},{"@type":"WebSite","@id":"https:\/\/www.kosmetiksalon-lushezy.at\/#website","url":"https:\/\/www.kosmetiksalon-lushezy.at\/","name":"Adrianna Lushezy","description":"Cosmetic, Permanent Make-up and Academy","publisher":{"@id":"https:\/\/www.kosmetiksalon-lushezy.at\/#organization"},"potentialAction":[{"@type":"SearchAction","target":{"@type":"EntryPoint","urlTemplate":"https:\/\/www.kosmetiksalon-lushezy.at\/?s={search_term_string}"},"query-input":"required name=search_term_string"}],"inLanguage":"sr-RS"},{"@type":"Organization","@id":"https:\/\/www.kosmetiksalon-lushezy.at\/#organization","name":"Adrianna Lushezy","url":"https:\/\/www.kosmetiksalon-lushezy.at\/","logo":{"@type":"ImageObject","inLanguage":"sr-RS","@id":"https:\/\/www.kosmetiksalon-lushezy.at\/#\/schema\/logo\/image\/","url":"https:\/\/www.kosmetiksalon-lushezy.at\/wp-content\/uploads\/2023\/11\/Adrianna-Lushezy-Favicon.png","contentUrl":"https:\/\/www.kosmetiksalon-lushezy.at\/wp-content\/uploads\/2023\/11\/Adrianna-Lushezy-Favicon.png","width":64,"height":60,"caption":"Adrianna Lushezy"},"image":{"@id":"https:\/\/www.kosmetiksalon-lushezy.at\/#\/schema\/logo\/image\/"},"sameAs":["https:\/\/www.facebook.com\/pmu.adrianna.lushezy\/","https:\/\/www.instagram.com\/adrianna_lushezy\/"]}]}},"_links":{"self":[{"href":"https:\/\/www.kosmetiksalon-lushezy.at\/sr\/wp-json\/wp\/v2\/product\/1454","targetHints":{"allow":["GET"]}}],"collection":[{"href":"https:\/\/www.kosmetiksalon-lushezy.at\/sr\/wp-json\/wp\/v2\/product"}],"about":[{"href":"https:\/\/www.kosmetiksalon-lushezy.at\/sr\/wp-json\/wp\/v2\/types\/product"}],"wp:featuredmedia":[{"embeddable":true,"href":"https:\/\/www.kosmetiksalon-lushezy.at\/sr\/wp-json\/wp\/v2\/media\/929"}],"wp:attachment":[{"href":"https:\/\/www.kosmetiksalon-lushezy.at\/sr\/wp-json\/wp\/v2\/media?parent=1454"}],"wp:term":[{"taxonomy":"product_cat","embeddable":true,"href":"https:\/\/www.kosmetiksalon-lushezy.at\/sr\/wp-json\/wp\/v2\/product_cat?post=1454"},{"taxonomy":"product_tag","embeddable":true,"href":"https:\/\/www.kosmetiksalon-lushezy.at\/sr\/wp-json\/wp\/v2\/product_tag?post=1454"}],"curies":[{"name":"wp","href":"https:\/\/api.w.org\/{rel}","templated":true}]}}