{"id":1453,"date":"2023-11-06T12:32:56","date_gmt":"2023-11-06T11:32:56","guid":{"rendered":"https:\/\/www.kosmetiksalon-lushezy.at\/product\/microneedling\/"},"modified":"2024-10-24T17:27:42","modified_gmt":"2024-10-24T15:27:42","slug":"microneedling","status":"publish","type":"product","link":"https:\/\/www.kosmetiksalon-lushezy.at\/sr\/\u043f\u0440\u043e\u0438\u0437\u0432\u043e\u0434\/microneedling\/","title":{"rendered":"Microneedling"},"content":{"rendered":"<div class=\"wpb-content-wrapper\"><p>[vc_row full_width=&#8220;stretch_row&#8220; css=&#8220;.vc_custom_1699454323630{background-image: url(https:\/\/www.kosmetiksalon-lushezy.at\/wp-content\/uploads\/2023\/11\/Adrianna-Lushezy-Blue-Background.jpg?id=69) !important;background-position: center !important;background-repeat: no-repeat !important;background-size: cover !important;}&#8220; woodmart_css_id=&#8220;654b9d6ad4292&#8243; responsive_spacing=&#8220;eyJwYXJhbV90eXBlIjoid29vZG1hcnRfcmVzcG9uc2l2ZV9zcGFjaW5nIiwic2VsZWN0b3JfaWQiOiI2NTRiOWQ2YWQ0MjkyIiwic2hvcnRjb2RlIjoidmNfcm93IiwiZGF0YSI6eyJ0YWJsZXQiOnt9LCJtb2JpbGUiOnt9fX0=&#8220; mobile_bg_img_hidden=&#8220;no&#8220; tablet_bg_img_hidden=&#8220;no&#8220; woodmart_parallax=&#8220;0&#8243; woodmart_gradient_switch=&#8220;no&#8220; woodmart_box_shadow=&#8220;no&#8220; wd_z_index=&#8220;no&#8220; woodmart_disable_overflow=&#8220;0&#8243; row_reverse_mobile=&#8220;0&#8243; row_reverse_tablet=&#8220;0&#8243; el_class=&#8220;product-blue-row&#8220;][vc_column][vc_column_text woodmart_inline=&#8220;no&#8220; text_larger=&#8220;no&#8220; el_class=&#8220;inner-tb&#8220;]<\/p>\n<p class=\"iznad-naslova\" style=\"text-align: center;\">Pro\u010ditaj vi\u0161e<\/p>\n<h2 style=\"text-align: center;\">Microneedling<\/h2>\n<p style=\"text-align: center;\">Microneedling, poznato i kao terapija indukcije kolagena, je minimalno invazivna kozmeti\u010dka procedura koja uklju\u010duje kori\u0161\u0107enje finih iglica za stvaranje hiljada sitnih, nevidljivih rana na gornjem sloju ko\u017ee. Ovaj tretman se prvenstveno koristi za podmla\u0111ivanje ko\u017ee i re\u0161avanje razli\u010ditih problema sa ko\u017eom. Mikropovrede nastale tokom procedure podsti\u010du prirodne procese zaceljivanja rana tela, \u0161to rezultira pove\u0107anom produkcijom kolagena i elastina, koji su esencijalni za odr\u017eavanje mladala\u010dkog i zdravog izgleda ko\u017ee,sa tim dovodi do zatezanja I podmladjivanja kao I opste regeneracije koze.  <\/p>\n<p style=\"text-align: center;\"><strong>Microneedling je jedan od najuspesnijih tretmana za:<\/strong><\/p>\n<p>[\/vc_column_text][vc_raw_html]PGRpdiBjbGFzcz0ib21vdGFjLW5hYnJhamFuamEtcHJvZHVjdCI+CiAgICA8ZGl2IGNsYXNzPSJrb2xvbmEtbGV2byI+CiAgICAgICAgPGRpdiBjbGFzcz0iaW5uZXItbmFicmFqYW5qZSI+CiAgICAgICAgICAgIDxwIGNsYXNzPSJuYXNsb3YtbmFicmFqYW5qZSI+PHNwYW4gY2xhc3M9ImJyb2oiPjEuPC9zcGFuPiBCb3JlIGkgdGFua2UgbGluaWplOjwvcD4KICAgICAgICAgICAgPHA+UG92ZcSHYW5qZSBrb2xhZ2VuYSBpIGVsYXN0aW5hIHBvbWHFvmUgdSBzbWFuamVuanUgaXpnbGVkYSBmaW5paCBsaW5pamEgaSBib3JhLCDEjWluZcSHaSBrb8W+dSBtbGHEkW9tLjwvcD4KICAgICAgICA8L2Rpdj4KICAgICAgICA8ZGl2IGNsYXNzPSJpbm5lci1uYWJyYWphbmplIj4KICAgICAgICAgICAgPHAgY2xhc3M9Im5hc2xvdi1uYWJyYWphbmplIj48c3BhbiBjbGFzcz0iYnJvaiI+Mi48L3NwYW4+IE\/FvmlsamNpOjwvcD4KICAgICAgICAgICAgPHA+TWljcm9uZWVkbGluZyBtb8W+ZSBzbWFuaml0aSBpemdsZWQgb8W+aWxqYWthLCBwb3NlYm5vIG9uaWggbmFzdGFsaWggemJvZyBha25pLiA8L3A+CiAgICAgICAgPC9kaXY+CiAgICAgICAgPGRpdiBjbGFzcz0iaW5uZXItbmFicmFqYW5qZSI+CiAgICAgICAgICAgIDxwIGNsYXNzPSJuYXNsb3YtbmFicmFqYW5qZSI+PHNwYW4gY2xhc3M9ImJyb2oiPjMuPC9zcGFuPiBBa25lOjwvcD4KICAgICAgICAgICAgPHA+UG9tYcW+dcSHaSB1IHNtYW5qZW5qdSBwcm9kdWtjaWplIHNlYnVtYSBpIHJlxaFhdmFuanUgb8W+aWxqYWthLjwvcD4KICAgICAgICA8L2Rpdj4KICAgICAgICA8ZGl2IGNsYXNzPSJpbm5lci1uYWJyYWphbmplIj4KICAgICAgICAgICAgPHAgY2xhc3M9Im5hc2xvdi1uYWJyYWphbmplIj48c3BhbiBjbGFzcz0iYnJvaiI+NC48L3NwYW4+IFphdGV6YW5qZSBrb8W+ZTo8L3A+CiAgICAgICAgICAgIDxwPktha28gc3Rhcmltbywga2\/FvmEgbW\/FvmUgaXpndWJpdGkgc3ZvanUgZWxhc3RpxI1ub3N0LiBQb3ZlxIdhbmplIHByb2l6dm9kbmplIGtvbGFnZW5hIHBvbWHFvmUgdSB6YXRlemFuanUgb3B1xaF0ZW5lIGtvxb5lLiA8L3A+CiAgICAgICAgPC9kaXY+CiAgICAgICAgPGRpdiBjbGFzcz0iaW5uZXItbmFicmFqYW5qZSI+CiAgICAgICAgICAgIDxwIGNsYXNzPSJuYXNsb3YtbmFicmFqYW5qZSI+PHNwYW4gY2xhc3M9ImJyb2oiPjUuPC9zcGFuPiBQcm9ibGVtaSBzIHBpZ21lbnRhY2lqb206PC9wPgogICAgICAgICAgICA8cD5Nb8W+ZSBwb21vxIdpIHUgc21hbmplbmp1IGhpcGVycGlnbWVudGFjaWplIGkgbWVsYXptZSBwb3RpxI11xIdpIHJlZ2VuZXJhY2lqdSBrb8W+ZS48L3A+CiAgICAgICAgPC9kaXY+CiAgICA8L2Rpdj4KICAgIDxkaXYgY2xhc3M9ImtvbG9uYS1kZXNubyI+CiAgICAgICAgPGRpdiBjbGFzcz0iaW5uZXItbmFicmFqYW5qZSI+CiAgICAgICAgICAgIDxwIGNsYXNzPSJuYXNsb3YtbmFicmFqYW5qZSI+PHNwYW4gY2xhc3M9ImJyb2oiPjYuPC9zcGFuPiBTdHJpamU6PC9wPgogICAgICAgICAgICA8cD5NaWNyb25lZWRsaW5nIG1vxb5lIHNtYW5qaXRpIGl6Z2xlZCBzdHJpamEga2FkYSBzZSBrb21iaW51amUgcyBkcnVnaW0gdGVyYXBpamFtYS5wb3RyZWJubyBqZSB2aXNlIHNlc2lqYS48L3A+CiAgICAgICAgPC9kaXY+CiAgICAgICAgPGRpdiBjbGFzcz0iaW5uZXItbmFicmFqYW5qZSI+CiAgICAgICAgICAgIDxwIGNsYXNzPSJuYXNsb3YtbmFicmFqYW5qZSI+PHNwYW4gY2xhc3M9ImJyb2oiPjcuPC9zcGFuPiBWZWxpxI1pbmEgcG9yYTo8L3A+CiAgICAgICAgICAgIDxwPlByb21vdmlzYW5qZW0ga29sYWdlbmEsIG1pY3JvbmVlZGxpbmcgbW\/FvmUgZGF0aSBrb8W+aSBnbGF0a2lqaSBpemdsZWQsIHNtYW5qdWp1xIdpIHRha28gdmVsacSNaW51IHByb8WhaXJlbmloIHBvcmEuPC9wPgogICAgICAgIDwvZGl2PgogICAgICAgIDxkaXYgY2xhc3M9ImlubmVyLW5hYnJhamFuamUiPgogICAgICAgICAgICA8cCBjbGFzcz0ibmFzbG92LW5hYnJhamFuamUiPjxzcGFuIGNsYXNzPSJicm9qIj44Ljwvc3Bhbj4gR3ViaXRhayBrb3NlOjwvcD4KICAgICAgICAgICAgPHA+S2FkYSBzZSBrb21iaW51amUgc2Egb2Rnb3ZhcmFqdcSHaW0gcmXFoWVuamltYSBpbGkgc2VydW1pbWEgemEgcmFzdCBrb3NlLCBtaWtyb25pZGxhbmplIG1vxb5lIHN0aW11bGlzYXRpIGtvxb51IGdsYXZlIGkgcG9kcsW+YXRpIHJhc3Qga29zZSwgcmXFoWF2YWp1xIdpIHN0YW5qYSBwb3B1dCBhbG9wZWNpamUuPC9wPgogICAgICAgIDwvZGl2PgogICAgICAgIDxkaXYgY2xhc3M9ImlubmVyLW5hYnJhamFuamUiPgogICAgICAgICAgICA8cCBjbGFzcz0ibmFzbG92LW5hYnJhamFuamUiPjxzcGFuIGNsYXNzPSJicm9qIj45Ljwvc3Bhbj4gUG9qYcSNYW5hIGFwc29ycGNpamEgcHJvaXp2b2RhOjwvcD4KICAgICAgICAgICAgPHA+TmFrb24gTUlDUk9ORUVETElORy1hLCBwcm9penZvZGkgemEgbmVndSBrb8W+ZSBtb2d1IHByb2RyaWpldGkgZHVibGplIHUga2\/FvnUsIHBvdmXEh2F2YWp1xIdpIG5qaWhvdnUgZWZpa2Fzbm9zdC48L3A+CiAgICAgICAgPC9kaXY+CiAgICA8L2Rpdj4KPC9kaXY+[\/vc_raw_html][\/vc_column][\/vc_row][vc_row el_class=&#8220;single-block-row&#8220; woodmart_css_id=&#8220;654ba7cc42361&#8243; responsive_spacing=&#8220;eyJwYXJhbV90eXBlIjoid29vZG1hcnRfcmVzcG9uc2l2ZV9zcGFjaW5nIiwic2VsZWN0b3JfaWQiOiI2NTRiYTdjYzQyMzYxIiwic2hvcnRjb2RlIjoidmNfcm93IiwiZGF0YSI6eyJ0YWJsZXQiOnt9LCJtb2JpbGUiOnt9fX0=&#8220; mobile_bg_img_hidden=&#8220;no&#8220; tablet_bg_img_hidden=&#8220;no&#8220; woodmart_parallax=&#8220;0&#8243; woodmart_gradient_switch=&#8220;no&#8220; woodmart_box_shadow=&#8220;no&#8220; wd_z_index=&#8220;no&#8220; woodmart_disable_overflow=&#8220;0&#8243; row_reverse_mobile=&#8220;0&#8243; row_reverse_tablet=&#8220;0&#8243;][vc_column][vc_column_text woodmart_inline=&#8220;no&#8220; text_larger=&#8220;no&#8220;]<\/p>\n<h4>Iako microneedling nudi mnoge prednosti, klju\u010dno je razumeti da rezultati moguvarirati na osnovu individualnih tipova ko\u017ee, ozbiljnosti stanja , starosti koze I vrste zeljenog izgleda.<\/h4>\n<p>[\/vc_column_text][\/vc_column][\/vc_row][vc_row full_width=&#8220;stretch_row&#8220; el_class=&#8220;testimonials-red&#8220; css=&#8220;.vc_custom_1699371591429{background-image: url(https:\/\/www.kosmetiksalon-lushezy.at\/wp-content\/uploads\/2023\/11\/Adrianna-Lushezy-Blue-Background.jpg?id=69) !important;background-position: center !important;background-repeat: no-repeat !important;background-size: cover !important;}&#8220; woodmart_css_id=&#8220;654a5a258b98f&#8220; responsive_spacing=&#8220;eyJwYXJhbV90eXBlIjoid29vZG1hcnRfcmVzcG9uc2l2ZV9zcGFjaW5nIiwic2VsZWN0b3JfaWQiOiI2NTRhNWEyNThiOThmIiwic2hvcnRjb2RlIjoidmNfcm93IiwiZGF0YSI6eyJ0YWJsZXQiOnt9LCJtb2JpbGUiOnt9fX0=&#8220; mobile_bg_img_hidden=&#8220;no&#8220; tablet_bg_img_hidden=&#8220;no&#8220; woodmart_parallax=&#8220;0&#8243; woodmart_gradient_switch=&#8220;no&#8220; woodmart_box_shadow=&#8220;no&#8220; wd_z_index=&#8220;no&#8220; woodmart_disable_overflow=&#8220;0&#8243; row_reverse_mobile=&#8220;0&#8243; row_reverse_tablet=&#8220;0&#8243;][vc_column width=&#8220;1\/2&#8243;][vc_column_text woodmart_inline=&#8220;no&#8220; text_larger=&#8220;no&#8220; el_class=&#8220;testimonials-tb&#8220;]<\/p>\n<h4 class=\"veci\">Srec\u0301ni klijenti i <span class=\"flexed-testimonials\">Sjajni rezultati<\/span><\/h4>\n<p>Pridru\u017eite nam se na putovanju kroz svedo\u010danstva ispunjena rado\u0161c\u0301u na\u0161ih zadovoljnih klijenata, otkrivajuc\u0301i istinsku srec\u0301u i blistave rezultate koji ilustruju na\u0161u posvec\u0301enost pru\u017eanju izuzetnih lepotnih iskustava.[\/vc_column_text][\/vc_column][vc_column width=&#8220;1\/2&#8243;][vc_raw_html]W3RydXN0aW5kZXggbm8tcmVnaXN0cmF0aW9uPSJnb29nbGUiXQ==[\/vc_raw_html][\/vc_column][\/vc_row]<\/p>\n<\/div>","protected":false},"excerpt":{"rendered":"<p>Za savrsenu kozu bez pora,faltica, hyperpigmentacije,protiv oziljaka,pospesuje rast kose I celukupnu regeneraciju koze, tretiranog predella Microneedling postupkom. Tokom tretmana koristimo aktivne supstance, pogodne za \u017eeljeni tip ko\u017ee, sa specifi\u010dnim ciljem&#8230; Tretman Microneedlingom je bezbolan. Za optimalne rezultate potrebno je 5-10 tretmana, pri \u010demu se tretmani sprovode jednom u 3-4 nedelje. Nakon tretmana dobijate dokument o naknadnoj nezi u salonu Adrianna Lushezi.<\/p>\n[bookly-form category_id=\"1\" service_id=\"4\" hide=\"staff_members,week_days,time_range\"]\n","protected":false},"featured_media":975,"template":"","meta":[],"product_cat":[140],"product_tag":[],"class_list":{"0":"post-1453","1":"product","2":"type-product","3":"status-publish","4":"has-post-thumbnail","6":"product_cat-kozmeticki-tretmani-za-lice","8":"first","9":"instock","10":"shipping-taxable","11":"purchasable","12":"product-type-simple"},"yoast_head":"<!-- This site is optimized with the Yoast SEO plugin v23.3 - https:\/\/yoast.com\/wordpress\/plugins\/seo\/ -->\n<title>Microneedling | Adrianna Lushezy<\/title>\n<meta name=\"description\" content=\"Za savrsenu kozu bez pora,faltica, hyperpigmentacije,protiv oziljaka,pospesuje rast kose I celukupnu regeneraciju koze...\" \/>\n<meta name=\"robots\" content=\"index, follow, max-snippet:-1, max-image-preview:large, max-video-preview:-1\" \/>\n<link rel=\"canonical\" href=\"https:\/\/www.kosmetiksalon-lushezy.at\/sr\/\u043f\u0440\u043e\u0438\u0437\u0432\u043e\u0434\/microneedling\/\" \/>\n<meta property=\"og:locale\" content=\"sr_RS\" \/>\n<meta property=\"og:type\" content=\"article\" \/>\n<meta property=\"og:title\" content=\"Microneedling | Adrianna Lushezy\" \/>\n<meta property=\"og:description\" content=\"Za savrsenu kozu bez pora,faltica, hyperpigmentacije,protiv oziljaka,pospesuje rast kose I celukupnu regeneraciju koze...\" \/>\n<meta property=\"og:url\" content=\"https:\/\/www.kosmetiksalon-lushezy.at\/sr\/\u043f\u0440\u043e\u0438\u0437\u0432\u043e\u0434\/microneedling\/\" \/>\n<meta property=\"og:site_name\" content=\"Adrianna Lushezy\" \/>\n<meta property=\"article:publisher\" content=\"https:\/\/www.facebook.com\/pmu.adrianna.lushezy\/\" \/>\n<meta property=\"article:modified_time\" content=\"2024-10-24T15:27:42+00:00\" \/>\n<meta property=\"og:image\" content=\"https:\/\/www.kosmetiksalon-lushezy.at\/wp-content\/uploads\/2023\/11\/Adrianna-Lushezy-Cosmetic-Facial-Treatments-Microneedling-05.jpg\" \/>\n\t<meta property=\"og:image:width\" content=\"940\" \/>\n\t<meta property=\"og:image:height\" content=\"788\" \/>\n\t<meta property=\"og:image:type\" content=\"image\/jpeg\" \/>\n<meta name=\"twitter:card\" content=\"summary_large_image\" \/>\n<meta name=\"twitter:label1\" content=\"\u041f\u0440\u043e\u0446\u0435\u045a\u0435\u043d\u043e \u0432\u0440\u0435\u043c\u0435 \u0447\u0438\u0442\u0430\u045a\u0430\" \/>\n\t<meta name=\"twitter:data1\" content=\"4 \u043c\u0438\u043d\u0443\u0442\u0430\" \/>\n<script type=\"application\/ld+json\" class=\"yoast-schema-graph\">{\"@context\":\"https:\/\/schema.org\",\"@graph\":[{\"@type\":\"WebPage\",\"@id\":\"https:\/\/www.kosmetiksalon-lushezy.at\/sr\/\u043f\u0440\u043e\u0438\u0437\u0432\u043e\u0434\/microneedling\/\",\"url\":\"https:\/\/www.kosmetiksalon-lushezy.at\/sr\/\u043f\u0440\u043e\u0438\u0437\u0432\u043e\u0434\/microneedling\/\",\"name\":\"Microneedling | Adrianna Lushezy\",\"isPartOf\":{\"@id\":\"https:\/\/www.kosmetiksalon-lushezy.at\/#website\"},\"primaryImageOfPage\":{\"@id\":\"https:\/\/www.kosmetiksalon-lushezy.at\/sr\/\u043f\u0440\u043e\u0438\u0437\u0432\u043e\u0434\/microneedling\/#primaryimage\"},\"image\":{\"@id\":\"https:\/\/www.kosmetiksalon-lushezy.at\/sr\/\u043f\u0440\u043e\u0438\u0437\u0432\u043e\u0434\/microneedling\/#primaryimage\"},\"thumbnailUrl\":\"https:\/\/www.kosmetiksalon-lushezy.at\/wp-content\/uploads\/2023\/11\/Adrianna-Lushezy-Cosmetic-Facial-Treatments-Microneedling-05.jpg\",\"datePublished\":\"2023-11-06T11:32:56+00:00\",\"dateModified\":\"2024-10-24T15:27:42+00:00\",\"description\":\"Za savrsenu kozu bez pora,faltica, hyperpigmentacije,protiv oziljaka,pospesuje rast kose I celukupnu regeneraciju koze...\",\"breadcrumb\":{\"@id\":\"https:\/\/www.kosmetiksalon-lushezy.at\/sr\/\u043f\u0440\u043e\u0438\u0437\u0432\u043e\u0434\/microneedling\/#breadcrumb\"},\"inLanguage\":\"sr-RS\",\"potentialAction\":[{\"@type\":\"ReadAction\",\"target\":[\"https:\/\/www.kosmetiksalon-lushezy.at\/sr\/\u043f\u0440\u043e\u0438\u0437\u0432\u043e\u0434\/microneedling\/\"]}]},{\"@type\":\"ImageObject\",\"inLanguage\":\"sr-RS\",\"@id\":\"https:\/\/www.kosmetiksalon-lushezy.at\/sr\/\u043f\u0440\u043e\u0438\u0437\u0432\u043e\u0434\/microneedling\/#primaryimage\",\"url\":\"https:\/\/www.kosmetiksalon-lushezy.at\/wp-content\/uploads\/2023\/11\/Adrianna-Lushezy-Cosmetic-Facial-Treatments-Microneedling-05.jpg\",\"contentUrl\":\"https:\/\/www.kosmetiksalon-lushezy.at\/wp-content\/uploads\/2023\/11\/Adrianna-Lushezy-Cosmetic-Facial-Treatments-Microneedling-05.jpg\",\"width\":940,\"height\":788},{\"@type\":\"BreadcrumbList\",\"@id\":\"https:\/\/www.kosmetiksalon-lushezy.at\/sr\/\u043f\u0440\u043e\u0438\u0437\u0432\u043e\u0434\/microneedling\/#breadcrumb\",\"itemListElement\":[{\"@type\":\"ListItem\",\"position\":1,\"name\":\"Home\",\"item\":\"https:\/\/www.kosmetiksalon-lushezy.at\/sr\/\"},{\"@type\":\"ListItem\",\"position\":2,\"name\":\"Shop\",\"item\":\"https:\/\/www.kosmetiksalon-lushezy.at\/sr\/shop\/\"},{\"@type\":\"ListItem\",\"position\":3,\"name\":\"Microneedling\"}]},{\"@type\":\"WebSite\",\"@id\":\"https:\/\/www.kosmetiksalon-lushezy.at\/#website\",\"url\":\"https:\/\/www.kosmetiksalon-lushezy.at\/\",\"name\":\"Adrianna Lushezy\",\"description\":\"Cosmetic, Permanent Make-up and Academy\",\"publisher\":{\"@id\":\"https:\/\/www.kosmetiksalon-lushezy.at\/#organization\"},\"potentialAction\":[{\"@type\":\"SearchAction\",\"target\":{\"@type\":\"EntryPoint\",\"urlTemplate\":\"https:\/\/www.kosmetiksalon-lushezy.at\/?s={search_term_string}\"},\"query-input\":\"required name=search_term_string\"}],\"inLanguage\":\"sr-RS\"},{\"@type\":\"Organization\",\"@id\":\"https:\/\/www.kosmetiksalon-lushezy.at\/#organization\",\"name\":\"Adrianna Lushezy\",\"url\":\"https:\/\/www.kosmetiksalon-lushezy.at\/\",\"logo\":{\"@type\":\"ImageObject\",\"inLanguage\":\"sr-RS\",\"@id\":\"https:\/\/www.kosmetiksalon-lushezy.at\/#\/schema\/logo\/image\/\",\"url\":\"https:\/\/www.kosmetiksalon-lushezy.at\/wp-content\/uploads\/2023\/11\/Adrianna-Lushezy-Favicon.png\",\"contentUrl\":\"https:\/\/www.kosmetiksalon-lushezy.at\/wp-content\/uploads\/2023\/11\/Adrianna-Lushezy-Favicon.png\",\"width\":64,\"height\":60,\"caption\":\"Adrianna Lushezy\"},\"image\":{\"@id\":\"https:\/\/www.kosmetiksalon-lushezy.at\/#\/schema\/logo\/image\/\"},\"sameAs\":[\"https:\/\/www.facebook.com\/pmu.adrianna.lushezy\/\",\"https:\/\/www.instagram.com\/adrianna_lushezy\/\"]}]}<\/script>\n<!-- \/ Yoast SEO plugin. -->","yoast_head_json":{"title":"Microneedling | Adrianna Lushezy","description":"Za savrsenu kozu bez pora,faltica, hyperpigmentacije,protiv oziljaka,pospesuje rast kose I celukupnu regeneraciju koze...","robots":{"index":"index","follow":"follow","max-snippet":"max-snippet:-1","max-image-preview":"max-image-preview:large","max-video-preview":"max-video-preview:-1"},"canonical":"https:\/\/www.kosmetiksalon-lushezy.at\/sr\/\u043f\u0440\u043e\u0438\u0437\u0432\u043e\u0434\/microneedling\/","og_locale":"sr_RS","og_type":"article","og_title":"Microneedling | Adrianna Lushezy","og_description":"Za savrsenu kozu bez pora,faltica, hyperpigmentacije,protiv oziljaka,pospesuje rast kose I celukupnu regeneraciju koze...","og_url":"https:\/\/www.kosmetiksalon-lushezy.at\/sr\/\u043f\u0440\u043e\u0438\u0437\u0432\u043e\u0434\/microneedling\/","og_site_name":"Adrianna Lushezy","article_publisher":"https:\/\/www.facebook.com\/pmu.adrianna.lushezy\/","article_modified_time":"2024-10-24T15:27:42+00:00","og_image":[{"width":940,"height":788,"url":"https:\/\/www.kosmetiksalon-lushezy.at\/wp-content\/uploads\/2023\/11\/Adrianna-Lushezy-Cosmetic-Facial-Treatments-Microneedling-05.jpg","type":"image\/jpeg"}],"twitter_card":"summary_large_image","twitter_misc":{"\u041f\u0440\u043e\u0446\u0435\u045a\u0435\u043d\u043e \u0432\u0440\u0435\u043c\u0435 \u0447\u0438\u0442\u0430\u045a\u0430":"4 \u043c\u0438\u043d\u0443\u0442\u0430"},"schema":{"@context":"https:\/\/schema.org","@graph":[{"@type":"WebPage","@id":"https:\/\/www.kosmetiksalon-lushezy.at\/sr\/\u043f\u0440\u043e\u0438\u0437\u0432\u043e\u0434\/microneedling\/","url":"https:\/\/www.kosmetiksalon-lushezy.at\/sr\/\u043f\u0440\u043e\u0438\u0437\u0432\u043e\u0434\/microneedling\/","name":"Microneedling | Adrianna Lushezy","isPartOf":{"@id":"https:\/\/www.kosmetiksalon-lushezy.at\/#website"},"primaryImageOfPage":{"@id":"https:\/\/www.kosmetiksalon-lushezy.at\/sr\/\u043f\u0440\u043e\u0438\u0437\u0432\u043e\u0434\/microneedling\/#primaryimage"},"image":{"@id":"https:\/\/www.kosmetiksalon-lushezy.at\/sr\/\u043f\u0440\u043e\u0438\u0437\u0432\u043e\u0434\/microneedling\/#primaryimage"},"thumbnailUrl":"https:\/\/www.kosmetiksalon-lushezy.at\/wp-content\/uploads\/2023\/11\/Adrianna-Lushezy-Cosmetic-Facial-Treatments-Microneedling-05.jpg","datePublished":"2023-11-06T11:32:56+00:00","dateModified":"2024-10-24T15:27:42+00:00","description":"Za savrsenu kozu bez pora,faltica, hyperpigmentacije,protiv oziljaka,pospesuje rast kose I celukupnu regeneraciju koze...","breadcrumb":{"@id":"https:\/\/www.kosmetiksalon-lushezy.at\/sr\/\u043f\u0440\u043e\u0438\u0437\u0432\u043e\u0434\/microneedling\/#breadcrumb"},"inLanguage":"sr-RS","potentialAction":[{"@type":"ReadAction","target":["https:\/\/www.kosmetiksalon-lushezy.at\/sr\/\u043f\u0440\u043e\u0438\u0437\u0432\u043e\u0434\/microneedling\/"]}]},{"@type":"ImageObject","inLanguage":"sr-RS","@id":"https:\/\/www.kosmetiksalon-lushezy.at\/sr\/\u043f\u0440\u043e\u0438\u0437\u0432\u043e\u0434\/microneedling\/#primaryimage","url":"https:\/\/www.kosmetiksalon-lushezy.at\/wp-content\/uploads\/2023\/11\/Adrianna-Lushezy-Cosmetic-Facial-Treatments-Microneedling-05.jpg","contentUrl":"https:\/\/www.kosmetiksalon-lushezy.at\/wp-content\/uploads\/2023\/11\/Adrianna-Lushezy-Cosmetic-Facial-Treatments-Microneedling-05.jpg","width":940,"height":788},{"@type":"BreadcrumbList","@id":"https:\/\/www.kosmetiksalon-lushezy.at\/sr\/\u043f\u0440\u043e\u0438\u0437\u0432\u043e\u0434\/microneedling\/#breadcrumb","itemListElement":[{"@type":"ListItem","position":1,"name":"Home","item":"https:\/\/www.kosmetiksalon-lushezy.at\/sr\/"},{"@type":"ListItem","position":2,"name":"Shop","item":"https:\/\/www.kosmetiksalon-lushezy.at\/sr\/shop\/"},{"@type":"ListItem","position":3,"name":"Microneedling"}]},{"@type":"WebSite","@id":"https:\/\/www.kosmetiksalon-lushezy.at\/#website","url":"https:\/\/www.kosmetiksalon-lushezy.at\/","name":"Adrianna Lushezy","description":"Cosmetic, Permanent Make-up and Academy","publisher":{"@id":"https:\/\/www.kosmetiksalon-lushezy.at\/#organization"},"potentialAction":[{"@type":"SearchAction","target":{"@type":"EntryPoint","urlTemplate":"https:\/\/www.kosmetiksalon-lushezy.at\/?s={search_term_string}"},"query-input":"required name=search_term_string"}],"inLanguage":"sr-RS"},{"@type":"Organization","@id":"https:\/\/www.kosmetiksalon-lushezy.at\/#organization","name":"Adrianna Lushezy","url":"https:\/\/www.kosmetiksalon-lushezy.at\/","logo":{"@type":"ImageObject","inLanguage":"sr-RS","@id":"https:\/\/www.kosmetiksalon-lushezy.at\/#\/schema\/logo\/image\/","url":"https:\/\/www.kosmetiksalon-lushezy.at\/wp-content\/uploads\/2023\/11\/Adrianna-Lushezy-Favicon.png","contentUrl":"https:\/\/www.kosmetiksalon-lushezy.at\/wp-content\/uploads\/2023\/11\/Adrianna-Lushezy-Favicon.png","width":64,"height":60,"caption":"Adrianna Lushezy"},"image":{"@id":"https:\/\/www.kosmetiksalon-lushezy.at\/#\/schema\/logo\/image\/"},"sameAs":["https:\/\/www.facebook.com\/pmu.adrianna.lushezy\/","https:\/\/www.instagram.com\/adrianna_lushezy\/"]}]}},"_links":{"self":[{"href":"https:\/\/www.kosmetiksalon-lushezy.at\/sr\/wp-json\/wp\/v2\/product\/1453","targetHints":{"allow":["GET"]}}],"collection":[{"href":"https:\/\/www.kosmetiksalon-lushezy.at\/sr\/wp-json\/wp\/v2\/product"}],"about":[{"href":"https:\/\/www.kosmetiksalon-lushezy.at\/sr\/wp-json\/wp\/v2\/types\/product"}],"wp:featuredmedia":[{"embeddable":true,"href":"https:\/\/www.kosmetiksalon-lushezy.at\/sr\/wp-json\/wp\/v2\/media\/975"}],"wp:attachment":[{"href":"https:\/\/www.kosmetiksalon-lushezy.at\/sr\/wp-json\/wp\/v2\/media?parent=1453"}],"wp:term":[{"taxonomy":"product_cat","embeddable":true,"href":"https:\/\/www.kosmetiksalon-lushezy.at\/sr\/wp-json\/wp\/v2\/product_cat?post=1453"},{"taxonomy":"product_tag","embeddable":true,"href":"https:\/\/www.kosmetiksalon-lushezy.at\/sr\/wp-json\/wp\/v2\/product_tag?post=1453"}],"curies":[{"name":"wp","href":"https:\/\/api.w.org\/{rel}","templated":true}]}}