{"id":1452,"date":"2023-11-06T13:32:13","date_gmt":"2023-11-06T12:32:13","guid":{"rendered":"https:\/\/www.kosmetiksalon-lushezy.at\/product\/oziljci-od-akni-redukcija\/"},"modified":"2024-10-24T16:35:24","modified_gmt":"2024-10-24T14:35:24","slug":"oziljci-od-akni-redukcija","status":"publish","type":"product","link":"https:\/\/www.kosmetiksalon-lushezy.at\/sr\/\u043f\u0440\u043e\u0438\u0437\u0432\u043e\u0434\/oziljci-od-akni-redukcija\/","title":{"rendered":"O\u017eiljci od akni &#8211; redukcija"},"content":{"rendered":"<div class=\"wpb-content-wrapper\"><p>[vc_row full_width=&#8220;stretch_row&#8220; css=&#8220;.vc_custom_1699454323630{background-image: url(https:\/\/www.kosmetiksalon-lushezy.at\/wp-content\/uploads\/2023\/11\/Adrianna-Lushezy-Blue-Background.jpg?id=69) !important;background-position: center !important;background-repeat: no-repeat !important;background-size: cover !important;}&#8220; woodmart_css_id=&#8220;654b9d6ad4292&#8243; responsive_spacing=&#8220;eyJwYXJhbV90eXBlIjoid29vZG1hcnRfcmVzcG9uc2l2ZV9zcGFjaW5nIiwic2VsZWN0b3JfaWQiOiI2NTRiOWQ2YWQ0MjkyIiwic2hvcnRjb2RlIjoidmNfcm93IiwiZGF0YSI6eyJ0YWJsZXQiOnt9LCJtb2JpbGUiOnt9fX0=&#8220; mobile_bg_img_hidden=&#8220;no&#8220; tablet_bg_img_hidden=&#8220;no&#8220; woodmart_parallax=&#8220;0&#8243; woodmart_gradient_switch=&#8220;no&#8220; woodmart_box_shadow=&#8220;no&#8220; wd_z_index=&#8220;no&#8220; woodmart_disable_overflow=&#8220;0&#8243; row_reverse_mobile=&#8220;0&#8243; row_reverse_tablet=&#8220;0&#8243; el_class=&#8220;product-blue-row&#8220;][vc_column][vc_column_text woodmart_inline=&#8220;no&#8220; text_larger=&#8220;no&#8220; el_class=&#8220;inner-tb&#8220;]<\/p>\n<p class=\"iznad-naslova\" style=\"text-align: center;\">Sta je Microneedling<\/p>\n<h2 style=\"text-align: center;\">Kako funkcionise?<\/h2>\n<p style=\"text-align: center;\">Microneedling je stimulizacija i pospesnja proteina Collagena u telu na prirodan nacin, reakcijom tela. Ure\u0111aj za mikroneedling, koristi fine sterilne iglice ,prave hiljade mikroskopskih punkcija \u2013 mikripovreda na gornjem sloju ko\u017ee. Ove kontrolisane povrede stimuli\u0161u prirodni proces zaceljivanja rana tela, \u0161to dovodi do pove\u0107ane proizvodnje kolagena i elastina.  <\/p>\n<p style=\"text-align: center;\"><strong>MICRONEEDLING je NE invazivni <\/strong>tretman ko\u017ee koji se koristi za le\u010denje razli\u010ditih ko\u017enih stanja, uklju\u010duju\u0107i strije (o\u017eiljke od rastezanja). Evo kako mikroneedling deluje i njegove potencijalne koristi za le\u010denje oziljaka od AKNI.   <\/p>\n<p>[\/vc_column_text][vc_raw_html]PGRpdiBjbGFzcz0ib21vdGFjLW5hYnJhamFuamEtcHJvZHVjdCI+CiAgICA8ZGl2IGNsYXNzPSJrb2xvbmEtbGV2byI+CiAgICAgICAgPGRpdiBjbGFzcz0iaW5uZXItbmFicmFqYW5qZSI+CiAgICAgICAgICAgIDxwIGNsYXNzPSJuYXNsb3YtbmFicmFqYW5qZSI+PHNwYW4gY2xhc3M9ImJyb2oiPjEuPC9zcGFuPiBTdGltdWxhY2lqYSBrb2xhZ2VuYSBpIGVsYXN0aW5hOjwvcD4KICAgICAgICAgICAgPHA+SHlhbHVyb25pYyBhY2lkLSBSRVRJTk9MLCBQZXB0aWRlcyAsIENvbGxhZ2VuICxWSVRBTUlOIEMsIEdyb3d0aCBmYWN0b3JzLCBTdGVhbSBDZWxscyBDb3BwZXIgUGVwdGlkZXMsIFRyYW5leGFtaWMgQWNpZCwgWmluYywgTmlhY2luYW1pZGUgLCBSZXRpbm9sLOKApuKApjwvcD4KICAgICAgICA8L2Rpdj4KICAgICAgICA8ZGl2IGNsYXNzPSJpbm5lci1uYWJyYWphbmplIj4KICAgICAgICAgICAgPHAgY2xhc3M9Im5hc2xvdi1uYWJyYWphbmplIj48c3BhbiBjbGFzcz0iYnJvaiI+Mi48L3NwYW4+IFBvdmXEh2FuYSBhcHNvcnBjaWphIHRvcGnEjWtpaCBwcm9penZvZGE6IDwvcD4KICAgICAgICAgICAgPHA+TWlrcm8ta2FuYWxpIGtyZWlyYW5pIG1pa3JvbmVlZGxpbmdvbSBtb2d1IHBvYm9sasWhYXRpIGFwc29ycGNpanUgdG9wacSNa2loIHRyZXRtYW5hLiBUYWtvLCBrYWRhIHNlIGtvbWJpbnVqdSBzYSBlZmlrYXNuaW0gdG9wacSNa2ltIHByb2l6dm9kaW1hLCBwb3N0b2ppIHBvdGVuY2lqYWwgemEgYm9samUgcmV6dWx0YXRlICA8L3A+CiAgICAgICAgICAgIDxwPlphIE9aSUxKS0UgT0QgQUtOSSBrb3Jpc3RlIHNlIHByb2l6dm9kaSBrb2ppIHNhZHLFvmUgZmFrdG9yZSByYXN0YSwgaGlqYWx1cm9uc2t1IGtpc2VsaW51IGlsaSBkcnVnZSBrb3Jpc25lIHNhc3RvamtlLiA8L3A+CiAgICAgICAgPC9kaXY+CiAgICAgICAgPGRpdiBjbGFzcz0iaW5uZXItbmFicmFqYW5qZSI+CiAgICAgICAgICAgIDxwIGNsYXNzPSJuYXNsb3YtbmFicmFqYW5qZSI+PHNwYW4gY2xhc3M9ImJyb2oiPjMuPC9zcGFuPiBQcm9jZXMgdHJldG1hbmE6IDwvcD4KICAgICAgICAgICAgPHA+UHJlIHBvc3R1cGthLCBhbmFsaXppcmEgc2Uga296YSAtIHJlZ2lqYSwgZGV6aW5maWt1amUsIG9kYWJlcmUgc2UgYWt0aXZuYSBzdXBzdGFuY2Ega29qYSBvZGdvdmFyYSB0aXB1IGtvemUgLCBkZWJsamluaSBrb3plLCB2cnN0aSAsZGVibGppbmkgSSBzdGFyb3N0aSBha25pIC4gRHXFvmluYSBpZ2xlIG1vxb5lIHZhcmlyYXRpIHUgemF2aXNub3N0aSBvZCBzcGVjaWZpxI1uaWggZGVsb3ZhIHRlbGEgSSBkZWJsamluZSBrb3plLiAgPC9wPgogICAgICAgICAgICA8cD5UcmV0bWFuIE1pY3JvbmVlZGxpbmdhIG5lIGJvbGkuPC9wPgogICAgICAgICAgICA8cD5OYWtvbiB0cmV0bWFuYSwgbW\/FvmUgZG\/Eh2kgZG8gY3J2ZW5pbGEgaSBvdGljYW5qYSwgc2xpxI1ubyBibGFnb20gb3Bla290aW5hbWEgb2Qgc3VuY2EsIGtvamUgb2JpxI1ubyBwcm9sYXppIHphIG5la29saWtvIGRhbmEuIFBvc2xlIHRyZXRtYW5hIGRvYmljZXRlIHUgc2Fsb251IEFkcmlhbm5hIEx1c2hlenkgQWZ0ZXIgQ2FyZSBkb2N1bWVudCwga2FrbyBiaSBvY3V2YWxpLCBJIHByYXZpbG5vIG5lZ292YWxpIGtvenUuIDwvcD4KICAgICAgICA8L2Rpdj4KICAgIDwvZGl2PgogICAgPGRpdiBjbGFzcz0ia29sb25hLWRlc25vIj4KICAgICAgICA8ZGl2IGNsYXNzPSJpbm5lci1uYWJyYWphbmplIj4KICAgICAgICAgICAgPHAgY2xhc3M9Im5hc2xvdi1uYWJyYWphbmplIj48c3BhbiBjbGFzcz0iYnJvaiI+NC48L3NwYW4+IE9jZWtpdmFuaSByZXp1bHRhdGk6PC9wPgogICAgICAgICAgICA8cD5SZXp1bHRhdGkgc3Ugb3B0aW1hbG5pIGkgdmFyaXJhanUgb2Qgb3NvYmUgZG8gb3NvYmUsIGFsaSBpdGVrYWtvIG1vemV0ZSBwcmltZXRpdGkgcmF6bGlrdSwga2FvIGJsYWdvIHNtYW5qZW5qZSBkZWJsamluZSAsIG9iaW1hLCBkdXppbmUgQUtOSSB2ZWMgbmFrb24gNC4gVHJldG1hbmEuPC9wPgogICAgICAgIDwvZGl2PgogICAgICAgIDxkaXYgY2xhc3M9ImlubmVyLW5hYnJhamFuamUiPgogICAgICAgICAgICA8cCBjbGFzcz0ibmFzbG92LW5hYnJhamFuamUiPjxzcGFuIGNsYXNzPSJicm9qIj41Ljwvc3Bhbj4gUG90cmVibmUgc3UgdmnFoWVzdHJ1a2kgdHJldG1hbmk6PC9wPgogICAgICAgICAgICA8cD5WacWhZXN0cnVrZSBzZXNpamUgKG9iacSNbm8gOC0xNCkgc2EgcmF6bWFjaW1hIG9kIG5la29saWtvIG5lZGVsamEgb2JpxI1ubyBzdSBwb3RyZWJuZSBkYSBiaSBzZSBwb3N0aWdsaSDFvmVsamVuaSByZXp1bHRhdGkuPC9wPgogICAgICAgICAgICA8cD5Ccm9qIHNlc2lqYSB6YXZpc2kgb2Qgb3piaWxqbm9zdGkgc3RyaWphIGkgaW5kaXZpZHVhbG5paCBmYWt0b3JhIHBhY2lqZW50YS4gUmV6dWx0YXRpIG1vZ3UgdmFyaXJhdGkgSWFrbyBtbm9naSBsanVkaSB2aWRlIHBvYm9sasWhYW5qZSB1IGl6Z2xlZHUgc3ZvamloIG96aWxqYWthIG5ha29uIG1pa3JvbmVlZGxpbmdhLCByZXp1bHRhdGkgbW9ndSB2YXJpcmF0aS4gU3RyaWplIG1vxb5kYSBuZcSHZSBwb3RwdW5vIG5lc3RhdGksIGFsaSBuamlob3YgaXpnbGVkIG1vxb5lIGJpdGkgem5hxI1ham5vIHVtYW5qZW4uICA8L3A+CiAgICAgICAgPC9kaXY+CiAgICAgICAgPGRpdiBjbGFzcz0iemFva3J1emVubyI+CiAgICAgICAgPHA+T8W9SUxKQ0kgQUtORSBtb8W+ZGEgbmVjzIFlIHBvdHB1bm8gbmVzdGF0aSwgYWxpIHNlIG5qaWhvdiBpemdsZWQgbW\/FvmUgem5hxI1ham5vIHNtYW5qaXRpLiBNaWNyb25lZWRsaW5nIG51ZGkgb2JlY8yBYXZhanVjzIFpIHByaXN0dXAgc21hbmplbmp1LCBwYSDEjWFrIGkgbmVzdGFua3Ugb8W+aWxqYWthLCBwcm9tb3ZpxaF1Y8yBaSBwcm9penZvZG5qdSBrb2xhZ2VuYSBpIGVsYXN0aW5hLiA8L3A+CiAgICAgICAgPC9kaXY+CiAgICA8L2Rpdj4KPC9kaXY+[\/vc_raw_html][\/vc_column][\/vc_row][vc_row el_class=&#8220;single-block-row&#8220; woodmart_css_id=&#8220;654ba7cc42361&#8243; responsive_spacing=&#8220;eyJwYXJhbV90eXBlIjoid29vZG1hcnRfcmVzcG9uc2l2ZV9zcGFjaW5nIiwic2VsZWN0b3JfaWQiOiI2NTRiYTdjYzQyMzYxIiwic2hvcnRjb2RlIjoidmNfcm93IiwiZGF0YSI6eyJ0YWJsZXQiOnt9LCJtb2JpbGUiOnt9fX0=&#8220; mobile_bg_img_hidden=&#8220;no&#8220; tablet_bg_img_hidden=&#8220;no&#8220; woodmart_parallax=&#8220;0&#8243; woodmart_gradient_switch=&#8220;no&#8220; woodmart_box_shadow=&#8220;no&#8220; wd_z_index=&#8220;no&#8220; woodmart_disable_overflow=&#8220;0&#8243; row_reverse_mobile=&#8220;0&#8243; row_reverse_tablet=&#8220;0&#8243;][vc_column][vc_column_text woodmart_inline=&#8220;no&#8220; text_larger=&#8220;no&#8220;]<\/p>\n<h4>Me\u0111utim, pojedina\u010dni rezultati mogu varirati u zavisnosti od starosti, debljine ko\u017ee, tipa, koli\u010dine, veli\u010dine i starosti o\u017eiljaka od akni, kao i brzine regeneracije tela.<\/h4>\n<p>[\/vc_column_text][\/vc_column][\/vc_row][vc_row full_width=&#8220;stretch_row&#8220; el_class=&#8220;testimonials-red&#8220; css=&#8220;.vc_custom_1699371591429{background-image: url(https:\/\/www.kosmetiksalon-lushezy.at\/wp-content\/uploads\/2023\/11\/Adrianna-Lushezy-Blue-Background.jpg?id=69) !important;background-position: center !important;background-repeat: no-repeat !important;background-size: cover !important;}&#8220; woodmart_css_id=&#8220;654a5a258b98f&#8220; responsive_spacing=&#8220;eyJwYXJhbV90eXBlIjoid29vZG1hcnRfcmVzcG9uc2l2ZV9zcGFjaW5nIiwic2VsZWN0b3JfaWQiOiI2NTRhNWEyNThiOThmIiwic2hvcnRjb2RlIjoidmNfcm93IiwiZGF0YSI6eyJ0YWJsZXQiOnt9LCJtb2JpbGUiOnt9fX0=&#8220; mobile_bg_img_hidden=&#8220;no&#8220; tablet_bg_img_hidden=&#8220;no&#8220; woodmart_parallax=&#8220;0&#8243; woodmart_gradient_switch=&#8220;no&#8220; woodmart_box_shadow=&#8220;no&#8220; wd_z_index=&#8220;no&#8220; woodmart_disable_overflow=&#8220;0&#8243; row_reverse_mobile=&#8220;0&#8243; row_reverse_tablet=&#8220;0&#8243;][vc_column width=&#8220;1\/2&#8243;][vc_column_text woodmart_inline=&#8220;no&#8220; text_larger=&#8220;no&#8220; el_class=&#8220;testimonials-tb&#8220;]<\/p>\n<h4 class=\"veci\">Srec\u0301ni klijenti i <span class=\"flexed-testimonials\">Sjajni rezultati<\/span><\/h4>\n<p>Pridru\u017eite nam se na putovanju kroz svedo\u010danstva ispunjena rado\u0161c\u0301u na\u0161ih zadovoljnih klijenata, otkrivajuc\u0301i istinsku srec\u0301u i blistave rezultate koji ilustruju na\u0161u posvec\u0301enost pru\u017eanju izuzetnih lepotnih iskustava.[\/vc_column_text][\/vc_column][vc_column width=&#8220;1\/2&#8243;][vc_raw_html]W3RydXN0aW5kZXggbm8tcmVnaXN0cmF0aW9uPSJnb29nbGUiXQ==[\/vc_raw_html][\/vc_column][\/vc_row]<\/p>\n<\/div>","protected":false},"excerpt":{"rendered":"<p>Akne mogu biti izvor stresa za mnoge osobe jer mogu ostaviti trajne o\u017eiljke na ko\u017ei dugo nakon \u0161to su aktivne akne pro\u0161le. MICRONEEDLING SE RADI U SLUCAJU NE AKTIVNIH AKNI, tako\u0111e tretman je poznat kao terapija indukcijom kolagena, je minimalno invazivni tretman koji je poslednjih godina stekao popularnost zbog svog potencijala u le\u010denju o\u017eiljaka od akni me\u0111u ostalim stanjima ko\u017ee.  <\/p>\n<p><strong>Evo kratkog pregleda: Prednosti tretmana MICRONEEDLING:<\/strong><\/p>\n<ul>\n<li>Pobolj\u0161anje teksture ko\u017ee i smanjenje vidljivosti o\u017eiljaka.<\/li>\n<li>Pogodno za sve tipove ko\u017ee.<\/li>\n<li>Mo\u017ee tako\u0111e pobolj\u0161ati izgled sitnih bora, dubokih bora i ukupne teksture ko\u017ee.<\/li>\n<\/ul>\n[bookly-form category_id=\"1\" service_id=\"2\" hide=\"staff_members,week_days,time_range\"]\n","protected":false},"featured_media":997,"template":"","meta":[],"product_cat":[140],"product_tag":[],"class_list":{"0":"post-1452","1":"product","2":"type-product","3":"status-publish","4":"has-post-thumbnail","6":"product_cat-kozmeticki-tretmani-za-lice","8":"first","9":"instock","10":"shipping-taxable","11":"purchasable","12":"product-type-simple"},"yoast_head":"<!-- This site is optimized with the Yoast SEO plugin v23.3 - https:\/\/yoast.com\/wordpress\/plugins\/seo\/ -->\n<title>O\u017eiljci od akni - redukcija | Adrianna Lushezy<\/title>\n<meta name=\"description\" content=\"Akne mogu biti izvor stresa za mnoge osobe jer mogu ostaviti trajne o\u017eiljke na ko\u017ei dugo nakon \u0161to su aktivne akne pro\u0161le. MICRONEEDLING...\" \/>\n<meta name=\"robots\" content=\"index, follow, max-snippet:-1, max-image-preview:large, max-video-preview:-1\" \/>\n<link rel=\"canonical\" href=\"https:\/\/www.kosmetiksalon-lushezy.at\/sr\/\u043f\u0440\u043e\u0438\u0437\u0432\u043e\u0434\/oziljci-od-akni-redukcija\/\" \/>\n<meta property=\"og:locale\" content=\"sr_RS\" \/>\n<meta property=\"og:type\" content=\"article\" \/>\n<meta property=\"og:title\" content=\"O\u017eiljci od akni - redukcija | Adrianna Lushezy\" \/>\n<meta property=\"og:description\" content=\"Akne mogu biti izvor stresa za mnoge osobe jer mogu ostaviti trajne o\u017eiljke na ko\u017ei dugo nakon \u0161to su aktivne akne pro\u0161le. MICRONEEDLING...\" \/>\n<meta property=\"og:url\" content=\"https:\/\/www.kosmetiksalon-lushezy.at\/sr\/\u043f\u0440\u043e\u0438\u0437\u0432\u043e\u0434\/oziljci-od-akni-redukcija\/\" \/>\n<meta property=\"og:site_name\" content=\"Adrianna Lushezy\" \/>\n<meta property=\"article:publisher\" content=\"https:\/\/www.facebook.com\/pmu.adrianna.lushezy\/\" \/>\n<meta property=\"article:modified_time\" content=\"2024-10-24T14:35:24+00:00\" \/>\n<meta property=\"og:image\" content=\"https:\/\/www.kosmetiksalon-lushezy.at\/wp-content\/uploads\/2023\/11\/Adrianna-Lushezy-Cosmetic-Facial-Treatments-Acne-Scars-Reduction-11.jpg\" \/>\n\t<meta property=\"og:image:width\" content=\"940\" \/>\n\t<meta property=\"og:image:height\" content=\"788\" \/>\n\t<meta property=\"og:image:type\" content=\"image\/jpeg\" \/>\n<meta name=\"twitter:card\" content=\"summary_large_image\" \/>\n<meta name=\"twitter:label1\" content=\"\u041f\u0440\u043e\u0446\u0435\u045a\u0435\u043d\u043e \u0432\u0440\u0435\u043c\u0435 \u0447\u0438\u0442\u0430\u045a\u0430\" \/>\n\t<meta name=\"twitter:data1\" content=\"5 \u043c\u0438\u043d\u0443\u0442\u0430\" \/>\n<script type=\"application\/ld+json\" class=\"yoast-schema-graph\">{\"@context\":\"https:\/\/schema.org\",\"@graph\":[{\"@type\":\"WebPage\",\"@id\":\"https:\/\/www.kosmetiksalon-lushezy.at\/sr\/\u043f\u0440\u043e\u0438\u0437\u0432\u043e\u0434\/oziljci-od-akni-redukcija\/\",\"url\":\"https:\/\/www.kosmetiksalon-lushezy.at\/sr\/\u043f\u0440\u043e\u0438\u0437\u0432\u043e\u0434\/oziljci-od-akni-redukcija\/\",\"name\":\"O\u017eiljci od akni - redukcija | Adrianna Lushezy\",\"isPartOf\":{\"@id\":\"https:\/\/www.kosmetiksalon-lushezy.at\/#website\"},\"primaryImageOfPage\":{\"@id\":\"https:\/\/www.kosmetiksalon-lushezy.at\/sr\/\u043f\u0440\u043e\u0438\u0437\u0432\u043e\u0434\/oziljci-od-akni-redukcija\/#primaryimage\"},\"image\":{\"@id\":\"https:\/\/www.kosmetiksalon-lushezy.at\/sr\/\u043f\u0440\u043e\u0438\u0437\u0432\u043e\u0434\/oziljci-od-akni-redukcija\/#primaryimage\"},\"thumbnailUrl\":\"https:\/\/www.kosmetiksalon-lushezy.at\/wp-content\/uploads\/2023\/11\/Adrianna-Lushezy-Cosmetic-Facial-Treatments-Acne-Scars-Reduction-11.jpg\",\"datePublished\":\"2023-11-06T12:32:13+00:00\",\"dateModified\":\"2024-10-24T14:35:24+00:00\",\"description\":\"Akne mogu biti izvor stresa za mnoge osobe jer mogu ostaviti trajne o\u017eiljke na ko\u017ei dugo nakon \u0161to su aktivne akne pro\u0161le. MICRONEEDLING...\",\"breadcrumb\":{\"@id\":\"https:\/\/www.kosmetiksalon-lushezy.at\/sr\/\u043f\u0440\u043e\u0438\u0437\u0432\u043e\u0434\/oziljci-od-akni-redukcija\/#breadcrumb\"},\"inLanguage\":\"sr-RS\",\"potentialAction\":[{\"@type\":\"ReadAction\",\"target\":[\"https:\/\/www.kosmetiksalon-lushezy.at\/sr\/\u043f\u0440\u043e\u0438\u0437\u0432\u043e\u0434\/oziljci-od-akni-redukcija\/\"]}]},{\"@type\":\"ImageObject\",\"inLanguage\":\"sr-RS\",\"@id\":\"https:\/\/www.kosmetiksalon-lushezy.at\/sr\/\u043f\u0440\u043e\u0438\u0437\u0432\u043e\u0434\/oziljci-od-akni-redukcija\/#primaryimage\",\"url\":\"https:\/\/www.kosmetiksalon-lushezy.at\/wp-content\/uploads\/2023\/11\/Adrianna-Lushezy-Cosmetic-Facial-Treatments-Acne-Scars-Reduction-11.jpg\",\"contentUrl\":\"https:\/\/www.kosmetiksalon-lushezy.at\/wp-content\/uploads\/2023\/11\/Adrianna-Lushezy-Cosmetic-Facial-Treatments-Acne-Scars-Reduction-11.jpg\",\"width\":940,\"height\":788},{\"@type\":\"BreadcrumbList\",\"@id\":\"https:\/\/www.kosmetiksalon-lushezy.at\/sr\/\u043f\u0440\u043e\u0438\u0437\u0432\u043e\u0434\/oziljci-od-akni-redukcija\/#breadcrumb\",\"itemListElement\":[{\"@type\":\"ListItem\",\"position\":1,\"name\":\"Home\",\"item\":\"https:\/\/www.kosmetiksalon-lushezy.at\/sr\/\"},{\"@type\":\"ListItem\",\"position\":2,\"name\":\"Shop\",\"item\":\"https:\/\/www.kosmetiksalon-lushezy.at\/sr\/shop\/\"},{\"@type\":\"ListItem\",\"position\":3,\"name\":\"O\u017eiljci od akni &#8211; redukcija\"}]},{\"@type\":\"WebSite\",\"@id\":\"https:\/\/www.kosmetiksalon-lushezy.at\/#website\",\"url\":\"https:\/\/www.kosmetiksalon-lushezy.at\/\",\"name\":\"Adrianna Lushezy\",\"description\":\"Cosmetic, Permanent Make-up and Academy\",\"publisher\":{\"@id\":\"https:\/\/www.kosmetiksalon-lushezy.at\/#organization\"},\"potentialAction\":[{\"@type\":\"SearchAction\",\"target\":{\"@type\":\"EntryPoint\",\"urlTemplate\":\"https:\/\/www.kosmetiksalon-lushezy.at\/?s={search_term_string}\"},\"query-input\":\"required name=search_term_string\"}],\"inLanguage\":\"sr-RS\"},{\"@type\":\"Organization\",\"@id\":\"https:\/\/www.kosmetiksalon-lushezy.at\/#organization\",\"name\":\"Adrianna Lushezy\",\"url\":\"https:\/\/www.kosmetiksalon-lushezy.at\/\",\"logo\":{\"@type\":\"ImageObject\",\"inLanguage\":\"sr-RS\",\"@id\":\"https:\/\/www.kosmetiksalon-lushezy.at\/#\/schema\/logo\/image\/\",\"url\":\"https:\/\/www.kosmetiksalon-lushezy.at\/wp-content\/uploads\/2023\/11\/Adrianna-Lushezy-Favicon.png\",\"contentUrl\":\"https:\/\/www.kosmetiksalon-lushezy.at\/wp-content\/uploads\/2023\/11\/Adrianna-Lushezy-Favicon.png\",\"width\":64,\"height\":60,\"caption\":\"Adrianna Lushezy\"},\"image\":{\"@id\":\"https:\/\/www.kosmetiksalon-lushezy.at\/#\/schema\/logo\/image\/\"},\"sameAs\":[\"https:\/\/www.facebook.com\/pmu.adrianna.lushezy\/\",\"https:\/\/www.instagram.com\/adrianna_lushezy\/\"]}]}<\/script>\n<!-- \/ Yoast SEO plugin. -->","yoast_head_json":{"title":"O\u017eiljci od akni - redukcija | Adrianna Lushezy","description":"Akne mogu biti izvor stresa za mnoge osobe jer mogu ostaviti trajne o\u017eiljke na ko\u017ei dugo nakon \u0161to su aktivne akne pro\u0161le. MICRONEEDLING...","robots":{"index":"index","follow":"follow","max-snippet":"max-snippet:-1","max-image-preview":"max-image-preview:large","max-video-preview":"max-video-preview:-1"},"canonical":"https:\/\/www.kosmetiksalon-lushezy.at\/sr\/\u043f\u0440\u043e\u0438\u0437\u0432\u043e\u0434\/oziljci-od-akni-redukcija\/","og_locale":"sr_RS","og_type":"article","og_title":"O\u017eiljci od akni - redukcija | Adrianna Lushezy","og_description":"Akne mogu biti izvor stresa za mnoge osobe jer mogu ostaviti trajne o\u017eiljke na ko\u017ei dugo nakon \u0161to su aktivne akne pro\u0161le. MICRONEEDLING...","og_url":"https:\/\/www.kosmetiksalon-lushezy.at\/sr\/\u043f\u0440\u043e\u0438\u0437\u0432\u043e\u0434\/oziljci-od-akni-redukcija\/","og_site_name":"Adrianna Lushezy","article_publisher":"https:\/\/www.facebook.com\/pmu.adrianna.lushezy\/","article_modified_time":"2024-10-24T14:35:24+00:00","og_image":[{"width":940,"height":788,"url":"https:\/\/www.kosmetiksalon-lushezy.at\/wp-content\/uploads\/2023\/11\/Adrianna-Lushezy-Cosmetic-Facial-Treatments-Acne-Scars-Reduction-11.jpg","type":"image\/jpeg"}],"twitter_card":"summary_large_image","twitter_misc":{"\u041f\u0440\u043e\u0446\u0435\u045a\u0435\u043d\u043e \u0432\u0440\u0435\u043c\u0435 \u0447\u0438\u0442\u0430\u045a\u0430":"5 \u043c\u0438\u043d\u0443\u0442\u0430"},"schema":{"@context":"https:\/\/schema.org","@graph":[{"@type":"WebPage","@id":"https:\/\/www.kosmetiksalon-lushezy.at\/sr\/\u043f\u0440\u043e\u0438\u0437\u0432\u043e\u0434\/oziljci-od-akni-redukcija\/","url":"https:\/\/www.kosmetiksalon-lushezy.at\/sr\/\u043f\u0440\u043e\u0438\u0437\u0432\u043e\u0434\/oziljci-od-akni-redukcija\/","name":"O\u017eiljci od akni - redukcija | Adrianna Lushezy","isPartOf":{"@id":"https:\/\/www.kosmetiksalon-lushezy.at\/#website"},"primaryImageOfPage":{"@id":"https:\/\/www.kosmetiksalon-lushezy.at\/sr\/\u043f\u0440\u043e\u0438\u0437\u0432\u043e\u0434\/oziljci-od-akni-redukcija\/#primaryimage"},"image":{"@id":"https:\/\/www.kosmetiksalon-lushezy.at\/sr\/\u043f\u0440\u043e\u0438\u0437\u0432\u043e\u0434\/oziljci-od-akni-redukcija\/#primaryimage"},"thumbnailUrl":"https:\/\/www.kosmetiksalon-lushezy.at\/wp-content\/uploads\/2023\/11\/Adrianna-Lushezy-Cosmetic-Facial-Treatments-Acne-Scars-Reduction-11.jpg","datePublished":"2023-11-06T12:32:13+00:00","dateModified":"2024-10-24T14:35:24+00:00","description":"Akne mogu biti izvor stresa za mnoge osobe jer mogu ostaviti trajne o\u017eiljke na ko\u017ei dugo nakon \u0161to su aktivne akne pro\u0161le. MICRONEEDLING...","breadcrumb":{"@id":"https:\/\/www.kosmetiksalon-lushezy.at\/sr\/\u043f\u0440\u043e\u0438\u0437\u0432\u043e\u0434\/oziljci-od-akni-redukcija\/#breadcrumb"},"inLanguage":"sr-RS","potentialAction":[{"@type":"ReadAction","target":["https:\/\/www.kosmetiksalon-lushezy.at\/sr\/\u043f\u0440\u043e\u0438\u0437\u0432\u043e\u0434\/oziljci-od-akni-redukcija\/"]}]},{"@type":"ImageObject","inLanguage":"sr-RS","@id":"https:\/\/www.kosmetiksalon-lushezy.at\/sr\/\u043f\u0440\u043e\u0438\u0437\u0432\u043e\u0434\/oziljci-od-akni-redukcija\/#primaryimage","url":"https:\/\/www.kosmetiksalon-lushezy.at\/wp-content\/uploads\/2023\/11\/Adrianna-Lushezy-Cosmetic-Facial-Treatments-Acne-Scars-Reduction-11.jpg","contentUrl":"https:\/\/www.kosmetiksalon-lushezy.at\/wp-content\/uploads\/2023\/11\/Adrianna-Lushezy-Cosmetic-Facial-Treatments-Acne-Scars-Reduction-11.jpg","width":940,"height":788},{"@type":"BreadcrumbList","@id":"https:\/\/www.kosmetiksalon-lushezy.at\/sr\/\u043f\u0440\u043e\u0438\u0437\u0432\u043e\u0434\/oziljci-od-akni-redukcija\/#breadcrumb","itemListElement":[{"@type":"ListItem","position":1,"name":"Home","item":"https:\/\/www.kosmetiksalon-lushezy.at\/sr\/"},{"@type":"ListItem","position":2,"name":"Shop","item":"https:\/\/www.kosmetiksalon-lushezy.at\/sr\/shop\/"},{"@type":"ListItem","position":3,"name":"O\u017eiljci od akni &#8211; redukcija"}]},{"@type":"WebSite","@id":"https:\/\/www.kosmetiksalon-lushezy.at\/#website","url":"https:\/\/www.kosmetiksalon-lushezy.at\/","name":"Adrianna Lushezy","description":"Cosmetic, Permanent Make-up and Academy","publisher":{"@id":"https:\/\/www.kosmetiksalon-lushezy.at\/#organization"},"potentialAction":[{"@type":"SearchAction","target":{"@type":"EntryPoint","urlTemplate":"https:\/\/www.kosmetiksalon-lushezy.at\/?s={search_term_string}"},"query-input":"required name=search_term_string"}],"inLanguage":"sr-RS"},{"@type":"Organization","@id":"https:\/\/www.kosmetiksalon-lushezy.at\/#organization","name":"Adrianna Lushezy","url":"https:\/\/www.kosmetiksalon-lushezy.at\/","logo":{"@type":"ImageObject","inLanguage":"sr-RS","@id":"https:\/\/www.kosmetiksalon-lushezy.at\/#\/schema\/logo\/image\/","url":"https:\/\/www.kosmetiksalon-lushezy.at\/wp-content\/uploads\/2023\/11\/Adrianna-Lushezy-Favicon.png","contentUrl":"https:\/\/www.kosmetiksalon-lushezy.at\/wp-content\/uploads\/2023\/11\/Adrianna-Lushezy-Favicon.png","width":64,"height":60,"caption":"Adrianna Lushezy"},"image":{"@id":"https:\/\/www.kosmetiksalon-lushezy.at\/#\/schema\/logo\/image\/"},"sameAs":["https:\/\/www.facebook.com\/pmu.adrianna.lushezy\/","https:\/\/www.instagram.com\/adrianna_lushezy\/"]}]}},"_links":{"self":[{"href":"https:\/\/www.kosmetiksalon-lushezy.at\/sr\/wp-json\/wp\/v2\/product\/1452","targetHints":{"allow":["GET"]}}],"collection":[{"href":"https:\/\/www.kosmetiksalon-lushezy.at\/sr\/wp-json\/wp\/v2\/product"}],"about":[{"href":"https:\/\/www.kosmetiksalon-lushezy.at\/sr\/wp-json\/wp\/v2\/types\/product"}],"wp:featuredmedia":[{"embeddable":true,"href":"https:\/\/www.kosmetiksalon-lushezy.at\/sr\/wp-json\/wp\/v2\/media\/997"}],"wp:attachment":[{"href":"https:\/\/www.kosmetiksalon-lushezy.at\/sr\/wp-json\/wp\/v2\/media?parent=1452"}],"wp:term":[{"taxonomy":"product_cat","embeddable":true,"href":"https:\/\/www.kosmetiksalon-lushezy.at\/sr\/wp-json\/wp\/v2\/product_cat?post=1452"},{"taxonomy":"product_tag","embeddable":true,"href":"https:\/\/www.kosmetiksalon-lushezy.at\/sr\/wp-json\/wp\/v2\/product_tag?post=1452"}],"curies":[{"name":"wp","href":"https:\/\/api.w.org\/{rel}","templated":true}]}}