{"id":1451,"date":"2023-11-06T13:35:52","date_gmt":"2023-11-06T12:35:52","guid":{"rendered":"https:\/\/www.kosmetiksalon-lushezy.at\/product\/dijamantska-mikrodermoabrazija\/"},"modified":"2024-10-24T16:23:16","modified_gmt":"2024-10-24T14:23:16","slug":"dijamantska-mikrodermoabrazija","status":"publish","type":"product","link":"https:\/\/www.kosmetiksalon-lushezy.at\/sr\/\u043f\u0440\u043e\u0438\u0437\u0432\u043e\u0434\/dijamantska-mikrodermoabrazija\/","title":{"rendered":"Dijamantska mikrodermoabrazija"},"content":{"rendered":"<div class=\"wpb-content-wrapper\"><p>[vc_row full_width=&#8220;stretch_row&#8220; css=&#8220;.vc_custom_1699454323630{background-image: url(https:\/\/www.kosmetiksalon-lushezy.at\/wp-content\/uploads\/2023\/11\/Adrianna-Lushezy-Blue-Background.jpg?id=69) !important;background-position: center !important;background-repeat: no-repeat !important;background-size: cover !important;}&#8220; woodmart_css_id=&#8220;654b9d6ad4292&#8243; responsive_spacing=&#8220;eyJwYXJhbV90eXBlIjoid29vZG1hcnRfcmVzcG9uc2l2ZV9zcGFjaW5nIiwic2VsZWN0b3JfaWQiOiI2NTRiOWQ2YWQ0MjkyIiwic2hvcnRjb2RlIjoidmNfcm93IiwiZGF0YSI6eyJ0YWJsZXQiOnt9LCJtb2JpbGUiOnt9fX0=&#8220; mobile_bg_img_hidden=&#8220;no&#8220; tablet_bg_img_hidden=&#8220;no&#8220; woodmart_parallax=&#8220;0&#8243; woodmart_gradient_switch=&#8220;no&#8220; woodmart_box_shadow=&#8220;no&#8220; wd_z_index=&#8220;no&#8220; woodmart_disable_overflow=&#8220;0&#8243; row_reverse_mobile=&#8220;0&#8243; row_reverse_tablet=&#8220;0&#8243; el_class=&#8220;product-blue-row&#8220;][vc_column][vc_column_text woodmart_inline=&#8220;no&#8220; text_larger=&#8220;no&#8220; el_class=&#8220;inner-tb&#8220;]<\/p>\n<p class=\"iznad-naslova\" style=\"text-align: center;\">Pro\u010ditaj vi\u0161e<\/p>\n<h2 style=\"text-align: center;\">Dijamantska mikrodermoabrazija<\/h2>\n<p style=\"text-align: center;\"><strong>Tretman mo\u017ee imati razli\u010dite prednosti, uklju\u010duju\u0107i:<\/strong><\/p>\n<p>[\/vc_column_text][vc_raw_html]PGRpdiBjbGFzcz0ib21vdGFjLW5hYnJhamFuamEtcHJvZHVjdCI+CiAgICA8ZGl2IGNsYXNzPSJrb2xvbmEtbGV2byI+CiAgICAgICAgPGRpdiBjbGFzcz0iaW5uZXItbmFicmFqYW5qZSI+CiAgICAgICAgICAgIDxwIGNsYXNzPSJuYXNsb3YtbmFicmFqYW5qZSI+PHNwYW4gY2xhc3M9ImJyb2oiPjEuPC9zcGFuPiBQb2JvbGrFoWFuamUgdGVrc3R1cmUga2\/FvmU6PC9wPgogICAgICAgICAgICA8cD5EaWphbWFudHNrYSBtaWtyb2Rlcm1vYWJyYXppamEgbW\/FvmUgemFnbGFkaXRpIGkgcHJlZmluaXRpIGl6Z2xlZCBrb8W+ZSB1a2xhbmphbmplbSBtcnR2aWggxIdlbGlqYSBpIHN0aW11bGFjaWpvbSBwcm9kdWtjaWplIGtvbGFnZW5hLgo8L3A+CiAgICAgICAgPC9kaXY+CiAgICAgICAgPGRpdiBjbGFzcz0iaW5uZXItbmFicmFqYW5qZSI+CiAgICAgICAgICAgIDxwIGNsYXNzPSJuYXNsb3YtbmFicmFqYW5qZSI+PHNwYW4gY2xhc3M9ImJyb2oiPjIuPC9zcGFuPiBTbWFuamVuamUgbmVzYXZyxaFlbm9zdGk6PC9wPgogICAgICAgICAgICA8cD5UcmV0bWFuIG1vxb5lIHBvbW\/Eh2kgdSB1a2xhbmphbmp1IHphxI1lcGxqZW5paCBwb3JhLCBzbWFuamVuanUgbWl0ZXNlcmEgaSBwb2JvbGrFoWFuanUgcG9qYXZlIGFrbmkuPC9wPgogICAgICAgIDwvZGl2PgogICAgICAgIDxkaXYgY2xhc3M9ImlubmVyLW5hYnJhamFuamUiPgogICAgICAgICAgICA8cCBjbGFzcz0ibmFzbG92LW5hYnJhamFuamUiPjxzcGFuIGNsYXNzPSJicm9qIj4zLjwvc3Bhbj4gU21hbmplbmplIHBpZ21lbnRuaWggZmxla2E6PC9wPgogICAgICAgICAgICA8cD5EaWphbWFudHNrYSBtaWtyb2Rlcm1vYWJyYXppamEgbW\/FvmUgcG9tb8SHaSB1IHNtYW5qZW5qdSBpemdsZWRhIHBpZ21lbnRuaWggZmxla2EsIHN1bsSNZXZpaCBmbGVrYSBpIHN0YXJhxI1raWggcGVnYS48L3A+CiAgICAgICAgPC9kaXY+CiAgICAgICAgPGRpdiBjbGFzcz0iaW5uZXItbmFicmFqYW5qZSI+CiAgICAgICAgICAgIDxwIGNsYXNzPSJuYXNsb3YtbmFicmFqYW5qZSI+PHNwYW4gY2xhc3M9ImJyb2oiPjQuPC9zcGFuPiBaYWdsYcSRaXZhbmplIHNpdG5paCBsaW5pamEgaSBib3JhOjwvcD4KICAgICAgICAgICAgPHA+VWtsYW5qYW5qZW0gbXJ0dmloIMSHZWxpamEga2\/FvmUgaSBzdGltdWxhY2lqb20gcHJvZHVrY2lqZSBrb2xhZ2VuYSwgdHJldG1hbiBtb8W+ZSBzbWFuaml0aSBpemdsZWQgc2l0bmloIGxpbmlqYSBpIGJvcmEuPC9wPgogICAgICAgIDwvZGl2PgogICAgICAgIDxkaXYgY2xhc3M9ImlubmVyLW5hYnJhamFuamUiPgogICAgICAgICAgICA8cCBjbGFzcz0ibmFzbG92LW5hYnJhamFuamUiPjxzcGFuIGNsYXNzPSJicm9qIj41Ljwvc3Bhbj4gUG92ZcSHYW5qZSBlZmlrYXNub3N0aSBwcm9penZvZGEgemEgbmVndSBrb8W+ZTo8L3A+CiAgICAgICAgICAgIDxwPk5ha29uIG1pa3JvZGVybW9hYnJhemlqZSwgcHJvaXp2b2RpIHphIG5lZ3Uga2\/FvmUgbW9ndSBiaXRpIGJvbGplIGFwc29yYm92YW5pIG9kIHN0cmFuZSBrb8W+ZSwgxaF0byBtb8W+ZSBkb3Zlc3RpIGRvIHBvYm9sasWhYW5lIGVmaWthc25vc3RpLjwvcD4KICAgICAgICA8L2Rpdj4KICAgICAgICA8ZGl2IGNsYXNzPSJpbm5lci1uYWJyYWphbmplIj4KICAgICAgICAgICAgPHAgY2xhc3M9Im5hc2xvdi1uYWJyYWphbmplIj48c3BhbiBjbGFzcz0iYnJvaiI+Ni48L3NwYW4+IFBvYm9sasWhYW5hIHRla3N0dXJhIGtvxb5lIGkgc2phajo8L3A+CiAgICAgICAgICAgIDxwPlBvbWHFvmUgdSB1a2xhbmphbmp1IGdvcm5qZWcgc2xvamEga2\/FvmUgb8WhdGXEh2VuZSBzdW5jZW0gaSBtcnR2aWggxIdlbGlqYSBrb8W+ZSwgb3Rrcml2YWp1xIdpIGdsYXRrdSBpIHNqYWpuaWp1IHB1dC48L3A+CiAgICAgICAgPC9kaXY+CiAgICA8L2Rpdj4KICAgIDxkaXYgY2xhc3M9ImtvbG9uYS1kZXNubyI+CiAgICAgICAgPGRpdiBjbGFzcz0iaW5uZXItbmFicmFqYW5qZSI+CiAgICAgICAgICAgIDxwIGNsYXNzPSJuYXNsb3YtbmFicmFqYW5qZSI+PHNwYW4gY2xhc3M9ImJyb2oiPjcuPC9zcGFuPiBTbWFuamVuIGl6Z2xlZCBzaXRuaWggbGluaWphIGkgYm9yYTo8L3A+CiAgICAgICAgICAgIDxwPlJlZG92bmkgdHJldG1hbmkgbW9ndSBzbWFuaml0aSBwb2phdnUgc2l0bmloIGxpbmlqYS48L3A+CiAgICAgICAgPC9kaXY+CiAgICAgICAgPGRpdiBjbGFzcz0iaW5uZXItbmFicmFqYW5qZSI+CiAgICAgICAgICAgIDxwIGNsYXNzPSJuYXNsb3YtbmFicmFqYW5qZSI+PHNwYW4gY2xhc3M9ImJyb2oiPjguPC9zcGFuPiBTdmV0bGlqaSB0b24ga2\/FvmU6PC9wPgogICAgICAgICAgICA8cD5Va2xhbmphbmplbSBtcnR2aWggxIdlbGlqYSBrb8W+ZSBtb8W+ZSBwb21vxIdpIGkga29kIG5ldWplZG5hxI1lbm9nIHRvbmEga2\/FvmUuPC9wPgogICAgICAgIDwvZGl2PgogICAgICAgIDxkaXYgY2xhc3M9ImlubmVyLW5hYnJhamFuamUiPgogICAgICAgICAgICA8cCBjbGFzcz0ibmFzbG92LW5hYnJhamFuamUiPjxzcGFuIGNsYXNzPSJicm9qIj45Ljwvc3Bhbj4gU21hbmplbmEgdmVsacSNaW5hIHBvcmE6PC9wPgogICAgICAgICAgICA8cD5UcmV0bWFuIG1vxb5lIHBvbW\/Eh2kgdSDEjWnFocSHZW5qdSBwb3JhLCDFoXRvIGloIMSNaW5pIG1hbmppbS48L3A+CiAgICAgICAgPC9kaXY+CiAgICAgICAgPGRpdiBjbGFzcz0iaW5uZXItbmFicmFqYW5qZSI+CiAgICAgICAgICAgIDxwIGNsYXNzPSJuYXNsb3YtbmFicmFqYW5qZSI+PHNwYW4gY2xhc3M9ImJyb2oiPjEwLjwvc3Bhbj4gUG9ib2xqxaFhbmEgZWZpa2Fzbm9zdCBuZWdlIGtvxb5lOjwvcD4KICAgICAgICAgICAgPHA+TmFrb24gdHJldG1hbmEgbWlrcm9kZXJtb2FicmF6aWpvbSwgcHJvaXp2b2RpIHphIG5lZ3Uga2\/FvmUgbW9ndSBkdWJsamUgaSBlZmlrYXNuaWplIHByb2RyZXRpLjwvcD4KICAgICAgICA8L2Rpdj4KICAgICAgICA8ZGl2IGNsYXNzPSJpbm5lci1uYWJyYWphbmplIj4KICAgICAgICAgICAgPHAgY2xhc3M9Im5hc2xvdi1uYWJyYWphbmplIj48c3BhbiBjbGFzcz0iYnJvaiI+MTEuPC9zcGFuPiBNaW5pbWFsbmkgcml6aWNpOjwvcD4KICAgICAgICAgICAgPHA+UG9zdG9qaSBuaXphayByaXppayBvZCBrb21wbGlrYWNpamEgaSBwb2dvZGFuIGplIHphIHZlxIdpbnUgdGlwb3ZhIGtvxb5lLjwvcD4KICAgICAgICA8L2Rpdj4KICAgICAgICA8ZGl2IGNsYXNzPSJ6YW9rcnV6ZW5vIj4KICAgICAgICAgICAgPHA+VmHFvm5vIGplIG5hcG9tZW51dGkgZGEgcmV6dWx0YXRpIHRyZXRtYW5hIG1vZ3UgdmFyaXJhdGkgb2Qgb3NvYmUgZG8gb3NvYmUgaSBtb8W+ZSBiaXRpIHBvdHJlYm5vIHZpxaFlIHNlc2lqYSBkYSBiaSBzZSBwb3N0aWdsaSBvcHRpbWFsbmkgcmV6dWx0YXRpLiBUYWtvxJFlLCB0cmV0bWFuIHNlIG1vxb5lIHByaWxhZ29kaXRpIHUgemF2aXNub3N0aSBvZCBpbmRpdmlkdWFsbmloIHBvdHJlYmEgaSBjaWxqZXZhIGtvxb5lLiBQcmVwb3J1xI11amUgc2UgZGEgc2UgcHJlIHNwcm92b8SRZW5qYSB0cmV0bWFuYSBkaWphbWFudHNrZSBtaWtyb2Rlcm1vYWJyYXppamUgcG9zYXZldHVqZXRlIHNhIHN0cnXEjW5qYWtvbSB6YSBrb8W+dS4gIDwvcD4KICAgICAgICA8L2Rpdj4KICAgIDwvZGl2Pgo8L2Rpdj4=[\/vc_raw_html][\/vc_column][\/vc_row][vc_row el_class=&#8220;single-block-row&#8220; woodmart_css_id=&#8220;654ba7cc42361&#8243; responsive_spacing=&#8220;eyJwYXJhbV90eXBlIjoid29vZG1hcnRfcmVzcG9uc2l2ZV9zcGFjaW5nIiwic2VsZWN0b3JfaWQiOiI2NTRiYTdjYzQyMzYxIiwic2hvcnRjb2RlIjoidmNfcm93IiwiZGF0YSI6eyJ0YWJsZXQiOnt9LCJtb2JpbGUiOnt9fX0=&#8220; mobile_bg_img_hidden=&#8220;no&#8220; tablet_bg_img_hidden=&#8220;no&#8220; woodmart_parallax=&#8220;0&#8243; woodmart_gradient_switch=&#8220;no&#8220; woodmart_box_shadow=&#8220;no&#8220; wd_z_index=&#8220;no&#8220; woodmart_disable_overflow=&#8220;0&#8243; row_reverse_mobile=&#8220;0&#8243; row_reverse_tablet=&#8220;0&#8243;][vc_column][vc_column_text woodmart_inline=&#8220;no&#8220; text_larger=&#8220;no&#8220; el_class=&#8220;tb-steps&#8220;]<\/p>\n<h4>Posle tretmana:<\/h4>\n<p><strong>Ko\u017ea mo\u017ee biti crvena ili blago ote\u010dena nakon procedure, ali to obi\u010dno nestaje u roku od jednog dana.<\/strong><\/p>\n<ol>\n<li>Nano\u0161enje kreme za sun\u010danje posle procedure je klju\u010dno jer ko\u017ea mo\u017ee biti osetljivija na sunce.<\/li>\n<li>Izbegavanje direktnog izlaganja suncu i kori\u0161c\u0301enje dobre hidratantne kreme mo\u017ee pomoc\u0301i u odr\u017eavanju rezultata.<\/li>\n<li>Broj potrebnih sesija c\u0301e varirati u zavisnosti od potreba ko\u017ee pojedinca i \u017eeljenih rezultata.<\/li>\n<li>Nema zastoja, tako da mnogi ljudi preferiraju ovaj tretman pre nekog posebnog doga\u0111aja kako bi svojoj ko\u017ei dali osve\u017een izgled.<\/li>\n<\/ol>\n<p>[\/vc_column_text][\/vc_column][\/vc_row][vc_row full_width=&#8220;stretch_row&#8220; el_class=&#8220;testimonials-red&#8220; css=&#8220;.vc_custom_1699371591429{background-image: url(https:\/\/www.kosmetiksalon-lushezy.at\/wp-content\/uploads\/2023\/11\/Adrianna-Lushezy-Blue-Background.jpg?id=69) !important;background-position: center !important;background-repeat: no-repeat !important;background-size: cover !important;}&#8220; woodmart_css_id=&#8220;654a5a258b98f&#8220; responsive_spacing=&#8220;eyJwYXJhbV90eXBlIjoid29vZG1hcnRfcmVzcG9uc2l2ZV9zcGFjaW5nIiwic2VsZWN0b3JfaWQiOiI2NTRhNWEyNThiOThmIiwic2hvcnRjb2RlIjoidmNfcm93IiwiZGF0YSI6eyJ0YWJsZXQiOnt9LCJtb2JpbGUiOnt9fX0=&#8220; mobile_bg_img_hidden=&#8220;no&#8220; tablet_bg_img_hidden=&#8220;no&#8220; woodmart_parallax=&#8220;0&#8243; woodmart_gradient_switch=&#8220;no&#8220; woodmart_box_shadow=&#8220;no&#8220; wd_z_index=&#8220;no&#8220; woodmart_disable_overflow=&#8220;0&#8243; row_reverse_mobile=&#8220;0&#8243; row_reverse_tablet=&#8220;0&#8243;][vc_column width=&#8220;1\/2&#8243;][vc_column_text woodmart_inline=&#8220;no&#8220; text_larger=&#8220;no&#8220; el_class=&#8220;testimonials-tb&#8220;]<\/p>\n<h4 class=\"veci\">Srec\u0301ni klijenti i <span class=\"flexed-testimonials\">Sjajni rezultati<\/span><\/h4>\n<p>Pridru\u017eite nam se na putovanju kroz svedo\u010danstva ispunjena rado\u0161c\u0301u na\u0161ih zadovoljnih klijenata, otkrivajuc\u0301i istinsku srec\u0301u i blistave rezultate koji ilustruju na\u0161u posvec\u0301enost pru\u017eanju izuzetnih lepotnih iskustava.[\/vc_column_text][\/vc_column][vc_column width=&#8220;1\/2&#8243;][vc_raw_html]W3RydXN0aW5kZXggbm8tcmVnaXN0cmF0aW9uPSJnb29nbGUiXQ==[\/vc_raw_html][\/vc_column][\/vc_row]<\/p>\n<\/div>","protected":false},"excerpt":{"rendered":"<p>Dijamantska mikrodermoabrazija (\u010desto se jednostavno naziva &#8222;mikrodermoabrazija&#8220;) je neinvazivni tretman nege ko\u017ee koji koristi sitne dijamantske vrhove za piling povr\u0161inskog sloja ko\u017ee, uklanjaju\u0107i mrtve \u0107elije ko\u017ee. Cilj tretmana je osve\u017eiti i podmladiti ko\u017eu promovisanjem rasta novih, zdravih \u0107elija ko\u017ee. Dijamantska mikrodermoabrazija je postupak u kojem se koriste sitne dijamantske \u010destice da bi se uklonio najspoljniji sloj ko\u017ee. Ovo se posti\u017ee kontrolisanim trljanjem \u010destica ko\u017ee kako bi se uklonile mrtve \u0107elije i podstakao rast novih \u0107elija ko\u017ee. <\/p>\n[bookly-form category_id=\"1\" service_id=\"3\" hide=\"staff_members,week_days,time_range\"]\n","protected":false},"featured_media":1039,"template":"","meta":[],"product_cat":[140],"product_tag":[],"class_list":{"0":"post-1451","1":"product","2":"type-product","3":"status-publish","4":"has-post-thumbnail","6":"product_cat-kozmeticki-tretmani-za-lice","8":"first","9":"instock","10":"shipping-taxable","11":"purchasable","12":"product-type-simple"},"yoast_head":"<!-- This site is optimized with the Yoast SEO plugin v23.3 - https:\/\/yoast.com\/wordpress\/plugins\/seo\/ -->\n<title>Dijamantska mikrodermoabrazija | Adrianna Lushezy<\/title>\n<meta name=\"description\" content=\"Dijamantska mikrodermoabrazija (\u010desto se jednostavno naziva &quot;mikrodermoabrazija&quot;) je neinvazivni tretman nege ko\u017ee koji koristi sitne dijamantske vrhove za...\" \/>\n<meta name=\"robots\" content=\"index, follow, max-snippet:-1, max-image-preview:large, max-video-preview:-1\" \/>\n<link rel=\"canonical\" href=\"https:\/\/www.kosmetiksalon-lushezy.at\/sr\/\u043f\u0440\u043e\u0438\u0437\u0432\u043e\u0434\/dijamantska-mikrodermoabrazija\/\" \/>\n<meta property=\"og:locale\" content=\"sr_RS\" \/>\n<meta property=\"og:type\" content=\"article\" \/>\n<meta property=\"og:title\" content=\"Dijamantska mikrodermoabrazija | Adrianna Lushezy\" \/>\n<meta property=\"og:description\" content=\"Dijamantska mikrodermoabrazija (\u010desto se jednostavno naziva &quot;mikrodermoabrazija&quot;) je neinvazivni tretman nege ko\u017ee koji koristi sitne dijamantske vrhove za...\" \/>\n<meta property=\"og:url\" content=\"https:\/\/www.kosmetiksalon-lushezy.at\/sr\/\u043f\u0440\u043e\u0438\u0437\u0432\u043e\u0434\/dijamantska-mikrodermoabrazija\/\" \/>\n<meta property=\"og:site_name\" content=\"Adrianna Lushezy\" \/>\n<meta property=\"article:publisher\" content=\"https:\/\/www.facebook.com\/pmu.adrianna.lushezy\/\" \/>\n<meta property=\"article:modified_time\" content=\"2024-10-24T14:23:16+00:00\" \/>\n<meta property=\"og:image\" content=\"https:\/\/www.kosmetiksalon-lushezy.at\/wp-content\/uploads\/2023\/11\/Adrianna-Lushezy-Cosmetic-Facial-Treatments-Diamond-Microdermoabrasion-01.jpg\" \/>\n\t<meta property=\"og:image:width\" content=\"940\" \/>\n\t<meta property=\"og:image:height\" content=\"788\" \/>\n\t<meta property=\"og:image:type\" content=\"image\/jpeg\" \/>\n<meta name=\"twitter:card\" content=\"summary_large_image\" \/>\n<meta name=\"twitter:label1\" content=\"\u041f\u0440\u043e\u0446\u0435\u045a\u0435\u043d\u043e \u0432\u0440\u0435\u043c\u0435 \u0447\u0438\u0442\u0430\u045a\u0430\" \/>\n\t<meta name=\"twitter:data1\" content=\"5 \u043c\u0438\u043d\u0443\u0442\u0430\" \/>\n<script type=\"application\/ld+json\" class=\"yoast-schema-graph\">{\"@context\":\"https:\/\/schema.org\",\"@graph\":[{\"@type\":\"WebPage\",\"@id\":\"https:\/\/www.kosmetiksalon-lushezy.at\/sr\/\u043f\u0440\u043e\u0438\u0437\u0432\u043e\u0434\/dijamantska-mikrodermoabrazija\/\",\"url\":\"https:\/\/www.kosmetiksalon-lushezy.at\/sr\/\u043f\u0440\u043e\u0438\u0437\u0432\u043e\u0434\/dijamantska-mikrodermoabrazija\/\",\"name\":\"Dijamantska mikrodermoabrazija | Adrianna Lushezy\",\"isPartOf\":{\"@id\":\"https:\/\/www.kosmetiksalon-lushezy.at\/#website\"},\"primaryImageOfPage\":{\"@id\":\"https:\/\/www.kosmetiksalon-lushezy.at\/sr\/\u043f\u0440\u043e\u0438\u0437\u0432\u043e\u0434\/dijamantska-mikrodermoabrazija\/#primaryimage\"},\"image\":{\"@id\":\"https:\/\/www.kosmetiksalon-lushezy.at\/sr\/\u043f\u0440\u043e\u0438\u0437\u0432\u043e\u0434\/dijamantska-mikrodermoabrazija\/#primaryimage\"},\"thumbnailUrl\":\"https:\/\/www.kosmetiksalon-lushezy.at\/wp-content\/uploads\/2023\/11\/Adrianna-Lushezy-Cosmetic-Facial-Treatments-Diamond-Microdermoabrasion-01.jpg\",\"datePublished\":\"2023-11-06T12:35:52+00:00\",\"dateModified\":\"2024-10-24T14:23:16+00:00\",\"description\":\"Dijamantska mikrodermoabrazija (\u010desto se jednostavno naziva \\\"mikrodermoabrazija\\\") je neinvazivni tretman nege ko\u017ee koji koristi sitne dijamantske vrhove za...\",\"breadcrumb\":{\"@id\":\"https:\/\/www.kosmetiksalon-lushezy.at\/sr\/\u043f\u0440\u043e\u0438\u0437\u0432\u043e\u0434\/dijamantska-mikrodermoabrazija\/#breadcrumb\"},\"inLanguage\":\"sr-RS\",\"potentialAction\":[{\"@type\":\"ReadAction\",\"target\":[\"https:\/\/www.kosmetiksalon-lushezy.at\/sr\/\u043f\u0440\u043e\u0438\u0437\u0432\u043e\u0434\/dijamantska-mikrodermoabrazija\/\"]}]},{\"@type\":\"ImageObject\",\"inLanguage\":\"sr-RS\",\"@id\":\"https:\/\/www.kosmetiksalon-lushezy.at\/sr\/\u043f\u0440\u043e\u0438\u0437\u0432\u043e\u0434\/dijamantska-mikrodermoabrazija\/#primaryimage\",\"url\":\"https:\/\/www.kosmetiksalon-lushezy.at\/wp-content\/uploads\/2023\/11\/Adrianna-Lushezy-Cosmetic-Facial-Treatments-Diamond-Microdermoabrasion-01.jpg\",\"contentUrl\":\"https:\/\/www.kosmetiksalon-lushezy.at\/wp-content\/uploads\/2023\/11\/Adrianna-Lushezy-Cosmetic-Facial-Treatments-Diamond-Microdermoabrasion-01.jpg\",\"width\":940,\"height\":788},{\"@type\":\"BreadcrumbList\",\"@id\":\"https:\/\/www.kosmetiksalon-lushezy.at\/sr\/\u043f\u0440\u043e\u0438\u0437\u0432\u043e\u0434\/dijamantska-mikrodermoabrazija\/#breadcrumb\",\"itemListElement\":[{\"@type\":\"ListItem\",\"position\":1,\"name\":\"Home\",\"item\":\"https:\/\/www.kosmetiksalon-lushezy.at\/sr\/\"},{\"@type\":\"ListItem\",\"position\":2,\"name\":\"Shop\",\"item\":\"https:\/\/www.kosmetiksalon-lushezy.at\/sr\/shop\/\"},{\"@type\":\"ListItem\",\"position\":3,\"name\":\"Dijamantska mikrodermoabrazija\"}]},{\"@type\":\"WebSite\",\"@id\":\"https:\/\/www.kosmetiksalon-lushezy.at\/#website\",\"url\":\"https:\/\/www.kosmetiksalon-lushezy.at\/\",\"name\":\"Adrianna Lushezy\",\"description\":\"Cosmetic, Permanent Make-up and Academy\",\"publisher\":{\"@id\":\"https:\/\/www.kosmetiksalon-lushezy.at\/#organization\"},\"potentialAction\":[{\"@type\":\"SearchAction\",\"target\":{\"@type\":\"EntryPoint\",\"urlTemplate\":\"https:\/\/www.kosmetiksalon-lushezy.at\/?s={search_term_string}\"},\"query-input\":\"required name=search_term_string\"}],\"inLanguage\":\"sr-RS\"},{\"@type\":\"Organization\",\"@id\":\"https:\/\/www.kosmetiksalon-lushezy.at\/#organization\",\"name\":\"Adrianna Lushezy\",\"url\":\"https:\/\/www.kosmetiksalon-lushezy.at\/\",\"logo\":{\"@type\":\"ImageObject\",\"inLanguage\":\"sr-RS\",\"@id\":\"https:\/\/www.kosmetiksalon-lushezy.at\/#\/schema\/logo\/image\/\",\"url\":\"https:\/\/www.kosmetiksalon-lushezy.at\/wp-content\/uploads\/2023\/11\/Adrianna-Lushezy-Favicon.png\",\"contentUrl\":\"https:\/\/www.kosmetiksalon-lushezy.at\/wp-content\/uploads\/2023\/11\/Adrianna-Lushezy-Favicon.png\",\"width\":64,\"height\":60,\"caption\":\"Adrianna Lushezy\"},\"image\":{\"@id\":\"https:\/\/www.kosmetiksalon-lushezy.at\/#\/schema\/logo\/image\/\"},\"sameAs\":[\"https:\/\/www.facebook.com\/pmu.adrianna.lushezy\/\",\"https:\/\/www.instagram.com\/adrianna_lushezy\/\"]}]}<\/script>\n<!-- \/ Yoast SEO plugin. -->","yoast_head_json":{"title":"Dijamantska mikrodermoabrazija | Adrianna Lushezy","description":"Dijamantska mikrodermoabrazija (\u010desto se jednostavno naziva \"mikrodermoabrazija\") je neinvazivni tretman nege ko\u017ee koji koristi sitne dijamantske vrhove za...","robots":{"index":"index","follow":"follow","max-snippet":"max-snippet:-1","max-image-preview":"max-image-preview:large","max-video-preview":"max-video-preview:-1"},"canonical":"https:\/\/www.kosmetiksalon-lushezy.at\/sr\/\u043f\u0440\u043e\u0438\u0437\u0432\u043e\u0434\/dijamantska-mikrodermoabrazija\/","og_locale":"sr_RS","og_type":"article","og_title":"Dijamantska mikrodermoabrazija | Adrianna Lushezy","og_description":"Dijamantska mikrodermoabrazija (\u010desto se jednostavno naziva \"mikrodermoabrazija\") je neinvazivni tretman nege ko\u017ee koji koristi sitne dijamantske vrhove za...","og_url":"https:\/\/www.kosmetiksalon-lushezy.at\/sr\/\u043f\u0440\u043e\u0438\u0437\u0432\u043e\u0434\/dijamantska-mikrodermoabrazija\/","og_site_name":"Adrianna Lushezy","article_publisher":"https:\/\/www.facebook.com\/pmu.adrianna.lushezy\/","article_modified_time":"2024-10-24T14:23:16+00:00","og_image":[{"width":940,"height":788,"url":"https:\/\/www.kosmetiksalon-lushezy.at\/wp-content\/uploads\/2023\/11\/Adrianna-Lushezy-Cosmetic-Facial-Treatments-Diamond-Microdermoabrasion-01.jpg","type":"image\/jpeg"}],"twitter_card":"summary_large_image","twitter_misc":{"\u041f\u0440\u043e\u0446\u0435\u045a\u0435\u043d\u043e \u0432\u0440\u0435\u043c\u0435 \u0447\u0438\u0442\u0430\u045a\u0430":"5 \u043c\u0438\u043d\u0443\u0442\u0430"},"schema":{"@context":"https:\/\/schema.org","@graph":[{"@type":"WebPage","@id":"https:\/\/www.kosmetiksalon-lushezy.at\/sr\/\u043f\u0440\u043e\u0438\u0437\u0432\u043e\u0434\/dijamantska-mikrodermoabrazija\/","url":"https:\/\/www.kosmetiksalon-lushezy.at\/sr\/\u043f\u0440\u043e\u0438\u0437\u0432\u043e\u0434\/dijamantska-mikrodermoabrazija\/","name":"Dijamantska mikrodermoabrazija | Adrianna Lushezy","isPartOf":{"@id":"https:\/\/www.kosmetiksalon-lushezy.at\/#website"},"primaryImageOfPage":{"@id":"https:\/\/www.kosmetiksalon-lushezy.at\/sr\/\u043f\u0440\u043e\u0438\u0437\u0432\u043e\u0434\/dijamantska-mikrodermoabrazija\/#primaryimage"},"image":{"@id":"https:\/\/www.kosmetiksalon-lushezy.at\/sr\/\u043f\u0440\u043e\u0438\u0437\u0432\u043e\u0434\/dijamantska-mikrodermoabrazija\/#primaryimage"},"thumbnailUrl":"https:\/\/www.kosmetiksalon-lushezy.at\/wp-content\/uploads\/2023\/11\/Adrianna-Lushezy-Cosmetic-Facial-Treatments-Diamond-Microdermoabrasion-01.jpg","datePublished":"2023-11-06T12:35:52+00:00","dateModified":"2024-10-24T14:23:16+00:00","description":"Dijamantska mikrodermoabrazija (\u010desto se jednostavno naziva \"mikrodermoabrazija\") je neinvazivni tretman nege ko\u017ee koji koristi sitne dijamantske vrhove za...","breadcrumb":{"@id":"https:\/\/www.kosmetiksalon-lushezy.at\/sr\/\u043f\u0440\u043e\u0438\u0437\u0432\u043e\u0434\/dijamantska-mikrodermoabrazija\/#breadcrumb"},"inLanguage":"sr-RS","potentialAction":[{"@type":"ReadAction","target":["https:\/\/www.kosmetiksalon-lushezy.at\/sr\/\u043f\u0440\u043e\u0438\u0437\u0432\u043e\u0434\/dijamantska-mikrodermoabrazija\/"]}]},{"@type":"ImageObject","inLanguage":"sr-RS","@id":"https:\/\/www.kosmetiksalon-lushezy.at\/sr\/\u043f\u0440\u043e\u0438\u0437\u0432\u043e\u0434\/dijamantska-mikrodermoabrazija\/#primaryimage","url":"https:\/\/www.kosmetiksalon-lushezy.at\/wp-content\/uploads\/2023\/11\/Adrianna-Lushezy-Cosmetic-Facial-Treatments-Diamond-Microdermoabrasion-01.jpg","contentUrl":"https:\/\/www.kosmetiksalon-lushezy.at\/wp-content\/uploads\/2023\/11\/Adrianna-Lushezy-Cosmetic-Facial-Treatments-Diamond-Microdermoabrasion-01.jpg","width":940,"height":788},{"@type":"BreadcrumbList","@id":"https:\/\/www.kosmetiksalon-lushezy.at\/sr\/\u043f\u0440\u043e\u0438\u0437\u0432\u043e\u0434\/dijamantska-mikrodermoabrazija\/#breadcrumb","itemListElement":[{"@type":"ListItem","position":1,"name":"Home","item":"https:\/\/www.kosmetiksalon-lushezy.at\/sr\/"},{"@type":"ListItem","position":2,"name":"Shop","item":"https:\/\/www.kosmetiksalon-lushezy.at\/sr\/shop\/"},{"@type":"ListItem","position":3,"name":"Dijamantska mikrodermoabrazija"}]},{"@type":"WebSite","@id":"https:\/\/www.kosmetiksalon-lushezy.at\/#website","url":"https:\/\/www.kosmetiksalon-lushezy.at\/","name":"Adrianna Lushezy","description":"Cosmetic, Permanent Make-up and Academy","publisher":{"@id":"https:\/\/www.kosmetiksalon-lushezy.at\/#organization"},"potentialAction":[{"@type":"SearchAction","target":{"@type":"EntryPoint","urlTemplate":"https:\/\/www.kosmetiksalon-lushezy.at\/?s={search_term_string}"},"query-input":"required name=search_term_string"}],"inLanguage":"sr-RS"},{"@type":"Organization","@id":"https:\/\/www.kosmetiksalon-lushezy.at\/#organization","name":"Adrianna Lushezy","url":"https:\/\/www.kosmetiksalon-lushezy.at\/","logo":{"@type":"ImageObject","inLanguage":"sr-RS","@id":"https:\/\/www.kosmetiksalon-lushezy.at\/#\/schema\/logo\/image\/","url":"https:\/\/www.kosmetiksalon-lushezy.at\/wp-content\/uploads\/2023\/11\/Adrianna-Lushezy-Favicon.png","contentUrl":"https:\/\/www.kosmetiksalon-lushezy.at\/wp-content\/uploads\/2023\/11\/Adrianna-Lushezy-Favicon.png","width":64,"height":60,"caption":"Adrianna Lushezy"},"image":{"@id":"https:\/\/www.kosmetiksalon-lushezy.at\/#\/schema\/logo\/image\/"},"sameAs":["https:\/\/www.facebook.com\/pmu.adrianna.lushezy\/","https:\/\/www.instagram.com\/adrianna_lushezy\/"]}]}},"_links":{"self":[{"href":"https:\/\/www.kosmetiksalon-lushezy.at\/sr\/wp-json\/wp\/v2\/product\/1451","targetHints":{"allow":["GET"]}}],"collection":[{"href":"https:\/\/www.kosmetiksalon-lushezy.at\/sr\/wp-json\/wp\/v2\/product"}],"about":[{"href":"https:\/\/www.kosmetiksalon-lushezy.at\/sr\/wp-json\/wp\/v2\/types\/product"}],"wp:featuredmedia":[{"embeddable":true,"href":"https:\/\/www.kosmetiksalon-lushezy.at\/sr\/wp-json\/wp\/v2\/media\/1039"}],"wp:attachment":[{"href":"https:\/\/www.kosmetiksalon-lushezy.at\/sr\/wp-json\/wp\/v2\/media?parent=1451"}],"wp:term":[{"taxonomy":"product_cat","embeddable":true,"href":"https:\/\/www.kosmetiksalon-lushezy.at\/sr\/wp-json\/wp\/v2\/product_cat?post=1451"},{"taxonomy":"product_tag","embeddable":true,"href":"https:\/\/www.kosmetiksalon-lushezy.at\/sr\/wp-json\/wp\/v2\/product_tag?post=1451"}],"curies":[{"name":"wp","href":"https:\/\/api.w.org\/{rel}","templated":true}]}}