{"id":1450,"date":"2023-11-06T13:38:29","date_gmt":"2023-11-06T12:38:29","guid":{"rendered":"https:\/\/www.kosmetiksalon-lushezy.at\/product\/geneo-tretman-lica\/"},"modified":"2024-10-24T16:09:13","modified_gmt":"2024-10-24T14:09:13","slug":"geneo-tretman-lica","status":"publish","type":"product","link":"https:\/\/www.kosmetiksalon-lushezy.at\/sr\/\u043f\u0440\u043e\u0438\u0437\u0432\u043e\u0434\/geneo-tretman-lica\/","title":{"rendered":"Geneo Tretman Lica"},"content":{"rendered":"<div class=\"wpb-content-wrapper\"><p>[vc_row full_width=&#8220;stretch_row&#8220; css=&#8220;.vc_custom_1699454323630{background-image: url(https:\/\/www.kosmetiksalon-lushezy.at\/wp-content\/uploads\/2023\/11\/Adrianna-Lushezy-Blue-Background.jpg?id=69) !important;background-position: center !important;background-repeat: no-repeat !important;background-size: cover !important;}&#8220; woodmart_css_id=&#8220;654b9d6ad4292&#8243; responsive_spacing=&#8220;eyJwYXJhbV90eXBlIjoid29vZG1hcnRfcmVzcG9uc2l2ZV9zcGFjaW5nIiwic2VsZWN0b3JfaWQiOiI2NTRiOWQ2YWQ0MjkyIiwic2hvcnRjb2RlIjoidmNfcm93IiwiZGF0YSI6eyJ0YWJsZXQiOnt9LCJtb2JpbGUiOnt9fX0=&#8220; mobile_bg_img_hidden=&#8220;no&#8220; tablet_bg_img_hidden=&#8220;no&#8220; woodmart_parallax=&#8220;0&#8243; woodmart_gradient_switch=&#8220;no&#8220; woodmart_box_shadow=&#8220;no&#8220; wd_z_index=&#8220;no&#8220; woodmart_disable_overflow=&#8220;0&#8243; row_reverse_mobile=&#8220;0&#8243; row_reverse_tablet=&#8220;0&#8243; el_class=&#8220;product-blue-row&#8220;][vc_column][vc_column_text woodmart_inline=&#8220;no&#8220; text_larger=&#8220;no&#8220; el_class=&#8220;inner-tb&#8220;]<\/p>\n<p class=\"iznad-naslova\" style=\"text-align: center;\">Pro\u010ditaj vi\u0161e<\/p>\n<h2 style=\"text-align: center;\">GENEO TRETMAN LICA IZ BUDU\u0106NOSTI<\/h2>\n<p style=\"text-align: center;\">Geneo tretman kombinuje tri glavne funkcije u jednoj primeni:<\/p>\n<p>[\/vc_column_text][vc_raw_html]PGRpdiBjbGFzcz0ib21vdGFjLW5hYnJhamFuamEtcHJvZHVjdCI+CiAgICA8ZGl2IGNsYXNzPSJrb2xvbmEtbGV2byI+CiAgICAgICAgPGRpdiBjbGFzcz0iaW5uZXItbmFicmFqYW5qZSI+CiAgICAgICAgICAgIDxwIGNsYXNzPSJuYXNsb3YtbmFicmFqYW5qZSI+PHNwYW4gY2xhc3M9ImJyb2oiPjEuPC9zcGFuPiBFa3Nmb2xpamFjaWphOjwvcD4KICAgICAgICAgICAgPHA+UG9tb8SHdSBzcGVjaWphbG5vZyBuYXN0YXZrYSBnb3Juamkgc2xvaiBrb8W+ZSBzZSBuZcW+bm8gZWtzZm9saXJhIGtha28gYmkgc2UgdWtsb25pbGUgbXJ0dmUgxIdlbGlqZSBrb8W+ZSBpIHByaXByZW1pbGEga2\/FvmEgemEgbmFyZWRuZSBrb3Jha2UgdHJldG1hbmEuPC9wPgogICAgICAgIDwvZGl2PgogICAgICAgIDxkaXYgY2xhc3M9ImlubmVyLW5hYnJhamFuamUiPgogICAgICAgICAgICA8cCBjbGFzcz0ibmFzbG92LW5hYnJhamFuamUiPjxzcGFuIGNsYXNzPSJicm9qIj4yLjwvc3Bhbj4gRHViaW5za28gxI1pxaHEh2VuamU6PC9wPgogICAgICAgICAgICA8cD5Ub2tvbSB0cmV0bWFuYSBuYSBrb8W+dSBzZSBuYW5vc2kgamVkaW5zdHZlbmEgZm9ybXVsYSBzYSBha3Rpdm5pbSBzYXN0b2pjaW1hLiBJc3RvdnJlbWVubywgbmFzdGF2YWsgcHJvaXp2b2RpIG1laHVyacSHZSB1Z2xqZW4gZGlva3NpZGEga29qaSBlbXVsZ3VqdSBnZWwgdSBwb3JhbWEgaSB1a2xhbmphanUgbXJ0dmUgxIdlbGlqZSBrb8W+ZSwgc2VidW0gaSBuZcSNaXN0b8SHZS4gT3ZhaiBwcm9jZXMgbGnEjWkgbmEgbmXFvm5pIHZha3V1bSBrb2ppIMSNaXN0aSBpIG9zdmXFvmF2YSBrb8W+dS4gIDwvcD4KICAgICAgICA8L2Rpdj4KICAgICAgICA8ZGl2IGNsYXNzPSJpbm5lci1uYWJyYWphbmplIj4KICAgICAgICAgICAgPHAgY2xhc3M9Im5hc2xvdi1uYWJyYWphbmplIj48c3BhbiBjbGFzcz0iYnJvaiI+My48L3NwYW4+IE9ib2dhxIdpdmFuamUga2lzZW9uaWtvbTo8L3A+CiAgICAgICAgICAgIDxwPlBvc2VibmEgbWFza2EgdSBrYXBzdWxpIHNlIG5hbm9zaSBuYSBrb8W+dSBrYWtvIGJpIHNlIHBvdmXEh2FvIG5pdm8ga2lzZW9uaWthIHUgxIdlbGlqYW1hLiBLYW8gcmV6dWx0YXQsIGtvxb5hIHNlIHNuYWJkZXZhIGhyYW5saml2aW0gbWF0ZXJpamFtYSBpIHJldml0YWxpenVqZSwgZG9rIHNlIGlzdG92cmVtZW5vIHN0aW11bGnFoWUgcHJvZHVrY2lqYSBrb2xhZ2VuYSBpIGVsYXN0aW5hLiA8L3A+CiAgICAgICAgPC9kaXY+CiAgICA8L2Rpdj4KICAgIDxkaXYgY2xhc3M9ImtvbG9uYS1kZXNubyI+CiAgICAgICAgPGRpdiBjbGFzcz0iaW5uZXItbmFicmFqYW5qZSI+CiAgICAgICAgICAgIDxwPkdlbmVvIHRyZXRtYW4gaW1hIG5la29saWtvIHByZWRub3N0aSwgdWtsanXEjXVqdcSHaSBwb2JvbGrFoWFudSB0ZWtzdHVydSBrb8W+ZSwgcG92ZcSHYW4gc2phaiwgc21hbmplbmplIHNpdG5paCBsaW5pamEgaSBib3JhLCBrYW8gaSDEjXZyxaHEh3Uga2\/FvnUuIFRyZXRtYW4gamUgcG9nb2RhbiB6YSBzdmUgdGlwb3ZlIGtvxb5lIGkgbW\/FvmUgc2Uga29yaXN0aXRpIHphIHJhemxpxI1pdGUgcHJvYmxlbWUgc2Ega2\/Fvm9tIHBvcHV0IHBpZ21lbnRhY2lqZSwgYWtuaSwgcHJvxaFpcmVuaWggcG9yYSBpIHpuYWtvdmEgc3RhcmVuamEuIDwvcD4KICAgICAgICA8L2Rpdj4KICAgICAgICA8ZGl2IGNsYXNzPSJpbm5lci1uYWJyYWphbmplIj4KICAgICAgICAgICAgPHA+VHJhamFuamUgR2VuZW8gdHJldG1hbmEgbGljYSB6YXZpc2kgb2QgcmF6bGnEjWl0aWggZmFrdG9yYSwgdWtsanXEjXVqdcSHaSDFvmVsamVuaSBvYmltIHRyZXRtYW5hIGthbyBpIGluZGl2aWR1YWxuZSBwb3RyZWJlIGkgY2lsamV2ZSBrbGlqZW50YS48L3A+CiAgICAgICAgPC9kaXY+CiAgICAgICAgICAgIDxkaXYgY2xhc3M9ImlubmVyLW5hYnJhamFuamUiPgogICAgICAgICAgICA8cD5Vb2JpxI1hamVubywgR2VuZW8gdHJldG1hbiB0cmFqZSBva28gPHN0cm9uZz42MCBkbyA5MCBtaW51dGE8L3N0cm9uZz4uIFRvIG9iacSNbm8gdWtsanXEjXVqZSBwcm9jZXMgcHJpcHJlbWUsIHZyZW1lIHRyYWphbmphIHRyZXRtYW5hIGkgemF2csWhbmUga29yYWtlIG5lZ2UuIDwvcD4KICAgICAgICA8L2Rpdj4KICAgICAgICAgICA8ZGl2IGNsYXNzPSJ6YW9rcnV6ZW5vIj4KICAgICAgICAgICA8cD5VIG5la2ltIHNsdcSNYWpldmltYSB0cmV0bWFuIG1vxb5lIHRyYWphdGkga3JhxIdlIGlsaSBkdcW+ZSwgdSB6YXZpc25vc3RpIG9kIGRvZGF0bmloIGtvcmFrYSBpbGkgdHJldG1hbmEga29qaSBzZSBpbnRlZ3JpxaF1IHUgcHJvY2VkdXJ1LiBOYSBwcmltZXIsIGRvZGF0bmEgbWFza2EgaWxpIHNwZWNpZmnEjW5hIHByaW1lbmEgc2VydW1hIG1vxb5lIGJpdGkgZGVvIHRyZXRtYW5hLCDFoXRvIG1vxb5lIHJlenVsdGlyYXRpIGR1xb5pbSB0cmFqYW5qZW0uIDwvcD4KPGJyPgogICAgICAgICAgIDxwPlByZXBvcnXEjXVqZSBzZSBkYSBzZSBwcmUgdHJldG1hbmEgb2JhdmkgaW5kaXZpZHVhbG5hIGtvbnN1bHRhY2lqYSBzYSBrdmFsaWZpa292YW5pbSBHZW5lbyBzcGVjaWphbGlzdG9tIGtha28gYmkgc2Ugb2RyZWRpbyBpZGVhbGFuIHBsYW4gdHJldG1hbmEgaSBkb2JpbGEgdGHEjW5hIHByb2NlbmEgdnJlbWVuYS48L3A+CiAgICAgICAgICAgPC9kaXY+CiAgICA8L2Rpdj4KPC9kaXY+[\/vc_raw_html][\/vc_column][\/vc_row][vc_row el_class=&#8220;single-block-row&#8220; woodmart_css_id=&#8220;654ba7cc42361&#8243; responsive_spacing=&#8220;eyJwYXJhbV90eXBlIjoid29vZG1hcnRfcmVzcG9uc2l2ZV9zcGFjaW5nIiwic2VsZWN0b3JfaWQiOiI2NTRiYTdjYzQyMzYxIiwic2hvcnRjb2RlIjoidmNfcm93IiwiZGF0YSI6eyJ0YWJsZXQiOnt9LCJtb2JpbGUiOnt9fX0=&#8220; mobile_bg_img_hidden=&#8220;no&#8220; tablet_bg_img_hidden=&#8220;no&#8220; woodmart_parallax=&#8220;0&#8243; woodmart_gradient_switch=&#8220;no&#8220; woodmart_box_shadow=&#8220;no&#8220; wd_z_index=&#8220;no&#8220; woodmart_disable_overflow=&#8220;0&#8243; row_reverse_mobile=&#8220;0&#8243; row_reverse_tablet=&#8220;0&#8243;][vc_column][vc_single_image image=&#8220;296&#8243; img_size=&#8220;full&#8220; alignment=&#8220;center&#8220; parallax_scroll=&#8220;no&#8220; woodmart_inline=&#8220;no&#8220;][\/vc_column][\/vc_row][vc_row full_width=&#8220;stretch_row&#8220; el_class=&#8220;testimonials-red&#8220; css=&#8220;.vc_custom_1699371591429{background-image: url(https:\/\/www.kosmetiksalon-lushezy.at\/wp-content\/uploads\/2023\/11\/Adrianna-Lushezy-Blue-Background.jpg?id=69) !important;background-position: center !important;background-repeat: no-repeat !important;background-size: cover !important;}&#8220; woodmart_css_id=&#8220;654a5a258b98f&#8220; responsive_spacing=&#8220;eyJwYXJhbV90eXBlIjoid29vZG1hcnRfcmVzcG9uc2l2ZV9zcGFjaW5nIiwic2VsZWN0b3JfaWQiOiI2NTRhNWEyNThiOThmIiwic2hvcnRjb2RlIjoidmNfcm93IiwiZGF0YSI6eyJ0YWJsZXQiOnt9LCJtb2JpbGUiOnt9fX0=&#8220; mobile_bg_img_hidden=&#8220;no&#8220; tablet_bg_img_hidden=&#8220;no&#8220; woodmart_parallax=&#8220;0&#8243; woodmart_gradient_switch=&#8220;no&#8220; woodmart_box_shadow=&#8220;no&#8220; wd_z_index=&#8220;no&#8220; woodmart_disable_overflow=&#8220;0&#8243; row_reverse_mobile=&#8220;0&#8243; row_reverse_tablet=&#8220;0&#8243;][vc_column width=&#8220;1\/2&#8243;][vc_column_text woodmart_inline=&#8220;no&#8220; text_larger=&#8220;no&#8220; el_class=&#8220;testimonials-tb&#8220;]<\/p>\n<h4 class=\"veci\">Srec\u0301ni klijenti i <span class=\"flexed-testimonials\">Sjajni rezultati<\/span><\/h4>\n<p> Pridru\u017eite nam se na putovanju kroz svedo\u010danstva ispunjena rado\u0161c\u0301u na\u0161ih zadovoljnih klijenata, otkrivajuc\u0301i istinsku srec\u0301u i blistave rezultate koji ilustruju na\u0161u posvec\u0301enost pru\u017eanju izuzetnih lepotnih iskustava.[\/vc_column_text][\/vc_column][vc_column width=&#8220;1\/2&#8243;][vc_raw_html]W3RydXN0aW5kZXggbm8tcmVnaXN0cmF0aW9uPSJnb29nbGUiXQ==[\/vc_raw_html][\/vc_column][\/vc_row]<\/p>\n<\/div>","protected":false},"excerpt":{"rendered":"<p><strong>Rezultat blistave koze odmah nakon tretmana.<\/strong> Geneo tretman je bez parabina. I pogodanje za svaki tip koze. Geneo je tretman lica koji ima za cilj podmla\u0111ivanje, revitalizaciju otklanjanje mrtvih celija sa gornjeg sloja koze , hranjenje koze aktivnim prirodnim supstanaca i zatezanje ko\u017ee.  [bookly-form category_id=\"1\" service_id=\"5\" hide=\"staff_members,week_days,time_range\"]<\/p>\n","protected":false},"featured_media":1041,"template":"","meta":[],"product_cat":[140],"product_tag":[],"class_list":{"0":"post-1450","1":"product","2":"type-product","3":"status-publish","4":"has-post-thumbnail","6":"product_cat-kozmeticki-tretmani-za-lice","8":"first","9":"instock","10":"shipping-taxable","11":"purchasable","12":"product-type-simple"},"yoast_head":"<!-- This site is optimized with the Yoast SEO plugin v23.3 - https:\/\/yoast.com\/wordpress\/plugins\/seo\/ -->\n<title>Geneo Tretman Lica | Adrianna Lushezy<\/title>\n<meta name=\"description\" content=\"Rezultat blistave koze odmah nakon tretmana -Geneo tretman je bez parabina. I pogodanje za svaki tip koze.\" \/>\n<meta name=\"robots\" content=\"index, follow, max-snippet:-1, max-image-preview:large, max-video-preview:-1\" \/>\n<link rel=\"canonical\" href=\"https:\/\/www.kosmetiksalon-lushezy.at\/sr\/\u043f\u0440\u043e\u0438\u0437\u0432\u043e\u0434\/geneo-tretman-lica\/\" \/>\n<meta property=\"og:locale\" content=\"sr_RS\" \/>\n<meta property=\"og:type\" content=\"article\" \/>\n<meta property=\"og:title\" content=\"Geneo Tretman Lica | Adrianna Lushezy\" \/>\n<meta property=\"og:description\" content=\"Rezultat blistave koze odmah nakon tretmana -Geneo tretman je bez parabina. I pogodanje za svaki tip koze.\" \/>\n<meta property=\"og:url\" content=\"https:\/\/www.kosmetiksalon-lushezy.at\/sr\/\u043f\u0440\u043e\u0438\u0437\u0432\u043e\u0434\/geneo-tretman-lica\/\" \/>\n<meta property=\"og:site_name\" content=\"Adrianna Lushezy\" \/>\n<meta property=\"article:publisher\" content=\"https:\/\/www.facebook.com\/pmu.adrianna.lushezy\/\" \/>\n<meta property=\"article:modified_time\" content=\"2024-10-24T14:09:13+00:00\" \/>\n<meta property=\"og:image\" content=\"https:\/\/www.kosmetiksalon-lushezy.at\/wp-content\/uploads\/2023\/11\/Adrianna-Lushezy-Cosmetic-Facial-Treatments-Geneo-Facial-Treatment-from-the-future-02.jpg\" \/>\n\t<meta property=\"og:image:width\" content=\"940\" \/>\n\t<meta property=\"og:image:height\" content=\"788\" \/>\n\t<meta property=\"og:image:type\" content=\"image\/jpeg\" \/>\n<meta name=\"twitter:card\" content=\"summary_large_image\" \/>\n<meta name=\"twitter:label1\" content=\"\u041f\u0440\u043e\u0446\u0435\u045a\u0435\u043d\u043e \u0432\u0440\u0435\u043c\u0435 \u0447\u0438\u0442\u0430\u045a\u0430\" \/>\n\t<meta name=\"twitter:data1\" content=\"4 \u043c\u0438\u043d\u0443\u0442\u0430\" \/>\n<script type=\"application\/ld+json\" class=\"yoast-schema-graph\">{\"@context\":\"https:\/\/schema.org\",\"@graph\":[{\"@type\":\"WebPage\",\"@id\":\"https:\/\/www.kosmetiksalon-lushezy.at\/sr\/\u043f\u0440\u043e\u0438\u0437\u0432\u043e\u0434\/geneo-tretman-lica\/\",\"url\":\"https:\/\/www.kosmetiksalon-lushezy.at\/sr\/\u043f\u0440\u043e\u0438\u0437\u0432\u043e\u0434\/geneo-tretman-lica\/\",\"name\":\"Geneo Tretman Lica | Adrianna Lushezy\",\"isPartOf\":{\"@id\":\"https:\/\/www.kosmetiksalon-lushezy.at\/#website\"},\"primaryImageOfPage\":{\"@id\":\"https:\/\/www.kosmetiksalon-lushezy.at\/sr\/\u043f\u0440\u043e\u0438\u0437\u0432\u043e\u0434\/geneo-tretman-lica\/#primaryimage\"},\"image\":{\"@id\":\"https:\/\/www.kosmetiksalon-lushezy.at\/sr\/\u043f\u0440\u043e\u0438\u0437\u0432\u043e\u0434\/geneo-tretman-lica\/#primaryimage\"},\"thumbnailUrl\":\"https:\/\/www.kosmetiksalon-lushezy.at\/wp-content\/uploads\/2023\/11\/Adrianna-Lushezy-Cosmetic-Facial-Treatments-Geneo-Facial-Treatment-from-the-future-02.jpg\",\"datePublished\":\"2023-11-06T12:38:29+00:00\",\"dateModified\":\"2024-10-24T14:09:13+00:00\",\"description\":\"Rezultat blistave koze odmah nakon tretmana -Geneo tretman je bez parabina. I pogodanje za svaki tip koze.\",\"breadcrumb\":{\"@id\":\"https:\/\/www.kosmetiksalon-lushezy.at\/sr\/\u043f\u0440\u043e\u0438\u0437\u0432\u043e\u0434\/geneo-tretman-lica\/#breadcrumb\"},\"inLanguage\":\"sr-RS\",\"potentialAction\":[{\"@type\":\"ReadAction\",\"target\":[\"https:\/\/www.kosmetiksalon-lushezy.at\/sr\/\u043f\u0440\u043e\u0438\u0437\u0432\u043e\u0434\/geneo-tretman-lica\/\"]}]},{\"@type\":\"ImageObject\",\"inLanguage\":\"sr-RS\",\"@id\":\"https:\/\/www.kosmetiksalon-lushezy.at\/sr\/\u043f\u0440\u043e\u0438\u0437\u0432\u043e\u0434\/geneo-tretman-lica\/#primaryimage\",\"url\":\"https:\/\/www.kosmetiksalon-lushezy.at\/wp-content\/uploads\/2023\/11\/Adrianna-Lushezy-Cosmetic-Facial-Treatments-Geneo-Facial-Treatment-from-the-future-02.jpg\",\"contentUrl\":\"https:\/\/www.kosmetiksalon-lushezy.at\/wp-content\/uploads\/2023\/11\/Adrianna-Lushezy-Cosmetic-Facial-Treatments-Geneo-Facial-Treatment-from-the-future-02.jpg\",\"width\":940,\"height\":788},{\"@type\":\"BreadcrumbList\",\"@id\":\"https:\/\/www.kosmetiksalon-lushezy.at\/sr\/\u043f\u0440\u043e\u0438\u0437\u0432\u043e\u0434\/geneo-tretman-lica\/#breadcrumb\",\"itemListElement\":[{\"@type\":\"ListItem\",\"position\":1,\"name\":\"Home\",\"item\":\"https:\/\/www.kosmetiksalon-lushezy.at\/sr\/\"},{\"@type\":\"ListItem\",\"position\":2,\"name\":\"Shop\",\"item\":\"https:\/\/www.kosmetiksalon-lushezy.at\/sr\/shop\/\"},{\"@type\":\"ListItem\",\"position\":3,\"name\":\"Geneo Tretman Lica\"}]},{\"@type\":\"WebSite\",\"@id\":\"https:\/\/www.kosmetiksalon-lushezy.at\/#website\",\"url\":\"https:\/\/www.kosmetiksalon-lushezy.at\/\",\"name\":\"Adrianna Lushezy\",\"description\":\"Cosmetic, Permanent Make-up and Academy\",\"publisher\":{\"@id\":\"https:\/\/www.kosmetiksalon-lushezy.at\/#organization\"},\"potentialAction\":[{\"@type\":\"SearchAction\",\"target\":{\"@type\":\"EntryPoint\",\"urlTemplate\":\"https:\/\/www.kosmetiksalon-lushezy.at\/?s={search_term_string}\"},\"query-input\":\"required name=search_term_string\"}],\"inLanguage\":\"sr-RS\"},{\"@type\":\"Organization\",\"@id\":\"https:\/\/www.kosmetiksalon-lushezy.at\/#organization\",\"name\":\"Adrianna Lushezy\",\"url\":\"https:\/\/www.kosmetiksalon-lushezy.at\/\",\"logo\":{\"@type\":\"ImageObject\",\"inLanguage\":\"sr-RS\",\"@id\":\"https:\/\/www.kosmetiksalon-lushezy.at\/#\/schema\/logo\/image\/\",\"url\":\"https:\/\/www.kosmetiksalon-lushezy.at\/wp-content\/uploads\/2023\/11\/Adrianna-Lushezy-Favicon.png\",\"contentUrl\":\"https:\/\/www.kosmetiksalon-lushezy.at\/wp-content\/uploads\/2023\/11\/Adrianna-Lushezy-Favicon.png\",\"width\":64,\"height\":60,\"caption\":\"Adrianna Lushezy\"},\"image\":{\"@id\":\"https:\/\/www.kosmetiksalon-lushezy.at\/#\/schema\/logo\/image\/\"},\"sameAs\":[\"https:\/\/www.facebook.com\/pmu.adrianna.lushezy\/\",\"https:\/\/www.instagram.com\/adrianna_lushezy\/\"]}]}<\/script>\n<!-- \/ Yoast SEO plugin. -->","yoast_head_json":{"title":"Geneo Tretman Lica | Adrianna Lushezy","description":"Rezultat blistave koze odmah nakon tretmana -Geneo tretman je bez parabina. I pogodanje za svaki tip koze.","robots":{"index":"index","follow":"follow","max-snippet":"max-snippet:-1","max-image-preview":"max-image-preview:large","max-video-preview":"max-video-preview:-1"},"canonical":"https:\/\/www.kosmetiksalon-lushezy.at\/sr\/\u043f\u0440\u043e\u0438\u0437\u0432\u043e\u0434\/geneo-tretman-lica\/","og_locale":"sr_RS","og_type":"article","og_title":"Geneo Tretman Lica | Adrianna Lushezy","og_description":"Rezultat blistave koze odmah nakon tretmana -Geneo tretman je bez parabina. I pogodanje za svaki tip koze.","og_url":"https:\/\/www.kosmetiksalon-lushezy.at\/sr\/\u043f\u0440\u043e\u0438\u0437\u0432\u043e\u0434\/geneo-tretman-lica\/","og_site_name":"Adrianna Lushezy","article_publisher":"https:\/\/www.facebook.com\/pmu.adrianna.lushezy\/","article_modified_time":"2024-10-24T14:09:13+00:00","og_image":[{"width":940,"height":788,"url":"https:\/\/www.kosmetiksalon-lushezy.at\/wp-content\/uploads\/2023\/11\/Adrianna-Lushezy-Cosmetic-Facial-Treatments-Geneo-Facial-Treatment-from-the-future-02.jpg","type":"image\/jpeg"}],"twitter_card":"summary_large_image","twitter_misc":{"\u041f\u0440\u043e\u0446\u0435\u045a\u0435\u043d\u043e \u0432\u0440\u0435\u043c\u0435 \u0447\u0438\u0442\u0430\u045a\u0430":"4 \u043c\u0438\u043d\u0443\u0442\u0430"},"schema":{"@context":"https:\/\/schema.org","@graph":[{"@type":"WebPage","@id":"https:\/\/www.kosmetiksalon-lushezy.at\/sr\/\u043f\u0440\u043e\u0438\u0437\u0432\u043e\u0434\/geneo-tretman-lica\/","url":"https:\/\/www.kosmetiksalon-lushezy.at\/sr\/\u043f\u0440\u043e\u0438\u0437\u0432\u043e\u0434\/geneo-tretman-lica\/","name":"Geneo Tretman Lica | Adrianna Lushezy","isPartOf":{"@id":"https:\/\/www.kosmetiksalon-lushezy.at\/#website"},"primaryImageOfPage":{"@id":"https:\/\/www.kosmetiksalon-lushezy.at\/sr\/\u043f\u0440\u043e\u0438\u0437\u0432\u043e\u0434\/geneo-tretman-lica\/#primaryimage"},"image":{"@id":"https:\/\/www.kosmetiksalon-lushezy.at\/sr\/\u043f\u0440\u043e\u0438\u0437\u0432\u043e\u0434\/geneo-tretman-lica\/#primaryimage"},"thumbnailUrl":"https:\/\/www.kosmetiksalon-lushezy.at\/wp-content\/uploads\/2023\/11\/Adrianna-Lushezy-Cosmetic-Facial-Treatments-Geneo-Facial-Treatment-from-the-future-02.jpg","datePublished":"2023-11-06T12:38:29+00:00","dateModified":"2024-10-24T14:09:13+00:00","description":"Rezultat blistave koze odmah nakon tretmana -Geneo tretman je bez parabina. I pogodanje za svaki tip koze.","breadcrumb":{"@id":"https:\/\/www.kosmetiksalon-lushezy.at\/sr\/\u043f\u0440\u043e\u0438\u0437\u0432\u043e\u0434\/geneo-tretman-lica\/#breadcrumb"},"inLanguage":"sr-RS","potentialAction":[{"@type":"ReadAction","target":["https:\/\/www.kosmetiksalon-lushezy.at\/sr\/\u043f\u0440\u043e\u0438\u0437\u0432\u043e\u0434\/geneo-tretman-lica\/"]}]},{"@type":"ImageObject","inLanguage":"sr-RS","@id":"https:\/\/www.kosmetiksalon-lushezy.at\/sr\/\u043f\u0440\u043e\u0438\u0437\u0432\u043e\u0434\/geneo-tretman-lica\/#primaryimage","url":"https:\/\/www.kosmetiksalon-lushezy.at\/wp-content\/uploads\/2023\/11\/Adrianna-Lushezy-Cosmetic-Facial-Treatments-Geneo-Facial-Treatment-from-the-future-02.jpg","contentUrl":"https:\/\/www.kosmetiksalon-lushezy.at\/wp-content\/uploads\/2023\/11\/Adrianna-Lushezy-Cosmetic-Facial-Treatments-Geneo-Facial-Treatment-from-the-future-02.jpg","width":940,"height":788},{"@type":"BreadcrumbList","@id":"https:\/\/www.kosmetiksalon-lushezy.at\/sr\/\u043f\u0440\u043e\u0438\u0437\u0432\u043e\u0434\/geneo-tretman-lica\/#breadcrumb","itemListElement":[{"@type":"ListItem","position":1,"name":"Home","item":"https:\/\/www.kosmetiksalon-lushezy.at\/sr\/"},{"@type":"ListItem","position":2,"name":"Shop","item":"https:\/\/www.kosmetiksalon-lushezy.at\/sr\/shop\/"},{"@type":"ListItem","position":3,"name":"Geneo Tretman Lica"}]},{"@type":"WebSite","@id":"https:\/\/www.kosmetiksalon-lushezy.at\/#website","url":"https:\/\/www.kosmetiksalon-lushezy.at\/","name":"Adrianna Lushezy","description":"Cosmetic, Permanent Make-up and Academy","publisher":{"@id":"https:\/\/www.kosmetiksalon-lushezy.at\/#organization"},"potentialAction":[{"@type":"SearchAction","target":{"@type":"EntryPoint","urlTemplate":"https:\/\/www.kosmetiksalon-lushezy.at\/?s={search_term_string}"},"query-input":"required name=search_term_string"}],"inLanguage":"sr-RS"},{"@type":"Organization","@id":"https:\/\/www.kosmetiksalon-lushezy.at\/#organization","name":"Adrianna Lushezy","url":"https:\/\/www.kosmetiksalon-lushezy.at\/","logo":{"@type":"ImageObject","inLanguage":"sr-RS","@id":"https:\/\/www.kosmetiksalon-lushezy.at\/#\/schema\/logo\/image\/","url":"https:\/\/www.kosmetiksalon-lushezy.at\/wp-content\/uploads\/2023\/11\/Adrianna-Lushezy-Favicon.png","contentUrl":"https:\/\/www.kosmetiksalon-lushezy.at\/wp-content\/uploads\/2023\/11\/Adrianna-Lushezy-Favicon.png","width":64,"height":60,"caption":"Adrianna Lushezy"},"image":{"@id":"https:\/\/www.kosmetiksalon-lushezy.at\/#\/schema\/logo\/image\/"},"sameAs":["https:\/\/www.facebook.com\/pmu.adrianna.lushezy\/","https:\/\/www.instagram.com\/adrianna_lushezy\/"]}]}},"_links":{"self":[{"href":"https:\/\/www.kosmetiksalon-lushezy.at\/sr\/wp-json\/wp\/v2\/product\/1450","targetHints":{"allow":["GET"]}}],"collection":[{"href":"https:\/\/www.kosmetiksalon-lushezy.at\/sr\/wp-json\/wp\/v2\/product"}],"about":[{"href":"https:\/\/www.kosmetiksalon-lushezy.at\/sr\/wp-json\/wp\/v2\/types\/product"}],"wp:featuredmedia":[{"embeddable":true,"href":"https:\/\/www.kosmetiksalon-lushezy.at\/sr\/wp-json\/wp\/v2\/media\/1041"}],"wp:attachment":[{"href":"https:\/\/www.kosmetiksalon-lushezy.at\/sr\/wp-json\/wp\/v2\/media?parent=1450"}],"wp:term":[{"taxonomy":"product_cat","embeddable":true,"href":"https:\/\/www.kosmetiksalon-lushezy.at\/sr\/wp-json\/wp\/v2\/product_cat?post=1450"},{"taxonomy":"product_tag","embeddable":true,"href":"https:\/\/www.kosmetiksalon-lushezy.at\/sr\/wp-json\/wp\/v2\/product_tag?post=1450"}],"curies":[{"name":"wp","href":"https:\/\/api.w.org\/{rel}","templated":true}]}}