{"id":1449,"date":"2023-11-06T12:10:32","date_gmt":"2023-11-06T11:10:32","guid":{"rendered":"https:\/\/www.kosmetiksalon-lushezy.at\/product\/usne-puno-sencenje\/"},"modified":"2024-10-24T15:40:29","modified_gmt":"2024-10-24T13:40:29","slug":"usne-puno-sencenje","status":"publish","type":"product","link":"https:\/\/www.kosmetiksalon-lushezy.at\/sr\/\u043f\u0440\u043e\u0438\u0437\u0432\u043e\u0434\/usne-puno-sencenje\/","title":{"rendered":"Usne &#8211; Puno sen\u010denje"},"content":{"rendered":"<div class=\"wpb-content-wrapper\"><p>[vc_row full_width=&#8220;stretch_row&#8220; css=&#8220;.vc_custom_1699454323630{background-image: url(https:\/\/www.kosmetiksalon-lushezy.at\/wp-content\/uploads\/2023\/11\/Adrianna-Lushezy-Blue-Background.jpg?id=69) !important;background-position: center !important;background-repeat: no-repeat !important;background-size: cover !important;}&#8220; woodmart_css_id=&#8220;654b9d6ad4292&#8243; responsive_spacing=&#8220;eyJwYXJhbV90eXBlIjoid29vZG1hcnRfcmVzcG9uc2l2ZV9zcGFjaW5nIiwic2VsZWN0b3JfaWQiOiI2NTRiOWQ2YWQ0MjkyIiwic2hvcnRjb2RlIjoidmNfcm93IiwiZGF0YSI6eyJ0YWJsZXQiOnt9LCJtb2JpbGUiOnt9fX0=&#8220; mobile_bg_img_hidden=&#8220;no&#8220; tablet_bg_img_hidden=&#8220;no&#8220; woodmart_parallax=&#8220;0&#8243; woodmart_gradient_switch=&#8220;no&#8220; woodmart_box_shadow=&#8220;no&#8220; wd_z_index=&#8220;no&#8220; woodmart_disable_overflow=&#8220;0&#8243; row_reverse_mobile=&#8220;0&#8243; row_reverse_tablet=&#8220;0&#8243; el_class=&#8220;product-blue-row&#8220;][vc_column][vc_column_text woodmart_inline=&#8220;no&#8220; text_larger=&#8220;no&#8220; el_class=&#8220;inner-tb&#8220;]<\/p>\n<p class=\"iznad-naslova\" style=\"text-align: center;\">Pro\u010ditaj vi\u0161e<\/p>\n<h2 style=\"text-align: center;\">Usne &#8211; Puno sen\u010denje<\/h2>\n<p style=\"text-align: center;\">Ovaj tretman se veoma preporu\u010duje osobama sa tankim ili bledim usnama, kao i onima sa asimetri\u010dnim usnama. Proces pigmentacije usana vizuelno povec\u0301ava veli\u010dinu i simetriju usana, pobolj\u0161avajuc\u0301i njihov oblik. <\/p>\n<p style=\"text-align: center;\">Krajnji rezultat izgleda 100% prirodno. Usne izgledaju vizuelno ve\u0107e. \u0160tedite vreme na nepotrebnom svakodnevnom \u0161minkanju.<\/p>\n<p>[\/vc_column_text][\/vc_column][\/vc_row][vc_row][vc_column][vc_raw_html]PGRpdiBjbGFzcz0ib21vdGFjLW5hYnJhamFuamEtcHJvZHVjdCBvbW90YWMtbmFicmFqYW5qYS1wcm9kdWN0LWNvbHVtbiI+CiAgICA8ZGl2IGNsYXNzPSJrb2xvbmEtbGV2byI+CiAgICAgICAgPGRpdiBjbGFzcz0iaW5uZXItbmFicmFqYW5qZSI+CiAgICAgICAgICAgIDxwIGNsYXNzPSJuYXNsb3YtbmFicmFqYW5qZSI+PHNwYW4gY2xhc3M9ImJyb2oiPsWgdGEgamUgdHJham5hIHNtaW5rYSA8L3NwYW4+PC9wPgogICAgICAgICAgICA8cD5UcmFqbmEgc21pbmthIGplIGtvem1ldGnEjWthIHRlaG5pa2Eg4oCTIFBlbWFuZW50IE1ha2UgVXAgLHUga29qb2ogc2UgYm9qYSB1bm9zaSB1IGdvcm5qaSBzbG9qIGtvxb5lIGtha28gYmkgc2UgcG9zdGlnYW8gZHVnb3RyYWphbiBlZmVrYXQuIFRha2\/EkWUgc2UgbmF6aXZhIG1pa3JvcGlnbWVudGFjaWphLCBqZXIgc2Uga29yaXN0ZSBzaXRuZSBpZ2xlIHphIHViYWNpdmFuamUgYm9qZSB1IGtvxb51LCBzdHZhcmFqdcSHaSBpemdsZWQgxaFtaW5rZSBrb2phIGplIG5hbmVzZW5hIG5hIGtvxb51LiAgUG9kcnXEjWphIHByaW1lbmUgc3UgcmF6bm92cnNuYSBpIHVrbGp1xI11anUgb2JydmUsIGtvbnR1cmUgdXNhbmEsIG9icnZlLCB0cmVwYXZpY2UgaSBydW1lbmlsby48L3A+CiAgICAgICAgICAgIDxwPlphIHJhemxpa3Ugb2QgdHJhZGljaW9uYWxuZSDFoW1pbmtlLCB0cmFqbmEgc21pbmthIG5lIHNraWRhIHNlIGkgbW\/FvmUgdHJhamF0aSBuZWtvbGlrbyBnb2RpbmEsIG1hZGEgcG92cmVtZW5vIG1vxb5lIHphaHRldmF0aSBkb2RhdG5hIG9zdmXFvmVuamEuIFByZXBvcnXEjXVqZSBzZSBnb2RpxaFuamUgb3N2ZcW+ZW5qZSBib2plLiAgVGVobmlrYSBzZSBpenZvZGkgdSBwb3NlYm5vIGRpemFqbmlyYW5pbSBzYWxvbmltYSBvZCBzdHJhbmUgb2J1xI1lbmloIHByb2Zlc2lvbmFsYWNhLjwvcD4KICAgICAgICA8L2Rpdj4KICAgICAgICA8ZGl2IGNsYXNzPSJpbm5lci1uYWJyYWphbmplIj4KICAgICAgICAgICAgPHAgY2xhc3M9Im5hc2xvdi1uYWJyYWphbmplIj48c3BhbiBjbGFzcz0iYnJvaiI+UHJvY2VzIHRyYWpuZSBzbWlua2U8L3NwYW4+PC9wPgogICAgICAgICAgICA8cD5Qcm9jZXMgcG\/EjWluamUga29uc3VsdGFjaWpvbSwgdG9rb20ga29qZSBtb8W+ZXRlIHJhemdvdmFyYXRpIG8gxb5lbGplbm9tIGl6Z2xlZHUgc2EgdHJham5pbSDFoW1pbmtlcm9tLiBVbWV0bmlrIG1vxb5lIGRhdGkgcHJlcG9ydWtlIGtha28gZGEgb3B0aW1penVqZXRlIG9ibGlrIGkgYm9qdSB2YcWhaWggVVNOQS4gPC9wPgogICAgICAgICAgICA8cD5aYXRpbSwgcHJvY2VzIHBvxI1pbmplIGxva2Fsbm9tIGFuZXN0ZXppam9tIGtha28gYmkgc2Ugc21hbmppbyBib2wgaSBuZWxhZ29kbm9zdC4gVXN0YW5vdmxqYXZhbW8gcHJvcG9yY2lqZSBvYnJ2YSBpIHBvc3Rpxb5lbW8gc2F2csWhZW4gZGl6YWpuIFVTTkEga29qaSB0cmViYSBkYSBwcmVnbGVkYXRlIGkgcG90dnJkaXRlLiA8L3A+CiAgICAgICAgICAgIDxwPiBOYWtvbiB0b2dhIGJpcmFtbyBvZGdvdmFyYWp1Y8yBdSBib2p1IHBpZ21lbnRhIHphIHZhcyBuYSBvc25vdnUgxb5lbGplbm9nIGlzaG9kYSwgYm9qZSBkbGHEjWljYSBvYnJ2YSBpIGJvamUga2\/FvmUuIEJpY8yBZSB2YW0gb2JlemJlxJFlbm8gb2dsZWRhbG8gZGEgcHJlZ2xlZGF0ZSBkaXpham4ga29qaSBqZSBuYWNydGFuIFNIQVBFIMWhbWlua29tLCBrYW8gaSBkYSB2aWRpdGUgaSBwb3R2cmRpdGUgYm9qdSBwaWdtZW50YSBrb2phIGPMgWUgc2Uga29yaXN0aXRpIHphIHRyYWpudSDFoW1pbmt1LiA8L3A+CiAgICAgICAgICAgIDxwPk5ha29uIGNydGFuamEsIGtvxb5hIGkgcG9kcnXEjWplIG9icnZhIHNlIGRlemluZmlrdWp1LCBhIG5hbm9zaSBzZSBhbmVzdGV0aWsga2FrbyBiaSBzZSBib2wgdW1hbmppbyB0b2tvbSBwcm9jZXNhLiBaYXRpbSBzZSBzcGVjaWphbG5pIHBpZ21lbnQgdWJhY3VqZSB1IGtvxb51IHBvbW9jzIF1IFBNVSBvcHJlbWUuIDwvcD4KICAgICAgICAgICAgPHA+UHJvY2VzIG9iacSNbm8gdHJhamUgb2tvIDIgc2F0YSBpIG1vxb5lIHphaHRldmF0aSBkdmUgaWxpIHZpxaFlIHNlc2lqYSBkYSBiaSBzZSBwb3N0aWdhbyDFvmVsamVuaSByZXp1bHRhdC4gTmFrb24gcHJvY2VkdXJlLCBuYSBVU05FIHNlIG5hbm9zaSBrcmVtYS4gPC9wPgoJCQk8cD5WYcW+bm8gamUgbmFwb21lbnV0aSBkYSBib2phIG5hIHVzbmFtYSBtb8W+ZSBpemdsZWRhdGkgamFrYSBpIG5lcHJpcm9kbmEgdSBwcnZpaCBuZWtvbGlrbyBkYW5hIG5ha29uIHBvc3R1cGthLiBNZcSRdXRpbSwgb3ZvIG1vxb5lIGl6YmxlZGV0aSB1IHJva3Ugb2QgamVkbmUgZG8gZHZlIG5lZGVsamUsIMWhdG8gcmV6dWx0aXJhIHByaXJvZG5pbSBpemdsZWRvbS4gPC9wPgoJCQk8cD7FoHRhdmnFoWUsIHZhxb5ubyBqZSBkYSBzZSBwcmlkcsW+YXZhdGUgdXB1dHN0YXZhIHZhxaFlZyB0cmFqbm9nIMWhbWlua2VyYSBkYSBiaXN0ZSBvc2lndXJhbGkgYnJ6IHByb2NlcyB6YXJhc3RhbmphIGkgemFkb3ZvbGphdmFqdWPMgWkgaXNob2QuIFByb2NlcyB0cmFqbmUgxaFtaW5rZSBzZSBzYXN0b2ppIG9kIDIgZGVsYSBzYSBqZWRub21lc2XEjW5pbSBpbnRlcnZhbG9tLiA8L3A+CiAgICAgICAgPC9kaXY+CiAgICA8L2Rpdj4KICAgIDxkaXYgY2xhc3M9ImtvbG9uYS1kZXNubyI+CiAgICAgICAgPGRpdiBjbGFzcz0iemFva3J1emVubyI+CiAgICAgICAgICAgIDxwPk5ha29uIHRyZXRtYW5hIGplIHZhxb5ubyBkYSBwcmF0aXRlIEFGVEVSIENBUkUgZG9jdW1lbnQgc2EgdXB1dHN2aW1hLCBrb2plIGNldGUgZG9iaXRpIG9kIG5hcyAsIEkgZGEga29yaXN0aXRlIEFGVEVSIENBUkUga3JlbXUga29qdSBvZCBuYXMgZG9iaWphdGUgbmEgcG9rbG9uLCBrYWtvIGJpc3RlIG9zaWd1cmFsaSBicnogcHJvY2VzIHphcmFzdGFuamEgaSB6YWRvdm9samF2YWp1xIdpIHJlenVsdGF0LiBJbWFqdGUgbmEgdW11IGRhIGJpc3RlIG5ha29uIHRyZXRtYW5hIHRyZWJhbGkgaXpiZWdhdmF0aSBvZGxhemFrIHUgc29sYXJpanVtIGlsaSBzdW7EjWFuamUsdm9kdSxwbGl2YW5qZeKApi4gPC9wPgogICAgICAgICAgICA8YnI+CiAgICAgICAgICAgIDxwPk5ha29uIHRyZXRtYW5hIGplIHZhxb5ubyBkYSBwcmF0aXRlIEFGVEVSIENBUkUgZG9jdW1lbnQgc2EgdXB1dHN2aW1hLCBrb2plIGNldGUgZG9iaXRpIG9kIG5hcyAsIEkgZGEga29yaXN0aXRlIEFGVEVSIENBUkUga3JlbXUga29qdSBvZCBuYXMgZG9iaWphdGUgbmEgcG9rbG9uLCBrYWtvIGJpc3RlIG9zaWd1cmFsaSBicnogcHJvY2VzIHphcmFzdGFuamEgaSB6YWRvdm9samF2YWp1xIdpIHJlenVsdGF0LiBQcm9jZXMgdHJham5vZyBtYWtldXBhIHNlIHNhc3Rvamkgb2QgMiBkZWxhIHNhIHJhem1ha29tIG9kIGplZG5vZyBtZXNlY2EuIDwvcD4KICAgICAgICA8L2Rpdj4KICAgIDwvZGl2Pgo8L2Rpdj4=[\/vc_raw_html][\/vc_column][\/vc_row][vc_row full_width=&#8220;stretch_row&#8220; el_class=&#8220;testimonials-red&#8220; css=&#8220;.vc_custom_1699371591429{background-image: url(https:\/\/www.kosmetiksalon-lushezy.at\/wp-content\/uploads\/2023\/11\/Adrianna-Lushezy-Blue-Background.jpg?id=69) !important;background-position: center !important;background-repeat: no-repeat !important;background-size: cover !important;}&#8220; woodmart_css_id=&#8220;654a5a258b98f&#8220; responsive_spacing=&#8220;eyJwYXJhbV90eXBlIjoid29vZG1hcnRfcmVzcG9uc2l2ZV9zcGFjaW5nIiwic2VsZWN0b3JfaWQiOiI2NTRhNWEyNThiOThmIiwic2hvcnRjb2RlIjoidmNfcm93IiwiZGF0YSI6eyJ0YWJsZXQiOnt9LCJtb2JpbGUiOnt9fX0=&#8220; mobile_bg_img_hidden=&#8220;no&#8220; tablet_bg_img_hidden=&#8220;no&#8220; woodmart_parallax=&#8220;0&#8243; woodmart_gradient_switch=&#8220;no&#8220; woodmart_box_shadow=&#8220;no&#8220; wd_z_index=&#8220;no&#8220; woodmart_disable_overflow=&#8220;0&#8243; row_reverse_mobile=&#8220;0&#8243; row_reverse_tablet=&#8220;0&#8243;][vc_column width=&#8220;1\/2&#8243;][vc_column_text woodmart_inline=&#8220;no&#8220; text_larger=&#8220;no&#8220; el_class=&#8220;testimonials-tb&#8220;]<\/p>\n<h4 class=\"veci\">Srec\u0301ni klijenti i <span class=\"flexed-testimonials\">Sjajni rezultati<\/span><\/h4>\n<p> Pridru\u017eite nam se na putovanju kroz svedo\u010danstva ispunjena rado\u0161c\u0301u na\u0161ih zadovoljnih klijenata, otkrivajuc\u0301i istinsku srec\u0301u i blistave rezultate koji ilustruju na\u0161u posvec\u0301enost pru\u017eanju izuzetnih lepotnih iskustava.[\/vc_column_text][\/vc_column][vc_column width=&#8220;1\/2&#8243;][vc_raw_html]W3RydXN0aW5kZXggbm8tcmVnaXN0cmF0aW9uPSJnb29nbGUiXQ==[\/vc_raw_html][\/vc_column][\/vc_row]<\/p>\n<\/div>","protected":false},"excerpt":{"rendered":"<p>Puno sen\u010denje usana je polutrajni kozmeti\u010dki tretman gde se pigmenti u boji tetoviraju u usne kako bi izgledale punije i definisanije. Re\u010d je o tehnici u kojoj se \u010ditavo podru\u010dje usana ispunjava bojom, za razliku od konturisanja ili punjenja usana, koji samo estetski pobolj\u0161avaju konture usana. Boja se bira pojedina\u010dno i uskla\u0111uje sa prirodnom bojom usana kako bi se postigao prirodan i ujedna\u010den izgled. Rezultati potpunog sen\u010denja usana obi\u010dno traju oko 2-3 godine.    <\/p>\n<ul class=\"price\">\n<li>Puno sen\u010denje usana: <span class=\"old-price\">260\u20ac<\/span><span class=\"mini-price\">190\u20ac<\/span><\/li>\n<li>Korekcija: <span class=\"mini-price\">120\u20ac<\/span><\/li>\n<\/ul>\n[bookly-form category_id=\"28\" hide=\"staff_members,week_days,time_range\"]\n","protected":false},"featured_media":851,"template":"","meta":[],"product_cat":[136],"product_tag":[],"class_list":{"0":"post-1449","1":"product","2":"type-product","3":"status-publish","4":"has-post-thumbnail","6":"product_cat-trajna-sminka","8":"first","9":"instock","10":"shipping-taxable","11":"purchasable","12":"product-type-simple"},"yoast_head":"<!-- This site is optimized with the Yoast SEO plugin v23.3 - https:\/\/yoast.com\/wordpress\/plugins\/seo\/ -->\n<title>Usne - Puno sen\u010denje | Adrianna Lushezy<\/title>\n<meta name=\"description\" content=\"Puno sen\u010denje usana je polutrajni kozmeti\u010dki tretman gde se pigmenti u boji tetoviraju u usne kako bi izgledale punije i vi\u0161e...\" \/>\n<meta name=\"robots\" content=\"index, follow, max-snippet:-1, max-image-preview:large, max-video-preview:-1\" \/>\n<link rel=\"canonical\" href=\"https:\/\/www.kosmetiksalon-lushezy.at\/sr\/\u043f\u0440\u043e\u0438\u0437\u0432\u043e\u0434\/usne-puno-sencenje\/\" \/>\n<meta property=\"og:locale\" content=\"sr_RS\" \/>\n<meta property=\"og:type\" content=\"article\" \/>\n<meta property=\"og:title\" content=\"Usne - Puno sen\u010denje | Adrianna Lushezy\" \/>\n<meta property=\"og:description\" content=\"Puno sen\u010denje usana je polutrajni kozmeti\u010dki tretman gde se pigmenti u boji tetoviraju u usne kako bi izgledale punije i vi\u0161e...\" \/>\n<meta property=\"og:url\" content=\"https:\/\/www.kosmetiksalon-lushezy.at\/sr\/\u043f\u0440\u043e\u0438\u0437\u0432\u043e\u0434\/usne-puno-sencenje\/\" \/>\n<meta property=\"og:site_name\" content=\"Adrianna Lushezy\" \/>\n<meta property=\"article:publisher\" content=\"https:\/\/www.facebook.com\/pmu.adrianna.lushezy\/\" \/>\n<meta property=\"article:modified_time\" content=\"2024-10-24T13:40:29+00:00\" \/>\n<meta property=\"og:image\" content=\"https:\/\/www.kosmetiksalon-lushezy.at\/wp-content\/uploads\/2023\/11\/Adrianna-Lushezy-Permanent-Make-Up-Lips-Full-Shading-03.jpg\" \/>\n\t<meta property=\"og:image:width\" content=\"940\" \/>\n\t<meta property=\"og:image:height\" content=\"788\" \/>\n\t<meta property=\"og:image:type\" content=\"image\/jpeg\" \/>\n<meta name=\"twitter:card\" content=\"summary_large_image\" \/>\n<meta name=\"twitter:label1\" content=\"\u041f\u0440\u043e\u0446\u0435\u045a\u0435\u043d\u043e \u0432\u0440\u0435\u043c\u0435 \u0447\u0438\u0442\u0430\u045a\u0430\" \/>\n\t<meta name=\"twitter:data1\" content=\"4 \u043c\u0438\u043d\u0443\u0442\u0430\" \/>\n<script type=\"application\/ld+json\" class=\"yoast-schema-graph\">{\"@context\":\"https:\/\/schema.org\",\"@graph\":[{\"@type\":\"WebPage\",\"@id\":\"https:\/\/www.kosmetiksalon-lushezy.at\/sr\/\u043f\u0440\u043e\u0438\u0437\u0432\u043e\u0434\/usne-puno-sencenje\/\",\"url\":\"https:\/\/www.kosmetiksalon-lushezy.at\/sr\/\u043f\u0440\u043e\u0438\u0437\u0432\u043e\u0434\/usne-puno-sencenje\/\",\"name\":\"Usne - Puno sen\u010denje | Adrianna Lushezy\",\"isPartOf\":{\"@id\":\"https:\/\/www.kosmetiksalon-lushezy.at\/#website\"},\"primaryImageOfPage\":{\"@id\":\"https:\/\/www.kosmetiksalon-lushezy.at\/sr\/\u043f\u0440\u043e\u0438\u0437\u0432\u043e\u0434\/usne-puno-sencenje\/#primaryimage\"},\"image\":{\"@id\":\"https:\/\/www.kosmetiksalon-lushezy.at\/sr\/\u043f\u0440\u043e\u0438\u0437\u0432\u043e\u0434\/usne-puno-sencenje\/#primaryimage\"},\"thumbnailUrl\":\"https:\/\/www.kosmetiksalon-lushezy.at\/wp-content\/uploads\/2023\/11\/Adrianna-Lushezy-Permanent-Make-Up-Lips-Full-Shading-03.jpg\",\"datePublished\":\"2023-11-06T11:10:32+00:00\",\"dateModified\":\"2024-10-24T13:40:29+00:00\",\"description\":\"Puno sen\u010denje usana je polutrajni kozmeti\u010dki tretman gde se pigmenti u boji tetoviraju u usne kako bi izgledale punije i vi\u0161e...\",\"breadcrumb\":{\"@id\":\"https:\/\/www.kosmetiksalon-lushezy.at\/sr\/\u043f\u0440\u043e\u0438\u0437\u0432\u043e\u0434\/usne-puno-sencenje\/#breadcrumb\"},\"inLanguage\":\"sr-RS\",\"potentialAction\":[{\"@type\":\"ReadAction\",\"target\":[\"https:\/\/www.kosmetiksalon-lushezy.at\/sr\/\u043f\u0440\u043e\u0438\u0437\u0432\u043e\u0434\/usne-puno-sencenje\/\"]}]},{\"@type\":\"ImageObject\",\"inLanguage\":\"sr-RS\",\"@id\":\"https:\/\/www.kosmetiksalon-lushezy.at\/sr\/\u043f\u0440\u043e\u0438\u0437\u0432\u043e\u0434\/usne-puno-sencenje\/#primaryimage\",\"url\":\"https:\/\/www.kosmetiksalon-lushezy.at\/wp-content\/uploads\/2023\/11\/Adrianna-Lushezy-Permanent-Make-Up-Lips-Full-Shading-03.jpg\",\"contentUrl\":\"https:\/\/www.kosmetiksalon-lushezy.at\/wp-content\/uploads\/2023\/11\/Adrianna-Lushezy-Permanent-Make-Up-Lips-Full-Shading-03.jpg\",\"width\":940,\"height\":788},{\"@type\":\"BreadcrumbList\",\"@id\":\"https:\/\/www.kosmetiksalon-lushezy.at\/sr\/\u043f\u0440\u043e\u0438\u0437\u0432\u043e\u0434\/usne-puno-sencenje\/#breadcrumb\",\"itemListElement\":[{\"@type\":\"ListItem\",\"position\":1,\"name\":\"Home\",\"item\":\"https:\/\/www.kosmetiksalon-lushezy.at\/sr\/\"},{\"@type\":\"ListItem\",\"position\":2,\"name\":\"Shop\",\"item\":\"https:\/\/www.kosmetiksalon-lushezy.at\/sr\/shop\/\"},{\"@type\":\"ListItem\",\"position\":3,\"name\":\"Usne &#8211; Puno sen\u010denje\"}]},{\"@type\":\"WebSite\",\"@id\":\"https:\/\/www.kosmetiksalon-lushezy.at\/#website\",\"url\":\"https:\/\/www.kosmetiksalon-lushezy.at\/\",\"name\":\"Adrianna Lushezy\",\"description\":\"Cosmetic, Permanent Make-up and Academy\",\"publisher\":{\"@id\":\"https:\/\/www.kosmetiksalon-lushezy.at\/#organization\"},\"potentialAction\":[{\"@type\":\"SearchAction\",\"target\":{\"@type\":\"EntryPoint\",\"urlTemplate\":\"https:\/\/www.kosmetiksalon-lushezy.at\/?s={search_term_string}\"},\"query-input\":\"required name=search_term_string\"}],\"inLanguage\":\"sr-RS\"},{\"@type\":\"Organization\",\"@id\":\"https:\/\/www.kosmetiksalon-lushezy.at\/#organization\",\"name\":\"Adrianna Lushezy\",\"url\":\"https:\/\/www.kosmetiksalon-lushezy.at\/\",\"logo\":{\"@type\":\"ImageObject\",\"inLanguage\":\"sr-RS\",\"@id\":\"https:\/\/www.kosmetiksalon-lushezy.at\/#\/schema\/logo\/image\/\",\"url\":\"https:\/\/www.kosmetiksalon-lushezy.at\/wp-content\/uploads\/2023\/11\/Adrianna-Lushezy-Favicon.png\",\"contentUrl\":\"https:\/\/www.kosmetiksalon-lushezy.at\/wp-content\/uploads\/2023\/11\/Adrianna-Lushezy-Favicon.png\",\"width\":64,\"height\":60,\"caption\":\"Adrianna Lushezy\"},\"image\":{\"@id\":\"https:\/\/www.kosmetiksalon-lushezy.at\/#\/schema\/logo\/image\/\"},\"sameAs\":[\"https:\/\/www.facebook.com\/pmu.adrianna.lushezy\/\",\"https:\/\/www.instagram.com\/adrianna_lushezy\/\"]}]}<\/script>\n<!-- \/ Yoast SEO plugin. -->","yoast_head_json":{"title":"Usne - Puno sen\u010denje | Adrianna Lushezy","description":"Puno sen\u010denje usana je polutrajni kozmeti\u010dki tretman gde se pigmenti u boji tetoviraju u usne kako bi izgledale punije i vi\u0161e...","robots":{"index":"index","follow":"follow","max-snippet":"max-snippet:-1","max-image-preview":"max-image-preview:large","max-video-preview":"max-video-preview:-1"},"canonical":"https:\/\/www.kosmetiksalon-lushezy.at\/sr\/\u043f\u0440\u043e\u0438\u0437\u0432\u043e\u0434\/usne-puno-sencenje\/","og_locale":"sr_RS","og_type":"article","og_title":"Usne - Puno sen\u010denje | Adrianna Lushezy","og_description":"Puno sen\u010denje usana je polutrajni kozmeti\u010dki tretman gde se pigmenti u boji tetoviraju u usne kako bi izgledale punije i vi\u0161e...","og_url":"https:\/\/www.kosmetiksalon-lushezy.at\/sr\/\u043f\u0440\u043e\u0438\u0437\u0432\u043e\u0434\/usne-puno-sencenje\/","og_site_name":"Adrianna Lushezy","article_publisher":"https:\/\/www.facebook.com\/pmu.adrianna.lushezy\/","article_modified_time":"2024-10-24T13:40:29+00:00","og_image":[{"width":940,"height":788,"url":"https:\/\/www.kosmetiksalon-lushezy.at\/wp-content\/uploads\/2023\/11\/Adrianna-Lushezy-Permanent-Make-Up-Lips-Full-Shading-03.jpg","type":"image\/jpeg"}],"twitter_card":"summary_large_image","twitter_misc":{"\u041f\u0440\u043e\u0446\u0435\u045a\u0435\u043d\u043e \u0432\u0440\u0435\u043c\u0435 \u0447\u0438\u0442\u0430\u045a\u0430":"4 \u043c\u0438\u043d\u0443\u0442\u0430"},"schema":{"@context":"https:\/\/schema.org","@graph":[{"@type":"WebPage","@id":"https:\/\/www.kosmetiksalon-lushezy.at\/sr\/\u043f\u0440\u043e\u0438\u0437\u0432\u043e\u0434\/usne-puno-sencenje\/","url":"https:\/\/www.kosmetiksalon-lushezy.at\/sr\/\u043f\u0440\u043e\u0438\u0437\u0432\u043e\u0434\/usne-puno-sencenje\/","name":"Usne - Puno sen\u010denje | Adrianna Lushezy","isPartOf":{"@id":"https:\/\/www.kosmetiksalon-lushezy.at\/#website"},"primaryImageOfPage":{"@id":"https:\/\/www.kosmetiksalon-lushezy.at\/sr\/\u043f\u0440\u043e\u0438\u0437\u0432\u043e\u0434\/usne-puno-sencenje\/#primaryimage"},"image":{"@id":"https:\/\/www.kosmetiksalon-lushezy.at\/sr\/\u043f\u0440\u043e\u0438\u0437\u0432\u043e\u0434\/usne-puno-sencenje\/#primaryimage"},"thumbnailUrl":"https:\/\/www.kosmetiksalon-lushezy.at\/wp-content\/uploads\/2023\/11\/Adrianna-Lushezy-Permanent-Make-Up-Lips-Full-Shading-03.jpg","datePublished":"2023-11-06T11:10:32+00:00","dateModified":"2024-10-24T13:40:29+00:00","description":"Puno sen\u010denje usana je polutrajni kozmeti\u010dki tretman gde se pigmenti u boji tetoviraju u usne kako bi izgledale punije i vi\u0161e...","breadcrumb":{"@id":"https:\/\/www.kosmetiksalon-lushezy.at\/sr\/\u043f\u0440\u043e\u0438\u0437\u0432\u043e\u0434\/usne-puno-sencenje\/#breadcrumb"},"inLanguage":"sr-RS","potentialAction":[{"@type":"ReadAction","target":["https:\/\/www.kosmetiksalon-lushezy.at\/sr\/\u043f\u0440\u043e\u0438\u0437\u0432\u043e\u0434\/usne-puno-sencenje\/"]}]},{"@type":"ImageObject","inLanguage":"sr-RS","@id":"https:\/\/www.kosmetiksalon-lushezy.at\/sr\/\u043f\u0440\u043e\u0438\u0437\u0432\u043e\u0434\/usne-puno-sencenje\/#primaryimage","url":"https:\/\/www.kosmetiksalon-lushezy.at\/wp-content\/uploads\/2023\/11\/Adrianna-Lushezy-Permanent-Make-Up-Lips-Full-Shading-03.jpg","contentUrl":"https:\/\/www.kosmetiksalon-lushezy.at\/wp-content\/uploads\/2023\/11\/Adrianna-Lushezy-Permanent-Make-Up-Lips-Full-Shading-03.jpg","width":940,"height":788},{"@type":"BreadcrumbList","@id":"https:\/\/www.kosmetiksalon-lushezy.at\/sr\/\u043f\u0440\u043e\u0438\u0437\u0432\u043e\u0434\/usne-puno-sencenje\/#breadcrumb","itemListElement":[{"@type":"ListItem","position":1,"name":"Home","item":"https:\/\/www.kosmetiksalon-lushezy.at\/sr\/"},{"@type":"ListItem","position":2,"name":"Shop","item":"https:\/\/www.kosmetiksalon-lushezy.at\/sr\/shop\/"},{"@type":"ListItem","position":3,"name":"Usne &#8211; Puno sen\u010denje"}]},{"@type":"WebSite","@id":"https:\/\/www.kosmetiksalon-lushezy.at\/#website","url":"https:\/\/www.kosmetiksalon-lushezy.at\/","name":"Adrianna Lushezy","description":"Cosmetic, Permanent Make-up and Academy","publisher":{"@id":"https:\/\/www.kosmetiksalon-lushezy.at\/#organization"},"potentialAction":[{"@type":"SearchAction","target":{"@type":"EntryPoint","urlTemplate":"https:\/\/www.kosmetiksalon-lushezy.at\/?s={search_term_string}"},"query-input":"required name=search_term_string"}],"inLanguage":"sr-RS"},{"@type":"Organization","@id":"https:\/\/www.kosmetiksalon-lushezy.at\/#organization","name":"Adrianna Lushezy","url":"https:\/\/www.kosmetiksalon-lushezy.at\/","logo":{"@type":"ImageObject","inLanguage":"sr-RS","@id":"https:\/\/www.kosmetiksalon-lushezy.at\/#\/schema\/logo\/image\/","url":"https:\/\/www.kosmetiksalon-lushezy.at\/wp-content\/uploads\/2023\/11\/Adrianna-Lushezy-Favicon.png","contentUrl":"https:\/\/www.kosmetiksalon-lushezy.at\/wp-content\/uploads\/2023\/11\/Adrianna-Lushezy-Favicon.png","width":64,"height":60,"caption":"Adrianna Lushezy"},"image":{"@id":"https:\/\/www.kosmetiksalon-lushezy.at\/#\/schema\/logo\/image\/"},"sameAs":["https:\/\/www.facebook.com\/pmu.adrianna.lushezy\/","https:\/\/www.instagram.com\/adrianna_lushezy\/"]}]}},"_links":{"self":[{"href":"https:\/\/www.kosmetiksalon-lushezy.at\/sr\/wp-json\/wp\/v2\/product\/1449","targetHints":{"allow":["GET"]}}],"collection":[{"href":"https:\/\/www.kosmetiksalon-lushezy.at\/sr\/wp-json\/wp\/v2\/product"}],"about":[{"href":"https:\/\/www.kosmetiksalon-lushezy.at\/sr\/wp-json\/wp\/v2\/types\/product"}],"wp:featuredmedia":[{"embeddable":true,"href":"https:\/\/www.kosmetiksalon-lushezy.at\/sr\/wp-json\/wp\/v2\/media\/851"}],"wp:attachment":[{"href":"https:\/\/www.kosmetiksalon-lushezy.at\/sr\/wp-json\/wp\/v2\/media?parent=1449"}],"wp:term":[{"taxonomy":"product_cat","embeddable":true,"href":"https:\/\/www.kosmetiksalon-lushezy.at\/sr\/wp-json\/wp\/v2\/product_cat?post=1449"},{"taxonomy":"product_tag","embeddable":true,"href":"https:\/\/www.kosmetiksalon-lushezy.at\/sr\/wp-json\/wp\/v2\/product_tag?post=1449"}],"curies":[{"name":"wp","href":"https:\/\/api.w.org\/{rel}","templated":true}]}}