{"id":1448,"date":"2023-11-06T12:30:37","date_gmt":"2023-11-06T11:30:37","guid":{"rendered":"https:\/\/www.kosmetiksalon-lushezy.at\/product\/powder-ombre-obrve\/"},"modified":"2025-03-25T21:48:34","modified_gmt":"2025-03-25T20:48:34","slug":"powder-ombre-obrve","status":"publish","type":"product","link":"https:\/\/www.kosmetiksalon-lushezy.at\/sr\/\u043f\u0440\u043e\u0438\u0437\u0432\u043e\u0434\/powder-ombre-obrve\/","title":{"rendered":"Powder Ombre Obrve"},"content":{"rendered":"<div class=\"wpb-content-wrapper\"><p>[vc_row full_width=&#8220;stretch_row&#8220; css=&#8220;.vc_custom_1699454323630{background-image: url(https:\/\/www.kosmetiksalon-lushezy.at\/wp-content\/uploads\/2023\/11\/Adrianna-Lushezy-Blue-Background.jpg?id=69) !important;background-position: center !important;background-repeat: no-repeat !important;background-size: cover !important;}&#8220; woodmart_css_id=&#8220;654b9d6ad4292&#8243; responsive_spacing=&#8220;eyJwYXJhbV90eXBlIjoid29vZG1hcnRfcmVzcG9uc2l2ZV9zcGFjaW5nIiwic2VsZWN0b3JfaWQiOiI2NTRiOWQ2YWQ0MjkyIiwic2hvcnRjb2RlIjoidmNfcm93IiwiZGF0YSI6eyJ0YWJsZXQiOnt9LCJtb2JpbGUiOnt9fX0=&#8220; mobile_bg_img_hidden=&#8220;no&#8220; tablet_bg_img_hidden=&#8220;no&#8220; woodmart_parallax=&#8220;0&#8243; woodmart_gradient_switch=&#8220;no&#8220; woodmart_box_shadow=&#8220;no&#8220; wd_z_index=&#8220;no&#8220; woodmart_disable_overflow=&#8220;0&#8243; row_reverse_mobile=&#8220;0&#8243; row_reverse_tablet=&#8220;0&#8243; el_class=&#8220;product-blue-row&#8220;][vc_column][vc_column_text woodmart_inline=&#8220;no&#8220; text_larger=&#8220;no&#8220; el_class=&#8220;inner-tb&#8220;]<\/p>\n<p class=\"iznad-naslova\" style=\"text-align: center;\">Pro\u010ditaj vi\u0161e<\/p>\n<h2 style=\"text-align: center;\">Powder Ombre Obrve<\/h2>\n<p style=\"text-align: center;\">Tehnika Ombre obrva je metoda trajne \u0161minke gde se male ta\u010dke boje pedantno nanose na ko\u017eu kako bi se stvorio puder prirodnog izgleda ili efekat sen\u010denja.<\/p>\n<p style=\"text-align: center;\">Dizajn, proporcija , boja, oblik, boja se pa\u017eljivo uskladjuju- individuelno kako bi se obrve u\u010dinile \u0161to prirodnijim i lep\u0161im.<\/p>\n<p style=\"text-align: center;\">Krajnji rezultat izgleda 100% prirodno.<\/p>\n<p style=\"text-align: center;\">\u0160tedite vreme na nepotrebnom svakodnevnom \u0161minkanju.<\/p>\n<p>[\/vc_column_text][\/vc_column][\/vc_row][vc_row][vc_column][vc_raw_html]PGRpdiBjbGFzcz0ib21vdGFjLW5hYnJhamFuamEtcHJvZHVjdCBvbW90YWMtbmFicmFqYW5qYS1wcm9kdWN0LWNvbHVtbiI+CiAgICA8ZGl2IGNsYXNzPSJrb2xvbmEtbGV2byI+CiAgICAgICAgPGRpdiBjbGFzcz0iaW5uZXItbmFicmFqYW5qZSI+CiAgICAgICAgICAgIDxwIGNsYXNzPSJuYXNsb3YtbmFicmFqYW5qZSI+PHNwYW4gY2xhc3M9ImJyb2oiPsWgdGEgamUgdHJham5hIHNtaW5rYSA8L3NwYW4+PC9wPgogICAgICAgICAgICA8cD7QotGA0LDRmNC90LAg0YjQvNC40L3QutCwINGY0LUg0LrQvtC30LzQtdGC0LjRh9C60LAg0YLQtdGF0L3QuNC60LAg0YMg0LrQvtGY0L7RmCDRgdC1INCx0L7RmNCwINGD0L3QvtGB0Lgg0YMg0LPQvtGA0ZrQuCDRgdC70L7RmCDQutC+0LbQtSDQutCw0LrQviDQsdC4INGB0LUg0L\/QvtGB0YLQuNCz0LDQviDQtNGD0LPQvtGC0YDQsNGY0LDQvSDQtdGE0LXQutCw0YIuINCf0L7Qt9C90LDRgtCwINGY0LUg0Lgg0LrQsNC+INC80LjQutGA0L7Qv9C40LPQvNC10L3RgtCw0YbQuNGY0LAg0ZjQtdGAINGB0LUg0YHQuNGC0L3QtSDQuNCz0LvQuNGG0LUg0LrQvtGA0LjRgdGC0LUg0LfQsCDQvdCw0L3QvtGI0LXRmtC1INCx0L7RmNC1INGDINC60L7QttGDLCDRgdGC0LLQsNGA0LDRmNGD0ZvQuCDQuNC30LPQu9C10LQg0YjQvNC40L3QutC1INC90LDQvdC10YjQtdC90LUg0L3QsCDQutC+0LbRgy4gIFBvZHJ1xI1qYSBwcmltZW5lIHN1IHJhem5vdnJzbmEgaSB1a2xqdcSNdWp1IG9icnZlLCBrb250dXJlIHVzYW5hLCBvYnJ2ZSwgdHJlcGF2aWNlIGkgcnVtZW5pbG8uIDwvcD4KICAgICAgICAgICAgPHA+0JfQsCDRgNCw0LfQu9C40LrRgyDQvtC0INGC0YDQsNC00LjRhtC40L7QvdCw0LvQvdC1INGI0LzQuNC90LrQtSwg0YLRgNCw0ZjQvdCwINGI0LzQuNC90LrQsCDRgdC1INC90LUg0LPRg9Cx0Lgg0Lgg0LzQvtC20LUg0YLRgNCw0ZjQsNGC0Lgg0L3QtdC60L7Qu9C40LrQviDQs9C+0LTQuNC90LAsINC40LDQutC+INC80L7QttC1INC30LDRhdGC0LXQstCw0YLQuCDQv9C+0LLRgNC10LzQtdC90L4g0L\/QvtC\/0YDQsNCy0ZnQsNGa0LUuINCf0YDQtdC\/0L7RgNGD0YfRg9GY0LUg0YHQtSDQs9C+0LTQuNGI0ZrQtSDQvtGB0LLQtdC20LDQstCw0ZrQtSDQsdC+0ZjQtS4gIFRlaG5pa2Egc2UgaXp2b2RpIHUgcG9zZWJubyBkaXpham5pcmFuaW0gc2Fsb25pbWEgb2Qgc3RyYW5lIG9idcSNZW5paCBwcm9mZXNpb25hbGFjYS48L3A+CiAgICAgICAgPC9kaXY+CiAgICAgICAgPGRpdiBjbGFzcz0iaW5uZXItbmFicmFqYW5qZSI+CiAgICAgICAgICAgIDxwIGNsYXNzPSJuYXNsb3YtbmFicmFqYW5qZSI+PHNwYW4gY2xhc3M9ImJyb2oiPlByb2NlcyB0cmFqbmUgc21pbmtlPC9zcGFuPjwvcD4KICAgICAgICAgICAgPHA+0J\/RgNC+0YbQtdGBINC\/0L7Rh9C40ZrQtSDQutC+0L3RgdGD0LvRgtCw0YbQuNGY0L7QvCwg0YLQvtC60L7QvCDQutC+0ZjQtSDQvNC+0LbQtdGC0LUg0YDQsNC30LPQvtCy0LDRgNCw0YLQuCDQviDQttC10ZnQtdC90L7QvCDQuNC30LPQu9C10LTRgyDRgdCwINGC0YDQsNGY0L3QuNC8INGI0LzQuNC90LrQtdGA0L7QvC4g0KPQvNC10YLQvdC40Log0LzQvtC20LUg0LTQsNGC0Lgg0L\/RgNC10L\/QvtGA0YPQutC1INC60LDQutC+INC00LAg0L7Qv9GC0LjQvNC40LfRg9GY0LXRgtC1INC+0LHQu9C40Log0Lgg0LHQvtGY0YMg0LLQsNGI0LjRhSDQvtCx0YDQstCwLiDQl9Cw0YLQuNC8LCDQv9GA0L7RhtC10YEg0L\/QvtGH0LjRmtC1INC70L7QutCw0LvQvdC+0Lwg0LDQvdC10YHRgtC10LfQuNGY0L7QvCDQutCw0LrQviDQsdC4INGB0LUg0YHQvNCw0ZrQuNC+INCx0L7QuyDQuCDQvdC10LvQsNCz0L7QtNC90L7RgdGCLiAgPC9wPgogICAgICAgICAgICA8cD4gINCj0YHRgtCw0L3QvtCy0ZnQsNCy0LDQvNC+INC\/0YDQvtC\/0L7RgNGG0LjRmNC1INC+0LHRgNCy0LAg0Lgg0L\/QvtGB0YLQuNC20LXQvNC+INGB0LDQstGA0YjQtdC9INC00LjQt9Cw0ZjQvSDQvtCx0YDQstCwINC60L7RmNC4INGC0YDQtdCx0LAg0LTQsCDQv9GA0LXQs9C70LXQtNCw0YLQtSDQuCDQv9C+0YLQstGA0LTQuNGC0LUuINCd0LDQutC+0L0g0YLQvtCz0LAg0LHQuNGA0LDQvNC+INC+0LTQs9C+0LLQsNGA0LDRmNGD0ZvRgyDQsdC+0ZjRgyDQv9C40LPQvNC10L3RgtCwINC30LAg0LLQsNGBINC90LAg0L7RgdC90L7QstGDINC20LXRmdC10L3QvtCzINC40YHRhdC+0LTQsCwg0LHQvtGY0LUg0LTQu9Cw0YfQuNGG0LAg0L7QsdGA0LLQsCDQuCDQsdC+0ZjQtSDQutC+0LbQtSDQuCDQv9C+0LTRgtC+0L3QsC4gPC9wPgogICAgICAgICAgICA8cD7QlNC+0LHQuNGb0LXRgtC1INC+0LPQu9C10LTQsNC70L4g0LTQsCDQsdC40YHRgtC1INC\/0YDQtdCz0LvQtdC00LDQu9C4INC00LjQt9Cw0ZjQvSDQvtCx0YDQstCwINGB0LAg0LjRgdGG0YDRgtCw0L3QuNC8INC\/0YDQvtC\/0L7RgNGG0LjRmNCw0LzQsCDRgtGA0LDRmNC90LUg0YjQvNC40L3QutC1LCDQutCw0L4g0Lgg0LTQsCDQstC40LTQuNGC0LUg0Lgg0L\/QvtGC0LLRgNC00LjRgtC1INCx0L7RmNGDINC\/0LjQs9C80LXQvdGC0LAg0LrQvtGY0LAg0ZvQtSDRgdC1INC60L7RgNC40YHRgtC40YLQuCDQt9CwINGC0YDQsNGY0L3RgyDRiNC80LjQvdC60YMuINCf0LjQs9C80LXQvdGC0Lgg0LfQsCDRgtGA0LDRmNC90YMg0YjQvNC40L3QutGDINGB0LUg0LjQvNC\/0LvQsNC90YLQuNGA0LDRmNGDINC40LfQvNC10ZLRgyDQv9GA0LLQvtCzINC4INC00YDRg9Cz0L7QsyDRgdC70L7RmNCwINC60L7QttC1LCDRiNGC0L4g0YDQtdC30YPQu9GC0LjRgNCwINCx0LDRgNGI0YPQvdCw0YHRgtC40Lwg0LjQt9Cz0LvQtdC00L7QvCDQvtCx0YDQstCwLiA8L3A+CiAgICAgICAgICAgIDxwPlByZSBzdmFrb2cgdHJldG1hbmEgdnLFoWkgc2UgYW5hbGl6YSBwcm9wb3JjaWphIGxpY2EsIMSNaW1lIHNlIG9zaWd1cmF2YSBkYSBvYnJ2ZSBvc3RhbnUgdSBzYXZyxaFlbm9qIHByb3BvcmNpamkgaSB1c2tsYcSRZW5lIHNhIGxpY2VtLjwvcD4KICAgICAgICAgICAgPHA+0J3QsNC60L7QvSDRhtGA0YLQsNGa0LAsINC60L7QttCwINC4INC\/0L7QtNGA0YPRh9GY0LUg0L7QsdGA0LLQsCDRgdC1INC00LXQt9C40L3RhNC40LrRg9GY0YMsINCwINC90LDQvdC+0YHQuCDRgdC1INCw0L3QtdGB0YLQtdGC0LjQuiDQutCw0LrQviDQsdC4INGB0LUg0LHQvtC7INGD0LzQsNGa0LjQviDRgtC+0LrQvtC8INC\/0YDQvtGG0LXRgdCwLiDQl9Cw0YLQuNC8INGB0LUg0YHQv9C10YbQuNGY0LDQu9C90Lgg0L\/QuNCz0LzQtdC90YIg0YPQsdCw0YbRg9GY0LUg0YMg0LrQvtC20YMg0L\/QvtC80L7Rm9GDINC10LvQtdC60YLRgNC40YfQvdC+0LMg0L3QsNGB0LDQtNC90LjQutCwINC4INGE0LjQvdC1INC40LPQu9C1LiAgSWdsYSBzZSBuZcW+bm8gcG9tZXJhIHByZWtvIGtvxb5lIGtha28gYmkgc2Ugc3R2YXJpbGUgdGHEjWtpY2UgYm9qZSBrb2plIHNpbXVsaXJhanUgaXpnbGVkIHByaXJvZG5vZyBwdWRlcmEgaWxpIHNlbsSNZW5qYS4gWmEgaXpyYWR1IGRsYWNpY2Ega29yaXN0aSBzZSBVLWJsYWRlLjwvcD4KICAgICAgICAgICAgPHA+0J\/RgNC+0YbQtdGBINC+0LHQuNGH0L3QviDRgtGA0LDRmNC1INC+0LrQviAyINGB0LDRgtCwINC4INC80L7QttC1INC30LDRhdGC0LXQstCw0YLQuCDQtNCy0LUg0LjQu9C4INCy0LjRiNC1INGB0LXRgdC40ZjQsCDQtNCwINCx0Lgg0YHQtSDQv9C+0YHRgtC40LPQsNC+INC20LXRmdC10L3QuCDRgNC10LfRg9C70YLQsNGCLiDQndCw0LrQvtC9INC\/0YDQvtGG0LXQtNGD0YDQtSwg0LrRgNC10LzQsCDRgdC1INC90LDQvdC+0YHQuCDQvdCwINC+0LHRgNCy0LUuIDwvcD4KICAgICAgICA8L2Rpdj4KICAgIDwvZGl2PgogICAgPGRpdiBjbGFzcz0ia29sb25hLWRlc25vIj4KICAgICAgICA8ZGl2IGNsYXNzPSJ6YW9rcnV6ZW5vIj4KICAgICAgICAgICAgPHA+0JLQsNC20L3QviDRmNC1INC90LDQv9C+0LzQtdC90YPRgtC4INC00LAg0LHQvtGY0LAg0L3QsCDQvtCx0YDQstCw0LzQsCDQvNC+0LbQtSDQuNC30LPQu9C10LTQsNGC0Lgg0ZjQsNC60LAg0Lgg0L3QtdC\/0YDQuNGA0L7QtNC90LAg0YMg0L\/RgNCy0LjRhSDQvdC10LrQvtC70LjQutC+INC00LDQvdCwINC90LDQutC+0L0g0L\/QvtGB0YLRg9C\/0LrQsC4g0JzQtdGS0YPRgtC40LwsINC+0LLQviDQvNC+0LbQtSDQuNC30LHQu9C10LTQtdGC0Lgg0YMg0YDQvtC60YMg0L7QtCDRmNC10LTQvdC1INC00L4g0LTQstC1INC90LXQtNC10ZnQtSwg0YjRgtC+INGA0LXQt9GD0LvRgtC40YDQsCDQv9GA0LjRgNC+0LTQvdC40Lwg0LjQt9Cz0LvQtdC00L7QvC4gPC9wPgogICAgICAgICAgICA8YnI+ICAgICAgICAgICAgPHA+0KjRgtCw0LLQuNGI0LUsINCy0LDQttC90L4g0ZjQtSDQtNCwINGB0LUg0L\/RgNC40LTRgNC20LDQstCw0YLQtSDRg9C\/0YPRgtGB0YLQsNCy0LAg0LLQsNGI0LXQsyDRgtGA0LDRmNC90L7QsyDRiNC80LjQvdC60LXRgNCwINC00LAg0LHQuNGB0YLQtSDQvtGB0LjQs9GD0YDQsNC70Lgg0LHRgNC3INC\/0YDQvtGG0LXRgSDQt9Cw0YDQsNGB0YLQsNGa0LAg0Lgg0LfQsNC00L7QstC+0ZnQsNCy0LDRmNGD0ZvQuCDQuNGB0YXQvtC0LiDQn9GA0L7RhtC10YEg0YLRgNCw0ZjQvdC1INGI0LzQuNC90LrQtSDRgdC1INGB0LDRgdGC0L7RmNC4INC+0LQgMiDQtNC10LvQsCDRgdCwINGY0LXQtNC90L7QvNC10YHQtdGH0L3QuNC8INC40L3RgtC10YDQstCw0LvQvtC8LiA8L3A+CiAgICAgICAgPC9kaXY+CiAgICA8L2Rpdj4KPC9kaXY+[\/vc_raw_html][\/vc_column][\/vc_row][vc_row full_width=&#8220;stretch_row&#8220; el_class=&#8220;testimonials-red&#8220; css=&#8220;.vc_custom_1699371591429{background-image: url(https:\/\/www.kosmetiksalon-lushezy.at\/wp-content\/uploads\/2023\/11\/Adrianna-Lushezy-Blue-Background.jpg?id=69) !important;background-position: center !important;background-repeat: no-repeat !important;background-size: cover !important;}&#8220; woodmart_css_id=&#8220;654a5a258b98f&#8220; responsive_spacing=&#8220;eyJwYXJhbV90eXBlIjoid29vZG1hcnRfcmVzcG9uc2l2ZV9zcGFjaW5nIiwic2VsZWN0b3JfaWQiOiI2NTRhNWEyNThiOThmIiwic2hvcnRjb2RlIjoidmNfcm93IiwiZGF0YSI6eyJ0YWJsZXQiOnt9LCJtb2JpbGUiOnt9fX0=&#8220; mobile_bg_img_hidden=&#8220;no&#8220; tablet_bg_img_hidden=&#8220;no&#8220; woodmart_parallax=&#8220;0&#8243; woodmart_gradient_switch=&#8220;no&#8220; woodmart_box_shadow=&#8220;no&#8220; wd_z_index=&#8220;no&#8220; woodmart_disable_overflow=&#8220;0&#8243; row_reverse_mobile=&#8220;0&#8243; row_reverse_tablet=&#8220;0&#8243;][vc_column width=&#8220;1\/2&#8243;][vc_column_text woodmart_inline=&#8220;no&#8220; text_larger=&#8220;no&#8220; el_class=&#8220;testimonials-tb&#8220;]<\/p>\n<h4 class=\"veci\">Srec\u0301ni klijenti i <span class=\"flexed-testimonials\">Sjajni rezultati<\/span><\/h4>\n<p>Pridru\u017eite nam se na putovanju kroz svedo\u010danstva ispunjena rado\u0161c\u0301u na\u0161ih zadovoljnih klijenata, otkrivajuc\u0301i istinsku srec\u0301u i blistave rezultate koji ilustruju na\u0161u posvec\u0301enost pru\u017eanju izuzetnih lepotnih iskustava.[\/vc_column_text][\/vc_column][vc_column width=&#8220;1\/2&#8243;][vc_raw_html]W3RydXN0aW5kZXggbm8tcmVnaXN0cmF0aW9uPSJnb29nbGUiXQ==[\/vc_raw_html][\/vc_column][\/vc_row]<\/p>\n<\/div>","protected":false},"excerpt":{"rendered":"<p>\u041e\u0432\u0430\u0458 \u0442\u0440\u0435\u0442\u043c\u0430\u043d \u0441\u0435 \u043f\u0440\u0435\u043f\u043e\u0440\u0443\u0447\u0443\u0458\u0435 \u043e\u0441\u043e\u0431\u0430\u043c\u0430 \u0441\u0430 \u0442\u0430\u043d\u043a\u0438\u043c \u0438\u043b\u0438 \u043d\u0435\u043e\u0431\u043b\u0438\u043a\u043e\u0432\u0430\u043d\u0438\u043c \u043e\u0431\u0440\u0432\u0430\u043c\u0430, \u043a\u0430\u043e \u0438 \u043e\u043d\u0438\u043c\u0430 \u043a\u043e\u0458\u0438 \u0443\u043e\u043f\u0448\u0442\u0435 \u043d\u0435\u043c\u0430\u0458\u0443 \u043e\u0431\u0440\u0432\u0435 \u0438\u043b\u0438 \u0438\u043c\u0430\u0458\u0443 \u0430\u0441\u0438\u043c\u0435\u0442\u0440\u0438\u0447\u043d\u0435 \u043e\u0431\u0440\u0432\u0435.<\/p>\n<ul class=\"price\">\n<li>Kombo obrve: <span class=\"mini-price\">260\u20ac<\/span><\/li>\n<li>Korekcija: <span class=\"mini-price\">80\u20ac<\/span><\/li>\n<\/ul>\n[bookly-form category_id=\"27\" hide=\"staff_members,week_days,time_range\"]\n","protected":false},"featured_media":957,"template":"","meta":[],"product_cat":[136],"product_tag":[],"class_list":{"0":"post-1448","1":"product","2":"type-product","3":"status-publish","4":"has-post-thumbnail","6":"product_cat-trajna-sminka","8":"first","9":"instock","10":"shipping-taxable","11":"purchasable","12":"product-type-simple"},"yoast_head":"<!-- This site is optimized with the Yoast SEO plugin v23.3 - https:\/\/yoast.com\/wordpress\/plugins\/seo\/ -->\n<title>Powder Ombre Obrve | Adrianna Lushezy<\/title>\n<meta name=\"description\" content=\"Permanentni makeup POWDER OBRVE je tretman koji se visoko preporu\u010duje osobama sa tankim ili neoblikovanim obrvama...\" \/>\n<meta name=\"robots\" content=\"index, follow, max-snippet:-1, max-image-preview:large, max-video-preview:-1\" \/>\n<link rel=\"canonical\" href=\"https:\/\/www.kosmetiksalon-lushezy.at\/sr\/\u043f\u0440\u043e\u0438\u0437\u0432\u043e\u0434\/powder-ombre-obrve\/\" \/>\n<meta property=\"og:locale\" content=\"sr_RS\" \/>\n<meta property=\"og:type\" content=\"article\" \/>\n<meta property=\"og:title\" content=\"Powder Ombre Obrve | Adrianna Lushezy\" \/>\n<meta property=\"og:description\" content=\"Permanentni makeup POWDER OBRVE je tretman koji se visoko preporu\u010duje osobama sa tankim ili neoblikovanim obrvama...\" \/>\n<meta property=\"og:url\" content=\"https:\/\/www.kosmetiksalon-lushezy.at\/sr\/\u043f\u0440\u043e\u0438\u0437\u0432\u043e\u0434\/powder-ombre-obrve\/\" \/>\n<meta property=\"og:site_name\" content=\"Adrianna Lushezy\" \/>\n<meta property=\"article:publisher\" content=\"https:\/\/www.facebook.com\/pmu.adrianna.lushezy\/\" \/>\n<meta property=\"article:modified_time\" content=\"2025-03-25T20:48:34+00:00\" \/>\n<meta property=\"og:image\" content=\"https:\/\/www.kosmetiksalon-lushezy.at\/wp-content\/uploads\/2023\/11\/Adrianna-Lushezy-Permanent-Make-Up-Powder-Brows-06.jpg\" \/>\n\t<meta property=\"og:image:width\" content=\"926\" \/>\n\t<meta property=\"og:image:height\" content=\"788\" \/>\n\t<meta property=\"og:image:type\" content=\"image\/jpeg\" \/>\n<meta name=\"twitter:card\" content=\"summary_large_image\" \/>\n<meta name=\"twitter:label1\" content=\"\u041f\u0440\u043e\u0446\u0435\u045a\u0435\u043d\u043e \u0432\u0440\u0435\u043c\u0435 \u0447\u0438\u0442\u0430\u045a\u0430\" \/>\n\t<meta name=\"twitter:data1\" content=\"7 \u043c\u0438\u043d\u0443\u0442\u0430\" \/>\n<script type=\"application\/ld+json\" class=\"yoast-schema-graph\">{\"@context\":\"https:\/\/schema.org\",\"@graph\":[{\"@type\":\"WebPage\",\"@id\":\"https:\/\/www.kosmetiksalon-lushezy.at\/sr\/\u043f\u0440\u043e\u0438\u0437\u0432\u043e\u0434\/powder-ombre-obrve\/\",\"url\":\"https:\/\/www.kosmetiksalon-lushezy.at\/sr\/\u043f\u0440\u043e\u0438\u0437\u0432\u043e\u0434\/powder-ombre-obrve\/\",\"name\":\"Powder Ombre Obrve | Adrianna Lushezy\",\"isPartOf\":{\"@id\":\"https:\/\/www.kosmetiksalon-lushezy.at\/#website\"},\"primaryImageOfPage\":{\"@id\":\"https:\/\/www.kosmetiksalon-lushezy.at\/sr\/\u043f\u0440\u043e\u0438\u0437\u0432\u043e\u0434\/powder-ombre-obrve\/#primaryimage\"},\"image\":{\"@id\":\"https:\/\/www.kosmetiksalon-lushezy.at\/sr\/\u043f\u0440\u043e\u0438\u0437\u0432\u043e\u0434\/powder-ombre-obrve\/#primaryimage\"},\"thumbnailUrl\":\"https:\/\/www.kosmetiksalon-lushezy.at\/wp-content\/uploads\/2023\/11\/Adrianna-Lushezy-Permanent-Make-Up-Powder-Brows-06.jpg\",\"datePublished\":\"2023-11-06T11:30:37+00:00\",\"dateModified\":\"2025-03-25T20:48:34+00:00\",\"description\":\"Permanentni makeup POWDER OBRVE je tretman koji se visoko preporu\u010duje osobama sa tankim ili neoblikovanim obrvama...\",\"breadcrumb\":{\"@id\":\"https:\/\/www.kosmetiksalon-lushezy.at\/sr\/\u043f\u0440\u043e\u0438\u0437\u0432\u043e\u0434\/powder-ombre-obrve\/#breadcrumb\"},\"inLanguage\":\"sr-RS\",\"potentialAction\":[{\"@type\":\"ReadAction\",\"target\":[\"https:\/\/www.kosmetiksalon-lushezy.at\/sr\/\u043f\u0440\u043e\u0438\u0437\u0432\u043e\u0434\/powder-ombre-obrve\/\"]}]},{\"@type\":\"ImageObject\",\"inLanguage\":\"sr-RS\",\"@id\":\"https:\/\/www.kosmetiksalon-lushezy.at\/sr\/\u043f\u0440\u043e\u0438\u0437\u0432\u043e\u0434\/powder-ombre-obrve\/#primaryimage\",\"url\":\"https:\/\/www.kosmetiksalon-lushezy.at\/wp-content\/uploads\/2023\/11\/Adrianna-Lushezy-Permanent-Make-Up-Powder-Brows-06.jpg\",\"contentUrl\":\"https:\/\/www.kosmetiksalon-lushezy.at\/wp-content\/uploads\/2023\/11\/Adrianna-Lushezy-Permanent-Make-Up-Powder-Brows-06.jpg\",\"width\":926,\"height\":788},{\"@type\":\"BreadcrumbList\",\"@id\":\"https:\/\/www.kosmetiksalon-lushezy.at\/sr\/\u043f\u0440\u043e\u0438\u0437\u0432\u043e\u0434\/powder-ombre-obrve\/#breadcrumb\",\"itemListElement\":[{\"@type\":\"ListItem\",\"position\":1,\"name\":\"Home\",\"item\":\"https:\/\/www.kosmetiksalon-lushezy.at\/sr\/\"},{\"@type\":\"ListItem\",\"position\":2,\"name\":\"Shop\",\"item\":\"https:\/\/www.kosmetiksalon-lushezy.at\/sr\/shop\/\"},{\"@type\":\"ListItem\",\"position\":3,\"name\":\"Powder Ombre Obrve\"}]},{\"@type\":\"WebSite\",\"@id\":\"https:\/\/www.kosmetiksalon-lushezy.at\/#website\",\"url\":\"https:\/\/www.kosmetiksalon-lushezy.at\/\",\"name\":\"Adrianna Lushezy\",\"description\":\"Cosmetic, Permanent Make-up and Academy\",\"publisher\":{\"@id\":\"https:\/\/www.kosmetiksalon-lushezy.at\/#organization\"},\"potentialAction\":[{\"@type\":\"SearchAction\",\"target\":{\"@type\":\"EntryPoint\",\"urlTemplate\":\"https:\/\/www.kosmetiksalon-lushezy.at\/?s={search_term_string}\"},\"query-input\":\"required name=search_term_string\"}],\"inLanguage\":\"sr-RS\"},{\"@type\":\"Organization\",\"@id\":\"https:\/\/www.kosmetiksalon-lushezy.at\/#organization\",\"name\":\"Adrianna Lushezy\",\"url\":\"https:\/\/www.kosmetiksalon-lushezy.at\/\",\"logo\":{\"@type\":\"ImageObject\",\"inLanguage\":\"sr-RS\",\"@id\":\"https:\/\/www.kosmetiksalon-lushezy.at\/#\/schema\/logo\/image\/\",\"url\":\"https:\/\/www.kosmetiksalon-lushezy.at\/wp-content\/uploads\/2023\/11\/Adrianna-Lushezy-Favicon.png\",\"contentUrl\":\"https:\/\/www.kosmetiksalon-lushezy.at\/wp-content\/uploads\/2023\/11\/Adrianna-Lushezy-Favicon.png\",\"width\":64,\"height\":60,\"caption\":\"Adrianna Lushezy\"},\"image\":{\"@id\":\"https:\/\/www.kosmetiksalon-lushezy.at\/#\/schema\/logo\/image\/\"},\"sameAs\":[\"https:\/\/www.facebook.com\/pmu.adrianna.lushezy\/\",\"https:\/\/www.instagram.com\/adrianna_lushezy\/\"]}]}<\/script>\n<!-- \/ Yoast SEO plugin. -->","yoast_head_json":{"title":"Powder Ombre Obrve | Adrianna Lushezy","description":"Permanentni makeup POWDER OBRVE je tretman koji se visoko preporu\u010duje osobama sa tankim ili neoblikovanim obrvama...","robots":{"index":"index","follow":"follow","max-snippet":"max-snippet:-1","max-image-preview":"max-image-preview:large","max-video-preview":"max-video-preview:-1"},"canonical":"https:\/\/www.kosmetiksalon-lushezy.at\/sr\/\u043f\u0440\u043e\u0438\u0437\u0432\u043e\u0434\/powder-ombre-obrve\/","og_locale":"sr_RS","og_type":"article","og_title":"Powder Ombre Obrve | Adrianna Lushezy","og_description":"Permanentni makeup POWDER OBRVE je tretman koji se visoko preporu\u010duje osobama sa tankim ili neoblikovanim obrvama...","og_url":"https:\/\/www.kosmetiksalon-lushezy.at\/sr\/\u043f\u0440\u043e\u0438\u0437\u0432\u043e\u0434\/powder-ombre-obrve\/","og_site_name":"Adrianna Lushezy","article_publisher":"https:\/\/www.facebook.com\/pmu.adrianna.lushezy\/","article_modified_time":"2025-03-25T20:48:34+00:00","og_image":[{"width":926,"height":788,"url":"https:\/\/www.kosmetiksalon-lushezy.at\/wp-content\/uploads\/2023\/11\/Adrianna-Lushezy-Permanent-Make-Up-Powder-Brows-06.jpg","type":"image\/jpeg"}],"twitter_card":"summary_large_image","twitter_misc":{"\u041f\u0440\u043e\u0446\u0435\u045a\u0435\u043d\u043e \u0432\u0440\u0435\u043c\u0435 \u0447\u0438\u0442\u0430\u045a\u0430":"7 \u043c\u0438\u043d\u0443\u0442\u0430"},"schema":{"@context":"https:\/\/schema.org","@graph":[{"@type":"WebPage","@id":"https:\/\/www.kosmetiksalon-lushezy.at\/sr\/\u043f\u0440\u043e\u0438\u0437\u0432\u043e\u0434\/powder-ombre-obrve\/","url":"https:\/\/www.kosmetiksalon-lushezy.at\/sr\/\u043f\u0440\u043e\u0438\u0437\u0432\u043e\u0434\/powder-ombre-obrve\/","name":"Powder Ombre Obrve | Adrianna Lushezy","isPartOf":{"@id":"https:\/\/www.kosmetiksalon-lushezy.at\/#website"},"primaryImageOfPage":{"@id":"https:\/\/www.kosmetiksalon-lushezy.at\/sr\/\u043f\u0440\u043e\u0438\u0437\u0432\u043e\u0434\/powder-ombre-obrve\/#primaryimage"},"image":{"@id":"https:\/\/www.kosmetiksalon-lushezy.at\/sr\/\u043f\u0440\u043e\u0438\u0437\u0432\u043e\u0434\/powder-ombre-obrve\/#primaryimage"},"thumbnailUrl":"https:\/\/www.kosmetiksalon-lushezy.at\/wp-content\/uploads\/2023\/11\/Adrianna-Lushezy-Permanent-Make-Up-Powder-Brows-06.jpg","datePublished":"2023-11-06T11:30:37+00:00","dateModified":"2025-03-25T20:48:34+00:00","description":"Permanentni makeup POWDER OBRVE je tretman koji se visoko preporu\u010duje osobama sa tankim ili neoblikovanim obrvama...","breadcrumb":{"@id":"https:\/\/www.kosmetiksalon-lushezy.at\/sr\/\u043f\u0440\u043e\u0438\u0437\u0432\u043e\u0434\/powder-ombre-obrve\/#breadcrumb"},"inLanguage":"sr-RS","potentialAction":[{"@type":"ReadAction","target":["https:\/\/www.kosmetiksalon-lushezy.at\/sr\/\u043f\u0440\u043e\u0438\u0437\u0432\u043e\u0434\/powder-ombre-obrve\/"]}]},{"@type":"ImageObject","inLanguage":"sr-RS","@id":"https:\/\/www.kosmetiksalon-lushezy.at\/sr\/\u043f\u0440\u043e\u0438\u0437\u0432\u043e\u0434\/powder-ombre-obrve\/#primaryimage","url":"https:\/\/www.kosmetiksalon-lushezy.at\/wp-content\/uploads\/2023\/11\/Adrianna-Lushezy-Permanent-Make-Up-Powder-Brows-06.jpg","contentUrl":"https:\/\/www.kosmetiksalon-lushezy.at\/wp-content\/uploads\/2023\/11\/Adrianna-Lushezy-Permanent-Make-Up-Powder-Brows-06.jpg","width":926,"height":788},{"@type":"BreadcrumbList","@id":"https:\/\/www.kosmetiksalon-lushezy.at\/sr\/\u043f\u0440\u043e\u0438\u0437\u0432\u043e\u0434\/powder-ombre-obrve\/#breadcrumb","itemListElement":[{"@type":"ListItem","position":1,"name":"Home","item":"https:\/\/www.kosmetiksalon-lushezy.at\/sr\/"},{"@type":"ListItem","position":2,"name":"Shop","item":"https:\/\/www.kosmetiksalon-lushezy.at\/sr\/shop\/"},{"@type":"ListItem","position":3,"name":"Powder Ombre Obrve"}]},{"@type":"WebSite","@id":"https:\/\/www.kosmetiksalon-lushezy.at\/#website","url":"https:\/\/www.kosmetiksalon-lushezy.at\/","name":"Adrianna Lushezy","description":"Cosmetic, Permanent Make-up and Academy","publisher":{"@id":"https:\/\/www.kosmetiksalon-lushezy.at\/#organization"},"potentialAction":[{"@type":"SearchAction","target":{"@type":"EntryPoint","urlTemplate":"https:\/\/www.kosmetiksalon-lushezy.at\/?s={search_term_string}"},"query-input":"required name=search_term_string"}],"inLanguage":"sr-RS"},{"@type":"Organization","@id":"https:\/\/www.kosmetiksalon-lushezy.at\/#organization","name":"Adrianna Lushezy","url":"https:\/\/www.kosmetiksalon-lushezy.at\/","logo":{"@type":"ImageObject","inLanguage":"sr-RS","@id":"https:\/\/www.kosmetiksalon-lushezy.at\/#\/schema\/logo\/image\/","url":"https:\/\/www.kosmetiksalon-lushezy.at\/wp-content\/uploads\/2023\/11\/Adrianna-Lushezy-Favicon.png","contentUrl":"https:\/\/www.kosmetiksalon-lushezy.at\/wp-content\/uploads\/2023\/11\/Adrianna-Lushezy-Favicon.png","width":64,"height":60,"caption":"Adrianna Lushezy"},"image":{"@id":"https:\/\/www.kosmetiksalon-lushezy.at\/#\/schema\/logo\/image\/"},"sameAs":["https:\/\/www.facebook.com\/pmu.adrianna.lushezy\/","https:\/\/www.instagram.com\/adrianna_lushezy\/"]}]}},"_links":{"self":[{"href":"https:\/\/www.kosmetiksalon-lushezy.at\/sr\/wp-json\/wp\/v2\/product\/1448","targetHints":{"allow":["GET"]}}],"collection":[{"href":"https:\/\/www.kosmetiksalon-lushezy.at\/sr\/wp-json\/wp\/v2\/product"}],"about":[{"href":"https:\/\/www.kosmetiksalon-lushezy.at\/sr\/wp-json\/wp\/v2\/types\/product"}],"wp:featuredmedia":[{"embeddable":true,"href":"https:\/\/www.kosmetiksalon-lushezy.at\/sr\/wp-json\/wp\/v2\/media\/957"}],"wp:attachment":[{"href":"https:\/\/www.kosmetiksalon-lushezy.at\/sr\/wp-json\/wp\/v2\/media?parent=1448"}],"wp:term":[{"taxonomy":"product_cat","embeddable":true,"href":"https:\/\/www.kosmetiksalon-lushezy.at\/sr\/wp-json\/wp\/v2\/product_cat?post=1448"},{"taxonomy":"product_tag","embeddable":true,"href":"https:\/\/www.kosmetiksalon-lushezy.at\/sr\/wp-json\/wp\/v2\/product_tag?post=1448"}],"curies":[{"name":"wp","href":"https:\/\/api.w.org\/{rel}","templated":true}]}}