{"id":1447,"date":"2023-11-06T12:22:15","date_gmt":"2023-11-06T11:22:15","guid":{"rendered":"https:\/\/www.kosmetiksalon-lushezy.at\/product\/eyeliner-classic\/"},"modified":"2024-10-24T15:27:56","modified_gmt":"2024-10-24T13:27:56","slug":"eyeliner-classic","status":"publish","type":"product","link":"https:\/\/www.kosmetiksalon-lushezy.at\/sr\/\u043f\u0440\u043e\u0438\u0437\u0432\u043e\u0434\/eyeliner-classic\/","title":{"rendered":"Eyeliner Classic"},"content":{"rendered":"<div class=\"wpb-content-wrapper\"><p>[vc_row full_width=&#8220;stretch_row&#8220; css=&#8220;.vc_custom_1699454323630{background-image: url(https:\/\/www.kosmetiksalon-lushezy.at\/wp-content\/uploads\/2023\/11\/Adrianna-Lushezy-Blue-Background.jpg?id=69) !important;background-position: center !important;background-repeat: no-repeat !important;background-size: cover !important;}&#8220; woodmart_css_id=&#8220;654b9d6ad4292&#8243; responsive_spacing=&#8220;eyJwYXJhbV90eXBlIjoid29vZG1hcnRfcmVzcG9uc2l2ZV9zcGFjaW5nIiwic2VsZWN0b3JfaWQiOiI2NTRiOWQ2YWQ0MjkyIiwic2hvcnRjb2RlIjoidmNfcm93IiwiZGF0YSI6eyJ0YWJsZXQiOnt9LCJtb2JpbGUiOnt9fX0=&#8220; mobile_bg_img_hidden=&#8220;no&#8220; tablet_bg_img_hidden=&#8220;no&#8220; woodmart_parallax=&#8220;0&#8243; woodmart_gradient_switch=&#8220;no&#8220; woodmart_box_shadow=&#8220;no&#8220; wd_z_index=&#8220;no&#8220; woodmart_disable_overflow=&#8220;0&#8243; row_reverse_mobile=&#8220;0&#8243; row_reverse_tablet=&#8220;0&#8243; el_class=&#8220;product-blue-row&#8220;][vc_column][vc_column_text woodmart_inline=&#8220;no&#8220; text_larger=&#8220;no&#8220; el_class=&#8220;inner-tb&#8220;]<\/p>\n<p class=\"iznad-naslova\" style=\"text-align: center;\">Pro\u010ditaj vi\u0161e<\/p>\n<h2 style=\"text-align: center;\">Classic Eyeliner<\/h2>\n<p style=\"text-align: center;\"><strong>Eyeliner Classic mo\u017ee vizualno uve\u0107ati o\u010di, u\u010diniti trepavice gu\u0161\u0107im i intenzivirati pogled.<\/strong><\/p>\n<p style=\"text-align: center;\">Ukupno gledano, Eyeliner Classic u trajnom makeupu je popularan izbor za ljude koji \u017eele dugoteku\u0107i i savr\u0161eno izgledaju\u0107i makeup za o\u010di. Uz pa\u017eljivu pripremu, profesionalni tretman i dobru naknadnu negu, mo\u017eete u\u017eivati u dugotrajnom i estetski privla\u010dnom rezultatu. <\/p>\n<p>[\/vc_column_text][\/vc_column][\/vc_row][vc_row][vc_column][vc_raw_html]PGRpdiBjbGFzcz0ib21vdGFjLW5hYnJhamFuamEtcHJvZHVjdCBvbW90YWMtbmFicmFqYW5qYS1wcm9kdWN0LWNvbHVtbiI+CiAgICA8ZGl2IGNsYXNzPSJrb2xvbmEtbGV2byI+CiAgICAgICAgPGRpdiBjbGFzcz0iaW5uZXItbmFicmFqYW5qZSI+CiAgICAgICAgICAgIDxwIGNsYXNzPSJuYXNsb3YtbmFicmFqYW5qZSI+PHNwYW4gY2xhc3M9ImJyb2oiPsWgdGEgamUgdHJham5hIHNtaW5rYSA8L3NwYW4+PC9wPgogICAgICAgICAgICA8cD5UcmFqbmEgc21pbmthIGplIGtvem1ldGnEjWthIHRlaG5pa2Eg4oCTIFBlbWFuZW50IE1ha2UgVXAgLHUga29qb2ogc2UgYm9qYSB1bm9zaSB1IGdvcm5qaSBzbG9qIGtvxb5lIGtha28gYmkgc2UgcG9zdGlnYW8gZHVnb3RyYWphbiBlZmVrYXQuIFRha2\/EkWUgc2UgbmF6aXZhIG1pa3JvcGlnbWVudGFjaWphLCBqZXIgc2Uga29yaXN0ZSBzaXRuZSBpZ2xlIHphIHViYWNpdmFuamUgYm9qZSB1IGtvxb51LCBzdHZhcmFqdcSHaSBpemdsZWQgxaFtaW5rZSBrb2phIGplIG5hbmVzZW5hIG5hIGtvxb51LiAgT2JsYXN0aSBwcmltZW5lIHN1IHJhem5vdnJzbmUgaSB1a2xqdcSNdWp1IG9icnZlLCBrb250dXJlIHVzYW5hLCBib2p1IHVzYW5hIGkgYWpsYWpuZXIuPC9wPgogICAgICAgICAgICA8cD5aYSByYXpsaWt1IG9kIHRyYWRpY2lvbmFsbmUgxaFtaW5rZSwgdHJham5hIHNtaW5rYSBuZSBza2lkYSBzZSBpIG1vxb5lIHRyYWphdGkgbmVrb2xpa28gZ29kaW5hLCBtYWRhIHBvdnJlbWVubyBtb8W+ZSB6YWh0ZXZhdGkgZG9kYXRuYSBvc3Zlxb5lbmphLiBQcmVwb3J1xI11amUgc2UgZ29kacWhbmplIG9zdmXFvmVuamUgYm9qZS4gIFRlaG5pa2Egc2UgaXp2b2RpIHUgcG9zZWJubyBkaXpham5pcmFuaW0gc2Fsb25pbWEgb2Qgc3RyYW5lIG9idcSNZW5paCBwcm9mZXNpb25hbGFjYS48L3A+CiAgICAgICAgPC9kaXY+CiAgICAgICAgPGRpdiBjbGFzcz0iaW5uZXItbmFicmFqYW5qZSI+CiAgICAgICAgICAgIDxwIGNsYXNzPSJuYXNsb3YtbmFicmFqYW5qZSI+PHNwYW4gY2xhc3M9ImJyb2oiPlByb2NlcyB0cmFqbmUgc21pbmtlIENMQVNTSUMgRVlFTElORVItYTwvc3Bhbj48L3A+CiAgICAgICAgICAgIDxwPlByb2NlcyBwb8SNaW5qZSBsb2thbG5vbSBhbmVzdGV6aWpvbSBrYWtvIGJpIHNlIG1pbmltaXpvdmFsaSBib2wgaSBuZWxhZ29kbm9zdC4gVXN0YW5vdmltbyBwcm9wb3JjaWplIG9icnZhIGkgcG9zdGlnbmVtbyBzYXZyxaFlbiBkaXpham4gb2JydmEgKEJST1cgZGVzaWduKSBrb2ppIHRyZWJhdGUgcHJlZ2xlZGF0aSBpIHBvdHZyZGl0aS4gTmFrb24gdG9nYSwgaXphYmVyZW1vIG9kZ292YXJhanXEh3UgYm9qdSBwaWdtZW50YSB6YSB2YXMgbmEgb3Nub3Z1IMW+ZWxqZW5vZyByZXp1bHRhdGEsIGJvamUgdmHFoWloIG9icnZhIGkgdG9uYSB2YcWhZSBrb8W+ZSBpIHBvZHRvbmEuICAgPC9wPgogICAgICAgICAgICA8cD5OYWtvbiB0b2dhIGJpcmFtbyBvZGdvdmFyYWp1Y8yBdSBib2p1IHBpZ21lbnRhIHphIHZhcyBuYSBvc25vdnUgxb5lbGplbm9nIGlzaG9kYSwgYm9qZSBkbGHEjWljYSBvYnJ2YSBpIGJvamUga2\/FvmUgaSBwb2R0b25hLiBCaWPMgWUgdmFtIG9iZXpiZcSRZW5vIG9nbGVkYWxvIHphIGlzcGl0aXZhbmplIGRpemFqbmEgRUlFTElORVItYSB1IHByb3BvcmNpamkgdHJham5lIMWhbWlua2UsIGthbyBpIGRhIHZpZGl0ZSBpIHBvdHZyZGl0ZSBib2p1IHBpZ21lbnRhIGtvamEgY8yBZSBzZSBrb3Jpc3RpdGkgemEgdHJham51IMWhbWlua3UuIDwvcD4KICAgICAgICAgICAgPHA+UGlnbWVudGkgdHJham5vZyBtYWtldXBhIHNlIGltcGxhbnRpcmFqdSBpem1lxJF1IHBydm9nIGkgZHJ1Z29nIHNsb2phIGtvxb5lLCByZXp1bHRpcmFqdcSHaSBiYXLFoXVuYXN0aW0gaXpnbGVkb20gb2JydmEuPC9wPgogICAgICAgICAgICA8cD5QcmUgc3Zha29nIHRyZXRtYW5hIHZyxaFpIHNlIGFuYWxpemEga296ZSwgcHJvcG9yY2lqYSBsaWNhIGtha28gYmkgc2Ugb2JlemJlZGlsbyBkYSByYWQgUGVybWFuZW50bm9nIE1ha2V1LXBhIG9zdGFudSB1IHNhdnLFoWVub2ogcHJvcG9yY2lqaSBpIGhhcm1vbml6YWNpamkgc2Ugc2EgbGljZW0uPC9wPgogICAgICAgIDwvZGl2PgogICAgPC9kaXY+CiAgICA8ZGl2IGNsYXNzPSJrb2xvbmEtZGVzbm8iPgogICAgICAgIDxkaXYgY2xhc3M9Inphb2tydXplbm8iPgogICAgICAgICAgICA8cD5OYWtvbiBwcm9wb3JjaWplIEkgaXNjcnRhdmFuamEgRXllbGluZXJhLCBrb8W+YSBuYSBrYXBrdSBzZSBkZXppbmZpa3VqZSwgaSBuYW5vc2kgc2UgYW5lc3RldGlrIGtha28gYmkgc2Ugc21hbmppbGEgYm9sIHRva29tIHByb2Nlc2EuIFphdGltIHNlIHNwZWNpamFsbmkgcGlnbWVudCB1YmFjdWplIHUga2\/FvnUgcG9tb2PMgXUgZWxla3RyacSNbm9nIG5hc2FkbmlrYSBpIGZpbmUgaWdsZS4gIElnbGEgc2UgbmXFvm5vIHBvbWVyYSBwcmVrbyBrb8W+ZSBrYWtvIGJpIHNlIHN0dmFyaWxlIHRhxI1raWNlIGJvamUga29qZSBzaW11bGlyYWp1IGl6Z2xlZCBwcmlyb2Rub2cgcHVkZXJhIGlsaSBzZW7EjWVuamEuIFphIGl6cmFkdSBkbGFjaWNhIGtvcmlzdGkgc2UgVS1ibGFkZS48L3A+CiAgICAgICAgICAgIDxwPlByb2NlcyBvYmnEjW5vIHRyYWplIG9rbyAyIHNhdGEgaSBtb8W+ZSB6YWh0ZXZhdGkgZHZlIGlsaSB2acWhZSBzZXNpamEga2FrbyBiaSBzZSBwb3N0aWdhbyDFvmVsamVuaSByZXp1bHRhdC4gTmFrb24gcG9zdHVwa2EsIG5hbm9zaSBzZSBrcmVtYSBuYSBvYnJ2ZS4gIDwvcD4KICAgICAgICA8L2Rpdj4KICAgIDwvZGl2Pgo8L2Rpdj4=[\/vc_raw_html][\/vc_column][\/vc_row][vc_row full_width=&#8220;stretch_row&#8220; el_class=&#8220;testimonials-red&#8220; css=&#8220;.vc_custom_1699371591429{background-image: url(https:\/\/www.kosmetiksalon-lushezy.at\/wp-content\/uploads\/2023\/11\/Adrianna-Lushezy-Blue-Background.jpg?id=69) !important;background-position: center !important;background-repeat: no-repeat !important;background-size: cover !important;}&#8220; woodmart_css_id=&#8220;654a5a258b98f&#8220; responsive_spacing=&#8220;eyJwYXJhbV90eXBlIjoid29vZG1hcnRfcmVzcG9uc2l2ZV9zcGFjaW5nIiwic2VsZWN0b3JfaWQiOiI2NTRhNWEyNThiOThmIiwic2hvcnRjb2RlIjoidmNfcm93IiwiZGF0YSI6eyJ0YWJsZXQiOnt9LCJtb2JpbGUiOnt9fX0=&#8220; mobile_bg_img_hidden=&#8220;no&#8220; tablet_bg_img_hidden=&#8220;no&#8220; woodmart_parallax=&#8220;0&#8243; woodmart_gradient_switch=&#8220;no&#8220; woodmart_box_shadow=&#8220;no&#8220; wd_z_index=&#8220;no&#8220; woodmart_disable_overflow=&#8220;0&#8243; row_reverse_mobile=&#8220;0&#8243; row_reverse_tablet=&#8220;0&#8243;][vc_column width=&#8220;1\/2&#8243;][vc_column_text woodmart_inline=&#8220;no&#8220; text_larger=&#8220;no&#8220; el_class=&#8220;testimonials-tb&#8220;]<\/p>\n<h4 class=\"veci\">Srec\u0301ni klijenti i <span class=\"flexed-testimonials\">Sjajni rezultati<\/span><\/h4>\n<p>Pridru\u017eite nam se na putovanju kroz svedo\u010danstva ispunjena rado\u0161c\u0301u na\u0161ih zadovoljnih klijenata, otkrivajuc\u0301i istinsku srec\u0301u i blistave rezultate koji ilustruju na\u0161u posvec\u0301enost pru\u017eanju izuzetnih lepotnih iskustava.[\/vc_column_text][\/vc_column][vc_column width=&#8220;1\/2&#8243;][vc_raw_html]W3RydXN0aW5kZXggbm8tcmVnaXN0cmF0aW9uPSJnb29nbGUiXQ==[\/vc_raw_html][\/vc_column][\/vc_row]<\/p>\n<\/div>","protected":false},"excerpt":{"rendered":"<p>Eyeliner Classic u permanentnom mejkapu je popularna metoda gde se ajlajner trajno nanosi na podru\u010dje oko o\u010diju. Rezultat je savr\u0161en, dugotrajan i vodootporan koji pojednostavljuje \u0161minkanje o\u010diju i pobolj\u0161ava izgled o\u010diju. Prednosti Eyeliner Classic-a u permanentnom mejkapu su raznolike. Prvo, \u0161tedi vreme u svakodnevnoj rutini \u0161minkanja jer je ajlajner ve\u0107 savr\u0161eno nanesen. Drugo, \u0161minka je otporna na razmazivanje i vodu, \u0161to je idealno za ljude koji se bave sportom, znoje se ili \u010desto dolaze u kontakt sa vodom. <\/p>\n<ul class=\"price\">\n<li>Eyeliner Classic: <span class=\"mini-price\">260\u20ac<\/span><\/li>\n<li>Korekcija: <span class=\"mini-price\">120\u20ac<\/span><\/li>\n<\/ul>\n[bookly-form category_id=\"21\" hide=\"staff_members,week_days,time_range\"]\n","protected":false},"featured_media":899,"template":"","meta":[],"product_cat":[136],"product_tag":[],"class_list":{"0":"post-1447","1":"product","2":"type-product","3":"status-publish","4":"has-post-thumbnail","6":"product_cat-trajna-sminka","8":"first","9":"instock","10":"shipping-taxable","11":"purchasable","12":"product-type-simple"},"yoast_head":"<!-- This site is optimized with the Yoast SEO plugin v23.3 - https:\/\/yoast.com\/wordpress\/plugins\/seo\/ -->\n<title>Eyeliner Classic | Adrianna Lushezy<\/title>\n<meta name=\"description\" content=\"Eyeliner Classic u permanentnom mejkapu je popularna metoda gde se ajlajner trajno nanosi na podru\u010dje oko o\u010diju. Rezultat je savr\u0161en, dugotrajan i vodootporan...\" \/>\n<meta name=\"robots\" content=\"index, follow, max-snippet:-1, max-image-preview:large, max-video-preview:-1\" \/>\n<link rel=\"canonical\" href=\"https:\/\/www.kosmetiksalon-lushezy.at\/sr\/\u043f\u0440\u043e\u0438\u0437\u0432\u043e\u0434\/eyeliner-classic\/\" \/>\n<meta property=\"og:locale\" content=\"sr_RS\" \/>\n<meta property=\"og:type\" content=\"article\" \/>\n<meta property=\"og:title\" content=\"Eyeliner Classic | Adrianna Lushezy\" \/>\n<meta property=\"og:description\" content=\"Eyeliner Classic u permanentnom mejkapu je popularna metoda gde se ajlajner trajno nanosi na podru\u010dje oko o\u010diju. Rezultat je savr\u0161en, dugotrajan i vodootporan...\" \/>\n<meta property=\"og:url\" content=\"https:\/\/www.kosmetiksalon-lushezy.at\/sr\/\u043f\u0440\u043e\u0438\u0437\u0432\u043e\u0434\/eyeliner-classic\/\" \/>\n<meta property=\"og:site_name\" content=\"Adrianna Lushezy\" \/>\n<meta property=\"article:publisher\" content=\"https:\/\/www.facebook.com\/pmu.adrianna.lushezy\/\" \/>\n<meta property=\"article:modified_time\" content=\"2024-10-24T13:27:56+00:00\" \/>\n<meta property=\"og:image\" content=\"https:\/\/www.kosmetiksalon-lushezy.at\/wp-content\/uploads\/2023\/11\/Adrianna-Lushezy-Permanent-Make-Up-Eyeliner-Classic-06.jpg\" \/>\n\t<meta property=\"og:image:width\" content=\"940\" \/>\n\t<meta property=\"og:image:height\" content=\"788\" \/>\n\t<meta property=\"og:image:type\" content=\"image\/jpeg\" \/>\n<meta name=\"twitter:card\" content=\"summary_large_image\" \/>\n<meta name=\"twitter:label1\" content=\"\u041f\u0440\u043e\u0446\u0435\u045a\u0435\u043d\u043e \u0432\u0440\u0435\u043c\u0435 \u0447\u0438\u0442\u0430\u045a\u0430\" \/>\n\t<meta name=\"twitter:data1\" content=\"4 \u043c\u0438\u043d\u0443\u0442\u0430\" \/>\n<script type=\"application\/ld+json\" class=\"yoast-schema-graph\">{\"@context\":\"https:\/\/schema.org\",\"@graph\":[{\"@type\":\"WebPage\",\"@id\":\"https:\/\/www.kosmetiksalon-lushezy.at\/sr\/\u043f\u0440\u043e\u0438\u0437\u0432\u043e\u0434\/eyeliner-classic\/\",\"url\":\"https:\/\/www.kosmetiksalon-lushezy.at\/sr\/\u043f\u0440\u043e\u0438\u0437\u0432\u043e\u0434\/eyeliner-classic\/\",\"name\":\"Eyeliner Classic | Adrianna Lushezy\",\"isPartOf\":{\"@id\":\"https:\/\/www.kosmetiksalon-lushezy.at\/#website\"},\"primaryImageOfPage\":{\"@id\":\"https:\/\/www.kosmetiksalon-lushezy.at\/sr\/\u043f\u0440\u043e\u0438\u0437\u0432\u043e\u0434\/eyeliner-classic\/#primaryimage\"},\"image\":{\"@id\":\"https:\/\/www.kosmetiksalon-lushezy.at\/sr\/\u043f\u0440\u043e\u0438\u0437\u0432\u043e\u0434\/eyeliner-classic\/#primaryimage\"},\"thumbnailUrl\":\"https:\/\/www.kosmetiksalon-lushezy.at\/wp-content\/uploads\/2023\/11\/Adrianna-Lushezy-Permanent-Make-Up-Eyeliner-Classic-06.jpg\",\"datePublished\":\"2023-11-06T11:22:15+00:00\",\"dateModified\":\"2024-10-24T13:27:56+00:00\",\"description\":\"Eyeliner Classic u permanentnom mejkapu je popularna metoda gde se ajlajner trajno nanosi na podru\u010dje oko o\u010diju. Rezultat je savr\u0161en, dugotrajan i vodootporan...\",\"breadcrumb\":{\"@id\":\"https:\/\/www.kosmetiksalon-lushezy.at\/sr\/\u043f\u0440\u043e\u0438\u0437\u0432\u043e\u0434\/eyeliner-classic\/#breadcrumb\"},\"inLanguage\":\"sr-RS\",\"potentialAction\":[{\"@type\":\"ReadAction\",\"target\":[\"https:\/\/www.kosmetiksalon-lushezy.at\/sr\/\u043f\u0440\u043e\u0438\u0437\u0432\u043e\u0434\/eyeliner-classic\/\"]}]},{\"@type\":\"ImageObject\",\"inLanguage\":\"sr-RS\",\"@id\":\"https:\/\/www.kosmetiksalon-lushezy.at\/sr\/\u043f\u0440\u043e\u0438\u0437\u0432\u043e\u0434\/eyeliner-classic\/#primaryimage\",\"url\":\"https:\/\/www.kosmetiksalon-lushezy.at\/wp-content\/uploads\/2023\/11\/Adrianna-Lushezy-Permanent-Make-Up-Eyeliner-Classic-06.jpg\",\"contentUrl\":\"https:\/\/www.kosmetiksalon-lushezy.at\/wp-content\/uploads\/2023\/11\/Adrianna-Lushezy-Permanent-Make-Up-Eyeliner-Classic-06.jpg\",\"width\":940,\"height\":788},{\"@type\":\"BreadcrumbList\",\"@id\":\"https:\/\/www.kosmetiksalon-lushezy.at\/sr\/\u043f\u0440\u043e\u0438\u0437\u0432\u043e\u0434\/eyeliner-classic\/#breadcrumb\",\"itemListElement\":[{\"@type\":\"ListItem\",\"position\":1,\"name\":\"Home\",\"item\":\"https:\/\/www.kosmetiksalon-lushezy.at\/sr\/\"},{\"@type\":\"ListItem\",\"position\":2,\"name\":\"Shop\",\"item\":\"https:\/\/www.kosmetiksalon-lushezy.at\/sr\/shop\/\"},{\"@type\":\"ListItem\",\"position\":3,\"name\":\"Eyeliner Classic\"}]},{\"@type\":\"WebSite\",\"@id\":\"https:\/\/www.kosmetiksalon-lushezy.at\/#website\",\"url\":\"https:\/\/www.kosmetiksalon-lushezy.at\/\",\"name\":\"Adrianna Lushezy\",\"description\":\"Cosmetic, Permanent Make-up and Academy\",\"publisher\":{\"@id\":\"https:\/\/www.kosmetiksalon-lushezy.at\/#organization\"},\"potentialAction\":[{\"@type\":\"SearchAction\",\"target\":{\"@type\":\"EntryPoint\",\"urlTemplate\":\"https:\/\/www.kosmetiksalon-lushezy.at\/?s={search_term_string}\"},\"query-input\":\"required name=search_term_string\"}],\"inLanguage\":\"sr-RS\"},{\"@type\":\"Organization\",\"@id\":\"https:\/\/www.kosmetiksalon-lushezy.at\/#organization\",\"name\":\"Adrianna Lushezy\",\"url\":\"https:\/\/www.kosmetiksalon-lushezy.at\/\",\"logo\":{\"@type\":\"ImageObject\",\"inLanguage\":\"sr-RS\",\"@id\":\"https:\/\/www.kosmetiksalon-lushezy.at\/#\/schema\/logo\/image\/\",\"url\":\"https:\/\/www.kosmetiksalon-lushezy.at\/wp-content\/uploads\/2023\/11\/Adrianna-Lushezy-Favicon.png\",\"contentUrl\":\"https:\/\/www.kosmetiksalon-lushezy.at\/wp-content\/uploads\/2023\/11\/Adrianna-Lushezy-Favicon.png\",\"width\":64,\"height\":60,\"caption\":\"Adrianna Lushezy\"},\"image\":{\"@id\":\"https:\/\/www.kosmetiksalon-lushezy.at\/#\/schema\/logo\/image\/\"},\"sameAs\":[\"https:\/\/www.facebook.com\/pmu.adrianna.lushezy\/\",\"https:\/\/www.instagram.com\/adrianna_lushezy\/\"]}]}<\/script>\n<!-- \/ Yoast SEO plugin. -->","yoast_head_json":{"title":"Eyeliner Classic | Adrianna Lushezy","description":"Eyeliner Classic u permanentnom mejkapu je popularna metoda gde se ajlajner trajno nanosi na podru\u010dje oko o\u010diju. Rezultat je savr\u0161en, dugotrajan i vodootporan...","robots":{"index":"index","follow":"follow","max-snippet":"max-snippet:-1","max-image-preview":"max-image-preview:large","max-video-preview":"max-video-preview:-1"},"canonical":"https:\/\/www.kosmetiksalon-lushezy.at\/sr\/\u043f\u0440\u043e\u0438\u0437\u0432\u043e\u0434\/eyeliner-classic\/","og_locale":"sr_RS","og_type":"article","og_title":"Eyeliner Classic | Adrianna Lushezy","og_description":"Eyeliner Classic u permanentnom mejkapu je popularna metoda gde se ajlajner trajno nanosi na podru\u010dje oko o\u010diju. Rezultat je savr\u0161en, dugotrajan i vodootporan...","og_url":"https:\/\/www.kosmetiksalon-lushezy.at\/sr\/\u043f\u0440\u043e\u0438\u0437\u0432\u043e\u0434\/eyeliner-classic\/","og_site_name":"Adrianna Lushezy","article_publisher":"https:\/\/www.facebook.com\/pmu.adrianna.lushezy\/","article_modified_time":"2024-10-24T13:27:56+00:00","og_image":[{"width":940,"height":788,"url":"https:\/\/www.kosmetiksalon-lushezy.at\/wp-content\/uploads\/2023\/11\/Adrianna-Lushezy-Permanent-Make-Up-Eyeliner-Classic-06.jpg","type":"image\/jpeg"}],"twitter_card":"summary_large_image","twitter_misc":{"\u041f\u0440\u043e\u0446\u0435\u045a\u0435\u043d\u043e \u0432\u0440\u0435\u043c\u0435 \u0447\u0438\u0442\u0430\u045a\u0430":"4 \u043c\u0438\u043d\u0443\u0442\u0430"},"schema":{"@context":"https:\/\/schema.org","@graph":[{"@type":"WebPage","@id":"https:\/\/www.kosmetiksalon-lushezy.at\/sr\/\u043f\u0440\u043e\u0438\u0437\u0432\u043e\u0434\/eyeliner-classic\/","url":"https:\/\/www.kosmetiksalon-lushezy.at\/sr\/\u043f\u0440\u043e\u0438\u0437\u0432\u043e\u0434\/eyeliner-classic\/","name":"Eyeliner Classic | Adrianna Lushezy","isPartOf":{"@id":"https:\/\/www.kosmetiksalon-lushezy.at\/#website"},"primaryImageOfPage":{"@id":"https:\/\/www.kosmetiksalon-lushezy.at\/sr\/\u043f\u0440\u043e\u0438\u0437\u0432\u043e\u0434\/eyeliner-classic\/#primaryimage"},"image":{"@id":"https:\/\/www.kosmetiksalon-lushezy.at\/sr\/\u043f\u0440\u043e\u0438\u0437\u0432\u043e\u0434\/eyeliner-classic\/#primaryimage"},"thumbnailUrl":"https:\/\/www.kosmetiksalon-lushezy.at\/wp-content\/uploads\/2023\/11\/Adrianna-Lushezy-Permanent-Make-Up-Eyeliner-Classic-06.jpg","datePublished":"2023-11-06T11:22:15+00:00","dateModified":"2024-10-24T13:27:56+00:00","description":"Eyeliner Classic u permanentnom mejkapu je popularna metoda gde se ajlajner trajno nanosi na podru\u010dje oko o\u010diju. Rezultat je savr\u0161en, dugotrajan i vodootporan...","breadcrumb":{"@id":"https:\/\/www.kosmetiksalon-lushezy.at\/sr\/\u043f\u0440\u043e\u0438\u0437\u0432\u043e\u0434\/eyeliner-classic\/#breadcrumb"},"inLanguage":"sr-RS","potentialAction":[{"@type":"ReadAction","target":["https:\/\/www.kosmetiksalon-lushezy.at\/sr\/\u043f\u0440\u043e\u0438\u0437\u0432\u043e\u0434\/eyeliner-classic\/"]}]},{"@type":"ImageObject","inLanguage":"sr-RS","@id":"https:\/\/www.kosmetiksalon-lushezy.at\/sr\/\u043f\u0440\u043e\u0438\u0437\u0432\u043e\u0434\/eyeliner-classic\/#primaryimage","url":"https:\/\/www.kosmetiksalon-lushezy.at\/wp-content\/uploads\/2023\/11\/Adrianna-Lushezy-Permanent-Make-Up-Eyeliner-Classic-06.jpg","contentUrl":"https:\/\/www.kosmetiksalon-lushezy.at\/wp-content\/uploads\/2023\/11\/Adrianna-Lushezy-Permanent-Make-Up-Eyeliner-Classic-06.jpg","width":940,"height":788},{"@type":"BreadcrumbList","@id":"https:\/\/www.kosmetiksalon-lushezy.at\/sr\/\u043f\u0440\u043e\u0438\u0437\u0432\u043e\u0434\/eyeliner-classic\/#breadcrumb","itemListElement":[{"@type":"ListItem","position":1,"name":"Home","item":"https:\/\/www.kosmetiksalon-lushezy.at\/sr\/"},{"@type":"ListItem","position":2,"name":"Shop","item":"https:\/\/www.kosmetiksalon-lushezy.at\/sr\/shop\/"},{"@type":"ListItem","position":3,"name":"Eyeliner Classic"}]},{"@type":"WebSite","@id":"https:\/\/www.kosmetiksalon-lushezy.at\/#website","url":"https:\/\/www.kosmetiksalon-lushezy.at\/","name":"Adrianna Lushezy","description":"Cosmetic, Permanent Make-up and Academy","publisher":{"@id":"https:\/\/www.kosmetiksalon-lushezy.at\/#organization"},"potentialAction":[{"@type":"SearchAction","target":{"@type":"EntryPoint","urlTemplate":"https:\/\/www.kosmetiksalon-lushezy.at\/?s={search_term_string}"},"query-input":"required name=search_term_string"}],"inLanguage":"sr-RS"},{"@type":"Organization","@id":"https:\/\/www.kosmetiksalon-lushezy.at\/#organization","name":"Adrianna Lushezy","url":"https:\/\/www.kosmetiksalon-lushezy.at\/","logo":{"@type":"ImageObject","inLanguage":"sr-RS","@id":"https:\/\/www.kosmetiksalon-lushezy.at\/#\/schema\/logo\/image\/","url":"https:\/\/www.kosmetiksalon-lushezy.at\/wp-content\/uploads\/2023\/11\/Adrianna-Lushezy-Favicon.png","contentUrl":"https:\/\/www.kosmetiksalon-lushezy.at\/wp-content\/uploads\/2023\/11\/Adrianna-Lushezy-Favicon.png","width":64,"height":60,"caption":"Adrianna Lushezy"},"image":{"@id":"https:\/\/www.kosmetiksalon-lushezy.at\/#\/schema\/logo\/image\/"},"sameAs":["https:\/\/www.facebook.com\/pmu.adrianna.lushezy\/","https:\/\/www.instagram.com\/adrianna_lushezy\/"]}]}},"_links":{"self":[{"href":"https:\/\/www.kosmetiksalon-lushezy.at\/sr\/wp-json\/wp\/v2\/product\/1447","targetHints":{"allow":["GET"]}}],"collection":[{"href":"https:\/\/www.kosmetiksalon-lushezy.at\/sr\/wp-json\/wp\/v2\/product"}],"about":[{"href":"https:\/\/www.kosmetiksalon-lushezy.at\/sr\/wp-json\/wp\/v2\/types\/product"}],"wp:featuredmedia":[{"embeddable":true,"href":"https:\/\/www.kosmetiksalon-lushezy.at\/sr\/wp-json\/wp\/v2\/media\/899"}],"wp:attachment":[{"href":"https:\/\/www.kosmetiksalon-lushezy.at\/sr\/wp-json\/wp\/v2\/media?parent=1447"}],"wp:term":[{"taxonomy":"product_cat","embeddable":true,"href":"https:\/\/www.kosmetiksalon-lushezy.at\/sr\/wp-json\/wp\/v2\/product_cat?post=1447"},{"taxonomy":"product_tag","embeddable":true,"href":"https:\/\/www.kosmetiksalon-lushezy.at\/sr\/wp-json\/wp\/v2\/product_tag?post=1447"}],"curies":[{"name":"wp","href":"https:\/\/api.w.org\/{rel}","templated":true}]}}