{"id":1446,"date":"2023-11-06T14:11:05","date_gmt":"2023-11-06T13:11:05","guid":{"rendered":"https:\/\/www.kosmetiksalon-lushezy.at\/product\/okvir-konture-usana\/"},"modified":"2024-10-24T15:16:34","modified_gmt":"2024-10-24T13:16:34","slug":"okvir-konture-usana","status":"publish","type":"product","link":"https:\/\/www.kosmetiksalon-lushezy.at\/sr\/\u043f\u0440\u043e\u0438\u0437\u0432\u043e\u0434\/okvir-konture-usana\/","title":{"rendered":"Okvir konture usana"},"content":{"rendered":"<div class=\"wpb-content-wrapper\"><p>[vc_row full_width=&#8220;stretch_row&#8220; css=&#8220;.vc_custom_1699454323630{background-image: url(https:\/\/www.kosmetiksalon-lushezy.at\/wp-content\/uploads\/2023\/11\/Adrianna-Lushezy-Blue-Background.jpg?id=69) !important;background-position: center !important;background-repeat: no-repeat !important;background-size: cover !important;}&#8220; woodmart_css_id=&#8220;654b9d6ad4292&#8243; responsive_spacing=&#8220;eyJwYXJhbV90eXBlIjoid29vZG1hcnRfcmVzcG9uc2l2ZV9zcGFjaW5nIiwic2VsZWN0b3JfaWQiOiI2NTRiOWQ2YWQ0MjkyIiwic2hvcnRjb2RlIjoidmNfcm93IiwiZGF0YSI6eyJ0YWJsZXQiOnt9LCJtb2JpbGUiOnt9fX0=&#8220; mobile_bg_img_hidden=&#8220;no&#8220; tablet_bg_img_hidden=&#8220;no&#8220; woodmart_parallax=&#8220;0&#8243; woodmart_gradient_switch=&#8220;no&#8220; woodmart_box_shadow=&#8220;no&#8220; wd_z_index=&#8220;no&#8220; woodmart_disable_overflow=&#8220;0&#8243; row_reverse_mobile=&#8220;0&#8243; row_reverse_tablet=&#8220;0&#8243; el_class=&#8220;product-blue-row&#8220;][vc_column][vc_column_text woodmart_inline=&#8220;no&#8220; text_larger=&#8220;no&#8220; el_class=&#8220;inner-tb&#8220;]<\/p>\n<p class=\"iznad-naslova\" style=\"text-align: center;\">Pro\u010ditaj vi\u0161e<\/p>\n<h2 style=\"text-align: center;\">Okvir konture usana<\/h2>\n<p style=\"text-align: center;\">Krajnji rezultat izgleda 100% prirodno. Usne izgledaju vizuelno ve\u0107e. \u0160tedite vreme na nepotrebnom svakodnevnom \u0161minkanju.<\/p>\n<p>[\/vc_column_text][vc_raw_html]PGRpdiBjbGFzcz0ib21vdGFjLW5hYnJhamFuamEtcHJvZHVjdCI+CiAgICA8ZGl2IGNsYXNzPSJrb2xvbmEtbGV2byI+CiAgICAgICAgPGRpdiBjbGFzcz0iaW5uZXItbmFicmFqYW5qZSI+CiAgICAgICAgICAgIDxwIGNsYXNzPSJuYXNsb3YtbmFicmFqYW5qZSI+PHNwYW4gY2xhc3M9ImJyb2oiPjEuPC9zcGFuPiBLb21lZG9uaSAoY3JuZSB0YcSNa2UgaSBiZWxlIGdsYXZlKTo8L3A+CiAgICAgICAgICAgIDx1bD4KICAgICAgICAgICAgICAgIDxsaT48c3Ryb25nPk1pdGVzZXJpIChvdHZvcmVuaSBrb21lZG9uaSk6PC9zdHJvbmc+IE92byBzdSBwb3JlIGtvamUgc3UgZGVsaW1pxI1ubyB6YcSNZXBsamVuZSBpIG90dm9yZW5lLiBUYW1uYSBib2phIGRvbGF6aSBvZCBva3NpZGFjaWplIHNlYnVtYSBpIGtlcmF0aW5pem92YW5paCBjzIFlbGlqYSBrb8W+ZS4gPC9saT4KICAgICAgICAgICAgICAgIDxsaT48c3Ryb25nPkJlbGUgZ2xhdmUgKHphdHZvcmVuZSBrb21lZG9uZSk6PC9zdHJvbmc+IFRvIHN1IHBvcmUga29qZSBzdSBwb3RwdW5vIHphxI1lcGxqZW5lLCBhbGkgbmlzdSB1cGFsamVuZS4gxIxlc3RvIHNlIG5heml2YWp1IGJlbGltIG1ybGphbWEuIDwvbGk+CiAgICAgICAgICAgIDwvdWw+CiAgICAgICAgPC9kaXY+CiAgICAgICAgPGRpdiBjbGFzcz0iaW5uZXItbmFicmFqYW5qZSI+CiAgICAgICAgICAgIDxwIGNsYXNzPSJuYXNsb3YtbmFicmFqYW5qZSI+PHNwYW4gY2xhc3M9ImJyb2oiPjIuPC9zcGFuPiBQYXB1bGU6PC9wPgogICAgICAgICAgICA8cD5VcGFsamVuZSBrdnJnZSBpc3BvZCBwb3ZyxaFpbmUga2\/FvmUsIG9iacSNbm8gY3J2ZW5lIGkgYm9sbmUuPC9wPgogICAgICAgIDwvZGl2PgogICAgICAgIDxkaXYgY2xhc3M9ImlubmVyLW5hYnJhamFuamUiPgogICAgICAgICAgICA8cCBjbGFzcz0ibmFzbG92LW5hYnJhamFuamUiPjxzcGFuIGNsYXNzPSJicm9qIj4zLjwvc3Bhbj4gUHVzdHVsZTo8L3A+CiAgICAgICAgICAgIDxwPlVwYWxqZW5lIGt2cmdlIHNhIGdub2plbSBuYSBwb3ZyxaFpbmkga2\/FvmUsIMSNZXN0byBzYSBiZWxpbSBpbGkgxb51dGltIGNlbnRyb20uPC9wPgogICAgICAgIDwvZGl2PgogICAgICAgIDxkaXYgY2xhc3M9ImlubmVyLW5hYnJhamFuamUiPgogICAgICAgICAgICA8cCBjbGFzcz0ibmFzbG92LW5hYnJhamFuamUiPjxzcGFuIGNsYXNzPSJicm9qIj40Ljwvc3Bhbj4gTm9kdWxpOjwvcD4KICAgICAgICAgICAgPHA+VmVsaWtlLCBkdWJva2UsIGJvbG5lIGl6Ym\/EjWluZSBrb2plIHNlIGZvcm1pcmFqdSBkdWJva28gaXNwb2QgcG92csWhaW5lIGtvxb5lLiDEjGVzdG8gbmUgc2FkcsW+ZSBnbm9qLjxicj48YnI+IDwvcD4KICAgICAgICA8L2Rpdj4KICAgICAgICA8ZGl2IGNsYXNzPSJpbm5lci1uYWJyYWphbmplIj4KICAgICAgICAgICAgPHAgY2xhc3M9Im5hc2xvdi1uYWJyYWphbmplIj48c3BhbiBjbGFzcz0iYnJvaiI+NS48L3NwYW4+IENpc3RlOjwvcD4KICAgICAgICAgICAgPHA+RHVib2tlLCB1cGFsamVuZSBsZXppamUgaXNwdW5qZW5lIGdub2plbS4gQ2lzdGUgc3Ugb2JpxI1ubyB2ZWPMgWUgb2Qgbm9kdWxhIGkgbW9ndSBvc3Rhdml0aSBvxb5pbGprZS4gPC9wPgogICAgICAgIDwvZGl2PgogICAgICAgIDxkaXYgY2xhc3M9ImlubmVyLW5hYnJhamFuamUiPgogICAgICAgICAgICA8cCBjbGFzcz0ibmFzbG92LW5hYnJhamFuamUiPjxzcGFuIGNsYXNzPSJicm9qIj42Ljwvc3Bhbj4gUm96YWNlYSBha25lIChSb3phY2VhKTo8L3A+CiAgICAgICAgICAgIDxwPk92byBqZSBocm9uacSNbm8gc3RhbmplIGtvxb5lIGtvamUgbW\/FvmUgaXphenZhdGkgY3J2ZW5pbG8sIHZpZGxqaXZlIGtydm5lIHN1ZG92ZSwgaXpib8SNaW5lIGkgcHVzdHVsZSBuYSBsaWN1LiBJYWtvIHNlIMSNZXN0byBtZcWhYWp1IHNhIGFrbmFtYSwgcmF6bGlrdWp1IHNlIHBvIHN2b2ppbSBrYXJha3RlcmlzdGlrYW1hLiA8L3A+CiAgICAgICAgPC9kaXY+CiAgICA8L2Rpdj4KICAgIDxkaXYgY2xhc3M9ImtvbG9uYS1kZXNubyI+CiAgICAgICAgPGRpdiBjbGFzcz0iaW5uZXItbmFicmFqYW5qZSI+CiAgICAgICAgICAgIDxwIGNsYXNzPSJuYXNsb3YtbmFicmFqYW5qZSI+PHNwYW4gY2xhc3M9ImJyb2oiPjcuPC9zcGFuPiBLZWxvaWRuZSBha25lIChLZWxvaWRhbGlzIE51Y2hhZSk6PC9wPgogICAgICAgICAgICA8cD5PdmEgdnJzdGEgYWtuaSBzZSBqYXZsamEgbmEgdnJhdHUgaSBwb3RpbGprdSBpIGthcmFrdGVyacWhZSBpaCB2ZWxpa2ksIHR2cmRpIMSNdm9yb3ZpIGkgb8W+aWxqY2kuPGJyPjxicj48L3A+CiAgICAgICAgPC9kaXY+CiAgICAgICAgPGRpdiBjbGFzcz0iaW5uZXItbmFicmFqYW5qZSI+CiAgICAgICAgICAgIDxwIGNsYXNzPSJuYXNsb3YtbmFicmFqYW5qZSI+PHNwYW4gY2xhc3M9ImJyb2oiPjguPC9zcGFuPiBGdWxtaW5hbnMgYWtuZSAoRnVsbWluYW5zKTo8L3A+CiAgICAgICAgICAgIDxwPk92byBqZSByZXRrYSBpIHRlxaFrYSBmb3JtYSBha25pIGtvanUga2FyYWt0ZXJpxaFlIGl6bmVuYWRuYSBwb2phdmEgdmVsaWtpaCDEjWlyZXZhLCBncm96bmljYSBpIGJvbG5pIHpnbG9ib3ZpLiBPYmnEjW5vIHphaHRldmEgYWdyZXNpdmFuIHRyZXRtYW4uIDwvcD4KICAgICAgICA8L2Rpdj4KICAgICAgICA8ZGl2IGNsYXNzPSJpbm5lci1uYWJyYWphbmplIj4KICAgICAgICAgICAgPHAgY2xhc3M9Im5hc2xvdi1uYWJyYWphbmplIj48c3BhbiBjbGFzcz0iYnJvaiI+OS48L3NwYW4+IE1laGFuacSNa2UgYWtuZSAoTWVjaGFuaWNhKTo8L3A+CiAgICAgICAgICAgIDxwPk92YSB2cnN0YSBha25pIG5hc3RhamUgdXNsZWQgdHJlbmphIGlsaSBwcml0aXNrYSBuYSBrb8W+dSwgxI1lc3RvIHpib2cgbm\/FoWVuamEgdXNrZSBvZGVjzIFlIGlsaSB6YcWhdGl0bmUgb3ByZW1lLjwvcD4KICAgICAgICA8L2Rpdj4KICAgICAgICA8ZGl2IGNsYXNzPSJpbm5lci1uYWJyYWphbmplIj4KICAgICAgICAgICAgPHAgY2xhc3M9Im5hc2xvdi1uYWJyYWphbmplIj48c3BhbiBjbGFzcz0iYnJvaiI+MTAuPC9zcGFuPiBOZW9uYXRhbG5lIGFrbmUgKE5lb25hdG9ydW0pOjwvcD4KICAgICAgICAgICAgPHA+VG8gc3UgYWtuZSBrb2plIHNlIGphdmxqYWp1IGtvZCBub3Zvcm\/EkWVuxI1hZGksIG5hasSNZcWhY8yBZSB1IHBydm9tIG1lc2VjdSDFvml2b3RhLiBPYmnEjW5vIHN1IGJsYWdpIGkgcHJpdnJlbWVuaS4gPC9wPgogICAgICAgIDwvZGl2PgogICAgICAgIDxkaXYgY2xhc3M9Inphb2tydXplbm8iPgogICAgICAgICAgICA8cD5WYcW+bm8gamUgbmFwb21lbnV0aSBkYSB0ZcW+aW5hIGFrbmkgbW\/FvmUgdmFyaXJhdGkgb2QgYmxhZ2UgZG8gdGXFoWtlLCBhIG9kZ292YXJhanVjzIFpIHRyZXRtYW5pIHphdmlzZSBvZCB2cnN0ZSBpIHRlxb5pbmUgYWtuaS4gQWtvIGltYXRlIHByb2JsZW1hIHNhIGFrbmFtYSwgcHJlcG9ydcSNbGppdm8gamUgZGEgc2Uga29uc3VsdHVqZXRlIHNhIHN0cnXEjW5qYWtvbSB6YSBuZWd1IGtvxb5lIMWhdG8gamUgcHJlIG1vZ3VjzIFlIGtha28gYmlzdGUgZG9iaWxpIG9kZ292YXJhanVjzIFpIHRyZXRtYW4gaSBuZWd1LiA8L3A+CiAgICAgICAgPC9kaXY+CiAgICA8L2Rpdj4KPC9kaXY+[\/vc_raw_html][\/vc_column][\/vc_row][vc_row el_class=&#8220;single-block-row&#8220; woodmart_css_id=&#8220;654cd0269d519&#8243; responsive_spacing=&#8220;eyJwYXJhbV90eXBlIjoid29vZG1hcnRfcmVzcG9uc2l2ZV9zcGFjaW5nIiwic2VsZWN0b3JfaWQiOiI2NTRjZDAyNjlkNTE5Iiwic2hvcnRjb2RlIjoidmNfcm93IiwiZGF0YSI6eyJ0YWJsZXQiOnt9LCJtb2JpbGUiOnt9fX0=&#8220; mobile_bg_img_hidden=&#8220;no&#8220; tablet_bg_img_hidden=&#8220;no&#8220; woodmart_parallax=&#8220;0&#8243; woodmart_gradient_switch=&#8220;no&#8220; woodmart_box_shadow=&#8220;no&#8220; wd_z_index=&#8220;no&#8220; woodmart_disable_overflow=&#8220;0&#8243; row_reverse_mobile=&#8220;0&#8243; row_reverse_tablet=&#8220;0&#8243;][vc_column][vc_column_text woodmart_inline=&#8220;no&#8220; text_larger=&#8220;no&#8220;]<\/p>\n<h4>Nakon tretmana trajne \u0161minke, od nas c\u0301ete dobiti na poklon kremu After Care, zajedno sa uputstvima za After Care.<br \/>\nImajte na umu da nakon tretmana izbegavate odlazak u solarijum ili sun\u010danje&#8230;<\/h4>\n<p>[\/vc_column_text][\/vc_column][\/vc_row][vc_row full_width=&#8220;stretch_row&#8220; el_class=&#8220;testimonials-red&#8220; css=&#8220;.vc_custom_1699371591429{background-image: url(https:\/\/www.kosmetiksalon-lushezy.at\/wp-content\/uploads\/2023\/11\/Adrianna-Lushezy-Blue-Background.jpg?id=69) !important;background-position: center !important;background-repeat: no-repeat !important;background-size: cover !important;}&#8220; woodmart_css_id=&#8220;654a5a258b98f&#8220; responsive_spacing=&#8220;eyJwYXJhbV90eXBlIjoid29vZG1hcnRfcmVzcG9uc2l2ZV9zcGFjaW5nIiwic2VsZWN0b3JfaWQiOiI2NTRhNWEyNThiOThmIiwic2hvcnRjb2RlIjoidmNfcm93IiwiZGF0YSI6eyJ0YWJsZXQiOnt9LCJtb2JpbGUiOnt9fX0=&#8220; mobile_bg_img_hidden=&#8220;no&#8220; tablet_bg_img_hidden=&#8220;no&#8220; woodmart_parallax=&#8220;0&#8243; woodmart_gradient_switch=&#8220;no&#8220; woodmart_box_shadow=&#8220;no&#8220; wd_z_index=&#8220;no&#8220; woodmart_disable_overflow=&#8220;0&#8243; row_reverse_mobile=&#8220;0&#8243; row_reverse_tablet=&#8220;0&#8243;][vc_column width=&#8220;1\/2&#8243;][vc_column_text woodmart_inline=&#8220;no&#8220; text_larger=&#8220;no&#8220; el_class=&#8220;testimonials-tb&#8220;]<\/p>\n<h4 class=\"veci\">Srec\u0301ni klijenti i <span class=\"flexed-testimonials\">Sjajni rezultati<\/span><\/h4>\n<p>Pridru\u017eite nam se na putovanju kroz svedo\u010danstva ispunjena rado\u0161c\u0301u na\u0161ih zadovoljnih klijenata, otkrivajuc\u0301i istinsku srec\u0301u i blistave rezultate koji ilustruju na\u0161u posvec\u0301enost pru\u017eanju izuzetnih lepotnih iskustava.[\/vc_column_text][\/vc_column][vc_column width=&#8220;1\/2&#8243;][vc_raw_html]W3RydXN0aW5kZXggbm8tcmVnaXN0cmF0aW9uPSJnb29nbGUiXQ==[\/vc_raw_html][\/vc_column][\/vc_row]<\/p>\n<\/div>","protected":false},"excerpt":{"rendered":"<p>Kontura &#8211; Pigmentacija usana se izvodi na na\u010din da se iscrtava samo kontura usana ili se boji celokupna povr\u0161ina usana. Ova tretman se posebno preporu\u010duje osobama sa tankim ili bledim usnama, kao i onima sa nesimetri\u010dnim usnama. Proces pigmentacije usana vizuelno pove\u0107ava veli\u010dinu i simetriju usana, pobolj\u0161avaju\u0107i njihov oblik. <\/p>\n<ul class=\"price\">\n<li>Okvir konture usana: <span class=\"mini-price\">220\u20ac<\/span><\/li>\n<li>Korekcija: <span class=\"mini-price\">120\u20ac<\/span><\/li>\n<\/ul>\n[bookly-form category_id=\"25\" hide=\"staff_members,week_days,time_range\"]\n","protected":false},"featured_media":1159,"template":"","meta":[],"product_cat":[136],"product_tag":[],"class_list":{"0":"post-1446","1":"product","2":"type-product","3":"status-publish","4":"has-post-thumbnail","6":"product_cat-trajna-sminka","8":"first","9":"instock","10":"shipping-taxable","11":"purchasable","12":"product-type-simple"},"yoast_head":"<!-- This site is optimized with the Yoast SEO plugin v23.3 - https:\/\/yoast.com\/wordpress\/plugins\/seo\/ -->\n<title>Okvir konture usana | Adrianna Lushezy<\/title>\n<meta name=\"description\" content=\"Proces pigmentacije usana vizuelno povec\u0301ava veli\u010dinu i simetriju usana, pobolj\u0161avajuc\u0301i njihov oblik. Pigmentacija se mo\u017ee uraditi na na\u010din da...\" \/>\n<meta name=\"robots\" content=\"index, follow, max-snippet:-1, max-image-preview:large, max-video-preview:-1\" \/>\n<link rel=\"canonical\" href=\"https:\/\/www.kosmetiksalon-lushezy.at\/sr\/\u043f\u0440\u043e\u0438\u0437\u0432\u043e\u0434\/okvir-konture-usana\/\" \/>\n<meta property=\"og:locale\" content=\"sr_RS\" \/>\n<meta property=\"og:type\" content=\"article\" \/>\n<meta property=\"og:title\" content=\"Okvir konture usana | Adrianna Lushezy\" \/>\n<meta property=\"og:description\" content=\"Proces pigmentacije usana vizuelno povec\u0301ava veli\u010dinu i simetriju usana, pobolj\u0161avajuc\u0301i njihov oblik. Pigmentacija se mo\u017ee uraditi na na\u010din da...\" \/>\n<meta property=\"og:url\" content=\"https:\/\/www.kosmetiksalon-lushezy.at\/sr\/\u043f\u0440\u043e\u0438\u0437\u0432\u043e\u0434\/okvir-konture-usana\/\" \/>\n<meta property=\"og:site_name\" content=\"Adrianna Lushezy\" \/>\n<meta property=\"article:publisher\" content=\"https:\/\/www.facebook.com\/pmu.adrianna.lushezy\/\" \/>\n<meta property=\"article:modified_time\" content=\"2024-10-24T13:16:34+00:00\" \/>\n<meta property=\"og:image\" content=\"https:\/\/www.kosmetiksalon-lushezy.at\/wp-content\/uploads\/2023\/11\/Adrianna-Lushezy-Permanent-Make-Up-Lips-Contour-Outline-03.jpg\" \/>\n\t<meta property=\"og:image:width\" content=\"1080\" \/>\n\t<meta property=\"og:image:height\" content=\"1080\" \/>\n\t<meta property=\"og:image:type\" content=\"image\/jpeg\" \/>\n<meta name=\"twitter:card\" content=\"summary_large_image\" \/>\n<meta name=\"twitter:label1\" content=\"\u041f\u0440\u043e\u0446\u0435\u045a\u0435\u043d\u043e \u0432\u0440\u0435\u043c\u0435 \u0447\u0438\u0442\u0430\u045a\u0430\" \/>\n\t<meta name=\"twitter:data1\" content=\"5 \u043c\u0438\u043d\u0443\u0442\u0430\" \/>\n<script type=\"application\/ld+json\" class=\"yoast-schema-graph\">{\"@context\":\"https:\/\/schema.org\",\"@graph\":[{\"@type\":\"WebPage\",\"@id\":\"https:\/\/www.kosmetiksalon-lushezy.at\/sr\/\u043f\u0440\u043e\u0438\u0437\u0432\u043e\u0434\/okvir-konture-usana\/\",\"url\":\"https:\/\/www.kosmetiksalon-lushezy.at\/sr\/\u043f\u0440\u043e\u0438\u0437\u0432\u043e\u0434\/okvir-konture-usana\/\",\"name\":\"Okvir konture usana | Adrianna Lushezy\",\"isPartOf\":{\"@id\":\"https:\/\/www.kosmetiksalon-lushezy.at\/#website\"},\"primaryImageOfPage\":{\"@id\":\"https:\/\/www.kosmetiksalon-lushezy.at\/sr\/\u043f\u0440\u043e\u0438\u0437\u0432\u043e\u0434\/okvir-konture-usana\/#primaryimage\"},\"image\":{\"@id\":\"https:\/\/www.kosmetiksalon-lushezy.at\/sr\/\u043f\u0440\u043e\u0438\u0437\u0432\u043e\u0434\/okvir-konture-usana\/#primaryimage\"},\"thumbnailUrl\":\"https:\/\/www.kosmetiksalon-lushezy.at\/wp-content\/uploads\/2023\/11\/Adrianna-Lushezy-Permanent-Make-Up-Lips-Contour-Outline-03.jpg\",\"datePublished\":\"2023-11-06T13:11:05+00:00\",\"dateModified\":\"2024-10-24T13:16:34+00:00\",\"description\":\"Proces pigmentacije usana vizuelno povec\u0301ava veli\u010dinu i simetriju usana, pobolj\u0161avajuc\u0301i njihov oblik. Pigmentacija se mo\u017ee uraditi na na\u010din da...\",\"breadcrumb\":{\"@id\":\"https:\/\/www.kosmetiksalon-lushezy.at\/sr\/\u043f\u0440\u043e\u0438\u0437\u0432\u043e\u0434\/okvir-konture-usana\/#breadcrumb\"},\"inLanguage\":\"sr-RS\",\"potentialAction\":[{\"@type\":\"ReadAction\",\"target\":[\"https:\/\/www.kosmetiksalon-lushezy.at\/sr\/\u043f\u0440\u043e\u0438\u0437\u0432\u043e\u0434\/okvir-konture-usana\/\"]}]},{\"@type\":\"ImageObject\",\"inLanguage\":\"sr-RS\",\"@id\":\"https:\/\/www.kosmetiksalon-lushezy.at\/sr\/\u043f\u0440\u043e\u0438\u0437\u0432\u043e\u0434\/okvir-konture-usana\/#primaryimage\",\"url\":\"https:\/\/www.kosmetiksalon-lushezy.at\/wp-content\/uploads\/2023\/11\/Adrianna-Lushezy-Permanent-Make-Up-Lips-Contour-Outline-03.jpg\",\"contentUrl\":\"https:\/\/www.kosmetiksalon-lushezy.at\/wp-content\/uploads\/2023\/11\/Adrianna-Lushezy-Permanent-Make-Up-Lips-Contour-Outline-03.jpg\",\"width\":1080,\"height\":1080},{\"@type\":\"BreadcrumbList\",\"@id\":\"https:\/\/www.kosmetiksalon-lushezy.at\/sr\/\u043f\u0440\u043e\u0438\u0437\u0432\u043e\u0434\/okvir-konture-usana\/#breadcrumb\",\"itemListElement\":[{\"@type\":\"ListItem\",\"position\":1,\"name\":\"Home\",\"item\":\"https:\/\/www.kosmetiksalon-lushezy.at\/sr\/\"},{\"@type\":\"ListItem\",\"position\":2,\"name\":\"Shop\",\"item\":\"https:\/\/www.kosmetiksalon-lushezy.at\/sr\/shop\/\"},{\"@type\":\"ListItem\",\"position\":3,\"name\":\"Okvir konture usana\"}]},{\"@type\":\"WebSite\",\"@id\":\"https:\/\/www.kosmetiksalon-lushezy.at\/#website\",\"url\":\"https:\/\/www.kosmetiksalon-lushezy.at\/\",\"name\":\"Adrianna Lushezy\",\"description\":\"Cosmetic, Permanent Make-up and Academy\",\"publisher\":{\"@id\":\"https:\/\/www.kosmetiksalon-lushezy.at\/#organization\"},\"potentialAction\":[{\"@type\":\"SearchAction\",\"target\":{\"@type\":\"EntryPoint\",\"urlTemplate\":\"https:\/\/www.kosmetiksalon-lushezy.at\/?s={search_term_string}\"},\"query-input\":\"required name=search_term_string\"}],\"inLanguage\":\"sr-RS\"},{\"@type\":\"Organization\",\"@id\":\"https:\/\/www.kosmetiksalon-lushezy.at\/#organization\",\"name\":\"Adrianna Lushezy\",\"url\":\"https:\/\/www.kosmetiksalon-lushezy.at\/\",\"logo\":{\"@type\":\"ImageObject\",\"inLanguage\":\"sr-RS\",\"@id\":\"https:\/\/www.kosmetiksalon-lushezy.at\/#\/schema\/logo\/image\/\",\"url\":\"https:\/\/www.kosmetiksalon-lushezy.at\/wp-content\/uploads\/2023\/11\/Adrianna-Lushezy-Favicon.png\",\"contentUrl\":\"https:\/\/www.kosmetiksalon-lushezy.at\/wp-content\/uploads\/2023\/11\/Adrianna-Lushezy-Favicon.png\",\"width\":64,\"height\":60,\"caption\":\"Adrianna Lushezy\"},\"image\":{\"@id\":\"https:\/\/www.kosmetiksalon-lushezy.at\/#\/schema\/logo\/image\/\"},\"sameAs\":[\"https:\/\/www.facebook.com\/pmu.adrianna.lushezy\/\",\"https:\/\/www.instagram.com\/adrianna_lushezy\/\"]}]}<\/script>\n<!-- \/ Yoast SEO plugin. -->","yoast_head_json":{"title":"Okvir konture usana | Adrianna Lushezy","description":"Proces pigmentacije usana vizuelno povec\u0301ava veli\u010dinu i simetriju usana, pobolj\u0161avajuc\u0301i njihov oblik. Pigmentacija se mo\u017ee uraditi na na\u010din da...","robots":{"index":"index","follow":"follow","max-snippet":"max-snippet:-1","max-image-preview":"max-image-preview:large","max-video-preview":"max-video-preview:-1"},"canonical":"https:\/\/www.kosmetiksalon-lushezy.at\/sr\/\u043f\u0440\u043e\u0438\u0437\u0432\u043e\u0434\/okvir-konture-usana\/","og_locale":"sr_RS","og_type":"article","og_title":"Okvir konture usana | Adrianna Lushezy","og_description":"Proces pigmentacije usana vizuelno povec\u0301ava veli\u010dinu i simetriju usana, pobolj\u0161avajuc\u0301i njihov oblik. Pigmentacija se mo\u017ee uraditi na na\u010din da...","og_url":"https:\/\/www.kosmetiksalon-lushezy.at\/sr\/\u043f\u0440\u043e\u0438\u0437\u0432\u043e\u0434\/okvir-konture-usana\/","og_site_name":"Adrianna Lushezy","article_publisher":"https:\/\/www.facebook.com\/pmu.adrianna.lushezy\/","article_modified_time":"2024-10-24T13:16:34+00:00","og_image":[{"width":1080,"height":1080,"url":"https:\/\/www.kosmetiksalon-lushezy.at\/wp-content\/uploads\/2023\/11\/Adrianna-Lushezy-Permanent-Make-Up-Lips-Contour-Outline-03.jpg","type":"image\/jpeg"}],"twitter_card":"summary_large_image","twitter_misc":{"\u041f\u0440\u043e\u0446\u0435\u045a\u0435\u043d\u043e \u0432\u0440\u0435\u043c\u0435 \u0447\u0438\u0442\u0430\u045a\u0430":"5 \u043c\u0438\u043d\u0443\u0442\u0430"},"schema":{"@context":"https:\/\/schema.org","@graph":[{"@type":"WebPage","@id":"https:\/\/www.kosmetiksalon-lushezy.at\/sr\/\u043f\u0440\u043e\u0438\u0437\u0432\u043e\u0434\/okvir-konture-usana\/","url":"https:\/\/www.kosmetiksalon-lushezy.at\/sr\/\u043f\u0440\u043e\u0438\u0437\u0432\u043e\u0434\/okvir-konture-usana\/","name":"Okvir konture usana | Adrianna Lushezy","isPartOf":{"@id":"https:\/\/www.kosmetiksalon-lushezy.at\/#website"},"primaryImageOfPage":{"@id":"https:\/\/www.kosmetiksalon-lushezy.at\/sr\/\u043f\u0440\u043e\u0438\u0437\u0432\u043e\u0434\/okvir-konture-usana\/#primaryimage"},"image":{"@id":"https:\/\/www.kosmetiksalon-lushezy.at\/sr\/\u043f\u0440\u043e\u0438\u0437\u0432\u043e\u0434\/okvir-konture-usana\/#primaryimage"},"thumbnailUrl":"https:\/\/www.kosmetiksalon-lushezy.at\/wp-content\/uploads\/2023\/11\/Adrianna-Lushezy-Permanent-Make-Up-Lips-Contour-Outline-03.jpg","datePublished":"2023-11-06T13:11:05+00:00","dateModified":"2024-10-24T13:16:34+00:00","description":"Proces pigmentacije usana vizuelno povec\u0301ava veli\u010dinu i simetriju usana, pobolj\u0161avajuc\u0301i njihov oblik. Pigmentacija se mo\u017ee uraditi na na\u010din da...","breadcrumb":{"@id":"https:\/\/www.kosmetiksalon-lushezy.at\/sr\/\u043f\u0440\u043e\u0438\u0437\u0432\u043e\u0434\/okvir-konture-usana\/#breadcrumb"},"inLanguage":"sr-RS","potentialAction":[{"@type":"ReadAction","target":["https:\/\/www.kosmetiksalon-lushezy.at\/sr\/\u043f\u0440\u043e\u0438\u0437\u0432\u043e\u0434\/okvir-konture-usana\/"]}]},{"@type":"ImageObject","inLanguage":"sr-RS","@id":"https:\/\/www.kosmetiksalon-lushezy.at\/sr\/\u043f\u0440\u043e\u0438\u0437\u0432\u043e\u0434\/okvir-konture-usana\/#primaryimage","url":"https:\/\/www.kosmetiksalon-lushezy.at\/wp-content\/uploads\/2023\/11\/Adrianna-Lushezy-Permanent-Make-Up-Lips-Contour-Outline-03.jpg","contentUrl":"https:\/\/www.kosmetiksalon-lushezy.at\/wp-content\/uploads\/2023\/11\/Adrianna-Lushezy-Permanent-Make-Up-Lips-Contour-Outline-03.jpg","width":1080,"height":1080},{"@type":"BreadcrumbList","@id":"https:\/\/www.kosmetiksalon-lushezy.at\/sr\/\u043f\u0440\u043e\u0438\u0437\u0432\u043e\u0434\/okvir-konture-usana\/#breadcrumb","itemListElement":[{"@type":"ListItem","position":1,"name":"Home","item":"https:\/\/www.kosmetiksalon-lushezy.at\/sr\/"},{"@type":"ListItem","position":2,"name":"Shop","item":"https:\/\/www.kosmetiksalon-lushezy.at\/sr\/shop\/"},{"@type":"ListItem","position":3,"name":"Okvir konture usana"}]},{"@type":"WebSite","@id":"https:\/\/www.kosmetiksalon-lushezy.at\/#website","url":"https:\/\/www.kosmetiksalon-lushezy.at\/","name":"Adrianna Lushezy","description":"Cosmetic, Permanent Make-up and Academy","publisher":{"@id":"https:\/\/www.kosmetiksalon-lushezy.at\/#organization"},"potentialAction":[{"@type":"SearchAction","target":{"@type":"EntryPoint","urlTemplate":"https:\/\/www.kosmetiksalon-lushezy.at\/?s={search_term_string}"},"query-input":"required name=search_term_string"}],"inLanguage":"sr-RS"},{"@type":"Organization","@id":"https:\/\/www.kosmetiksalon-lushezy.at\/#organization","name":"Adrianna Lushezy","url":"https:\/\/www.kosmetiksalon-lushezy.at\/","logo":{"@type":"ImageObject","inLanguage":"sr-RS","@id":"https:\/\/www.kosmetiksalon-lushezy.at\/#\/schema\/logo\/image\/","url":"https:\/\/www.kosmetiksalon-lushezy.at\/wp-content\/uploads\/2023\/11\/Adrianna-Lushezy-Favicon.png","contentUrl":"https:\/\/www.kosmetiksalon-lushezy.at\/wp-content\/uploads\/2023\/11\/Adrianna-Lushezy-Favicon.png","width":64,"height":60,"caption":"Adrianna Lushezy"},"image":{"@id":"https:\/\/www.kosmetiksalon-lushezy.at\/#\/schema\/logo\/image\/"},"sameAs":["https:\/\/www.facebook.com\/pmu.adrianna.lushezy\/","https:\/\/www.instagram.com\/adrianna_lushezy\/"]}]}},"_links":{"self":[{"href":"https:\/\/www.kosmetiksalon-lushezy.at\/sr\/wp-json\/wp\/v2\/product\/1446","targetHints":{"allow":["GET"]}}],"collection":[{"href":"https:\/\/www.kosmetiksalon-lushezy.at\/sr\/wp-json\/wp\/v2\/product"}],"about":[{"href":"https:\/\/www.kosmetiksalon-lushezy.at\/sr\/wp-json\/wp\/v2\/types\/product"}],"wp:featuredmedia":[{"embeddable":true,"href":"https:\/\/www.kosmetiksalon-lushezy.at\/sr\/wp-json\/wp\/v2\/media\/1159"}],"wp:attachment":[{"href":"https:\/\/www.kosmetiksalon-lushezy.at\/sr\/wp-json\/wp\/v2\/media?parent=1446"}],"wp:term":[{"taxonomy":"product_cat","embeddable":true,"href":"https:\/\/www.kosmetiksalon-lushezy.at\/sr\/wp-json\/wp\/v2\/product_cat?post=1446"},{"taxonomy":"product_tag","embeddable":true,"href":"https:\/\/www.kosmetiksalon-lushezy.at\/sr\/wp-json\/wp\/v2\/product_tag?post=1446"}],"curies":[{"name":"wp","href":"https:\/\/api.w.org\/{rel}","templated":true}]}}