{"id":1445,"date":"2023-11-06T13:55:07","date_gmt":"2023-11-06T12:55:07","guid":{"rendered":"https:\/\/www.kosmetiksalon-lushezy.at\/product\/kombo-obrve\/"},"modified":"2024-10-24T14:51:55","modified_gmt":"2024-10-24T12:51:55","slug":"kombo-obrve","status":"publish","type":"product","link":"https:\/\/www.kosmetiksalon-lushezy.at\/sr\/\u043f\u0440\u043e\u0438\u0437\u0432\u043e\u0434\/kombo-obrve\/","title":{"rendered":"Kombo obrve"},"content":{"rendered":"<div class=\"wpb-content-wrapper\"><p>[vc_row full_width=&#8220;stretch_row&#8220; css=&#8220;.vc_custom_1699454323630{background-image: url(https:\/\/www.kosmetiksalon-lushezy.at\/wp-content\/uploads\/2023\/11\/Adrianna-Lushezy-Blue-Background.jpg?id=69) !important;background-position: center !important;background-repeat: no-repeat !important;background-size: cover !important;}&#8220; woodmart_css_id=&#8220;654b9d6ad4292&#8243; responsive_spacing=&#8220;eyJwYXJhbV90eXBlIjoid29vZG1hcnRfcmVzcG9uc2l2ZV9zcGFjaW5nIiwic2VsZWN0b3JfaWQiOiI2NTRiOWQ2YWQ0MjkyIiwic2hvcnRjb2RlIjoidmNfcm93IiwiZGF0YSI6eyJ0YWJsZXQiOnt9LCJtb2JpbGUiOnt9fX0=&#8220; mobile_bg_img_hidden=&#8220;no&#8220; tablet_bg_img_hidden=&#8220;no&#8220; woodmart_parallax=&#8220;0&#8243; woodmart_gradient_switch=&#8220;no&#8220; woodmart_box_shadow=&#8220;no&#8220; wd_z_index=&#8220;no&#8220; woodmart_disable_overflow=&#8220;0&#8243; row_reverse_mobile=&#8220;0&#8243; row_reverse_tablet=&#8220;0&#8243; el_class=&#8220;product-blue-row&#8220;][vc_column][vc_column_text woodmart_inline=&#8220;no&#8220; text_larger=&#8220;no&#8220; el_class=&#8220;inner-tb&#8220;]<\/p>\n<p class=\"iznad-naslova\" style=\"text-align: center;\">Pro\u010ditaj vi\u0161e<\/p>\n<h2 style=\"text-align: center;\">Kombo obrve<\/h2>\n<p style=\"text-align: center;\">Ova obrada se visoko preporu\u010duje osobama sa tankim ili neoblikovanim obrvama, kao i za one koji nemaju obrve ili imaju nesimetri\u010dne obrve. Tehnika Powder Brow je metoda trajnog makeup-a gde se pa\u017eljivo nanose male ta\u010dkice boje na ko\u017eu kako bi se postigao prirodan izgled pudera ili sen\u010denja. <\/p>\n<p style=\"text-align: center;\">Psihologija boja, oblika, boje i gustine lukova moraju se pa\u017eljivo birati kako bi se obrve u\u010dinile \u0161to prirodnijim i lep\u0161im.<\/p>\n<p style=\"text-align: center;\">Krajnji rezultat izgleda 100% prirodno.<\/p>\n<p style=\"text-align: center;\">\u0160tedite vreme na nepotrebnom svakodnevnom \u0161minkanju.<\/p>\n<p>[\/vc_column_text][\/vc_column][\/vc_row][vc_row][vc_column][vc_raw_html]PGRpdiBjbGFzcz0ib21vdGFjLW5hYnJhamFuamEtcHJvZHVjdCBvbW90YWMtbmFicmFqYW5qYS1wcm9kdWN0LWNvbHVtbiI+CiAgICA8ZGl2IGNsYXNzPSJrb2xvbmEtbGV2byI+CiAgICAgICAgPGRpdiBjbGFzcz0iaW5uZXItbmFicmFqYW5qZSI+CiAgICAgICAgICAgIDxwIGNsYXNzPSJuYXNsb3YtbmFicmFqYW5qZSI+PHNwYW4gY2xhc3M9ImJyb2oiPsWgdGEgamUgdHJham5hIHNtaW5rYSA8L3NwYW4+PC9wPgogICAgICAgICAgICA8cD5UcmFqbmEgc21pbmthIGplIGtvem1ldGnEjWthIHRlaG5pa2Eg4oCTIFBlbWFuZW50IE1ha2UgVXAgLHUga29qb2ogc2UgYm9qYSB1bm9zaSB1IGdvcm5qaSBzbG9qIGtvxb5lIGtha28gYmkgc2UgcG9zdGlnYW8gZHVnb3RyYWphbiBlZmVrYXQuIFRha2\/EkWUgc2UgbmF6aXZhIG1pa3JvcGlnbWVudGFjaWphLCBqZXIgc2Uga29yaXN0ZSBzaXRuZSBpZ2xlIHphIHViYWNpdmFuamUgYm9qZSB1IGtvxb51LCBzdHZhcmFqdcSHaSBpemdsZWQgxaFtaW5rZSBrb2phIGplIG5hbmVzZW5hIG5hIGtvxb51LiAgUG9kcnXEjWphIHByaW1lbmUgc3UgcmF6bm92cnNuYSBpIHVrbGp1xI11anUgb2JydmUsIGtvbnR1cmUgdXNhbmEsIG9icnZlLCB0cmVwYXZpY2UgaSBydW1lbmlsby4gPC9wPgogICAgICAgICAgICA8cD5aYSByYXpsaWt1IG9kIHRyYWRpY2lvbmFsbmUgxaFtaW5rZSwgdHJham5hIHNtaW5rYSBuZSBza2lkYSBzZSBpIG1vxb5lIHRyYWphdGkgbmVrb2xpa28gZ29kaW5hLCBtYWRhIHBvdnJlbWVubyBtb8W+ZSB6YWh0ZXZhdGkgZG9kYXRuYSBvc3Zlxb5lbmphLiBQcmVwb3J1xI11amUgc2UgZ29kacWhbmplIG9zdmXFvmVuamUgYm9qZS4gIFRlaG5pa2Egc2UgaXp2b2RpIHUgcG9zZWJubyBkaXpham5pcmFuaW0gc2Fsb25pbWEgb2Qgc3RyYW5lIG9idcSNZW5paCBwcm9mZXNpb25hbGFjYS48L3A+CiAgICAgICAgPC9kaXY+CiAgICAgICAgPGRpdiBjbGFzcz0iaW5uZXItbmFicmFqYW5qZSI+CiAgICAgICAgICAgIDxwIGNsYXNzPSJuYXNsb3YtbmFicmFqYW5qZSI+PHNwYW4gY2xhc3M9ImJyb2oiPlByb2NlcyBpenJhZGUgdHJham5lIMWhbWlua2UgLVBlcm1hbmVudCBNYWtlLVVwLWE8L3NwYW4+PC9wPgogICAgICAgICAgICA8cD5Qcm9jZXMgcG\/EjWluamUga29uc3VsdGFjaWpvbSwgdG9rb20ga29qZSBtb8W+ZXRlIHJhemdvdmFyYXRpIG8gxb5lbGplbm9tIGl6Z2xlZHUgc2EgdHJham5pbSDFoW1pbmtlcm9tLiBVbWV0bmlrIG1vxb5lIGRhdGkgcHJlcG9ydWtlIGtha28gZGEgb3B0aW1penVqZXRlIG9ibGlrIGkgYm9qdSB2YcWhaWggdXNhbmEuIFphdGltLCBwcm9jZXMgcG\/EjWluamUgbG9rYWxub20gYW5lc3Rlemlqb20ga2FrbyBiaSBzZSBzbWFuamlvIGJvbCBpIG5lbGFnb2Rub3N0LiAgPC9wPgogICAgICAgICAgICA8cD5Vc3Rhbm92bGphdmFtbyBwcm9wb3JjaWplIHVzYW5hIGkgcG9zdGnFvmVtbyBzYXZyxaFlbiBkaXpham4gdXNhbmEga29qaSB0cmViYSBkYSBwcmVnbGVkYXRlIGkgcG90dnJkaXRlLiBOYWtvbiB0b2dhIGJpcmFtbyBvZGdvdmFyYWp1Y8yBdSBib2p1IHBpZ21lbnRhIHphIHZhcyBuYSBvc25vdnUgxb5lbGplbm9nIGlzaG9kYSwgYm9qZSB2YcWhaWggdXNhbmEgaSBib2plIGtvxb5lLiAgPC9wPgogICAgICAgICAgICA8cD5Eb2JpxIdldGUgb2dsZWRhbG8gZGEgYmlzdGUgcHJlZ2xlZGFsaSBkaXpham4ga29qaSBqZSBuYWNydGFuIGthbyDFoW1pbmthLCBrYW8gaSBkYSBiaXN0ZSB2aWRlbGkgaSBwb3R2cmRpbGkgYm9qdSBwaWdtZW50YSBrb2ppIMSHZSBzZSBrb3Jpc3RpdGkgemEgdHJham5vIMWhbWlua2FuamUuPC9wPgogICAgICAgICAgICA8cD5OYWtvbiBpc2NydGF2YW5qYSBwcm9wb3JjaWplLCBJIGRvYmlqZW5vZyBzYXZyc2Vub2cgZGl6YWpuYSBvYnJ2YSAsa2\/FvmEgaSBwb2RydcSNamUgb2JydmEgc2UgZGV6aW5maWt1anUsIGEgcHJpbWVuanVqZSBzZSBhbmVzdGV0aWsga2FrbyBiaSBzZSBtaW5pbWl6aXJhbyBib2wgdG9rb20gcHJvY2VzYS4gWmF0aW0gc2UgcG9zZWJhbiBwaWdtZW50IHViYWN1amUgdSBrb8W+dSBrb3Jpc3RlxIdpIGVsZWt0cmnEjW5pIGFwYXJhdCBzYSBmaW5vbSBpZ2xvbS4gIElnbGEgc2UgbmXFvm5vIHBvbWVyYSBwcmVrbyBrb8W+ZSBrYWtvIGJpIHNlIHN0dmFyaWxlIHRhxI1raWNlIGJvamUga29qZSBzaW11bGlyYWp1IGl6Z2xlZCBwcmlyb2Rub2cgcHVkZXJhIGlsaSBzZW7EjWVuamEuIFphIGl6cmFkdSBkbGFjaWNhIGtvcmlzdGkgc2UgVS1ibGFkZS48L3A+CiAgICAgICAgICAgIDxwPlByb2NlcyBvYmnEjW5vIHRyYWplIG9rbyAyIHNhdGEgaSBtb8W+ZSB6YWh0ZXZhdGkgZHZlIGlsaSB2acWhZSBzZXNpamEga2FrbyBiaSBzZSBwb3N0aWdhbyDFvmVsamVuaSByZXp1bHRhdC4gTmFrb24gcG9zdHVwa2EsIG5hbm9zaSBzZSBrcmVtYSBuYSBvYnJ2ZS4gPC9wPgogICAgICAgIDwvZGl2PgogICAgPC9kaXY+CiAgICA8ZGl2IGNsYXNzPSJrb2xvbmEtZGVzbm8iPgogICAgICAgIDxkaXYgY2xhc3M9Inphb2tydXplbm8iPgogICAgICAgICAgICA8cD5WYcW+bm8gamUgbmFwb21lbnV0aSBkYSBib2phIG5hIG9icnZhbWEgbW\/FvmUgaXpnbGVkYXRpIGpha2EgaSBwcmlyb2RuYSB1IHBydmloIG5la29saWtvIGRhbmEgbmFrb24gdHJldG1hbmEuIE1lxJF1dGltLCBvdm8gc2UgbW\/FvmUgc21hbmppdGkgdSByb2t1IG9kIGplZG5lIGRvIGR2YSBuZWRlbGplLCDFoXRvIHJlenVsdGlyYSBwcmlyb2RuaW0gaXpnbGVkb20uIDwvcD4KICAgICAgICAgICAgPGJyPgogICAgICAgICAgICA8cD7FoHRhdmnFoWUsIHZhxb5ubyBqZSBkYSBzZSBwcmlkcsW+YXZhdGUgdXB1dHN0YXZhIHZhxaFlZyB0cmFqbm9nIMWhbWlua2VyYSBkYSBiaXN0ZSBvc2lndXJhbGkgYnJ6IHByb2NlcyB6YXJhc3RhbmphIGkgemFkb3ZvbGphdmFqdWPMgWkgaXNob2QuIFByb2NlcyB0cmFqbmUgxaFtaW5rZSBzZSBzYXN0b2ppIG9kIDIgZGVsYSBzYSBqZWRub21lc2XEjW5pbSBpbnRlcnZhbG9tLiA8L3A+CiAgICAgICAgPC9kaXY+CiAgICA8L2Rpdj4KPC9kaXY+[\/vc_raw_html][\/vc_column][\/vc_row][vc_row full_width=&#8220;stretch_row&#8220; el_class=&#8220;testimonials-red&#8220; css=&#8220;.vc_custom_1699371591429{background-image: url(https:\/\/www.kosmetiksalon-lushezy.at\/wp-content\/uploads\/2023\/11\/Adrianna-Lushezy-Blue-Background.jpg?id=69) !important;background-position: center !important;background-repeat: no-repeat !important;background-size: cover !important;}&#8220; woodmart_css_id=&#8220;654a5a258b98f&#8220; responsive_spacing=&#8220;eyJwYXJhbV90eXBlIjoid29vZG1hcnRfcmVzcG9uc2l2ZV9zcGFjaW5nIiwic2VsZWN0b3JfaWQiOiI2NTRhNWEyNThiOThmIiwic2hvcnRjb2RlIjoidmNfcm93IiwiZGF0YSI6eyJ0YWJsZXQiOnt9LCJtb2JpbGUiOnt9fX0=&#8220; mobile_bg_img_hidden=&#8220;no&#8220; tablet_bg_img_hidden=&#8220;no&#8220; woodmart_parallax=&#8220;0&#8243; woodmart_gradient_switch=&#8220;no&#8220; woodmart_box_shadow=&#8220;no&#8220; wd_z_index=&#8220;no&#8220; woodmart_disable_overflow=&#8220;0&#8243; row_reverse_mobile=&#8220;0&#8243; row_reverse_tablet=&#8220;0&#8243;][vc_column width=&#8220;1\/2&#8243;][vc_column_text woodmart_inline=&#8220;no&#8220; text_larger=&#8220;no&#8220; el_class=&#8220;testimonials-tb&#8220;]<\/p>\n<h4 class=\"veci\">Srec\u0301ni klijenti i <span class=\"flexed-testimonials\">Sjajni rezultati<\/span><\/h4>\n<p> Pridru\u017eite nam se na putovanju kroz svedo\u010danstva ispunjena rado\u0161c\u0301u na\u0161ih zadovoljnih klijenata, otkrivajuc\u0301i istinsku srec\u0301u i blistave rezultate koji ilustruju na\u0161u posvec\u0301enost pru\u017eanju izuzetnih lepotnih iskustava.[\/vc_column_text][\/vc_column][vc_column width=&#8220;1\/2&#8243;][vc_raw_html]W3RydXN0aW5kZXggbm8tcmVnaXN0cmF0aW9uPSJnb29nbGUiXQ==[\/vc_raw_html][\/vc_column][\/vc_row]<\/p>\n<\/div>","protected":false},"excerpt":{"rendered":"<p>Permanent Make-Up TEHNIKA KOMBO OBRVA je najnovija tehnika za obrve koja kombinuje tehniku Microblading-a i Powder Brow-a u jednu. Re\u010d je o polutrajnom tretmanu obrva gde se fine dla\u010dice iscrtavaju tehnikom Microblading i kombinuju sa tehnikom sen\u010denja (puder) kako bi se dodala punoc\u0301a i definicija. Ova tehnika se mo\u017ee koristiti za re\u0161avanje retkih ili neujedna\u010denih obrva, a mo\u017ee se koristiti i za pobolj\u0161anje oblika ili boje obrva. Microblading zahteva pa\u017eljivu naknadnu negu kako bi se osiguralo da iscrtane linije ostanu \u010diste i higijenske i da ko\u017ea oko obrva nikada ne postane gruba ili iritirana. Nacrtane linije c\u0301e izbledeti nakon nekoliko nedelja i zahtevac\u0301e popravku.     <\/p>\n<ul class=\"price\">\n<li>Kombo obrve: <span class=\"mini-price\">260\u20ac<\/span><\/li>\n<li>Korekcija: <span class=\"mini-price\">120\u20ac<\/span><\/li>\n<\/ul>\n[bookly-form category_id=\"20\" hide=\"staff_members,week_days,time_range\"]\n","protected":false},"featured_media":1109,"template":"","meta":[],"product_cat":[136],"product_tag":[],"class_list":{"0":"post-1445","1":"product","2":"type-product","3":"status-publish","4":"has-post-thumbnail","6":"product_cat-trajna-sminka","8":"first","9":"instock","10":"shipping-taxable","11":"purchasable","12":"product-type-simple"},"yoast_head":"<!-- This site is optimized with the Yoast SEO plugin v23.3 - https:\/\/yoast.com\/wordpress\/plugins\/seo\/ -->\n<title>Kombo obrve | Adrianna Lushezy<\/title>\n<meta name=\"description\" content=\"Permanent Make-Up TEHNIKA KOMBO OBRVA je najnovija tehnika za obrve koja kombinuje tehniku Microblading-a i Powder Brow-a u jednu.\" \/>\n<meta name=\"robots\" content=\"index, follow, max-snippet:-1, max-image-preview:large, max-video-preview:-1\" \/>\n<link rel=\"canonical\" href=\"https:\/\/www.kosmetiksalon-lushezy.at\/sr\/\u043f\u0440\u043e\u0438\u0437\u0432\u043e\u0434\/kombo-obrve\/\" \/>\n<meta property=\"og:locale\" content=\"sr_RS\" \/>\n<meta property=\"og:type\" content=\"article\" \/>\n<meta property=\"og:title\" content=\"Kombo obrve | Adrianna Lushezy\" \/>\n<meta property=\"og:description\" content=\"Permanent Make-Up TEHNIKA KOMBO OBRVA je najnovija tehnika za obrve koja kombinuje tehniku Microblading-a i Powder Brow-a u jednu.\" \/>\n<meta property=\"og:url\" content=\"https:\/\/www.kosmetiksalon-lushezy.at\/sr\/\u043f\u0440\u043e\u0438\u0437\u0432\u043e\u0434\/kombo-obrve\/\" \/>\n<meta property=\"og:site_name\" content=\"Adrianna Lushezy\" \/>\n<meta property=\"article:publisher\" content=\"https:\/\/www.facebook.com\/pmu.adrianna.lushezy\/\" \/>\n<meta property=\"article:modified_time\" content=\"2024-10-24T12:51:55+00:00\" \/>\n<meta property=\"og:image\" content=\"https:\/\/www.kosmetiksalon-lushezy.at\/wp-content\/uploads\/2023\/11\/Adrianna-Lushezy-Permanent-Make-Up-Combo-Brows-05.jpg\" \/>\n\t<meta property=\"og:image:width\" content=\"512\" \/>\n\t<meta property=\"og:image:height\" content=\"429\" \/>\n\t<meta property=\"og:image:type\" content=\"image\/jpeg\" \/>\n<meta name=\"twitter:card\" content=\"summary_large_image\" \/>\n<meta name=\"twitter:label1\" content=\"\u041f\u0440\u043e\u0446\u0435\u045a\u0435\u043d\u043e \u0432\u0440\u0435\u043c\u0435 \u0447\u0438\u0442\u0430\u045a\u0430\" \/>\n\t<meta name=\"twitter:data1\" content=\"4 \u043c\u0438\u043d\u0443\u0442\u0430\" \/>\n<script type=\"application\/ld+json\" class=\"yoast-schema-graph\">{\"@context\":\"https:\/\/schema.org\",\"@graph\":[{\"@type\":\"WebPage\",\"@id\":\"https:\/\/www.kosmetiksalon-lushezy.at\/sr\/\u043f\u0440\u043e\u0438\u0437\u0432\u043e\u0434\/kombo-obrve\/\",\"url\":\"https:\/\/www.kosmetiksalon-lushezy.at\/sr\/\u043f\u0440\u043e\u0438\u0437\u0432\u043e\u0434\/kombo-obrve\/\",\"name\":\"Kombo obrve | Adrianna Lushezy\",\"isPartOf\":{\"@id\":\"https:\/\/www.kosmetiksalon-lushezy.at\/#website\"},\"primaryImageOfPage\":{\"@id\":\"https:\/\/www.kosmetiksalon-lushezy.at\/sr\/\u043f\u0440\u043e\u0438\u0437\u0432\u043e\u0434\/kombo-obrve\/#primaryimage\"},\"image\":{\"@id\":\"https:\/\/www.kosmetiksalon-lushezy.at\/sr\/\u043f\u0440\u043e\u0438\u0437\u0432\u043e\u0434\/kombo-obrve\/#primaryimage\"},\"thumbnailUrl\":\"https:\/\/www.kosmetiksalon-lushezy.at\/wp-content\/uploads\/2023\/11\/Adrianna-Lushezy-Permanent-Make-Up-Combo-Brows-05.jpg\",\"datePublished\":\"2023-11-06T12:55:07+00:00\",\"dateModified\":\"2024-10-24T12:51:55+00:00\",\"description\":\"Permanent Make-Up TEHNIKA KOMBO OBRVA je najnovija tehnika za obrve koja kombinuje tehniku Microblading-a i Powder Brow-a u jednu.\",\"breadcrumb\":{\"@id\":\"https:\/\/www.kosmetiksalon-lushezy.at\/sr\/\u043f\u0440\u043e\u0438\u0437\u0432\u043e\u0434\/kombo-obrve\/#breadcrumb\"},\"inLanguage\":\"sr-RS\",\"potentialAction\":[{\"@type\":\"ReadAction\",\"target\":[\"https:\/\/www.kosmetiksalon-lushezy.at\/sr\/\u043f\u0440\u043e\u0438\u0437\u0432\u043e\u0434\/kombo-obrve\/\"]}]},{\"@type\":\"ImageObject\",\"inLanguage\":\"sr-RS\",\"@id\":\"https:\/\/www.kosmetiksalon-lushezy.at\/sr\/\u043f\u0440\u043e\u0438\u0437\u0432\u043e\u0434\/kombo-obrve\/#primaryimage\",\"url\":\"https:\/\/www.kosmetiksalon-lushezy.at\/wp-content\/uploads\/2023\/11\/Adrianna-Lushezy-Permanent-Make-Up-Combo-Brows-05.jpg\",\"contentUrl\":\"https:\/\/www.kosmetiksalon-lushezy.at\/wp-content\/uploads\/2023\/11\/Adrianna-Lushezy-Permanent-Make-Up-Combo-Brows-05.jpg\",\"width\":512,\"height\":429},{\"@type\":\"BreadcrumbList\",\"@id\":\"https:\/\/www.kosmetiksalon-lushezy.at\/sr\/\u043f\u0440\u043e\u0438\u0437\u0432\u043e\u0434\/kombo-obrve\/#breadcrumb\",\"itemListElement\":[{\"@type\":\"ListItem\",\"position\":1,\"name\":\"Home\",\"item\":\"https:\/\/www.kosmetiksalon-lushezy.at\/sr\/\"},{\"@type\":\"ListItem\",\"position\":2,\"name\":\"Shop\",\"item\":\"https:\/\/www.kosmetiksalon-lushezy.at\/sr\/shop\/\"},{\"@type\":\"ListItem\",\"position\":3,\"name\":\"Kombo obrve\"}]},{\"@type\":\"WebSite\",\"@id\":\"https:\/\/www.kosmetiksalon-lushezy.at\/#website\",\"url\":\"https:\/\/www.kosmetiksalon-lushezy.at\/\",\"name\":\"Adrianna Lushezy\",\"description\":\"Cosmetic, Permanent Make-up and Academy\",\"publisher\":{\"@id\":\"https:\/\/www.kosmetiksalon-lushezy.at\/#organization\"},\"potentialAction\":[{\"@type\":\"SearchAction\",\"target\":{\"@type\":\"EntryPoint\",\"urlTemplate\":\"https:\/\/www.kosmetiksalon-lushezy.at\/?s={search_term_string}\"},\"query-input\":\"required name=search_term_string\"}],\"inLanguage\":\"sr-RS\"},{\"@type\":\"Organization\",\"@id\":\"https:\/\/www.kosmetiksalon-lushezy.at\/#organization\",\"name\":\"Adrianna Lushezy\",\"url\":\"https:\/\/www.kosmetiksalon-lushezy.at\/\",\"logo\":{\"@type\":\"ImageObject\",\"inLanguage\":\"sr-RS\",\"@id\":\"https:\/\/www.kosmetiksalon-lushezy.at\/#\/schema\/logo\/image\/\",\"url\":\"https:\/\/www.kosmetiksalon-lushezy.at\/wp-content\/uploads\/2023\/11\/Adrianna-Lushezy-Favicon.png\",\"contentUrl\":\"https:\/\/www.kosmetiksalon-lushezy.at\/wp-content\/uploads\/2023\/11\/Adrianna-Lushezy-Favicon.png\",\"width\":64,\"height\":60,\"caption\":\"Adrianna Lushezy\"},\"image\":{\"@id\":\"https:\/\/www.kosmetiksalon-lushezy.at\/#\/schema\/logo\/image\/\"},\"sameAs\":[\"https:\/\/www.facebook.com\/pmu.adrianna.lushezy\/\",\"https:\/\/www.instagram.com\/adrianna_lushezy\/\"]}]}<\/script>\n<!-- \/ Yoast SEO plugin. -->","yoast_head_json":{"title":"Kombo obrve | Adrianna Lushezy","description":"Permanent Make-Up TEHNIKA KOMBO OBRVA je najnovija tehnika za obrve koja kombinuje tehniku Microblading-a i Powder Brow-a u jednu.","robots":{"index":"index","follow":"follow","max-snippet":"max-snippet:-1","max-image-preview":"max-image-preview:large","max-video-preview":"max-video-preview:-1"},"canonical":"https:\/\/www.kosmetiksalon-lushezy.at\/sr\/\u043f\u0440\u043e\u0438\u0437\u0432\u043e\u0434\/kombo-obrve\/","og_locale":"sr_RS","og_type":"article","og_title":"Kombo obrve | Adrianna Lushezy","og_description":"Permanent Make-Up TEHNIKA KOMBO OBRVA je najnovija tehnika za obrve koja kombinuje tehniku Microblading-a i Powder Brow-a u jednu.","og_url":"https:\/\/www.kosmetiksalon-lushezy.at\/sr\/\u043f\u0440\u043e\u0438\u0437\u0432\u043e\u0434\/kombo-obrve\/","og_site_name":"Adrianna Lushezy","article_publisher":"https:\/\/www.facebook.com\/pmu.adrianna.lushezy\/","article_modified_time":"2024-10-24T12:51:55+00:00","og_image":[{"width":512,"height":429,"url":"https:\/\/www.kosmetiksalon-lushezy.at\/wp-content\/uploads\/2023\/11\/Adrianna-Lushezy-Permanent-Make-Up-Combo-Brows-05.jpg","type":"image\/jpeg"}],"twitter_card":"summary_large_image","twitter_misc":{"\u041f\u0440\u043e\u0446\u0435\u045a\u0435\u043d\u043e \u0432\u0440\u0435\u043c\u0435 \u0447\u0438\u0442\u0430\u045a\u0430":"4 \u043c\u0438\u043d\u0443\u0442\u0430"},"schema":{"@context":"https:\/\/schema.org","@graph":[{"@type":"WebPage","@id":"https:\/\/www.kosmetiksalon-lushezy.at\/sr\/\u043f\u0440\u043e\u0438\u0437\u0432\u043e\u0434\/kombo-obrve\/","url":"https:\/\/www.kosmetiksalon-lushezy.at\/sr\/\u043f\u0440\u043e\u0438\u0437\u0432\u043e\u0434\/kombo-obrve\/","name":"Kombo obrve | Adrianna Lushezy","isPartOf":{"@id":"https:\/\/www.kosmetiksalon-lushezy.at\/#website"},"primaryImageOfPage":{"@id":"https:\/\/www.kosmetiksalon-lushezy.at\/sr\/\u043f\u0440\u043e\u0438\u0437\u0432\u043e\u0434\/kombo-obrve\/#primaryimage"},"image":{"@id":"https:\/\/www.kosmetiksalon-lushezy.at\/sr\/\u043f\u0440\u043e\u0438\u0437\u0432\u043e\u0434\/kombo-obrve\/#primaryimage"},"thumbnailUrl":"https:\/\/www.kosmetiksalon-lushezy.at\/wp-content\/uploads\/2023\/11\/Adrianna-Lushezy-Permanent-Make-Up-Combo-Brows-05.jpg","datePublished":"2023-11-06T12:55:07+00:00","dateModified":"2024-10-24T12:51:55+00:00","description":"Permanent Make-Up TEHNIKA KOMBO OBRVA je najnovija tehnika za obrve koja kombinuje tehniku Microblading-a i Powder Brow-a u jednu.","breadcrumb":{"@id":"https:\/\/www.kosmetiksalon-lushezy.at\/sr\/\u043f\u0440\u043e\u0438\u0437\u0432\u043e\u0434\/kombo-obrve\/#breadcrumb"},"inLanguage":"sr-RS","potentialAction":[{"@type":"ReadAction","target":["https:\/\/www.kosmetiksalon-lushezy.at\/sr\/\u043f\u0440\u043e\u0438\u0437\u0432\u043e\u0434\/kombo-obrve\/"]}]},{"@type":"ImageObject","inLanguage":"sr-RS","@id":"https:\/\/www.kosmetiksalon-lushezy.at\/sr\/\u043f\u0440\u043e\u0438\u0437\u0432\u043e\u0434\/kombo-obrve\/#primaryimage","url":"https:\/\/www.kosmetiksalon-lushezy.at\/wp-content\/uploads\/2023\/11\/Adrianna-Lushezy-Permanent-Make-Up-Combo-Brows-05.jpg","contentUrl":"https:\/\/www.kosmetiksalon-lushezy.at\/wp-content\/uploads\/2023\/11\/Adrianna-Lushezy-Permanent-Make-Up-Combo-Brows-05.jpg","width":512,"height":429},{"@type":"BreadcrumbList","@id":"https:\/\/www.kosmetiksalon-lushezy.at\/sr\/\u043f\u0440\u043e\u0438\u0437\u0432\u043e\u0434\/kombo-obrve\/#breadcrumb","itemListElement":[{"@type":"ListItem","position":1,"name":"Home","item":"https:\/\/www.kosmetiksalon-lushezy.at\/sr\/"},{"@type":"ListItem","position":2,"name":"Shop","item":"https:\/\/www.kosmetiksalon-lushezy.at\/sr\/shop\/"},{"@type":"ListItem","position":3,"name":"Kombo obrve"}]},{"@type":"WebSite","@id":"https:\/\/www.kosmetiksalon-lushezy.at\/#website","url":"https:\/\/www.kosmetiksalon-lushezy.at\/","name":"Adrianna Lushezy","description":"Cosmetic, Permanent Make-up and Academy","publisher":{"@id":"https:\/\/www.kosmetiksalon-lushezy.at\/#organization"},"potentialAction":[{"@type":"SearchAction","target":{"@type":"EntryPoint","urlTemplate":"https:\/\/www.kosmetiksalon-lushezy.at\/?s={search_term_string}"},"query-input":"required name=search_term_string"}],"inLanguage":"sr-RS"},{"@type":"Organization","@id":"https:\/\/www.kosmetiksalon-lushezy.at\/#organization","name":"Adrianna Lushezy","url":"https:\/\/www.kosmetiksalon-lushezy.at\/","logo":{"@type":"ImageObject","inLanguage":"sr-RS","@id":"https:\/\/www.kosmetiksalon-lushezy.at\/#\/schema\/logo\/image\/","url":"https:\/\/www.kosmetiksalon-lushezy.at\/wp-content\/uploads\/2023\/11\/Adrianna-Lushezy-Favicon.png","contentUrl":"https:\/\/www.kosmetiksalon-lushezy.at\/wp-content\/uploads\/2023\/11\/Adrianna-Lushezy-Favicon.png","width":64,"height":60,"caption":"Adrianna Lushezy"},"image":{"@id":"https:\/\/www.kosmetiksalon-lushezy.at\/#\/schema\/logo\/image\/"},"sameAs":["https:\/\/www.facebook.com\/pmu.adrianna.lushezy\/","https:\/\/www.instagram.com\/adrianna_lushezy\/"]}]}},"_links":{"self":[{"href":"https:\/\/www.kosmetiksalon-lushezy.at\/sr\/wp-json\/wp\/v2\/product\/1445","targetHints":{"allow":["GET"]}}],"collection":[{"href":"https:\/\/www.kosmetiksalon-lushezy.at\/sr\/wp-json\/wp\/v2\/product"}],"about":[{"href":"https:\/\/www.kosmetiksalon-lushezy.at\/sr\/wp-json\/wp\/v2\/types\/product"}],"wp:featuredmedia":[{"embeddable":true,"href":"https:\/\/www.kosmetiksalon-lushezy.at\/sr\/wp-json\/wp\/v2\/media\/1109"}],"wp:attachment":[{"href":"https:\/\/www.kosmetiksalon-lushezy.at\/sr\/wp-json\/wp\/v2\/media?parent=1445"}],"wp:term":[{"taxonomy":"product_cat","embeddable":true,"href":"https:\/\/www.kosmetiksalon-lushezy.at\/sr\/wp-json\/wp\/v2\/product_cat?post=1445"},{"taxonomy":"product_tag","embeddable":true,"href":"https:\/\/www.kosmetiksalon-lushezy.at\/sr\/wp-json\/wp\/v2\/product_tag?post=1445"}],"curies":[{"name":"wp","href":"https:\/\/api.w.org\/{rel}","templated":true}]}}