{"id":1444,"date":"2023-11-06T14:14:02","date_gmt":"2023-11-06T13:14:02","guid":{"rendered":"https:\/\/www.kosmetiksalon-lushezy.at\/product\/osvezavanje-boje\/"},"modified":"2024-10-24T14:40:44","modified_gmt":"2024-10-24T12:40:44","slug":"osvezavanje-boje","status":"publish","type":"product","link":"https:\/\/www.kosmetiksalon-lushezy.at\/sr\/\u043f\u0440\u043e\u0438\u0437\u0432\u043e\u0434\/osvezavanje-boje\/","title":{"rendered":"Osve\u017eavanje boje"},"content":{"rendered":"<div class=\"wpb-content-wrapper\"><p>[vc_row full_width=&#8220;stretch_row&#8220; css=&#8220;.vc_custom_1699454323630{background-image: url(https:\/\/www.kosmetiksalon-lushezy.at\/wp-content\/uploads\/2023\/11\/Adrianna-Lushezy-Blue-Background.jpg?id=69) !important;background-position: center !important;background-repeat: no-repeat !important;background-size: cover !important;}&#8220; woodmart_css_id=&#8220;654b9d6ad4292&#8243; responsive_spacing=&#8220;eyJwYXJhbV90eXBlIjoid29vZG1hcnRfcmVzcG9uc2l2ZV9zcGFjaW5nIiwic2VsZWN0b3JfaWQiOiI2NTRiOWQ2YWQ0MjkyIiwic2hvcnRjb2RlIjoidmNfcm93IiwiZGF0YSI6eyJ0YWJsZXQiOnt9LCJtb2JpbGUiOnt9fX0=&#8220; mobile_bg_img_hidden=&#8220;no&#8220; tablet_bg_img_hidden=&#8220;no&#8220; woodmart_parallax=&#8220;0&#8243; woodmart_gradient_switch=&#8220;no&#8220; woodmart_box_shadow=&#8220;no&#8220; wd_z_index=&#8220;no&#8220; woodmart_disable_overflow=&#8220;0&#8243; row_reverse_mobile=&#8220;0&#8243; row_reverse_tablet=&#8220;0&#8243; el_class=&#8220;product-blue-row&#8220;][vc_column][vc_column_text woodmart_inline=&#8220;no&#8220; text_larger=&#8220;no&#8220; el_class=&#8220;inner-tb&#8220;]<\/p>\n<p class=\"iznad-naslova\" style=\"text-align: center;\">Pro\u010ditaj vi\u0161e<\/p>\n<h2 style=\"text-align: center;\">Osve\u017eavanje boje stare Permanentne \u0160minke<\/h2>\n<p style=\"text-align: center;\">Osve\u017eavanje boje Permanentne \u0160minke (PMU) godi\u0161nje se smatra neophodnim iz vi\u0161e razloga:<\/p>\n<p>[\/vc_column_text][vc_raw_html]PGRpdiBjbGFzcz0ib21vdGFjLW5hYnJhamFuamEtcHJvZHVjdCI+CiAgICA8ZGl2IGNsYXNzPSJrb2xvbmEtbGV2byI+CiAgICAgICAgPGRpdiBjbGFzcz0iaW5uZXItbmFicmFqYW5qZSI+CiAgICAgICAgICAgIDxwIGNsYXNzPSJuYXNsb3YtbmFicmFqYW5qZSI+PHNwYW4gY2xhc3M9ImJyb2oiPjEuPC9zcGFuPiBCbGVkZW5qZTo8L3A+CiAgICAgICAgICAgIDxwPlZyZW1lbm9tIHBpZ21lbnRpIGtvamkgc2Uga29yaXN0ZSB1IHBvc3R1cGNpbWEgcGVybWFuZW50bmUgxaFtaW5rZSDEh2UgaXpibGVkZXRpIHpib2cgcmF6bGnEjWl0aWggZmFrdG9yYSBrYW8gxaF0byBzdSBpemxhZ2FuamUgc3VuY3UsIHJlZ2VuZXJhY2lqYSBrb8W+ZSBpIHByaXJvZGFuIHByb2NlcyBzdGFyZW5qYS48L3A+CiAgICAgICAgPC9kaXY+CiAgICAgICAgPGRpdiBjbGFzcz0iaW5uZXItbmFicmFqYW5qZSI+CiAgICAgICAgICAgIDxwIGNsYXNzPSJuYXNsb3YtbmFicmFqYW5qZSI+PHNwYW4gY2xhc3M9ImJyb2oiPjIuPC9zcGFuPiBQcmlyb2RuYSBvYm5vdmEga2\/FvmU6PC9wPgogICAgICAgICAgICA8cD5OYcWhYSBrb8W+YSBwcm9sYXppIGtyb3ogc3RhbG5pIHByb2NlcyBvYm5vdmUuIFN0YXJlIMSHZWxpamUga2\/FvmUgbmEgcG92csWhaW5pIHVtaXJ1IGkgbGp1xaF0ZSBzZSwgZG9rIHNlIGlzcG9kIGZvcm1pcmFqdSBub3ZlIMSHZWxpamUuIE92YWogcHJpcm9kbmkgcHJvY2VzIGVrc2ZvbGlqYWNpamUgbW\/FvmUgdXpyb2tvdmF0aSBzdmV0bGplbmplIFBNVSBwaWdtZW50YSB0b2tvbSB2cmVtZW5hLiAgPC9wPgogICAgICAgIDwvZGl2PgogICAgICAgIDxkaXYgY2xhc3M9ImlubmVyLW5hYnJhamFuamUiPgogICAgICAgICAgICA8cCBjbGFzcz0ibmFzbG92LW5hYnJhamFuamUiPjxzcGFuIGNsYXNzPSJicm9qIj4zLjwvc3Bhbj4gVGlwIGkgbmVnYSBrb8W+ZTo8L3A+CiAgICAgICAgICAgIDxwPlRpcG92aSBrb8W+ZSBza2xvbmkgbWHFocSHZW5qdSBpbGkga2\/FvmEga29qYSBzZSDEjWVzdG8gZWtzZm9saXJhIHRyZXRtYW5pbWEgcG9wdXQgaGVtaWpza2loIHBpbGluZ2EgaWxpIG1pa3JvZGVybW9hYnJhemlqZSwgbW9ndSBicsW+ZSBpemd1Yml0aSBQTVUuIFRha2\/EkWUsIMSNZXN0byBpemxhZ2FuamUgaGxvcnUgKHByaWxpa29tIHBsaXZhbmphKSBpbGkgc2xhbm9qIHZvZGkgdGFrb8SRZSBtb8W+ZSBpemJsZWRldGkgcGlnbWVudC4gPC9wPgogICAgICAgIDwvZGl2PgogICAgICAgIDxkaXYgY2xhc3M9ImlubmVyLW5hYnJhamFuamUiPgogICAgICAgICAgICA8cCBjbGFzcz0ibmFzbG92LW5hYnJhamFuamUiPjxzcGFuIGNsYXNzPSJicm9qIj40Ljwvc3Bhbj4gVWx0cmFsanViacSNYXN0byAoVVYpIGl6bGFnYW5qZTo8L3A+CiAgICAgICAgICAgIDxwPlN1bsSNZXZhIHN2ZXRsb3N0LCBuYXJvxI1pdG8gVVYgenJhY2ksIG1vZ3UgYnLFvmUgcmF6Z3JhZGl0aSBwaWdtZW50ZS4gSWFrbyBqZSBuZWtvIGJsZWRlbmplIG5laXpiZcW+bm8sIG9ubyBqZSBwb2phxI1hbm8gYWtvIHNlIG5lIGtvcmlzdGkgemHFoXRpdGEgb2Qgc3VuY2EuIDwvcD4KICAgICAgICA8L2Rpdj4KICAgICAgICA8ZGl2IGNsYXNzPSJpbm5lci1uYWJyYWphbmplIj4KICAgICAgICAgICAgPHAgY2xhc3M9Im5hc2xvdi1uYWJyYWphbmplIj48c3BhbiBjbGFzcz0iYnJvaiI+NS48L3NwYW4+IEV2b2x1Y2lqYSBib2plOjwvcD4KICAgICAgICAgICAgPHA+UG9uZWthZCBib2phIG1vxb5kYSBuZcSHZSBzYW1vIGl6YmxlZGV0aSwgdmXEhyBzZSBtb8W+ZSBpIGJsYWdvIHByb21lbml0aSB6Ym9nIG9zbm92bmloIHRvbm92YSBtYXN0aWxhIGkgaGVtaWplIGtvxb5lIHBvamVkaW5jYS4gTmEgcHJpbWVyLCB0ZXRvdmHFvmUgb2JydmEgbW9ndSBwb3N0YXRpIGJsYWdvIGNydmVua2FzdGUgaWxpIHBsYXZpxI1hc3RlIHRva29tIHZyZW1lbmEuIDwvcD4KICAgICAgICA8L2Rpdj4KICAgICAgICA8ZGl2IGNsYXNzPSJpbm5lci1uYWJyYWphbmplIj4KICAgICAgICAgICAgPHAgY2xhc3M9Im5hc2xvdi1uYWJyYWphbmplIj48c3BhbiBjbGFzcz0iYnJvaiI+Ni48L3NwYW4+IEHFvnVyaXJhbmkgc3RpbG92aSBpIHByZWZlcmVuY2lqZTo8L3A+CiAgICAgICAgICAgIDxwPlN0YW5kYXJkaSBsZXBvdGUgaSBsacSNbmUgcHJlZmVyZW5jaWplIHNlIHJhenZpamFqdS4gR29kacWhbmppIHBvcHJhdmNpIHBydcW+YWp1IHBvamVkaW5jaW1hIHByaWxpa3UgZGEgcHJpbGFnb2RlIG9ibGlrLCBib2p1IGlsaSBzdGlsIHN2b2plIFBNVSBrYWtvIGJpIGJvbGplIG9kZ292YXJhbGkgYWt0dWVsbmltIHRyZW5kb3ZpbWEgaWxpIHByb21lbmplbmltIHVrdXNpbWEuIDwvcD4KICAgICAgICA8L2Rpdj4KICAgIDwvZGl2PgogICAgPGRpdiBjbGFzcz0ia29sb25hLWRlc25vIj4KICAgICAgICA8ZGl2IGNsYXNzPSJpbm5lci1uYWJyYWphbmplIj4KICAgICAgICAgICAgPHAgY2xhc3M9Im5hc2xvdi1uYWJyYWphbmplIj48c3BhbiBjbGFzcz0iYnJvaiI+Ny48L3NwYW4+IE9iZXpiZcSRaXZhbmplIGphc25vxIdlIGkgZGVmaW5pY2lqZTo8L3A+CiAgICAgICAgICAgIDxwPlZyZW1lbm9tLCBsaW5pamUgUE1VIG1vZ3UgaXpndWJpdGkgc3ZvanUgb8WhdHJpbnUuIEdvZGnFoW5qaSBwb3ByYXZjaSBwb21hxb51IHUgb2Ryxb5hdmFuanUgamFzbm\/Eh2UgaSBkZWZpbmljaWplIGthcmFrdGVyaXN0aWthIHBvcHV0IGFqbGFqbmVyYSBpbGkgbGluaWphIHVzYW5hLiA8L3A+CiAgICAgICAgPC9kaXY+CiAgICAgICAgPGRpdiBjbGFzcz0iaW5uZXItbmFicmFqYW5qZSI+CiAgICAgICAgICAgIDxwIGNsYXNzPSJuYXNsb3YtbmFicmFqYW5qZSI+PHNwYW4gY2xhc3M9ImJyb2oiPjguPC9zcGFuPiBLdmFsaXRldCBwb8SNZXRub2cgcmFkYTo8L3A+CiAgICAgICAgICAgIDxwPlBvbmVrYWQga3ZhbGl0ZXQgcG\/EjWV0bmUgcHJpbWVuZSBQTVUgbmlqZSBvcHRpbWFsYW4sIGlsaSBwaWdtZW50IG1vxb5kYSBuaWplIHVuaWZvcm1ubyB6YWRyxb5hbiBuYSB0cmV0aXJhbm9tIHBvZHJ1xI1qdS4gR29kacWhbmppIHBvcHJhdmNpIG1vZ3Ugb3NpZ3VyYXRpIGRvc2xlZGFuIGkgcmF2bm9tZXJhbiBpemdsZWQuIFJlZG92bm8gb2Ryxb5hdmFuamUsIHBvcHV0IGdvZGnFoW5qZWcgb3N2ZcW+YXZhbmphIGJvamUsIG9zaWd1cmF2YSBkYSBQTVUgaXpnbGVkYSBuYWpib2xqZSBpIHByaWxhZ2\/EkWF2YSBzZSBlc3RldHNraW0gcHJlZmVyZW5jaWphbWEgcG9qZWRpbmNhLiBUbyBqZSBwcm9ha3RpdmFuIHByaXN0dXAga2FrbyBiaSBzZSBzdXByb3RzdGF2aWxpIG5laXpiZcW+bmkgZWZla3RpIHZyZW1lbmEgaSBmYWt0b3JpIGl6IG9rcnXFvmVuamEgbmEgcGlnbWVudHUuIDwvcD4KICAgICAgICA8L2Rpdj4KICAgICAgICA8ZGl2IGNsYXNzPSJpbm5lci1uYWJyYWphbmplIj4KICAgICAgICAgICAgPHAgY2xhc3M9Im5hc2xvdi1uYWJyYWphbmplIj48c3BhbiBjbGFzcz0iYnJvaiI+OS48L3NwYW4+IE5hcG9tZW5hOjwvcD4KICAgICAgICAgICAgPHA+VWtvbGlrbyBuZSByYWRpdGUgb3p2ZXphdmFuamUgYm9qZSBQZXJtYW5lbnRub2cgbWFrZS11cC1hIDEgZ29kaXNuamUsIGtha28gc2UgcHJlcG9ydWN1amUsIHZybG8gamUgbGFrbyBkYSBtb3plIGRvY2kgZG8gcHJvbWVuZSBib2plIHZhc2loIG9icnZhLCBleWVsaW5lcmEgLiBCb2phIG1vemUgcHJvbWVuaXRpIHN2b2ogdG9uIG5hIHNpdm8scGxhdm8sY3J2ZW5vIHUgemF2c2lzbm9zdGkgdmFzZWcgcG9kdG9uYSBpIHBpZ21lbnRhIHUga296aSA8L3A+CiAgICAgICAgPC9kaXY+CiAgICAgICAgPGRpdiBjbGFzcz0iemFva3J1emVubyI+CiAgICAgICAgICAgIDxwPlJlZG92bm8gb2Ryxb5hdmFuamUsIHBvcHV0IGdvZGnFoW5qZWcgb3N2ZcW+YXZhbmphIGJvamUsIG9zaWd1cmF2YSBkYSBQTVUgaXpnbGVkYSBuYWpib2xqZSBpIHByaWxhZ2\/EkWF2YSBzZSBlc3RldHNraW0gcHJlZmVyZW5jaWphbWEgcG9qZWRpbmNhLiBUbyBqZSBwcm9ha3RpdmFuIHByaXN0dXAga2FrbyBiaSBzZSBzdXByb3RzdGF2aWxpIG5laXpiZcW+bmkgZWZla3RpIHZyZW1lbmEgaSBmYWt0b3JpIGl6IG9rcnXFvmVuamEgbmEgcGlnbWVudHUuIDwvcD4KICAgICAgICAgICAgPGJyPgogICAgICAgICAgICA8cD5Va29saWtvIG5pc3RlIHBvc3RvdmFsaSB2cmVtZSB6YSBvc3ZlemF2YW5qZSBib2plIFBlcm1hbmVudG5vZyBNYWtlLVVwLWEgLCBqZWRub20gZ29kaXNuamUgaSBib2phIG9icnZhLCBleWVsaW5lcmEgLHZhbSBqZSBwb3N0YWxhIHNpdmUgLCBuYXJhbmR6YXN0YSxsaWxhLCBjcnZlbmEuLi4gdnJsbyBqZSBsYWtvIG5ldXRyYWxpemlyYXRpIGJvanUgaSB1a2xvbml0aSBuZXplbGplbmUgdG9ub3ZlLjwvcD4KICAgICAgICA8L2Rpdj4KICAgIDwvZGl2Pgo8L2Rpdj4=[\/vc_raw_html][\/vc_column][\/vc_row][vc_row el_class=&#8220;single-block-row&#8220; woodmart_css_id=&#8220;654cd0269d519&#8243; responsive_spacing=&#8220;eyJwYXJhbV90eXBlIjoid29vZG1hcnRfcmVzcG9uc2l2ZV9zcGFjaW5nIiwic2VsZWN0b3JfaWQiOiI2NTRjZDAyNjlkNTE5Iiwic2hvcnRjb2RlIjoidmNfcm93IiwiZGF0YSI6eyJ0YWJsZXQiOnt9LCJtb2JpbGUiOnt9fX0=&#8220; mobile_bg_img_hidden=&#8220;no&#8220; tablet_bg_img_hidden=&#8220;no&#8220; woodmart_parallax=&#8220;0&#8243; woodmart_gradient_switch=&#8220;no&#8220; woodmart_box_shadow=&#8220;no&#8220; wd_z_index=&#8220;no&#8220; woodmart_disable_overflow=&#8220;0&#8243; row_reverse_mobile=&#8220;0&#8243; row_reverse_tablet=&#8220;0&#8243;][vc_column][vc_column_text woodmart_inline=&#8220;no&#8220; text_larger=&#8220;no&#8220;]<\/p>\n<h4>Tokom vremena boja obrva Permanenog Make Up-a moze da se promeni u zavisnosti od vaseg podtona koze.<\/h4>\n<p> Pro\u010ditajte vi\u0161e o  <a class=\"border-bottom\" href=\"https:\/\/www.kosmetiksalon-lushezy.at\/sr\/\u043f\u0440\u043e\u0438\u0437\u0432\u043e\u0434\/neutralizacija-boje\/\">neutralizaciji<\/a>.<\/p>\n<p>[\/vc_column_text][\/vc_column][\/vc_row][vc_row full_width=&#8220;stretch_row&#8220; el_class=&#8220;testimonials-red&#8220; css=&#8220;.vc_custom_1699371591429{background-image: url(https:\/\/www.kosmetiksalon-lushezy.at\/wp-content\/uploads\/2023\/11\/Adrianna-Lushezy-Blue-Background.jpg?id=69) !important;background-position: center !important;background-repeat: no-repeat !important;background-size: cover !important;}&#8220; woodmart_css_id=&#8220;654a5a258b98f&#8220; responsive_spacing=&#8220;eyJwYXJhbV90eXBlIjoid29vZG1hcnRfcmVzcG9uc2l2ZV9zcGFjaW5nIiwic2VsZWN0b3JfaWQiOiI2NTRhNWEyNThiOThmIiwic2hvcnRjb2RlIjoidmNfcm93IiwiZGF0YSI6eyJ0YWJsZXQiOnt9LCJtb2JpbGUiOnt9fX0=&#8220; mobile_bg_img_hidden=&#8220;no&#8220; tablet_bg_img_hidden=&#8220;no&#8220; woodmart_parallax=&#8220;0&#8243; woodmart_gradient_switch=&#8220;no&#8220; woodmart_box_shadow=&#8220;no&#8220; wd_z_index=&#8220;no&#8220; woodmart_disable_overflow=&#8220;0&#8243; row_reverse_mobile=&#8220;0&#8243; row_reverse_tablet=&#8220;0&#8243;][vc_column width=&#8220;1\/2&#8243;][vc_column_text woodmart_inline=&#8220;no&#8220; text_larger=&#8220;no&#8220; el_class=&#8220;testimonials-tb&#8220;]<\/p>\n<h4 class=\"veci\">Srec\u0301ni klijenti i <span class=\"flexed-testimonials\">Sjajni rezultati<\/span><\/h4>\n<p> Pridru\u017eite nam se na putovanju kroz svedo\u010danstva ispunjena rado\u0161c\u0301u na\u0161ih zadovoljnih klijenata, otkrivajuc\u0301i istinsku srec\u0301u i blistave rezultate koji ilustruju na\u0161u posvec\u0301enost pru\u017eanju izuzetnih lepotnih iskustava.[\/vc_column_text][\/vc_column][vc_column width=&#8220;1\/2&#8243;][vc_raw_html]W3RydXN0aW5kZXggbm8tcmVnaXN0cmF0aW9uPSJnb29nbGUiXQ==[\/vc_raw_html][\/vc_column][\/vc_row]<\/p>\n<\/div>","protected":false},"excerpt":{"rendered":"<ul class=\"price\">\n<li>Korekcija: <span class=\"mini-price\">80\u20ac<\/span><\/li>\n<\/ul>\n[bookly-form category_id=\"26\" hide=\"staff_members,week_days,time_range\"]\n","protected":false},"featured_media":1167,"template":"","meta":[],"product_cat":[136],"product_tag":[],"class_list":{"0":"post-1444","1":"product","2":"type-product","3":"status-publish","4":"has-post-thumbnail","6":"product_cat-trajna-sminka","8":"first","9":"instock","10":"shipping-taxable","11":"purchasable","12":"product-type-simple"},"yoast_head":"<!-- This site is optimized with the Yoast SEO plugin v23.3 - https:\/\/yoast.com\/wordpress\/plugins\/seo\/ -->\n<title>Osve\u017eavanje boje | Adrianna Lushezy<\/title>\n<meta name=\"description\" content=\"Osve\u017eavanje boje trajne \u0161minke (PMU) godi\u0161nje se smatra neophodnim jednom godi\u0161nje iz nekoliko razloga: bledilo, prirodno obnavljanje ko\u017ee..\" \/>\n<meta name=\"robots\" content=\"index, follow, max-snippet:-1, max-image-preview:large, max-video-preview:-1\" \/>\n<link rel=\"canonical\" href=\"https:\/\/www.kosmetiksalon-lushezy.at\/sr\/\u043f\u0440\u043e\u0438\u0437\u0432\u043e\u0434\/osvezavanje-boje\/\" \/>\n<meta property=\"og:locale\" content=\"sr_RS\" \/>\n<meta property=\"og:type\" content=\"article\" \/>\n<meta property=\"og:title\" content=\"Osve\u017eavanje boje | Adrianna Lushezy\" \/>\n<meta property=\"og:description\" content=\"Osve\u017eavanje boje trajne \u0161minke (PMU) godi\u0161nje se smatra neophodnim jednom godi\u0161nje iz nekoliko razloga: bledilo, prirodno obnavljanje ko\u017ee..\" \/>\n<meta property=\"og:url\" content=\"https:\/\/www.kosmetiksalon-lushezy.at\/sr\/\u043f\u0440\u043e\u0438\u0437\u0432\u043e\u0434\/osvezavanje-boje\/\" \/>\n<meta property=\"og:site_name\" content=\"Adrianna Lushezy\" \/>\n<meta property=\"article:publisher\" content=\"https:\/\/www.facebook.com\/pmu.adrianna.lushezy\/\" \/>\n<meta property=\"article:modified_time\" content=\"2024-10-24T12:40:44+00:00\" \/>\n<meta property=\"og:image\" content=\"https:\/\/www.kosmetiksalon-lushezy.at\/wp-content\/uploads\/2023\/11\/Adrianna-Lushezy-Permanent-Make-Up-Color-Refreshing-03.jpg\" \/>\n\t<meta property=\"og:image:width\" content=\"940\" \/>\n\t<meta property=\"og:image:height\" content=\"788\" \/>\n\t<meta property=\"og:image:type\" content=\"image\/jpeg\" \/>\n<meta name=\"twitter:card\" content=\"summary_large_image\" \/>\n<meta name=\"twitter:label1\" content=\"\u041f\u0440\u043e\u0446\u0435\u045a\u0435\u043d\u043e \u0432\u0440\u0435\u043c\u0435 \u0447\u0438\u0442\u0430\u045a\u0430\" \/>\n\t<meta name=\"twitter:data1\" content=\"5 \u043c\u0438\u043d\u0443\u0442\u0430\" \/>\n<script type=\"application\/ld+json\" class=\"yoast-schema-graph\">{\"@context\":\"https:\/\/schema.org\",\"@graph\":[{\"@type\":\"WebPage\",\"@id\":\"https:\/\/www.kosmetiksalon-lushezy.at\/sr\/\u043f\u0440\u043e\u0438\u0437\u0432\u043e\u0434\/osvezavanje-boje\/\",\"url\":\"https:\/\/www.kosmetiksalon-lushezy.at\/sr\/\u043f\u0440\u043e\u0438\u0437\u0432\u043e\u0434\/osvezavanje-boje\/\",\"name\":\"Osve\u017eavanje boje | Adrianna Lushezy\",\"isPartOf\":{\"@id\":\"https:\/\/www.kosmetiksalon-lushezy.at\/#website\"},\"primaryImageOfPage\":{\"@id\":\"https:\/\/www.kosmetiksalon-lushezy.at\/sr\/\u043f\u0440\u043e\u0438\u0437\u0432\u043e\u0434\/osvezavanje-boje\/#primaryimage\"},\"image\":{\"@id\":\"https:\/\/www.kosmetiksalon-lushezy.at\/sr\/\u043f\u0440\u043e\u0438\u0437\u0432\u043e\u0434\/osvezavanje-boje\/#primaryimage\"},\"thumbnailUrl\":\"https:\/\/www.kosmetiksalon-lushezy.at\/wp-content\/uploads\/2023\/11\/Adrianna-Lushezy-Permanent-Make-Up-Color-Refreshing-03.jpg\",\"datePublished\":\"2023-11-06T13:14:02+00:00\",\"dateModified\":\"2024-10-24T12:40:44+00:00\",\"description\":\"Osve\u017eavanje boje trajne \u0161minke (PMU) godi\u0161nje se smatra neophodnim jednom godi\u0161nje iz nekoliko razloga: bledilo, prirodno obnavljanje ko\u017ee..\",\"breadcrumb\":{\"@id\":\"https:\/\/www.kosmetiksalon-lushezy.at\/sr\/\u043f\u0440\u043e\u0438\u0437\u0432\u043e\u0434\/osvezavanje-boje\/#breadcrumb\"},\"inLanguage\":\"sr-RS\",\"potentialAction\":[{\"@type\":\"ReadAction\",\"target\":[\"https:\/\/www.kosmetiksalon-lushezy.at\/sr\/\u043f\u0440\u043e\u0438\u0437\u0432\u043e\u0434\/osvezavanje-boje\/\"]}]},{\"@type\":\"ImageObject\",\"inLanguage\":\"sr-RS\",\"@id\":\"https:\/\/www.kosmetiksalon-lushezy.at\/sr\/\u043f\u0440\u043e\u0438\u0437\u0432\u043e\u0434\/osvezavanje-boje\/#primaryimage\",\"url\":\"https:\/\/www.kosmetiksalon-lushezy.at\/wp-content\/uploads\/2023\/11\/Adrianna-Lushezy-Permanent-Make-Up-Color-Refreshing-03.jpg\",\"contentUrl\":\"https:\/\/www.kosmetiksalon-lushezy.at\/wp-content\/uploads\/2023\/11\/Adrianna-Lushezy-Permanent-Make-Up-Color-Refreshing-03.jpg\",\"width\":940,\"height\":788},{\"@type\":\"BreadcrumbList\",\"@id\":\"https:\/\/www.kosmetiksalon-lushezy.at\/sr\/\u043f\u0440\u043e\u0438\u0437\u0432\u043e\u0434\/osvezavanje-boje\/#breadcrumb\",\"itemListElement\":[{\"@type\":\"ListItem\",\"position\":1,\"name\":\"Home\",\"item\":\"https:\/\/www.kosmetiksalon-lushezy.at\/sr\/\"},{\"@type\":\"ListItem\",\"position\":2,\"name\":\"Shop\",\"item\":\"https:\/\/www.kosmetiksalon-lushezy.at\/sr\/shop\/\"},{\"@type\":\"ListItem\",\"position\":3,\"name\":\"Osve\u017eavanje boje\"}]},{\"@type\":\"WebSite\",\"@id\":\"https:\/\/www.kosmetiksalon-lushezy.at\/#website\",\"url\":\"https:\/\/www.kosmetiksalon-lushezy.at\/\",\"name\":\"Adrianna Lushezy\",\"description\":\"Cosmetic, Permanent Make-up and Academy\",\"publisher\":{\"@id\":\"https:\/\/www.kosmetiksalon-lushezy.at\/#organization\"},\"potentialAction\":[{\"@type\":\"SearchAction\",\"target\":{\"@type\":\"EntryPoint\",\"urlTemplate\":\"https:\/\/www.kosmetiksalon-lushezy.at\/?s={search_term_string}\"},\"query-input\":\"required name=search_term_string\"}],\"inLanguage\":\"sr-RS\"},{\"@type\":\"Organization\",\"@id\":\"https:\/\/www.kosmetiksalon-lushezy.at\/#organization\",\"name\":\"Adrianna Lushezy\",\"url\":\"https:\/\/www.kosmetiksalon-lushezy.at\/\",\"logo\":{\"@type\":\"ImageObject\",\"inLanguage\":\"sr-RS\",\"@id\":\"https:\/\/www.kosmetiksalon-lushezy.at\/#\/schema\/logo\/image\/\",\"url\":\"https:\/\/www.kosmetiksalon-lushezy.at\/wp-content\/uploads\/2023\/11\/Adrianna-Lushezy-Favicon.png\",\"contentUrl\":\"https:\/\/www.kosmetiksalon-lushezy.at\/wp-content\/uploads\/2023\/11\/Adrianna-Lushezy-Favicon.png\",\"width\":64,\"height\":60,\"caption\":\"Adrianna Lushezy\"},\"image\":{\"@id\":\"https:\/\/www.kosmetiksalon-lushezy.at\/#\/schema\/logo\/image\/\"},\"sameAs\":[\"https:\/\/www.facebook.com\/pmu.adrianna.lushezy\/\",\"https:\/\/www.instagram.com\/adrianna_lushezy\/\"]}]}<\/script>\n<!-- \/ Yoast SEO plugin. -->","yoast_head_json":{"title":"Osve\u017eavanje boje | Adrianna Lushezy","description":"Osve\u017eavanje boje trajne \u0161minke (PMU) godi\u0161nje se smatra neophodnim jednom godi\u0161nje iz nekoliko razloga: bledilo, prirodno obnavljanje ko\u017ee..","robots":{"index":"index","follow":"follow","max-snippet":"max-snippet:-1","max-image-preview":"max-image-preview:large","max-video-preview":"max-video-preview:-1"},"canonical":"https:\/\/www.kosmetiksalon-lushezy.at\/sr\/\u043f\u0440\u043e\u0438\u0437\u0432\u043e\u0434\/osvezavanje-boje\/","og_locale":"sr_RS","og_type":"article","og_title":"Osve\u017eavanje boje | Adrianna Lushezy","og_description":"Osve\u017eavanje boje trajne \u0161minke (PMU) godi\u0161nje se smatra neophodnim jednom godi\u0161nje iz nekoliko razloga: bledilo, prirodno obnavljanje ko\u017ee..","og_url":"https:\/\/www.kosmetiksalon-lushezy.at\/sr\/\u043f\u0440\u043e\u0438\u0437\u0432\u043e\u0434\/osvezavanje-boje\/","og_site_name":"Adrianna Lushezy","article_publisher":"https:\/\/www.facebook.com\/pmu.adrianna.lushezy\/","article_modified_time":"2024-10-24T12:40:44+00:00","og_image":[{"width":940,"height":788,"url":"https:\/\/www.kosmetiksalon-lushezy.at\/wp-content\/uploads\/2023\/11\/Adrianna-Lushezy-Permanent-Make-Up-Color-Refreshing-03.jpg","type":"image\/jpeg"}],"twitter_card":"summary_large_image","twitter_misc":{"\u041f\u0440\u043e\u0446\u0435\u045a\u0435\u043d\u043e \u0432\u0440\u0435\u043c\u0435 \u0447\u0438\u0442\u0430\u045a\u0430":"5 \u043c\u0438\u043d\u0443\u0442\u0430"},"schema":{"@context":"https:\/\/schema.org","@graph":[{"@type":"WebPage","@id":"https:\/\/www.kosmetiksalon-lushezy.at\/sr\/\u043f\u0440\u043e\u0438\u0437\u0432\u043e\u0434\/osvezavanje-boje\/","url":"https:\/\/www.kosmetiksalon-lushezy.at\/sr\/\u043f\u0440\u043e\u0438\u0437\u0432\u043e\u0434\/osvezavanje-boje\/","name":"Osve\u017eavanje boje | Adrianna Lushezy","isPartOf":{"@id":"https:\/\/www.kosmetiksalon-lushezy.at\/#website"},"primaryImageOfPage":{"@id":"https:\/\/www.kosmetiksalon-lushezy.at\/sr\/\u043f\u0440\u043e\u0438\u0437\u0432\u043e\u0434\/osvezavanje-boje\/#primaryimage"},"image":{"@id":"https:\/\/www.kosmetiksalon-lushezy.at\/sr\/\u043f\u0440\u043e\u0438\u0437\u0432\u043e\u0434\/osvezavanje-boje\/#primaryimage"},"thumbnailUrl":"https:\/\/www.kosmetiksalon-lushezy.at\/wp-content\/uploads\/2023\/11\/Adrianna-Lushezy-Permanent-Make-Up-Color-Refreshing-03.jpg","datePublished":"2023-11-06T13:14:02+00:00","dateModified":"2024-10-24T12:40:44+00:00","description":"Osve\u017eavanje boje trajne \u0161minke (PMU) godi\u0161nje se smatra neophodnim jednom godi\u0161nje iz nekoliko razloga: bledilo, prirodno obnavljanje ko\u017ee..","breadcrumb":{"@id":"https:\/\/www.kosmetiksalon-lushezy.at\/sr\/\u043f\u0440\u043e\u0438\u0437\u0432\u043e\u0434\/osvezavanje-boje\/#breadcrumb"},"inLanguage":"sr-RS","potentialAction":[{"@type":"ReadAction","target":["https:\/\/www.kosmetiksalon-lushezy.at\/sr\/\u043f\u0440\u043e\u0438\u0437\u0432\u043e\u0434\/osvezavanje-boje\/"]}]},{"@type":"ImageObject","inLanguage":"sr-RS","@id":"https:\/\/www.kosmetiksalon-lushezy.at\/sr\/\u043f\u0440\u043e\u0438\u0437\u0432\u043e\u0434\/osvezavanje-boje\/#primaryimage","url":"https:\/\/www.kosmetiksalon-lushezy.at\/wp-content\/uploads\/2023\/11\/Adrianna-Lushezy-Permanent-Make-Up-Color-Refreshing-03.jpg","contentUrl":"https:\/\/www.kosmetiksalon-lushezy.at\/wp-content\/uploads\/2023\/11\/Adrianna-Lushezy-Permanent-Make-Up-Color-Refreshing-03.jpg","width":940,"height":788},{"@type":"BreadcrumbList","@id":"https:\/\/www.kosmetiksalon-lushezy.at\/sr\/\u043f\u0440\u043e\u0438\u0437\u0432\u043e\u0434\/osvezavanje-boje\/#breadcrumb","itemListElement":[{"@type":"ListItem","position":1,"name":"Home","item":"https:\/\/www.kosmetiksalon-lushezy.at\/sr\/"},{"@type":"ListItem","position":2,"name":"Shop","item":"https:\/\/www.kosmetiksalon-lushezy.at\/sr\/shop\/"},{"@type":"ListItem","position":3,"name":"Osve\u017eavanje boje"}]},{"@type":"WebSite","@id":"https:\/\/www.kosmetiksalon-lushezy.at\/#website","url":"https:\/\/www.kosmetiksalon-lushezy.at\/","name":"Adrianna Lushezy","description":"Cosmetic, Permanent Make-up and Academy","publisher":{"@id":"https:\/\/www.kosmetiksalon-lushezy.at\/#organization"},"potentialAction":[{"@type":"SearchAction","target":{"@type":"EntryPoint","urlTemplate":"https:\/\/www.kosmetiksalon-lushezy.at\/?s={search_term_string}"},"query-input":"required name=search_term_string"}],"inLanguage":"sr-RS"},{"@type":"Organization","@id":"https:\/\/www.kosmetiksalon-lushezy.at\/#organization","name":"Adrianna Lushezy","url":"https:\/\/www.kosmetiksalon-lushezy.at\/","logo":{"@type":"ImageObject","inLanguage":"sr-RS","@id":"https:\/\/www.kosmetiksalon-lushezy.at\/#\/schema\/logo\/image\/","url":"https:\/\/www.kosmetiksalon-lushezy.at\/wp-content\/uploads\/2023\/11\/Adrianna-Lushezy-Favicon.png","contentUrl":"https:\/\/www.kosmetiksalon-lushezy.at\/wp-content\/uploads\/2023\/11\/Adrianna-Lushezy-Favicon.png","width":64,"height":60,"caption":"Adrianna Lushezy"},"image":{"@id":"https:\/\/www.kosmetiksalon-lushezy.at\/#\/schema\/logo\/image\/"},"sameAs":["https:\/\/www.facebook.com\/pmu.adrianna.lushezy\/","https:\/\/www.instagram.com\/adrianna_lushezy\/"]}]}},"_links":{"self":[{"href":"https:\/\/www.kosmetiksalon-lushezy.at\/sr\/wp-json\/wp\/v2\/product\/1444","targetHints":{"allow":["GET"]}}],"collection":[{"href":"https:\/\/www.kosmetiksalon-lushezy.at\/sr\/wp-json\/wp\/v2\/product"}],"about":[{"href":"https:\/\/www.kosmetiksalon-lushezy.at\/sr\/wp-json\/wp\/v2\/types\/product"}],"wp:featuredmedia":[{"embeddable":true,"href":"https:\/\/www.kosmetiksalon-lushezy.at\/sr\/wp-json\/wp\/v2\/media\/1167"}],"wp:attachment":[{"href":"https:\/\/www.kosmetiksalon-lushezy.at\/sr\/wp-json\/wp\/v2\/media?parent=1444"}],"wp:term":[{"taxonomy":"product_cat","embeddable":true,"href":"https:\/\/www.kosmetiksalon-lushezy.at\/sr\/wp-json\/wp\/v2\/product_cat?post=1444"},{"taxonomy":"product_tag","embeddable":true,"href":"https:\/\/www.kosmetiksalon-lushezy.at\/sr\/wp-json\/wp\/v2\/product_tag?post=1444"}],"curies":[{"name":"wp","href":"https:\/\/api.w.org\/{rel}","templated":true}]}}