{"id":1443,"date":"2023-11-06T14:02:15","date_gmt":"2023-11-06T13:02:15","guid":{"rendered":"https:\/\/www.kosmetiksalon-lushezy.at\/product\/eyeliner-soft\/"},"modified":"2024-10-24T14:19:55","modified_gmt":"2024-10-24T12:19:55","slug":"eyeliner-soft","status":"publish","type":"product","link":"https:\/\/www.kosmetiksalon-lushezy.at\/sr\/\u043f\u0440\u043e\u0438\u0437\u0432\u043e\u0434\/eyeliner-soft\/","title":{"rendered":"Eyeliner Soft"},"content":{"rendered":"<div class=\"wpb-content-wrapper\"><p>[vc_row full_width=&#8220;stretch_row&#8220; css=&#8220;.vc_custom_1699454323630{background-image: url(https:\/\/www.kosmetiksalon-lushezy.at\/wp-content\/uploads\/2023\/11\/Adrianna-Lushezy-Blue-Background.jpg?id=69) !important;background-position: center !important;background-repeat: no-repeat !important;background-size: cover !important;}&#8220; woodmart_css_id=&#8220;654b9d6ad4292&#8243; responsive_spacing=&#8220;eyJwYXJhbV90eXBlIjoid29vZG1hcnRfcmVzcG9uc2l2ZV9zcGFjaW5nIiwic2VsZWN0b3JfaWQiOiI2NTRiOWQ2YWQ0MjkyIiwic2hvcnRjb2RlIjoidmNfcm93IiwiZGF0YSI6eyJ0YWJsZXQiOnt9LCJtb2JpbGUiOnt9fX0=&#8220; mobile_bg_img_hidden=&#8220;no&#8220; tablet_bg_img_hidden=&#8220;no&#8220; woodmart_parallax=&#8220;0&#8243; woodmart_gradient_switch=&#8220;no&#8220; woodmart_box_shadow=&#8220;no&#8220; wd_z_index=&#8220;no&#8220; woodmart_disable_overflow=&#8220;0&#8243; row_reverse_mobile=&#8220;0&#8243; row_reverse_tablet=&#8220;0&#8243; el_class=&#8220;product-blue-row&#8220;][vc_column][vc_column_text woodmart_inline=&#8220;no&#8220; text_larger=&#8220;no&#8220; el_class=&#8220;inner-tb&#8220;]<\/p>\n<p class=\"iznad-naslova\" style=\"text-align: center;\">Pro\u010ditaj vi\u0161e<\/p>\n<h2 style=\"text-align: center;\">Soft Eyeliner<\/h2>\n<p style=\"text-align: center;\">Me\u0111utim, va\u017eno je napomenuti da ejlajner u mekom prahu u trajnom \u0161minkanju nije pogodan za svakoga. Osobe s ozbiljnim o\u010dnim oboljenjima, problemima s ko\u017eom, trudnice ili osobe koje su nedavno pro\u0161le hemoterapiju ili radioterapiju trebale bi izbjegavati ovu vrstu tretmana. Temeljna konsultacija s iskusnim stru\u010dnjakom je neophodna kako bi se utvrdilo da li je ejlajner u mekom prahu u trajnom \u0161minkanju pogodan za pojedinca.  <\/p>\n<p style=\"text-align: center;\">Sveukupno, ejlajner u mekom prahu u trajnom \u0161minkanju je moderna i popularna opcija za one koji \u017eele mek i prirodan izgled ejlajnera. Pravilnom pripremom, profesionalnim tretmanom i dobrim naknadnim odr\u017eavanjem, mo\u017eete imati dugotrajne i estetski privla\u010dne rezultate. <\/p>\n<p>[\/vc_column_text][\/vc_column][\/vc_row][vc_row][vc_column][vc_raw_html]PGRpdiBjbGFzcz0ib21vdGFjLW5hYnJhamFuamEtcHJvZHVjdCBvbW90YWMtbmFicmFqYW5qYS1wcm9kdWN0LWNvbHVtbiI+CiAgICA8ZGl2IGNsYXNzPSJrb2xvbmEtbGV2byI+CiAgICAgICAgPGRpdiBjbGFzcz0iaW5uZXItbmFicmFqYW5qZSI+CiAgICAgICAgICAgIDxwIGNsYXNzPSJuYXNsb3YtbmFicmFqYW5qZSI+PHNwYW4gY2xhc3M9ImJyb2oiPsWgdGEgamUgdHJham5hIHNtaW5rYTwvc3Bhbj48L3A+CiAgICAgICAgICAgIDxwPlRyYWpuYSBzbWlua2EgamUga296bWV0acSNa2EgdGVobmlrYSDigJMgUGVtYW5lbnQgTWFrZSBVcCAsdSBrb2pvaiBzZSBib2phIHVub3NpIHUgZ29ybmppIHNsb2oga2\/FvmUga2FrbyBiaSBzZSBwb3N0aWdhbyBkdWdvdHJhamFuIGVmZWthdC4gVGFrb8SRZSBzZSBuYXppdmEgbWlrcm9waWdtZW50YWNpamEsIGplciBzZSBrb3Jpc3RlIHNpdG5lIGlnbGUgemEgdWJhY2l2YW5qZSBib2plIHUga2\/FvnUsIHN0dmFyYWp1xIdpIGl6Z2xlZCDFoW1pbmtlIGtvamEgamUgbmFuZXNlbmEgbmEga2\/FvnUuIDwvcD4KICAgICAgICAgICAgPHA+UG9kcnXEjWphIHByaW1qZW5lIHN1IHJhem5vdnJzbmEgaSB1a2xqdcSNdWp1IG9icnZlLCBrb250dXJlIHVzYW5hLCBib2p1IHVzYW5hIGkgZXllbGluZXIuIFphIHJhemxpa3Ugb2QgdHJhZGljaW9uYWxub2cgbWFrZS11cGEsIHRyYWpuaSBtYWtlLXVwIHNlIG5lIHNraWRhIGkgbW\/FvmUgdHJhamF0aSBuZWtvbGlrbyBnb2RpbmEsIGlha28gcG92cmVtZW5vIG1vxb5lIHphaHRpamV2YXRpIHBvcHJhdmtlLiBQcmVwb3J1xI11amUgc2UgZ29kacWhbmplIG9zdmplxb5hdmFuamUgYm9qZS4gICBUZWhuaWthIHNlIGl6dm9kaSB1IHBvc2Vibm8gZGl6YWpuaXJhbmltIHNhbG9uaW1hIG9kIHN0cmFuZSBvYnXEjWVuaWggcHJvZmVzaW9uYWxhY2EuPC9wPgogICAgICAgIDwvZGl2PgogICAgICAgIDxkaXYgY2xhc3M9ImlubmVyLW5hYnJhamFuamUiPgogICAgICAgICAgICA8cCBjbGFzcz0ibmFzbG92LW5hYnJhamFuamUiPjxzcGFuIGNsYXNzPSJicm9qIj5Qcm9jZXMgdHJham5lIMWhbWlua2Ug4oCTIFNFTkNFTkkgQWpsYWpuZXIgLSBQZXJtYW5lbnQgTWFrZS1VcDwvc3Bhbj48L3A+CiAgICAgICAgICAgIDxwPlByb2NlcyBwb8SNaW5qZSBkZXRhbGpub20ga29uc3VsdGFjaWpvbSwgZ2RlIHNlIHJhc3ByYXZsamEgbyDFvmVsamVub20gb2JsaWt1LCBkZWJsamluaSBpIGJvamkgYWpsYWpuZXJhLiBCb2phIHNlIGJpcmEgdGFrbyBkYSBvZGdvdmFyYSBib2ppIGtvc2UgaSBrb8W+ZSBrYWtvIGJpIHNlIHBvc3RpZ2FvIHByaXJvZGFuIGl6Z2xlZC4gPC9wPgogICAgICAgICAgICA8cD5TdHZhcm5pIHBvc3R1cGFrIHVrbGp1xI11amUgdXBvdHJlYnUgc3BlY2lqYWxub2cgdXJlxJFhamEgemEgdHJham51IMWhbWlua3Uga29qaSBpbWxhdGlyYSBwaWdtZW50ZSB1IGtvenUuIFBvbW\/Eh3Ugb3ZvZyB1cmXEkWFqYSwgbWFsZSB0YcSNa2ljZSBzZSBwb3N0YXZsamFqdSBkdcW+IGdvcm5qaWggaS9pbGkgZG9uamloIGxpbmlqYSB0cmVwYXZpY2EsIHN0dmFyYWp1xIdpIGVmZWthdCBwdWRyYXN0aWggaSBtZWthbm8gaXpibGVuZGlyYW5paCBsaW5pamEga29qZSBzdHZhcmFqdSBlZmVrYXQgbWVrYW5vZyBhamxham5lcmEuIDwvcD4KICAgICAgICAgICAgPHA+VHJldG1hbiBzZSBpenZvZGkgdXogdXBvdHJlYnUgdG9wacSNa2UgYW5lc3RlemlqZSBrYWtvIGJpIHNlIG1pbmltYWxpem92YWxhIG1vZ3XEh2EgbmVsYWdvZG5vc3QuIE5ha29uIHRyZXRtYW5hLCBwb2RydcSNamUgb2tvIG9rYSBtb8W+ZSBwcml2cmVtZW5vIGJpdGkgbmF0ZcSNZW5vLCBjcnZlbm8gaWxpIG9zZXRsaml2by4gVmHFvm5vIGplIHByYXRpdGkgdXB1dGUga29qZSBwcnXFvmEgc3RydcSNbm8gb3NvYmxqZSBrYWtvIGJpc3RlIG9zaWd1cmFsaSBvcHRpbWFsbm8gemFjZWxqaXZhbmplIGkgemFkcsW+YXZhbmplIGJvamUuICA8L3A+CiAgICAgICAgICAgIDxwPlBlcm1hbmVudCBNYWtlLVVwIGFydGlzdCBjZSB2YW0gcHJ1xb5pdGkgcHJlcG9ydWtlIG8gdG9tZSBrYWtvIG9wdGltaXppcmF0aSBvYmxpayBpIGJvanUgdmHFoWVnIGFqbGFqbmVyYS4gWmF0aW0gcHJvY2VzIHBvxI1pbmplIGxva2Fsbm9tIGFuZXN0ZXppam9tIGtha28gYmkgc2Ugc21hbmppbGEgYm9sIGkgbmVsYWdvZG5vc3QuIFV0dnLEkXVqZW1vIHByb3BvcmNpamUgYWpsYWpuZXJhIGkgcG9zdGnFvmVtbyBzYXZyxaFlbiBkaXpham4gYWpsYWpuZXJhIGtvamkgdHJlYmF0ZSBwcmVnbGVkYXRpIGkgcG90dnJkaXRpLiAgPC9wPgogICAgICAgICAgICA8cD5OYWtvbiB0b2dhIG9kYWJpcmVtbyBvZGdvdmFyYWp1xId1IHBpZ21lbnRudSBib2p1IHphIHZhcyBuYSBvc25vdnUgxb5lbGplbm9nIHJlenVsdGF0YS4gRG9iacSHZXRlIG9nbGVkYWxvIGRhIGJpc3RlIHByZWdsZWRhbGkgZGl6YWpuIGFqbGFqbmVyYSBuYWNydGFub2cgxaFtaW5rb20sIGthbyBpIGRhIGJpc3RlIHZpZGVsaSBpIHBvdHZyZGlsaSBib2p1IHBpZ21lbnRhIGtvamEgxIdlIHNlIGtvcmlzdGl0aSB6YSB0cmFqbnUgxaFtaW5rdS4gPC9wPgogICAgICAgICAgICA8cD5TdHZhcm5pIHBvc3R1cGFrIHVrbGp1xI11amUgbmFub8WhZW5qZSBwaWdtZW5hdGEgemEgdHJham51IMWhbWlua3UgZHXFviBnb3JuamloIGkvaWxpIGRvbmppaCBsaW5pamEgdHJlcGF2aWNhLiBQb21vxId1IGZpbmloIGlnYWxhIHBpZ21lbnQgc2Ugbmplxb5ubyB1bm9zaSB1IGtvxb51IGtha28gYmkgc2Ugc3R2b3JpbGEgxb5lbGplbmEgbGluaWphLiA8L3A+CiAgICAgICAgICAgIDxwPk5ha29uIHRyZXRtYW5hLCBwb2RydcSNamUgb2tvIG9rYSBtb8W+ZSBwcml2cmVtZW5vIGJpdGkgbmF0ZcSNZW5vLCBjcnZlbm8gaWxpIG9zZXRsaml2by4gVmHFvm5vIGplIHByYXRpdGkgdXB1dGUga29qZSBwcnXFvmEgc3RydcSNbm8gb3NvYmxqZSBrYWtvIGJpc3RlIG9zaWd1cmFsaSBvcHRpbWFsbm8gemFjZWxqaXZhbmplIGkgemFkcsW+YXZhbmplIGJvamUuIDwvcD4KICAgICAgICAgICAgPHA+UHJvY2VzIG9iacSNbm8gdHJhamUgb2tvIDIgc2F0YSwgYSBtb8W+ZSBiaXRpIHBvdHJlYm5vIGR2YSBpbGkgdmnFoWUgdHJldG1hbmEga2FrbyBiaXN0ZSBwb3N0aWdsaSDFvmVsamVuaSByZXp1bHRhdC4gTmFrb24gdHJldG1hbmEsIGtyZW1hIHNlIG5hbm9zaSBuYSBnb3JuamUga2Fwa2UuIDwvcD4KICAgICAgICA8L2Rpdj4KICAgIDwvZGl2PgogICAgPGRpdiBjbGFzcz0ia29sb25hLWRlc25vIj4KICAgICAgICA8ZGl2IGNsYXNzPSJ6YW9rcnV6ZW5vIj4KICAgICAgICAgICAgPHA+VGFrb8SRZXIgamUgdmHFvm5vIHByYXRpdGkgQUZURVIgQ0FSRSB1cHV0c3R2byBrb2plIGRvYmlqYXRlIG9kIG5hcywgbmFrb24gdHJldG1hbmEuIGtha28gYmlzdGUgb3NpZ3VyYWxpIGJyem8gemFjZWxqaXZhbmplIGkgemFkb3ZvbGphdmFqdcSHaSByZXp1bHRhdC4gUHJvY2VzIHBlcm1hbmVudG5vZyBtYWtlLXVwYSBzYXN0b2ppIHNlIG9kIDIgZGlqZWxhIHMgcmF6bWFrb20gb2QgamVkbm9nIG1qZXNlY2EuIE5ha29uIHBydm9nIHRyZXRtYW5hLCB1IHJva3Ugb2QgOCBkYW5hLCA1MCUgYm9qZSDEh2UgcG9zdmV0bGV0aSwgYSAzMCUgYm9qZSDEh2UgbmVzdGF0aSBzIGtyYXN0YW1hIHRva29tIHByb2Nlc2EgemFjamVsaml2YW5qYSBrb8W+ZS4gTmFrb24gbWplc2VjIGRhbmEgc2xpamVkaSBkb2RhdG5pIHRyZXRtYW4ga2FrbyBiaSBzZSBib2phIGZpa3NpcmFsYS4gICA8L3A+Cjxicj4KICAgICAgICAgICAgPHA+TmFrb24gdHJldG1hbmEgcGVybWFuZW50bm9nIG1ha2UtdXBhLCBkb2JpamF0ZSBBRlRFUiBDQVJFIGtyZW11IG5hIHBva2xvbiBvZCBuYXMga3JlbXUgemEgbmVndSBuYWtvbiB0cmV0bWFuYSwgemFqZWRubyBzIHVwdXRzdHZpbWEgei4gSW1hanRlIG5hIHVtdSBkYSBuZSBzbWV0ZSBpY2kgdSBzb2xhcmlqdW0gLCBuYSBwbGl2YW5qZSwgdSBzYXVudSDigKYuLm5ha29uIHRyZXRtYW5hLiA8L3A+CiAgICAgICAgPC9kaXY+CiAgICA8L2Rpdj4KPC9kaXY+[\/vc_raw_html][\/vc_column][\/vc_row][vc_row full_width=&#8220;stretch_row&#8220; el_class=&#8220;testimonials-red&#8220; css=&#8220;.vc_custom_1699371591429{background-image: url(https:\/\/www.kosmetiksalon-lushezy.at\/wp-content\/uploads\/2023\/11\/Adrianna-Lushezy-Blue-Background.jpg?id=69) !important;background-position: center !important;background-repeat: no-repeat !important;background-size: cover !important;}&#8220; woodmart_css_id=&#8220;654a5a258b98f&#8220; responsive_spacing=&#8220;eyJwYXJhbV90eXBlIjoid29vZG1hcnRfcmVzcG9uc2l2ZV9zcGFjaW5nIiwic2VsZWN0b3JfaWQiOiI2NTRhNWEyNThiOThmIiwic2hvcnRjb2RlIjoidmNfcm93IiwiZGF0YSI6eyJ0YWJsZXQiOnt9LCJtb2JpbGUiOnt9fX0=&#8220; mobile_bg_img_hidden=&#8220;no&#8220; tablet_bg_img_hidden=&#8220;no&#8220; woodmart_parallax=&#8220;0&#8243; woodmart_gradient_switch=&#8220;no&#8220; woodmart_box_shadow=&#8220;no&#8220; wd_z_index=&#8220;no&#8220; woodmart_disable_overflow=&#8220;0&#8243; row_reverse_mobile=&#8220;0&#8243; row_reverse_tablet=&#8220;0&#8243;][vc_column width=&#8220;1\/2&#8243;][vc_column_text woodmart_inline=&#8220;no&#8220; text_larger=&#8220;no&#8220; el_class=&#8220;testimonials-tb&#8220;]<\/p>\n<h4 class=\"veci\">Srec\u0301ni klijenti i <span class=\"flexed-testimonials\">Sjajni rezultati<\/span><\/h4>\n<p> Pridru\u017eite nam se na putovanju kroz svedo\u010danstva ispunjena rado\u0161c\u0301u na\u0161ih zadovoljnih klijenata, otkrivajuc\u0301i istinsku srec\u0301u i blistave rezultate koji ilustruju na\u0161u posvec\u0301enost pru\u017eanju izuzetnih lepotnih iskustava.[\/vc_column_text][\/vc_column][vc_column width=&#8220;1\/2&#8243;][vc_raw_html]W3RydXN0aW5kZXggbm8tcmVnaXN0cmF0aW9uPSJnb29nbGUiXQ==[\/vc_raw_html][\/vc_column][\/vc_row]<\/p>\n<\/div>","protected":false},"excerpt":{"rendered":"<p>EYELINER u mekom prahu u trajnom \u0161minkanju je moderna tehnika koja se koristi za stvaranje efekta mekog i pudrastog ajlajnera. Za razliku od klasi\u010dnog ajlajnera, koji se nanosi jasnom i razlo\u010dnom linijom, ajlajner u mekom prahu stvara se upotrebom ta\u010dkaste tehnike sen\u010denja. Prednosti ajlajnera u Permanent Make-Up-u mekom u trajnom \u0161minkanju su raznovrsne. Prvo, ovom tehnikom posti\u017ee se mek i prirodan izgled pogodan za svakodnevno no\u0161enje ili posebne prilike. Drugo, ajlajner u mekom prahu dodaje dubinu i definiciju o\u010dima, bez da izgleda previ\u0161e o\u0161tro ili prenagla\u0161eno. Osim toga, u pore\u0111enju s drugim tehnikama, ajlajner u mekom prahu je manje bolan i br\u017ee se zaceljuje.      <\/p>\n<ul class=\"price\">\n<li>Eyeliner Soft: <span class=\"mini-price\">260\u20ac<\/span><\/li>\n<li>Korekcija: <span class=\"mini-price\">120\u20ac<\/span><\/li>\n<\/ul>\n[bookly-form category_id=\"22\" hide=\"staff_members,week_days,time_range\"]\n","protected":false},"featured_media":1121,"template":"","meta":[],"product_cat":[136],"product_tag":[],"class_list":{"0":"post-1443","1":"product","2":"type-product","3":"status-publish","4":"has-post-thumbnail","6":"product_cat-trajna-sminka","8":"first","9":"instock","10":"shipping-taxable","11":"purchasable","12":"product-type-simple"},"yoast_head":"<!-- This site is optimized with the Yoast SEO plugin v23.3 - https:\/\/yoast.com\/wordpress\/plugins\/seo\/ -->\n<title>Eyeliner Soft | Adrianna Lushezy<\/title>\n<meta name=\"description\" content=\"EYELINER u mekom prahu u trajnom \u0161minkanju je moderna tehnika koja se koristi za stvaranje efekta mekog i pudrastog ajlajnera. Za razliku od klasi\u010dnog ajlajnera...\" \/>\n<meta name=\"robots\" content=\"index, follow, max-snippet:-1, max-image-preview:large, max-video-preview:-1\" \/>\n<link rel=\"canonical\" href=\"https:\/\/www.kosmetiksalon-lushezy.at\/sr\/\u043f\u0440\u043e\u0438\u0437\u0432\u043e\u0434\/eyeliner-soft\/\" \/>\n<meta property=\"og:locale\" content=\"sr_RS\" \/>\n<meta property=\"og:type\" content=\"article\" \/>\n<meta property=\"og:title\" content=\"Eyeliner Soft | Adrianna Lushezy\" \/>\n<meta property=\"og:description\" content=\"EYELINER u mekom prahu u trajnom \u0161minkanju je moderna tehnika koja se koristi za stvaranje efekta mekog i pudrastog ajlajnera. Za razliku od klasi\u010dnog ajlajnera...\" \/>\n<meta property=\"og:url\" content=\"https:\/\/www.kosmetiksalon-lushezy.at\/sr\/\u043f\u0440\u043e\u0438\u0437\u0432\u043e\u0434\/eyeliner-soft\/\" \/>\n<meta property=\"og:site_name\" content=\"Adrianna Lushezy\" \/>\n<meta property=\"article:publisher\" content=\"https:\/\/www.facebook.com\/pmu.adrianna.lushezy\/\" \/>\n<meta property=\"article:modified_time\" content=\"2024-10-24T12:19:55+00:00\" \/>\n<meta property=\"og:image\" content=\"https:\/\/www.kosmetiksalon-lushezy.at\/wp-content\/uploads\/2023\/11\/Adrianna-Lushezy-Permanent-Make-Up-Eyeliner-Soft-11.jpg\" \/>\n\t<meta property=\"og:image:width\" content=\"940\" \/>\n\t<meta property=\"og:image:height\" content=\"788\" \/>\n\t<meta property=\"og:image:type\" content=\"image\/jpeg\" \/>\n<meta name=\"twitter:card\" content=\"summary_large_image\" \/>\n<meta name=\"twitter:label1\" content=\"\u041f\u0440\u043e\u0446\u0435\u045a\u0435\u043d\u043e \u0432\u0440\u0435\u043c\u0435 \u0447\u0438\u0442\u0430\u045a\u0430\" \/>\n\t<meta name=\"twitter:data1\" content=\"5 \u043c\u0438\u043d\u0443\u0442\u0430\" \/>\n<script type=\"application\/ld+json\" class=\"yoast-schema-graph\">{\"@context\":\"https:\/\/schema.org\",\"@graph\":[{\"@type\":\"WebPage\",\"@id\":\"https:\/\/www.kosmetiksalon-lushezy.at\/sr\/\u043f\u0440\u043e\u0438\u0437\u0432\u043e\u0434\/eyeliner-soft\/\",\"url\":\"https:\/\/www.kosmetiksalon-lushezy.at\/sr\/\u043f\u0440\u043e\u0438\u0437\u0432\u043e\u0434\/eyeliner-soft\/\",\"name\":\"Eyeliner Soft | Adrianna Lushezy\",\"isPartOf\":{\"@id\":\"https:\/\/www.kosmetiksalon-lushezy.at\/#website\"},\"primaryImageOfPage\":{\"@id\":\"https:\/\/www.kosmetiksalon-lushezy.at\/sr\/\u043f\u0440\u043e\u0438\u0437\u0432\u043e\u0434\/eyeliner-soft\/#primaryimage\"},\"image\":{\"@id\":\"https:\/\/www.kosmetiksalon-lushezy.at\/sr\/\u043f\u0440\u043e\u0438\u0437\u0432\u043e\u0434\/eyeliner-soft\/#primaryimage\"},\"thumbnailUrl\":\"https:\/\/www.kosmetiksalon-lushezy.at\/wp-content\/uploads\/2023\/11\/Adrianna-Lushezy-Permanent-Make-Up-Eyeliner-Soft-11.jpg\",\"datePublished\":\"2023-11-06T13:02:15+00:00\",\"dateModified\":\"2024-10-24T12:19:55+00:00\",\"description\":\"EYELINER u mekom prahu u trajnom \u0161minkanju je moderna tehnika koja se koristi za stvaranje efekta mekog i pudrastog ajlajnera. Za razliku od klasi\u010dnog ajlajnera...\",\"breadcrumb\":{\"@id\":\"https:\/\/www.kosmetiksalon-lushezy.at\/sr\/\u043f\u0440\u043e\u0438\u0437\u0432\u043e\u0434\/eyeliner-soft\/#breadcrumb\"},\"inLanguage\":\"sr-RS\",\"potentialAction\":[{\"@type\":\"ReadAction\",\"target\":[\"https:\/\/www.kosmetiksalon-lushezy.at\/sr\/\u043f\u0440\u043e\u0438\u0437\u0432\u043e\u0434\/eyeliner-soft\/\"]}]},{\"@type\":\"ImageObject\",\"inLanguage\":\"sr-RS\",\"@id\":\"https:\/\/www.kosmetiksalon-lushezy.at\/sr\/\u043f\u0440\u043e\u0438\u0437\u0432\u043e\u0434\/eyeliner-soft\/#primaryimage\",\"url\":\"https:\/\/www.kosmetiksalon-lushezy.at\/wp-content\/uploads\/2023\/11\/Adrianna-Lushezy-Permanent-Make-Up-Eyeliner-Soft-11.jpg\",\"contentUrl\":\"https:\/\/www.kosmetiksalon-lushezy.at\/wp-content\/uploads\/2023\/11\/Adrianna-Lushezy-Permanent-Make-Up-Eyeliner-Soft-11.jpg\",\"width\":940,\"height\":788},{\"@type\":\"BreadcrumbList\",\"@id\":\"https:\/\/www.kosmetiksalon-lushezy.at\/sr\/\u043f\u0440\u043e\u0438\u0437\u0432\u043e\u0434\/eyeliner-soft\/#breadcrumb\",\"itemListElement\":[{\"@type\":\"ListItem\",\"position\":1,\"name\":\"Home\",\"item\":\"https:\/\/www.kosmetiksalon-lushezy.at\/sr\/\"},{\"@type\":\"ListItem\",\"position\":2,\"name\":\"Shop\",\"item\":\"https:\/\/www.kosmetiksalon-lushezy.at\/sr\/shop\/\"},{\"@type\":\"ListItem\",\"position\":3,\"name\":\"Eyeliner Soft\"}]},{\"@type\":\"WebSite\",\"@id\":\"https:\/\/www.kosmetiksalon-lushezy.at\/#website\",\"url\":\"https:\/\/www.kosmetiksalon-lushezy.at\/\",\"name\":\"Adrianna Lushezy\",\"description\":\"Cosmetic, Permanent Make-up and Academy\",\"publisher\":{\"@id\":\"https:\/\/www.kosmetiksalon-lushezy.at\/#organization\"},\"potentialAction\":[{\"@type\":\"SearchAction\",\"target\":{\"@type\":\"EntryPoint\",\"urlTemplate\":\"https:\/\/www.kosmetiksalon-lushezy.at\/?s={search_term_string}\"},\"query-input\":\"required name=search_term_string\"}],\"inLanguage\":\"sr-RS\"},{\"@type\":\"Organization\",\"@id\":\"https:\/\/www.kosmetiksalon-lushezy.at\/#organization\",\"name\":\"Adrianna Lushezy\",\"url\":\"https:\/\/www.kosmetiksalon-lushezy.at\/\",\"logo\":{\"@type\":\"ImageObject\",\"inLanguage\":\"sr-RS\",\"@id\":\"https:\/\/www.kosmetiksalon-lushezy.at\/#\/schema\/logo\/image\/\",\"url\":\"https:\/\/www.kosmetiksalon-lushezy.at\/wp-content\/uploads\/2023\/11\/Adrianna-Lushezy-Favicon.png\",\"contentUrl\":\"https:\/\/www.kosmetiksalon-lushezy.at\/wp-content\/uploads\/2023\/11\/Adrianna-Lushezy-Favicon.png\",\"width\":64,\"height\":60,\"caption\":\"Adrianna Lushezy\"},\"image\":{\"@id\":\"https:\/\/www.kosmetiksalon-lushezy.at\/#\/schema\/logo\/image\/\"},\"sameAs\":[\"https:\/\/www.facebook.com\/pmu.adrianna.lushezy\/\",\"https:\/\/www.instagram.com\/adrianna_lushezy\/\"]}]}<\/script>\n<!-- \/ Yoast SEO plugin. -->","yoast_head_json":{"title":"Eyeliner Soft | Adrianna Lushezy","description":"EYELINER u mekom prahu u trajnom \u0161minkanju je moderna tehnika koja se koristi za stvaranje efekta mekog i pudrastog ajlajnera. Za razliku od klasi\u010dnog ajlajnera...","robots":{"index":"index","follow":"follow","max-snippet":"max-snippet:-1","max-image-preview":"max-image-preview:large","max-video-preview":"max-video-preview:-1"},"canonical":"https:\/\/www.kosmetiksalon-lushezy.at\/sr\/\u043f\u0440\u043e\u0438\u0437\u0432\u043e\u0434\/eyeliner-soft\/","og_locale":"sr_RS","og_type":"article","og_title":"Eyeliner Soft | Adrianna Lushezy","og_description":"EYELINER u mekom prahu u trajnom \u0161minkanju je moderna tehnika koja se koristi za stvaranje efekta mekog i pudrastog ajlajnera. Za razliku od klasi\u010dnog ajlajnera...","og_url":"https:\/\/www.kosmetiksalon-lushezy.at\/sr\/\u043f\u0440\u043e\u0438\u0437\u0432\u043e\u0434\/eyeliner-soft\/","og_site_name":"Adrianna Lushezy","article_publisher":"https:\/\/www.facebook.com\/pmu.adrianna.lushezy\/","article_modified_time":"2024-10-24T12:19:55+00:00","og_image":[{"width":940,"height":788,"url":"https:\/\/www.kosmetiksalon-lushezy.at\/wp-content\/uploads\/2023\/11\/Adrianna-Lushezy-Permanent-Make-Up-Eyeliner-Soft-11.jpg","type":"image\/jpeg"}],"twitter_card":"summary_large_image","twitter_misc":{"\u041f\u0440\u043e\u0446\u0435\u045a\u0435\u043d\u043e \u0432\u0440\u0435\u043c\u0435 \u0447\u0438\u0442\u0430\u045a\u0430":"5 \u043c\u0438\u043d\u0443\u0442\u0430"},"schema":{"@context":"https:\/\/schema.org","@graph":[{"@type":"WebPage","@id":"https:\/\/www.kosmetiksalon-lushezy.at\/sr\/\u043f\u0440\u043e\u0438\u0437\u0432\u043e\u0434\/eyeliner-soft\/","url":"https:\/\/www.kosmetiksalon-lushezy.at\/sr\/\u043f\u0440\u043e\u0438\u0437\u0432\u043e\u0434\/eyeliner-soft\/","name":"Eyeliner Soft | Adrianna Lushezy","isPartOf":{"@id":"https:\/\/www.kosmetiksalon-lushezy.at\/#website"},"primaryImageOfPage":{"@id":"https:\/\/www.kosmetiksalon-lushezy.at\/sr\/\u043f\u0440\u043e\u0438\u0437\u0432\u043e\u0434\/eyeliner-soft\/#primaryimage"},"image":{"@id":"https:\/\/www.kosmetiksalon-lushezy.at\/sr\/\u043f\u0440\u043e\u0438\u0437\u0432\u043e\u0434\/eyeliner-soft\/#primaryimage"},"thumbnailUrl":"https:\/\/www.kosmetiksalon-lushezy.at\/wp-content\/uploads\/2023\/11\/Adrianna-Lushezy-Permanent-Make-Up-Eyeliner-Soft-11.jpg","datePublished":"2023-11-06T13:02:15+00:00","dateModified":"2024-10-24T12:19:55+00:00","description":"EYELINER u mekom prahu u trajnom \u0161minkanju je moderna tehnika koja se koristi za stvaranje efekta mekog i pudrastog ajlajnera. Za razliku od klasi\u010dnog ajlajnera...","breadcrumb":{"@id":"https:\/\/www.kosmetiksalon-lushezy.at\/sr\/\u043f\u0440\u043e\u0438\u0437\u0432\u043e\u0434\/eyeliner-soft\/#breadcrumb"},"inLanguage":"sr-RS","potentialAction":[{"@type":"ReadAction","target":["https:\/\/www.kosmetiksalon-lushezy.at\/sr\/\u043f\u0440\u043e\u0438\u0437\u0432\u043e\u0434\/eyeliner-soft\/"]}]},{"@type":"ImageObject","inLanguage":"sr-RS","@id":"https:\/\/www.kosmetiksalon-lushezy.at\/sr\/\u043f\u0440\u043e\u0438\u0437\u0432\u043e\u0434\/eyeliner-soft\/#primaryimage","url":"https:\/\/www.kosmetiksalon-lushezy.at\/wp-content\/uploads\/2023\/11\/Adrianna-Lushezy-Permanent-Make-Up-Eyeliner-Soft-11.jpg","contentUrl":"https:\/\/www.kosmetiksalon-lushezy.at\/wp-content\/uploads\/2023\/11\/Adrianna-Lushezy-Permanent-Make-Up-Eyeliner-Soft-11.jpg","width":940,"height":788},{"@type":"BreadcrumbList","@id":"https:\/\/www.kosmetiksalon-lushezy.at\/sr\/\u043f\u0440\u043e\u0438\u0437\u0432\u043e\u0434\/eyeliner-soft\/#breadcrumb","itemListElement":[{"@type":"ListItem","position":1,"name":"Home","item":"https:\/\/www.kosmetiksalon-lushezy.at\/sr\/"},{"@type":"ListItem","position":2,"name":"Shop","item":"https:\/\/www.kosmetiksalon-lushezy.at\/sr\/shop\/"},{"@type":"ListItem","position":3,"name":"Eyeliner Soft"}]},{"@type":"WebSite","@id":"https:\/\/www.kosmetiksalon-lushezy.at\/#website","url":"https:\/\/www.kosmetiksalon-lushezy.at\/","name":"Adrianna Lushezy","description":"Cosmetic, Permanent Make-up and Academy","publisher":{"@id":"https:\/\/www.kosmetiksalon-lushezy.at\/#organization"},"potentialAction":[{"@type":"SearchAction","target":{"@type":"EntryPoint","urlTemplate":"https:\/\/www.kosmetiksalon-lushezy.at\/?s={search_term_string}"},"query-input":"required name=search_term_string"}],"inLanguage":"sr-RS"},{"@type":"Organization","@id":"https:\/\/www.kosmetiksalon-lushezy.at\/#organization","name":"Adrianna Lushezy","url":"https:\/\/www.kosmetiksalon-lushezy.at\/","logo":{"@type":"ImageObject","inLanguage":"sr-RS","@id":"https:\/\/www.kosmetiksalon-lushezy.at\/#\/schema\/logo\/image\/","url":"https:\/\/www.kosmetiksalon-lushezy.at\/wp-content\/uploads\/2023\/11\/Adrianna-Lushezy-Favicon.png","contentUrl":"https:\/\/www.kosmetiksalon-lushezy.at\/wp-content\/uploads\/2023\/11\/Adrianna-Lushezy-Favicon.png","width":64,"height":60,"caption":"Adrianna Lushezy"},"image":{"@id":"https:\/\/www.kosmetiksalon-lushezy.at\/#\/schema\/logo\/image\/"},"sameAs":["https:\/\/www.facebook.com\/pmu.adrianna.lushezy\/","https:\/\/www.instagram.com\/adrianna_lushezy\/"]}]}},"_links":{"self":[{"href":"https:\/\/www.kosmetiksalon-lushezy.at\/sr\/wp-json\/wp\/v2\/product\/1443","targetHints":{"allow":["GET"]}}],"collection":[{"href":"https:\/\/www.kosmetiksalon-lushezy.at\/sr\/wp-json\/wp\/v2\/product"}],"about":[{"href":"https:\/\/www.kosmetiksalon-lushezy.at\/sr\/wp-json\/wp\/v2\/types\/product"}],"wp:featuredmedia":[{"embeddable":true,"href":"https:\/\/www.kosmetiksalon-lushezy.at\/sr\/wp-json\/wp\/v2\/media\/1121"}],"wp:attachment":[{"href":"https:\/\/www.kosmetiksalon-lushezy.at\/sr\/wp-json\/wp\/v2\/media?parent=1443"}],"wp:term":[{"taxonomy":"product_cat","embeddable":true,"href":"https:\/\/www.kosmetiksalon-lushezy.at\/sr\/wp-json\/wp\/v2\/product_cat?post=1443"},{"taxonomy":"product_tag","embeddable":true,"href":"https:\/\/www.kosmetiksalon-lushezy.at\/sr\/wp-json\/wp\/v2\/product_tag?post=1443"}],"curies":[{"name":"wp","href":"https:\/\/api.w.org\/{rel}","templated":true}]}}