{"id":1442,"date":"2023-11-06T13:48:30","date_gmt":"2023-11-06T12:48:30","guid":{"rendered":"https:\/\/www.kosmetiksalon-lushezy.at\/product\/bikini-eyeliner\/"},"modified":"2024-10-24T14:00:43","modified_gmt":"2024-10-24T12:00:43","slug":"bikini-eyeliner","status":"publish","type":"product","link":"https:\/\/www.kosmetiksalon-lushezy.at\/sr\/\u043f\u0440\u043e\u0438\u0437\u0432\u043e\u0434\/bikini-eyeliner\/","title":{"rendered":"Bikini eyeliner"},"content":{"rendered":"<div class=\"wpb-content-wrapper\"><p>[vc_row full_width=&#8220;stretch_row&#8220; css=&#8220;.vc_custom_1699454323630{background-image: url(https:\/\/www.kosmetiksalon-lushezy.at\/wp-content\/uploads\/2023\/11\/Adrianna-Lushezy-Blue-Background.jpg?id=69) !important;background-position: center !important;background-repeat: no-repeat !important;background-size: cover !important;}&#8220; woodmart_css_id=&#8220;654b9d6ad4292&#8243; responsive_spacing=&#8220;eyJwYXJhbV90eXBlIjoid29vZG1hcnRfcmVzcG9uc2l2ZV9zcGFjaW5nIiwic2VsZWN0b3JfaWQiOiI2NTRiOWQ2YWQ0MjkyIiwic2hvcnRjb2RlIjoidmNfcm93IiwiZGF0YSI6eyJ0YWJsZXQiOnt9LCJtb2JpbGUiOnt9fX0=&#8220; mobile_bg_img_hidden=&#8220;no&#8220; tablet_bg_img_hidden=&#8220;no&#8220; woodmart_parallax=&#8220;0&#8243; woodmart_gradient_switch=&#8220;no&#8220; woodmart_box_shadow=&#8220;no&#8220; wd_z_index=&#8220;no&#8220; woodmart_disable_overflow=&#8220;0&#8243; row_reverse_mobile=&#8220;0&#8243; row_reverse_tablet=&#8220;0&#8243; el_class=&#8220;product-blue-row&#8220;][vc_column][vc_column_text woodmart_inline=&#8220;no&#8220; text_larger=&#8220;no&#8220; el_class=&#8220;inner-tb&#8220;]<\/p>\n<h2 style=\"text-align: center;\">\u0160ta je trajna sminka<\/h2>\n<p style=\"text-align: center;\">Trajna sminka je kozmeti\u010dka tehnika \u2013 Pemanent Make Up ,u kojoj se boja unosi u gornji sloj ko\u017ee kako bi se postigao dugotrajan efekat. Tako\u0111e se naziva mikropigmentacija, jer se koriste sitne igle za ubacivanje boje u ko\u017eu, stvaraju\u0107i izgled \u0161minke koja je nanesena na ko\u017eu. <\/p>\n<p style=\"text-align: center;\">Podru\u010dja primjene su raznovrsna i uklju\u010duju obrve, konture usana, boju usana i eyeliner. Za razliku od tradicionalnog make-upa, trajni make-up se ne skida i mo\u017ee trajati nekoliko godina, iako povremeno mo\u017ee zahtijevati popravke. Preporu\u010duje se godi\u0161nje osvje\u017eavanje boje.  <\/p>\n<p style=\"text-align: center;\">Tehnika se izvodi u posebno dizajniranim salonima od strane obu\u010denih profesionalaca.<\/p>\n<p>[\/vc_column_text][\/vc_column][\/vc_row][vc_row][vc_column][vc_raw_html]PGgyPlByb2NlcyB0cmFqbmUgc21pbmtlIC0gTUlDUk9CTEFESU5HIFRFSE5JS0UgPC9oMj4KPHA+VHJham5hIHNtaW5rYSBpbGkgTWlrcm9waWdtZW50YWNpamEgUHJvY2VzIHBvxI1pbmplIGtvbnN1bHRhY2lqb20sIHRva29tIGtvamUgbW\/FvmV0ZSByYXpnb3ZhcmF0aSBvIMW+ZWxqZW5vbSBpemdsZWR1IHNhIHRyYWpuaW0gbWFrZXVwIHVtZXRuaWtvbS4gUGVybWFuZW50IE1ha2UgLVVwIEFydGlzdCBwcnV6YSBwcmVwb3J1a2UgbyB0b21lIGtha28gb3B0aW1pemlyYXRpIG9ibGlrIEkgZGVibGppbnUgQklLSU5JIEVZRUxJTkVSLWEuIFphdGltIHByb2NlcyBwb8SNaW5qZSBsb2thbG5vbSBhbmVzdGV6aWpvbSBrYWtvIGJpIHNlIG1pbmltaXpvdmFsaSBib2wgaSBuZWxhZ29kbm9zdC4gIDwvcD4gCgo8cD5Vc3Rhbm92aW1vIHByb3BvcmNpamUgb2NpanUgSSBleWVsaW5lcmEgaSBwb3N0aWduZW1vIHNhdnLFoWVuIGRpemFqbiBCSUtJTkkgRVlFTElORVJBICxrb2ppIHRyZWJhdGUgcHJlZ2xlZGF0aSBpIHBvdHZyZGl0aS4gTmFrb24gdG9nYSBiaXJhbW8gb2Rnb3ZhcmFqdWPMgXUgYm9qdSBwaWdtZW50YSB6YSB2YXMgbmEgb3Nub3Z1IMW+ZWxqZW5vZyBpc2hvZGEsIGJvamUgZGxhxI1pY2Egb2JydmEgaSBib2plIGtvxb5lIGkgcG9kdG9uYS4gPC9wPgoKPHA+RG9iacSHZXRlIG9nbGVkYWxvIGRhIGJpc3RlIHByZWdsZWRhbGkgZGl6YWpuIHphIEJpa2luaSBpbGkgYmFieSBFeWVsaW5lciB1IHByb3BvcmNpamFtYSwga2FvIGkgZGEgYmlzdGUgdmlkZWxpIGkgcG90dnJkaWxpIGJvanUgcGlnbWVudGEga29qYSDEh2Ugc2Uga29yaXN0aXRpIHphIHRyYWpuaSBtYWtldXAuPC9wPgoKPHA+UGlnbWVudGkgdHJham5vZyBtYWtldXBhIHNlIGltcGxhbnRpcmFqdSBpem1lxJF1IHBydm9nIGkgZHJ1Z29nIHNsb2phIGtvxb5lLCByZXp1bHRpcmFqdcSHaSBiYXLFoXVuYXN0aW0gaXpnbGVkb20gb2JydmEuPC9wPgoKPHA+UHJlIHN2YWtvZyB0cmV0bWFuYSB2csWhaSBzZSBhbmFsaXphIGtvemUsIHByb3BvcmNpamEgbGljYSBrYWtvIGJpIHNlIG9iZXpiZWRpbG8gZGEgZXllbGluZXIgb3N0YW5lIHUgc2F2csWhZW5vaiBwcm9wb3JjaWppIGkgaGFybW9uaXppcmFqdSBzZSBzYSBsaWNlbS48L3A+[\/vc_raw_html][\/vc_column][\/vc_row][vc_row full_width=&#8220;stretch_row&#8220; content_placement=&#8220;middle&#8220; css=&#8220;.vc_custom_1701445498832{background-image: url(https:\/\/www.kosmetiksalon-lushezy.at\/wp-content\/uploads\/2023\/11\/Adrianna-Lushezy-Blue-Background.jpg?id=69) !important;background-position: center !important;background-repeat: no-repeat !important;background-size: cover !important;}&#8220; woodmart_css_id=&#8220;6569ff71d300d&#8220; responsive_spacing=&#8220;eyJwYXJhbV90eXBlIjoid29vZG1hcnRfcmVzcG9uc2l2ZV9zcGFjaW5nIiwic2VsZWN0b3JfaWQiOiI2NTY5ZmY3MWQzMDBkIiwic2hvcnRjb2RlIjoidmNfcm93IiwiZGF0YSI6eyJ0YWJsZXQiOnt9LCJtb2JpbGUiOnt9fX0=&#8220; mobile_bg_img_hidden=&#8220;no&#8220; tablet_bg_img_hidden=&#8220;no&#8220; woodmart_parallax=&#8220;0&#8243; woodmart_gradient_switch=&#8220;no&#8220; woodmart_box_shadow=&#8220;no&#8220; wd_z_index=&#8220;no&#8220; woodmart_disable_overflow=&#8220;0&#8243; row_reverse_mobile=&#8220;0&#8243; row_reverse_tablet=&#8220;0&#8243; el_class=&#8220;product-blue-row&#8220;][vc_column width=&#8220;1\/2&#8243;][vc_column_text woodmart_inline=&#8220;no&#8220; text_larger=&#8220;no&#8220;]Nakon proporcije I iscrtavanja , ko\u017ea se dezinfikuje, i nanosi se anestetik kako bi se smanjila bol tokom procesa. Pigment se ubacuje u ko\u017eu pomo\u0107u elektri\u010dnog ru\u010dnog aparata i fine igle. <\/p>\n<p style=\"text-align: left;\">Igla se ne\u017eno pokre\u0107e preko ko\u017ee kako bi se stvarile ta\u010dkice boje koje imitiraju izgled prirodnog pudera ili sen\u010denja.<\/p>\n<p style=\"text-align: left;\">Proces obi\u010dno traje oko 2 sata i mo\u017ee zahtevati dve ili vi\u0161e sesija kako bi se postigao \u017eeljeni rezultat. Nakon postupka, nanosi se krema na obrve. <\/p>\n<p style=\"text-align: left;\">Va\u017eno je napomenuti da boja o\u010diju mo\u017ee biti jaka u prvih nekoliko dana nakon postupka. Me\u0111utim, ovo mo\u017ee izbledeti u roku od jedne do dve nedelje, \u0161to rezultira prirodnim izgledom. <\/p>\n<p style=\"text-align: left;\">\u0160tavi\u0161e, va\u017eno je da se pridr\u017eavate uputstava va\u0161eg trajnog \u0161minkera da biste osigurali brz proces zarastanja i zadovoljavajuc\u0301i ishod. Proces trajne \u0161minke se sastoji od 2 dela sa jednomese\u010dnim intervalom. <\/p>\n<p>[\/vc_column_text][\/vc_column][vc_column width=&#8220;1\/2&#8243;][vc_single_image image=&#8220;206&#8243; img_size=&#8220;535&#215;440&#8243; alignment=&#8220;center&#8220; parallax_scroll=&#8220;no&#8220; woodmart_inline=&#8220;no&#8220;][\/vc_column][\/vc_row]<\/p>\n<\/div>","protected":false},"excerpt":{"rendered":"<p>Bikini eyeliner se izvodi u korenu trepavice prateci konuru ociju .Gusto\u0107a linije trepavica u trajnom make-upu je tehnika u kojoj se tanke linije tetoviraju du\u017e linije trepavica kako bi se stvorio dojam gu\u0161\u0107ih trepavica. Ovo je polutrajno rje\u0161enje gdje se pigmentirana boja usa\u0111uje u najgornje slojeve ko\u017ee. TPrednost gusto\u0107e linije trepavica u trajnoj sminci je \u0161to stvara dojam du\u017eih i gu\u0161\u0107ih trepavica, daje jaku I lepsu konturu ociju I izgleda prirodno. Ovo mo\u017ee biti posebno korisno za osobe koje prirodno imaju tanke ili svjetlije trepavice. Sve u svemu, gusto\u0107a \u2013 debljina linije Bikini Eyelinera trepavica u trajnom make-upu nudi trajno rje\u0161enje za osobe koje \u017eele pobolj\u0161ati svoje prirodne trepavice, izbjegavaju\u0107i svakodnevno kori\u0161tenje eyelinera. <\/p>\n<ul class=\"price\">\n<li>Bikini eyeliner: <span class=\"mini-price\">160\u20ac<\/span><\/li>\n<li>Korekcija: <span class=\"mini-price\">80\u20ac<\/span><\/li>\n<\/ul>\n[bookly-form category_id=\"16\" hide=\"staff_members,week_days,time_range\"]\n","protected":false},"featured_media":1089,"template":"","meta":[],"product_cat":[136],"product_tag":[],"class_list":{"0":"post-1442","1":"product","2":"type-product","3":"status-publish","4":"has-post-thumbnail","6":"product_cat-trajna-sminka","8":"first","9":"instock","10":"shipping-taxable","11":"purchasable","12":"product-type-simple"},"yoast_head":"<!-- This site is optimized with the Yoast SEO plugin v23.3 - https:\/\/yoast.com\/wordpress\/plugins\/seo\/ -->\n<title>Bikini eyeliner | Adrianna Lushezy<\/title>\n<meta name=\"description\" content=\"Bikini eyeliner - Gustina linije trepavica u trajnoj \u0161minki je tehnika u kojoj se tanke linije tetoviraju du\u017e linije trepavica kako bi se stvorio utisak...\" \/>\n<meta name=\"robots\" content=\"index, follow, max-snippet:-1, max-image-preview:large, max-video-preview:-1\" \/>\n<link rel=\"canonical\" href=\"https:\/\/www.kosmetiksalon-lushezy.at\/sr\/\u043f\u0440\u043e\u0438\u0437\u0432\u043e\u0434\/bikini-eyeliner\/\" \/>\n<meta property=\"og:locale\" content=\"sr_RS\" \/>\n<meta property=\"og:type\" content=\"article\" \/>\n<meta property=\"og:title\" content=\"Bikini eyeliner | Adrianna Lushezy\" \/>\n<meta property=\"og:description\" content=\"Bikini eyeliner - Gustina linije trepavica u trajnoj \u0161minki je tehnika u kojoj se tanke linije tetoviraju du\u017e linije trepavica kako bi se stvorio utisak...\" \/>\n<meta property=\"og:url\" content=\"https:\/\/www.kosmetiksalon-lushezy.at\/sr\/\u043f\u0440\u043e\u0438\u0437\u0432\u043e\u0434\/bikini-eyeliner\/\" \/>\n<meta property=\"og:site_name\" content=\"Adrianna Lushezy\" \/>\n<meta property=\"article:publisher\" content=\"https:\/\/www.facebook.com\/pmu.adrianna.lushezy\/\" \/>\n<meta property=\"article:modified_time\" content=\"2024-10-24T12:00:43+00:00\" \/>\n<meta property=\"og:image\" content=\"https:\/\/www.kosmetiksalon-lushezy.at\/wp-content\/uploads\/2023\/11\/Adrianna-Lushezy-Permanent-Make-Up-Baby-Eyeliner-05.jpg\" \/>\n\t<meta property=\"og:image:width\" content=\"940\" \/>\n\t<meta property=\"og:image:height\" content=\"788\" \/>\n\t<meta property=\"og:image:type\" content=\"image\/jpeg\" \/>\n<meta name=\"twitter:card\" content=\"summary_large_image\" \/>\n<meta name=\"twitter:label1\" content=\"\u041f\u0440\u043e\u0446\u0435\u045a\u0435\u043d\u043e \u0432\u0440\u0435\u043c\u0435 \u0447\u0438\u0442\u0430\u045a\u0430\" \/>\n\t<meta name=\"twitter:data1\" content=\"3 \u043c\u0438\u043d\u0443\u0442\u0430\" \/>\n<script type=\"application\/ld+json\" class=\"yoast-schema-graph\">{\"@context\":\"https:\/\/schema.org\",\"@graph\":[{\"@type\":\"WebPage\",\"@id\":\"https:\/\/www.kosmetiksalon-lushezy.at\/sr\/\u043f\u0440\u043e\u0438\u0437\u0432\u043e\u0434\/bikini-eyeliner\/\",\"url\":\"https:\/\/www.kosmetiksalon-lushezy.at\/sr\/\u043f\u0440\u043e\u0438\u0437\u0432\u043e\u0434\/bikini-eyeliner\/\",\"name\":\"Bikini eyeliner | Adrianna Lushezy\",\"isPartOf\":{\"@id\":\"https:\/\/www.kosmetiksalon-lushezy.at\/#website\"},\"primaryImageOfPage\":{\"@id\":\"https:\/\/www.kosmetiksalon-lushezy.at\/sr\/\u043f\u0440\u043e\u0438\u0437\u0432\u043e\u0434\/bikini-eyeliner\/#primaryimage\"},\"image\":{\"@id\":\"https:\/\/www.kosmetiksalon-lushezy.at\/sr\/\u043f\u0440\u043e\u0438\u0437\u0432\u043e\u0434\/bikini-eyeliner\/#primaryimage\"},\"thumbnailUrl\":\"https:\/\/www.kosmetiksalon-lushezy.at\/wp-content\/uploads\/2023\/11\/Adrianna-Lushezy-Permanent-Make-Up-Baby-Eyeliner-05.jpg\",\"datePublished\":\"2023-11-06T12:48:30+00:00\",\"dateModified\":\"2024-10-24T12:00:43+00:00\",\"description\":\"Bikini eyeliner - Gustina linije trepavica u trajnoj \u0161minki je tehnika u kojoj se tanke linije tetoviraju du\u017e linije trepavica kako bi se stvorio utisak...\",\"breadcrumb\":{\"@id\":\"https:\/\/www.kosmetiksalon-lushezy.at\/sr\/\u043f\u0440\u043e\u0438\u0437\u0432\u043e\u0434\/bikini-eyeliner\/#breadcrumb\"},\"inLanguage\":\"sr-RS\",\"potentialAction\":[{\"@type\":\"ReadAction\",\"target\":[\"https:\/\/www.kosmetiksalon-lushezy.at\/sr\/\u043f\u0440\u043e\u0438\u0437\u0432\u043e\u0434\/bikini-eyeliner\/\"]}]},{\"@type\":\"ImageObject\",\"inLanguage\":\"sr-RS\",\"@id\":\"https:\/\/www.kosmetiksalon-lushezy.at\/sr\/\u043f\u0440\u043e\u0438\u0437\u0432\u043e\u0434\/bikini-eyeliner\/#primaryimage\",\"url\":\"https:\/\/www.kosmetiksalon-lushezy.at\/wp-content\/uploads\/2023\/11\/Adrianna-Lushezy-Permanent-Make-Up-Baby-Eyeliner-05.jpg\",\"contentUrl\":\"https:\/\/www.kosmetiksalon-lushezy.at\/wp-content\/uploads\/2023\/11\/Adrianna-Lushezy-Permanent-Make-Up-Baby-Eyeliner-05.jpg\",\"width\":940,\"height\":788},{\"@type\":\"BreadcrumbList\",\"@id\":\"https:\/\/www.kosmetiksalon-lushezy.at\/sr\/\u043f\u0440\u043e\u0438\u0437\u0432\u043e\u0434\/bikini-eyeliner\/#breadcrumb\",\"itemListElement\":[{\"@type\":\"ListItem\",\"position\":1,\"name\":\"Home\",\"item\":\"https:\/\/www.kosmetiksalon-lushezy.at\/sr\/\"},{\"@type\":\"ListItem\",\"position\":2,\"name\":\"Shop\",\"item\":\"https:\/\/www.kosmetiksalon-lushezy.at\/sr\/shop\/\"},{\"@type\":\"ListItem\",\"position\":3,\"name\":\"Bikini eyeliner\"}]},{\"@type\":\"WebSite\",\"@id\":\"https:\/\/www.kosmetiksalon-lushezy.at\/#website\",\"url\":\"https:\/\/www.kosmetiksalon-lushezy.at\/\",\"name\":\"Adrianna Lushezy\",\"description\":\"Cosmetic, Permanent Make-up and Academy\",\"publisher\":{\"@id\":\"https:\/\/www.kosmetiksalon-lushezy.at\/#organization\"},\"potentialAction\":[{\"@type\":\"SearchAction\",\"target\":{\"@type\":\"EntryPoint\",\"urlTemplate\":\"https:\/\/www.kosmetiksalon-lushezy.at\/?s={search_term_string}\"},\"query-input\":\"required name=search_term_string\"}],\"inLanguage\":\"sr-RS\"},{\"@type\":\"Organization\",\"@id\":\"https:\/\/www.kosmetiksalon-lushezy.at\/#organization\",\"name\":\"Adrianna Lushezy\",\"url\":\"https:\/\/www.kosmetiksalon-lushezy.at\/\",\"logo\":{\"@type\":\"ImageObject\",\"inLanguage\":\"sr-RS\",\"@id\":\"https:\/\/www.kosmetiksalon-lushezy.at\/#\/schema\/logo\/image\/\",\"url\":\"https:\/\/www.kosmetiksalon-lushezy.at\/wp-content\/uploads\/2023\/11\/Adrianna-Lushezy-Favicon.png\",\"contentUrl\":\"https:\/\/www.kosmetiksalon-lushezy.at\/wp-content\/uploads\/2023\/11\/Adrianna-Lushezy-Favicon.png\",\"width\":64,\"height\":60,\"caption\":\"Adrianna Lushezy\"},\"image\":{\"@id\":\"https:\/\/www.kosmetiksalon-lushezy.at\/#\/schema\/logo\/image\/\"},\"sameAs\":[\"https:\/\/www.facebook.com\/pmu.adrianna.lushezy\/\",\"https:\/\/www.instagram.com\/adrianna_lushezy\/\"]}]}<\/script>\n<!-- \/ Yoast SEO plugin. -->","yoast_head_json":{"title":"Bikini eyeliner | Adrianna Lushezy","description":"Bikini eyeliner - Gustina linije trepavica u trajnoj \u0161minki je tehnika u kojoj se tanke linije tetoviraju du\u017e linije trepavica kako bi se stvorio utisak...","robots":{"index":"index","follow":"follow","max-snippet":"max-snippet:-1","max-image-preview":"max-image-preview:large","max-video-preview":"max-video-preview:-1"},"canonical":"https:\/\/www.kosmetiksalon-lushezy.at\/sr\/\u043f\u0440\u043e\u0438\u0437\u0432\u043e\u0434\/bikini-eyeliner\/","og_locale":"sr_RS","og_type":"article","og_title":"Bikini eyeliner | Adrianna Lushezy","og_description":"Bikini eyeliner - Gustina linije trepavica u trajnoj \u0161minki je tehnika u kojoj se tanke linije tetoviraju du\u017e linije trepavica kako bi se stvorio utisak...","og_url":"https:\/\/www.kosmetiksalon-lushezy.at\/sr\/\u043f\u0440\u043e\u0438\u0437\u0432\u043e\u0434\/bikini-eyeliner\/","og_site_name":"Adrianna Lushezy","article_publisher":"https:\/\/www.facebook.com\/pmu.adrianna.lushezy\/","article_modified_time":"2024-10-24T12:00:43+00:00","og_image":[{"width":940,"height":788,"url":"https:\/\/www.kosmetiksalon-lushezy.at\/wp-content\/uploads\/2023\/11\/Adrianna-Lushezy-Permanent-Make-Up-Baby-Eyeliner-05.jpg","type":"image\/jpeg"}],"twitter_card":"summary_large_image","twitter_misc":{"\u041f\u0440\u043e\u0446\u0435\u045a\u0435\u043d\u043e \u0432\u0440\u0435\u043c\u0435 \u0447\u0438\u0442\u0430\u045a\u0430":"3 \u043c\u0438\u043d\u0443\u0442\u0430"},"schema":{"@context":"https:\/\/schema.org","@graph":[{"@type":"WebPage","@id":"https:\/\/www.kosmetiksalon-lushezy.at\/sr\/\u043f\u0440\u043e\u0438\u0437\u0432\u043e\u0434\/bikini-eyeliner\/","url":"https:\/\/www.kosmetiksalon-lushezy.at\/sr\/\u043f\u0440\u043e\u0438\u0437\u0432\u043e\u0434\/bikini-eyeliner\/","name":"Bikini eyeliner | Adrianna Lushezy","isPartOf":{"@id":"https:\/\/www.kosmetiksalon-lushezy.at\/#website"},"primaryImageOfPage":{"@id":"https:\/\/www.kosmetiksalon-lushezy.at\/sr\/\u043f\u0440\u043e\u0438\u0437\u0432\u043e\u0434\/bikini-eyeliner\/#primaryimage"},"image":{"@id":"https:\/\/www.kosmetiksalon-lushezy.at\/sr\/\u043f\u0440\u043e\u0438\u0437\u0432\u043e\u0434\/bikini-eyeliner\/#primaryimage"},"thumbnailUrl":"https:\/\/www.kosmetiksalon-lushezy.at\/wp-content\/uploads\/2023\/11\/Adrianna-Lushezy-Permanent-Make-Up-Baby-Eyeliner-05.jpg","datePublished":"2023-11-06T12:48:30+00:00","dateModified":"2024-10-24T12:00:43+00:00","description":"Bikini eyeliner - Gustina linije trepavica u trajnoj \u0161minki je tehnika u kojoj se tanke linije tetoviraju du\u017e linije trepavica kako bi se stvorio utisak...","breadcrumb":{"@id":"https:\/\/www.kosmetiksalon-lushezy.at\/sr\/\u043f\u0440\u043e\u0438\u0437\u0432\u043e\u0434\/bikini-eyeliner\/#breadcrumb"},"inLanguage":"sr-RS","potentialAction":[{"@type":"ReadAction","target":["https:\/\/www.kosmetiksalon-lushezy.at\/sr\/\u043f\u0440\u043e\u0438\u0437\u0432\u043e\u0434\/bikini-eyeliner\/"]}]},{"@type":"ImageObject","inLanguage":"sr-RS","@id":"https:\/\/www.kosmetiksalon-lushezy.at\/sr\/\u043f\u0440\u043e\u0438\u0437\u0432\u043e\u0434\/bikini-eyeliner\/#primaryimage","url":"https:\/\/www.kosmetiksalon-lushezy.at\/wp-content\/uploads\/2023\/11\/Adrianna-Lushezy-Permanent-Make-Up-Baby-Eyeliner-05.jpg","contentUrl":"https:\/\/www.kosmetiksalon-lushezy.at\/wp-content\/uploads\/2023\/11\/Adrianna-Lushezy-Permanent-Make-Up-Baby-Eyeliner-05.jpg","width":940,"height":788},{"@type":"BreadcrumbList","@id":"https:\/\/www.kosmetiksalon-lushezy.at\/sr\/\u043f\u0440\u043e\u0438\u0437\u0432\u043e\u0434\/bikini-eyeliner\/#breadcrumb","itemListElement":[{"@type":"ListItem","position":1,"name":"Home","item":"https:\/\/www.kosmetiksalon-lushezy.at\/sr\/"},{"@type":"ListItem","position":2,"name":"Shop","item":"https:\/\/www.kosmetiksalon-lushezy.at\/sr\/shop\/"},{"@type":"ListItem","position":3,"name":"Bikini eyeliner"}]},{"@type":"WebSite","@id":"https:\/\/www.kosmetiksalon-lushezy.at\/#website","url":"https:\/\/www.kosmetiksalon-lushezy.at\/","name":"Adrianna Lushezy","description":"Cosmetic, Permanent Make-up and Academy","publisher":{"@id":"https:\/\/www.kosmetiksalon-lushezy.at\/#organization"},"potentialAction":[{"@type":"SearchAction","target":{"@type":"EntryPoint","urlTemplate":"https:\/\/www.kosmetiksalon-lushezy.at\/?s={search_term_string}"},"query-input":"required name=search_term_string"}],"inLanguage":"sr-RS"},{"@type":"Organization","@id":"https:\/\/www.kosmetiksalon-lushezy.at\/#organization","name":"Adrianna Lushezy","url":"https:\/\/www.kosmetiksalon-lushezy.at\/","logo":{"@type":"ImageObject","inLanguage":"sr-RS","@id":"https:\/\/www.kosmetiksalon-lushezy.at\/#\/schema\/logo\/image\/","url":"https:\/\/www.kosmetiksalon-lushezy.at\/wp-content\/uploads\/2023\/11\/Adrianna-Lushezy-Favicon.png","contentUrl":"https:\/\/www.kosmetiksalon-lushezy.at\/wp-content\/uploads\/2023\/11\/Adrianna-Lushezy-Favicon.png","width":64,"height":60,"caption":"Adrianna Lushezy"},"image":{"@id":"https:\/\/www.kosmetiksalon-lushezy.at\/#\/schema\/logo\/image\/"},"sameAs":["https:\/\/www.facebook.com\/pmu.adrianna.lushezy\/","https:\/\/www.instagram.com\/adrianna_lushezy\/"]}]}},"_links":{"self":[{"href":"https:\/\/www.kosmetiksalon-lushezy.at\/sr\/wp-json\/wp\/v2\/product\/1442","targetHints":{"allow":["GET"]}}],"collection":[{"href":"https:\/\/www.kosmetiksalon-lushezy.at\/sr\/wp-json\/wp\/v2\/product"}],"about":[{"href":"https:\/\/www.kosmetiksalon-lushezy.at\/sr\/wp-json\/wp\/v2\/types\/product"}],"wp:featuredmedia":[{"embeddable":true,"href":"https:\/\/www.kosmetiksalon-lushezy.at\/sr\/wp-json\/wp\/v2\/media\/1089"}],"wp:attachment":[{"href":"https:\/\/www.kosmetiksalon-lushezy.at\/sr\/wp-json\/wp\/v2\/media?parent=1442"}],"wp:term":[{"taxonomy":"product_cat","embeddable":true,"href":"https:\/\/www.kosmetiksalon-lushezy.at\/sr\/wp-json\/wp\/v2\/product_cat?post=1442"},{"taxonomy":"product_tag","embeddable":true,"href":"https:\/\/www.kosmetiksalon-lushezy.at\/sr\/wp-json\/wp\/v2\/product_tag?post=1442"}],"curies":[{"name":"wp","href":"https:\/\/api.w.org\/{rel}","templated":true}]}}