{"id":1441,"date":"2023-11-06T14:17:12","date_gmt":"2023-11-06T13:17:12","guid":{"rendered":"https:\/\/www.kosmetiksalon-lushezy.at\/product\/neutralizacija-boje\/"},"modified":"2024-10-24T13:47:03","modified_gmt":"2024-10-24T11:47:03","slug":"neutralizacija-boje","status":"publish","type":"product","link":"https:\/\/www.kosmetiksalon-lushezy.at\/sr\/\u043f\u0440\u043e\u0438\u0437\u0432\u043e\u0434\/neutralizacija-boje\/","title":{"rendered":"Neutralizacija boje"},"content":{"rendered":"<div class=\"wpb-content-wrapper\"><p>[vc_row full_width=&#8220;stretch_row&#8220; css=&#8220;.vc_custom_1699454323630{background-image: url(https:\/\/www.kosmetiksalon-lushezy.at\/wp-content\/uploads\/2023\/11\/Adrianna-Lushezy-Blue-Background.jpg?id=69) !important;background-position: center !important;background-repeat: no-repeat !important;background-size: cover !important;}&#8220; woodmart_css_id=&#8220;654b9d6ad4292&#8243; responsive_spacing=&#8220;eyJwYXJhbV90eXBlIjoid29vZG1hcnRfcmVzcG9uc2l2ZV9zcGFjaW5nIiwic2VsZWN0b3JfaWQiOiI2NTRiOWQ2YWQ0MjkyIiwic2hvcnRjb2RlIjoidmNfcm93IiwiZGF0YSI6eyJ0YWJsZXQiOnt9LCJtb2JpbGUiOnt9fX0=&#8220; mobile_bg_img_hidden=&#8220;no&#8220; tablet_bg_img_hidden=&#8220;no&#8220; woodmart_parallax=&#8220;0&#8243; woodmart_gradient_switch=&#8220;no&#8220; woodmart_box_shadow=&#8220;no&#8220; wd_z_index=&#8220;no&#8220; woodmart_disable_overflow=&#8220;0&#8243; row_reverse_mobile=&#8220;0&#8243; row_reverse_tablet=&#8220;0&#8243; el_class=&#8220;product-blue-row&#8220;][vc_column][vc_column_text woodmart_inline=&#8220;no&#8220; text_larger=&#8220;no&#8220; el_class=&#8220;inner-tb&#8220;]<\/p>\n<p class=\"iznad-naslova\" style=\"text-align: center;\">Pro\u010ditaj vi\u0161e<\/p>\n<h2 style=\"text-align: center;\">Neutralizacija boje<\/h2>\n<p style=\"text-align: center;\">Glavni uticaj na promenu boje ima vas podton ili vas pigmenat u kozi. Topao pigment je narandzasti, crveni. Dok su hladni pigmenti Siva, plava&#8230; <\/p>\n<p style=\"text-align: center;\">Sa neutralizacijom stare boje obrva, eyelinera ,vrlo lako mozemo popraviti sivu obrvu na lepu braon ili staru narandzastu obrvu na lepi braon ton.<\/p>\n<p style=\"text-align: center;\">Permanentna \u0161minka, poznata i kao kozmeti\u010dko tetoviranje ili mikropigmentacija, je metoda u kojoj se pigmenti usa\u0111uju u dermis sloj ko\u017ee kako bi se poja\u010dale crte lica kao \u0161to su obrve, ajlajner i usne. Ponekad rezultati mo\u017eda nisu onakvi kakvi se o\u010dekuju, pa mo\u017ee biti potrebe da se neutrali\u0161e ili ispravi boja. <\/p>\n<p style=\"text-align: center;\"><strong>Evo kako se neutralizacija obi\u010dno pristupa u svetu permanentne \u0161minke:<\/strong><\/p>\n<p>[\/vc_column_text][\/vc_column][\/vc_row][vc_row][vc_column][vc_raw_html]PGRpdiBjbGFzcz0ib21vdGFjLW5hYnJhamFuamEtcHJvZHVjdCI+CiAgICA8ZGl2IGNsYXNzPSJrb2xvbmEtbGV2byI+CiAgICAgICAgPGRpdiBjbGFzcz0iaW5uZXItbmFicmFqYW5qZSI+CiAgICAgICAgICAgIDxwIGNsYXNzPSJuYXNsb3YtbmFicmFqYW5qZSI+PHNwYW4gY2xhc3M9ImJyb2oiPjEuPC9zcGFuPiBSYXp1bWV2YW5qZSB0ZW9yaWplIGJvamE8L3A+CiAgICAgICAgICAgIDx1bD4KICAgICAgICAgICAgICAgIDxsaT5VIHNyxb5pIG5ldXRyYWxpemFjaWplIGJpbG8ga29qZSBib2plIGplIGtvbG9yaXN0acSNa2kga3J1Zy4gU3Vwcm90bmUgYm9qZSBuYSB0b8SNa3Ugc2Ugc21hdHJhanUgImtvbXBsZW1lbnRhcm5pbWEiLiBOYW5vxaFlbmplIGtvbXBsZW1lbnRhcm5lIGJvamUgbW\/FvmUgbmV1dHJhbGlzYXRpIG5lxb5lbGplbnUgbmlqYW5zdS4gIDwvbGk+CiAgICAgICAgICAgICAgICA8bGk+TmEgcHJpbWVyLCBha28gb2JydmUgaW1hanUgcGxhdmnEjWFzdHUgbmlqYW5zdSwgdXZvZGplbmplIHBpZ21lbnRhIG5hIGJhemkgbmFyYW5kxb5lIG1vxb5lIHBvbW\/Eh2kgZGEgc2UgbmV1dHJhbGnFoWUgcGxhdmEuPC9saT4KICAgICAgICAgICAgPC91bD4KICAgICAgICA8L2Rpdj4KICAgICAgICA8ZGl2IGNsYXNzPSJpbm5lci1uYWJyYWphbmplIj4KICAgICAgICAgICAgPHAgY2xhc3M9Im5hc2xvdi1uYWJyYWphbmplIj48c3BhbiBjbGFzcz0iYnJvaiI+Mi48L3NwYW4+IFZyc3RlIGtvcmVrY2lqYSBib2phOjwvcD4KICAgICAgICAgICAgPHVsPgogICAgICAgICAgICAgICAgPGxpPjxzdHJvbmc+U2l2ZSBpbGkgUGxhdmUgT2JydmU6PC9zdHJvbmc+IE9iacSNbm8gc2UgbmV1dHJhbGnFoXUgcG9tb8SHdSB0b3BsZSBpbGkgbmFyYW5kxb5hc3RlIGJvamUuPC9saT4KICAgICAgICAgICAgICAgIDxsaT48c3Ryb25nPkxqdWJpxI1hc3RlIGlsaSBQcmUgSGxhZG5lIE9icnZlOjwvc3Ryb25nPiDEjGVzdG8gc2UgaXNwcmF2bGphanUgc2Egxb51dG9tIGJvam9tLjwvbGk+CiAgICAgICAgICAgICAgICA8bGk+PHN0cm9uZz5DcnZlbmthc3RlIGlsaSBSb3plIE9icnZlOjwvc3Ryb25nPiBNb8W+ZSBzZSBrb3Jpc3RpdGkgcGlnbWVudCBuYSBiYXppIHplbGVuZSBkYSBiaSBzZSBuZXV0cmFsaXNhby48L2xpPgogICAgICAgICAgICA8L3VsPgogICAgICAgIDwvZGl2PgogICAgICAgIDxkaXYgY2xhc3M9ImlubmVyLW5hYnJhamFuamUiPgogICAgICAgICAgICA8cCBjbGFzcz0ibmFzbG92LW5hYnJhamFuamUiPjxzcGFuIGNsYXNzPSJicm9qIj4zLjwvc3Bhbj4gUHJvY2VzIG5ldXRyYWxpemFjaWplOjwvcD4KICAgICAgICAgICAgPHVsPgogICAgICAgICAgICAgICAgPGxpPlByb2NlcyBwb8SNaW5qZSB0ZW1lbGpuaW0gc2F2ZXRvdmFuamVtIGtha28gYmkgc2UgdXR2cmRpbGEgbmXFvmVsamVuYSBuaWphbnNhIGkgbmFqYm9samkgcGlnbWVudCB6YSBuamVudSBuZXV0cmFsaXphY2lqdS48L2xpPgogICAgICAgICAgICAgICAgPGxpPkl6YWJyYW5pIHBpZ21lbnQgc2UgemF0aW0gdGV0b3ZpcmEgcHJla28gcG9zdG9qZcSHZSBwZXJtYW5lbnRuZSDFoW1pbmtlLjwvbGk+CiAgICAgICAgICAgICAgICA8bGk+UHJvY2VzIG1vxb5lIHphaHRldmF0aSBuZWtvbGlrbyBzZXNpamEgZGEgYmkgc2UgcG9zdGlnbGkgxb5lbGplbmkgcmV6dWx0YXRpLCBwb3NlYm5vIGFrbyBqZSBvcmlnaW5hbG5hIGJvamEgdnJsbyB0YW1uYSBpbGkgZHVib2tvIHphc2nEh2VuYS48L2xpPgogICAgICAgICAgICA8L3VsPgogICAgICAgIDwvZGl2PgogICAgPC9kaXY+CiAgICA8ZGl2IGNsYXNzPSJrb2xvbmEtZGVzbm8iPgogICAgICAgIDxkaXYgY2xhc3M9ImlubmVyLW5hYnJhamFuamUiPgogICAgICAgICAgICA8cCBjbGFzcz0ibmFzbG92LW5hYnJhamFuamUiPjxzcGFuIGNsYXNzPSJicm9qIj40Ljwvc3Bhbj4gTmVnYSBuYWtvbiB6YWh2YXRhOjwvcD4KICAgICAgICAgICAgPHVsPgogICAgICAgICAgICAgICAgPGxpPk5lZ2EgbmFrb24gbmV1dHJhbGl6YWNpamUgc2xpxI1uYSBqZSBvbm9qIG5ha29uIHBydm9iaXRuZSBwcmltZW5lIHBlcm1hbmVudG5lIMWhbWlua2UuIERyxb5hbmplIHBvZHJ1xI1qYSDEjWlzdGltIGkgaGlkcmF0aXppcmFuaW0sIGl6YmVnYXZhbmplIGRpcmVrdG5lIHN1bsSNZXZlIHN2ZXRsb3N0aSwgdXpkcsW+YXZhbmplIG9kIMSNZXBya2FuamEgaWxpIGdyZWJhbmphIGkgaXpiZWdhdmFuamUgxaFtaW5rZSBuYSB0cmV0aXJhbm9tIHBvZHJ1xI1qdSBuZWtvIHZyZW1lIHN1IHN0YW5kYXJkbmUgcHJlcG9ydWtlLiA8L2xpPgogICAgICAgICAgICA8L3VsPgogICAgICAgIDwvZGl2PgogICAgICAgIDxkaXYgY2xhc3M9ImlubmVyLW5hYnJhamFuamUiPgogICAgICAgICAgICA8cCBjbGFzcz0ibmFzbG92LW5hYnJhamFuamUiPjxzcGFuIGNsYXNzPSJicm9qIj41Ljwvc3Bhbj4gRmFrdG9yaSBrb2ppIHV0acSNdSBuYSByZXp1bHRhdGU6PC9wPgogICAgICAgICAgICA8dWw+CiAgICAgICAgICAgICAgICA8bGk+RHViaW5hIGkgdnJzdGEgcGlnbWVudGEga29qaSBqZSBwcnZvYml0bm8ga29yacWhY8yBZW4uPC9saT4KICAgICAgICAgICAgICAgIDxsaT5TdGFyb3N0IHBlcm1hbmVudG5lIMWhbWlua2UuPC9saT4KICAgICAgICAgICAgICAgIDxsaT5UaXAga2\/FvmUgcG9qZWRpbmNhIGkga2FrbyB6YWRyxb5hdmEgcGlnbWVudC48L2xpPgogICAgICAgICAgICAgICAgPGxpPkZha3RvcmkgaXpsb8W+ZW5vc3RpIGthbyDFoXRvIGplIHN1bsSNZXZhIHN2ZXRsb3N0LCBrb2phIG1vxb5lIGl6YmxlZGV0aSBwaWdtZW50IHRva29tIHZyZW1lbmEuPC9saT4KICAgICAgICAgICAgPC91bD4KICAgICAgICA8L2Rpdj4KICAgICAgICA8ZGl2IGNsYXNzPSJ6YW9rcnV6ZW5vIj4KICAgICAgICAgICAgPHA+QWtvIHJhem1pxaFsamF0ZSBvIG5ldXRyYWxpemFjaWppIGlsaSBpc3ByYXZjaSBwZXJtYW5lbnRuZSDFoW1pbmtlLCB1dmVrIGlzdHJhxb51anRlIGkgcHJvbmHEkWl0ZSByZW5vbWlyYW5vZyB0ZWhuacSNYXJhIHNhIHBvcnRmb2xpb20gcmFkb3ZhIG5hIGlzcHJhdmthbWEuIEkgemFwYW10aXRlLCB1dmVrIGplIGxha8WhZSBkb2RhdGkgdmnFoWUgcGlnbWVudGEgbmVnbyBnYSB1a2xvbml0aSwgcGEgcG9zdHVwYWp0ZSBvcHJlem5vLiA8L3A+CiAgICAgICAgPC9kaXY+CiAgICA8L2Rpdj4KPC9kaXY+[\/vc_raw_html][\/vc_column][\/vc_row]<\/p>\n<\/div>","protected":false},"excerpt":{"rendered":"<p>Ukoliko imate sive obrve , narandzaste,lila, crvene&#8230; vrlo je lako neutralizirati boju i ukloniti nezeljene tonove. Tokom vremena boja obrva Permanenog Make Up-a moze da se promeni u zavisnosti od vaseg podtona koze. Ukoliko ne radite ozvezavanje boje Permanentnog make-up-a 1 godisnje, kako se preporucuje, vrlo je lako da moze doci do promene boje vasih obrva, eyelinera. <\/p>\n<ul class=\"price\">\n<li>Neutralizacija boje: <span class=\"mini-price\">260\u20ac<\/span><\/li>\n<li>Korekcija: <span class=\"mini-price\">120\u20ac<\/span><\/li>\n<\/ul>\n[bookly-form category_id=\"24\" hide=\"staff_members,week_days,time_range\"]\n","protected":false},"featured_media":1207,"template":"","meta":[],"product_cat":[136],"product_tag":[],"class_list":{"0":"post-1441","1":"product","2":"type-product","3":"status-publish","4":"has-post-thumbnail","6":"product_cat-trajna-sminka","8":"first","9":"instock","10":"shipping-taxable","11":"purchasable","12":"product-type-simple"},"yoast_head":"<!-- This site is optimized with the Yoast SEO plugin v23.3 - https:\/\/yoast.com\/wordpress\/plugins\/seo\/ -->\n<title>Neutralizacija boje | Adrianna Lushezy<\/title>\n<meta name=\"description\" content=\"Ukoliko imate sive obrve , narandzaste,lila, crvene... vrlo je lako neutralizirati boju i ukloniti nezeljene tonove. Tokom vremena boja...\" \/>\n<meta name=\"robots\" content=\"index, follow, max-snippet:-1, max-image-preview:large, max-video-preview:-1\" \/>\n<link rel=\"canonical\" href=\"https:\/\/www.kosmetiksalon-lushezy.at\/sr\/\u043f\u0440\u043e\u0438\u0437\u0432\u043e\u0434\/neutralizacija-boje\/\" \/>\n<meta property=\"og:locale\" content=\"sr_RS\" \/>\n<meta property=\"og:type\" content=\"article\" \/>\n<meta property=\"og:title\" content=\"Neutralizacija boje | Adrianna Lushezy\" \/>\n<meta property=\"og:description\" content=\"Ukoliko imate sive obrve , narandzaste,lila, crvene... vrlo je lako neutralizirati boju i ukloniti nezeljene tonove. Tokom vremena boja...\" \/>\n<meta property=\"og:url\" content=\"https:\/\/www.kosmetiksalon-lushezy.at\/sr\/\u043f\u0440\u043e\u0438\u0437\u0432\u043e\u0434\/neutralizacija-boje\/\" \/>\n<meta property=\"og:site_name\" content=\"Adrianna Lushezy\" \/>\n<meta property=\"article:publisher\" content=\"https:\/\/www.facebook.com\/pmu.adrianna.lushezy\/\" \/>\n<meta property=\"article:modified_time\" content=\"2024-10-24T11:47:03+00:00\" \/>\n<meta property=\"og:image\" content=\"https:\/\/www.kosmetiksalon-lushezy.at\/wp-content\/uploads\/2024\/01\/Adrianna-Lushezy-Permanent-Make-Up-Color-Neutralization-02.jpg\" \/>\n\t<meta property=\"og:image:width\" content=\"1000\" \/>\n\t<meta property=\"og:image:height\" content=\"838\" \/>\n\t<meta property=\"og:image:type\" content=\"image\/jpeg\" \/>\n<meta name=\"twitter:card\" content=\"summary_large_image\" \/>\n<meta name=\"twitter:label1\" content=\"\u041f\u0440\u043e\u0446\u0435\u045a\u0435\u043d\u043e \u0432\u0440\u0435\u043c\u0435 \u0447\u0438\u0442\u0430\u045a\u0430\" \/>\n\t<meta name=\"twitter:data1\" content=\"3 \u043c\u0438\u043d\u0443\u0442\u0430\" \/>\n<script type=\"application\/ld+json\" class=\"yoast-schema-graph\">{\"@context\":\"https:\/\/schema.org\",\"@graph\":[{\"@type\":\"WebPage\",\"@id\":\"https:\/\/www.kosmetiksalon-lushezy.at\/sr\/\u043f\u0440\u043e\u0438\u0437\u0432\u043e\u0434\/neutralizacija-boje\/\",\"url\":\"https:\/\/www.kosmetiksalon-lushezy.at\/sr\/\u043f\u0440\u043e\u0438\u0437\u0432\u043e\u0434\/neutralizacija-boje\/\",\"name\":\"Neutralizacija boje | Adrianna Lushezy\",\"isPartOf\":{\"@id\":\"https:\/\/www.kosmetiksalon-lushezy.at\/#website\"},\"primaryImageOfPage\":{\"@id\":\"https:\/\/www.kosmetiksalon-lushezy.at\/sr\/\u043f\u0440\u043e\u0438\u0437\u0432\u043e\u0434\/neutralizacija-boje\/#primaryimage\"},\"image\":{\"@id\":\"https:\/\/www.kosmetiksalon-lushezy.at\/sr\/\u043f\u0440\u043e\u0438\u0437\u0432\u043e\u0434\/neutralizacija-boje\/#primaryimage\"},\"thumbnailUrl\":\"https:\/\/www.kosmetiksalon-lushezy.at\/wp-content\/uploads\/2024\/01\/Adrianna-Lushezy-Permanent-Make-Up-Color-Neutralization-02.jpg\",\"datePublished\":\"2023-11-06T13:17:12+00:00\",\"dateModified\":\"2024-10-24T11:47:03+00:00\",\"description\":\"Ukoliko imate sive obrve , narandzaste,lila, crvene... vrlo je lako neutralizirati boju i ukloniti nezeljene tonove. Tokom vremena boja...\",\"breadcrumb\":{\"@id\":\"https:\/\/www.kosmetiksalon-lushezy.at\/sr\/\u043f\u0440\u043e\u0438\u0437\u0432\u043e\u0434\/neutralizacija-boje\/#breadcrumb\"},\"inLanguage\":\"sr-RS\",\"potentialAction\":[{\"@type\":\"ReadAction\",\"target\":[\"https:\/\/www.kosmetiksalon-lushezy.at\/sr\/\u043f\u0440\u043e\u0438\u0437\u0432\u043e\u0434\/neutralizacija-boje\/\"]}]},{\"@type\":\"ImageObject\",\"inLanguage\":\"sr-RS\",\"@id\":\"https:\/\/www.kosmetiksalon-lushezy.at\/sr\/\u043f\u0440\u043e\u0438\u0437\u0432\u043e\u0434\/neutralizacija-boje\/#primaryimage\",\"url\":\"https:\/\/www.kosmetiksalon-lushezy.at\/wp-content\/uploads\/2024\/01\/Adrianna-Lushezy-Permanent-Make-Up-Color-Neutralization-02.jpg\",\"contentUrl\":\"https:\/\/www.kosmetiksalon-lushezy.at\/wp-content\/uploads\/2024\/01\/Adrianna-Lushezy-Permanent-Make-Up-Color-Neutralization-02.jpg\",\"width\":1000,\"height\":838},{\"@type\":\"BreadcrumbList\",\"@id\":\"https:\/\/www.kosmetiksalon-lushezy.at\/sr\/\u043f\u0440\u043e\u0438\u0437\u0432\u043e\u0434\/neutralizacija-boje\/#breadcrumb\",\"itemListElement\":[{\"@type\":\"ListItem\",\"position\":1,\"name\":\"Home\",\"item\":\"https:\/\/www.kosmetiksalon-lushezy.at\/sr\/\"},{\"@type\":\"ListItem\",\"position\":2,\"name\":\"Shop\",\"item\":\"https:\/\/www.kosmetiksalon-lushezy.at\/sr\/shop\/\"},{\"@type\":\"ListItem\",\"position\":3,\"name\":\"Neutralizacija boje\"}]},{\"@type\":\"WebSite\",\"@id\":\"https:\/\/www.kosmetiksalon-lushezy.at\/#website\",\"url\":\"https:\/\/www.kosmetiksalon-lushezy.at\/\",\"name\":\"Adrianna Lushezy\",\"description\":\"Cosmetic, Permanent Make-up and Academy\",\"publisher\":{\"@id\":\"https:\/\/www.kosmetiksalon-lushezy.at\/#organization\"},\"potentialAction\":[{\"@type\":\"SearchAction\",\"target\":{\"@type\":\"EntryPoint\",\"urlTemplate\":\"https:\/\/www.kosmetiksalon-lushezy.at\/?s={search_term_string}\"},\"query-input\":\"required name=search_term_string\"}],\"inLanguage\":\"sr-RS\"},{\"@type\":\"Organization\",\"@id\":\"https:\/\/www.kosmetiksalon-lushezy.at\/#organization\",\"name\":\"Adrianna Lushezy\",\"url\":\"https:\/\/www.kosmetiksalon-lushezy.at\/\",\"logo\":{\"@type\":\"ImageObject\",\"inLanguage\":\"sr-RS\",\"@id\":\"https:\/\/www.kosmetiksalon-lushezy.at\/#\/schema\/logo\/image\/\",\"url\":\"https:\/\/www.kosmetiksalon-lushezy.at\/wp-content\/uploads\/2023\/11\/Adrianna-Lushezy-Favicon.png\",\"contentUrl\":\"https:\/\/www.kosmetiksalon-lushezy.at\/wp-content\/uploads\/2023\/11\/Adrianna-Lushezy-Favicon.png\",\"width\":64,\"height\":60,\"caption\":\"Adrianna Lushezy\"},\"image\":{\"@id\":\"https:\/\/www.kosmetiksalon-lushezy.at\/#\/schema\/logo\/image\/\"},\"sameAs\":[\"https:\/\/www.facebook.com\/pmu.adrianna.lushezy\/\",\"https:\/\/www.instagram.com\/adrianna_lushezy\/\"]}]}<\/script>\n<!-- \/ Yoast SEO plugin. -->","yoast_head_json":{"title":"Neutralizacija boje | Adrianna Lushezy","description":"Ukoliko imate sive obrve , narandzaste,lila, crvene... vrlo je lako neutralizirati boju i ukloniti nezeljene tonove. Tokom vremena boja...","robots":{"index":"index","follow":"follow","max-snippet":"max-snippet:-1","max-image-preview":"max-image-preview:large","max-video-preview":"max-video-preview:-1"},"canonical":"https:\/\/www.kosmetiksalon-lushezy.at\/sr\/\u043f\u0440\u043e\u0438\u0437\u0432\u043e\u0434\/neutralizacija-boje\/","og_locale":"sr_RS","og_type":"article","og_title":"Neutralizacija boje | Adrianna Lushezy","og_description":"Ukoliko imate sive obrve , narandzaste,lila, crvene... vrlo je lako neutralizirati boju i ukloniti nezeljene tonove. Tokom vremena boja...","og_url":"https:\/\/www.kosmetiksalon-lushezy.at\/sr\/\u043f\u0440\u043e\u0438\u0437\u0432\u043e\u0434\/neutralizacija-boje\/","og_site_name":"Adrianna Lushezy","article_publisher":"https:\/\/www.facebook.com\/pmu.adrianna.lushezy\/","article_modified_time":"2024-10-24T11:47:03+00:00","og_image":[{"width":1000,"height":838,"url":"https:\/\/www.kosmetiksalon-lushezy.at\/wp-content\/uploads\/2024\/01\/Adrianna-Lushezy-Permanent-Make-Up-Color-Neutralization-02.jpg","type":"image\/jpeg"}],"twitter_card":"summary_large_image","twitter_misc":{"\u041f\u0440\u043e\u0446\u0435\u045a\u0435\u043d\u043e \u0432\u0440\u0435\u043c\u0435 \u0447\u0438\u0442\u0430\u045a\u0430":"3 \u043c\u0438\u043d\u0443\u0442\u0430"},"schema":{"@context":"https:\/\/schema.org","@graph":[{"@type":"WebPage","@id":"https:\/\/www.kosmetiksalon-lushezy.at\/sr\/\u043f\u0440\u043e\u0438\u0437\u0432\u043e\u0434\/neutralizacija-boje\/","url":"https:\/\/www.kosmetiksalon-lushezy.at\/sr\/\u043f\u0440\u043e\u0438\u0437\u0432\u043e\u0434\/neutralizacija-boje\/","name":"Neutralizacija boje | Adrianna Lushezy","isPartOf":{"@id":"https:\/\/www.kosmetiksalon-lushezy.at\/#website"},"primaryImageOfPage":{"@id":"https:\/\/www.kosmetiksalon-lushezy.at\/sr\/\u043f\u0440\u043e\u0438\u0437\u0432\u043e\u0434\/neutralizacija-boje\/#primaryimage"},"image":{"@id":"https:\/\/www.kosmetiksalon-lushezy.at\/sr\/\u043f\u0440\u043e\u0438\u0437\u0432\u043e\u0434\/neutralizacija-boje\/#primaryimage"},"thumbnailUrl":"https:\/\/www.kosmetiksalon-lushezy.at\/wp-content\/uploads\/2024\/01\/Adrianna-Lushezy-Permanent-Make-Up-Color-Neutralization-02.jpg","datePublished":"2023-11-06T13:17:12+00:00","dateModified":"2024-10-24T11:47:03+00:00","description":"Ukoliko imate sive obrve , narandzaste,lila, crvene... vrlo je lako neutralizirati boju i ukloniti nezeljene tonove. Tokom vremena boja...","breadcrumb":{"@id":"https:\/\/www.kosmetiksalon-lushezy.at\/sr\/\u043f\u0440\u043e\u0438\u0437\u0432\u043e\u0434\/neutralizacija-boje\/#breadcrumb"},"inLanguage":"sr-RS","potentialAction":[{"@type":"ReadAction","target":["https:\/\/www.kosmetiksalon-lushezy.at\/sr\/\u043f\u0440\u043e\u0438\u0437\u0432\u043e\u0434\/neutralizacija-boje\/"]}]},{"@type":"ImageObject","inLanguage":"sr-RS","@id":"https:\/\/www.kosmetiksalon-lushezy.at\/sr\/\u043f\u0440\u043e\u0438\u0437\u0432\u043e\u0434\/neutralizacija-boje\/#primaryimage","url":"https:\/\/www.kosmetiksalon-lushezy.at\/wp-content\/uploads\/2024\/01\/Adrianna-Lushezy-Permanent-Make-Up-Color-Neutralization-02.jpg","contentUrl":"https:\/\/www.kosmetiksalon-lushezy.at\/wp-content\/uploads\/2024\/01\/Adrianna-Lushezy-Permanent-Make-Up-Color-Neutralization-02.jpg","width":1000,"height":838},{"@type":"BreadcrumbList","@id":"https:\/\/www.kosmetiksalon-lushezy.at\/sr\/\u043f\u0440\u043e\u0438\u0437\u0432\u043e\u0434\/neutralizacija-boje\/#breadcrumb","itemListElement":[{"@type":"ListItem","position":1,"name":"Home","item":"https:\/\/www.kosmetiksalon-lushezy.at\/sr\/"},{"@type":"ListItem","position":2,"name":"Shop","item":"https:\/\/www.kosmetiksalon-lushezy.at\/sr\/shop\/"},{"@type":"ListItem","position":3,"name":"Neutralizacija boje"}]},{"@type":"WebSite","@id":"https:\/\/www.kosmetiksalon-lushezy.at\/#website","url":"https:\/\/www.kosmetiksalon-lushezy.at\/","name":"Adrianna Lushezy","description":"Cosmetic, Permanent Make-up and Academy","publisher":{"@id":"https:\/\/www.kosmetiksalon-lushezy.at\/#organization"},"potentialAction":[{"@type":"SearchAction","target":{"@type":"EntryPoint","urlTemplate":"https:\/\/www.kosmetiksalon-lushezy.at\/?s={search_term_string}"},"query-input":"required name=search_term_string"}],"inLanguage":"sr-RS"},{"@type":"Organization","@id":"https:\/\/www.kosmetiksalon-lushezy.at\/#organization","name":"Adrianna Lushezy","url":"https:\/\/www.kosmetiksalon-lushezy.at\/","logo":{"@type":"ImageObject","inLanguage":"sr-RS","@id":"https:\/\/www.kosmetiksalon-lushezy.at\/#\/schema\/logo\/image\/","url":"https:\/\/www.kosmetiksalon-lushezy.at\/wp-content\/uploads\/2023\/11\/Adrianna-Lushezy-Favicon.png","contentUrl":"https:\/\/www.kosmetiksalon-lushezy.at\/wp-content\/uploads\/2023\/11\/Adrianna-Lushezy-Favicon.png","width":64,"height":60,"caption":"Adrianna Lushezy"},"image":{"@id":"https:\/\/www.kosmetiksalon-lushezy.at\/#\/schema\/logo\/image\/"},"sameAs":["https:\/\/www.facebook.com\/pmu.adrianna.lushezy\/","https:\/\/www.instagram.com\/adrianna_lushezy\/"]}]}},"_links":{"self":[{"href":"https:\/\/www.kosmetiksalon-lushezy.at\/sr\/wp-json\/wp\/v2\/product\/1441","targetHints":{"allow":["GET"]}}],"collection":[{"href":"https:\/\/www.kosmetiksalon-lushezy.at\/sr\/wp-json\/wp\/v2\/product"}],"about":[{"href":"https:\/\/www.kosmetiksalon-lushezy.at\/sr\/wp-json\/wp\/v2\/types\/product"}],"wp:featuredmedia":[{"embeddable":true,"href":"https:\/\/www.kosmetiksalon-lushezy.at\/sr\/wp-json\/wp\/v2\/media\/1207"}],"wp:attachment":[{"href":"https:\/\/www.kosmetiksalon-lushezy.at\/sr\/wp-json\/wp\/v2\/media?parent=1441"}],"wp:term":[{"taxonomy":"product_cat","embeddable":true,"href":"https:\/\/www.kosmetiksalon-lushezy.at\/sr\/wp-json\/wp\/v2\/product_cat?post=1441"},{"taxonomy":"product_tag","embeddable":true,"href":"https:\/\/www.kosmetiksalon-lushezy.at\/sr\/wp-json\/wp\/v2\/product_tag?post=1441"}],"curies":[{"name":"wp","href":"https:\/\/api.w.org\/{rel}","templated":true}]}}