{"id":1440,"date":"2023-11-06T14:05:46","date_gmt":"2023-11-06T13:05:46","guid":{"rendered":"https:\/\/www.kosmetiksalon-lushezy.at\/product\/microblading\/"},"modified":"2024-10-24T13:38:50","modified_gmt":"2024-10-24T11:38:50","slug":"microblading","status":"publish","type":"product","link":"https:\/\/www.kosmetiksalon-lushezy.at\/sr\/\u043f\u0440\u043e\u0438\u0437\u0432\u043e\u0434\/microblading\/","title":{"rendered":"Microblading"},"content":{"rendered":"<div class=\"wpb-content-wrapper\"><p>[vc_row full_width=&#8220;stretch_row&#8220; css=&#8220;.vc_custom_1699454323630{background-image: url(https:\/\/www.kosmetiksalon-lushezy.at\/wp-content\/uploads\/2023\/11\/Adrianna-Lushezy-Blue-Background.jpg?id=69) !important;background-position: center !important;background-repeat: no-repeat !important;background-size: cover !important;}&#8220; woodmart_css_id=&#8220;654b9d6ad4292&#8243; responsive_spacing=&#8220;eyJwYXJhbV90eXBlIjoid29vZG1hcnRfcmVzcG9uc2l2ZV9zcGFjaW5nIiwic2VsZWN0b3JfaWQiOiI2NTRiOWQ2YWQ0MjkyIiwic2hvcnRjb2RlIjoidmNfcm93IiwiZGF0YSI6eyJ0YWJsZXQiOnt9LCJtb2JpbGUiOnt9fX0=&#8220; mobile_bg_img_hidden=&#8220;no&#8220; tablet_bg_img_hidden=&#8220;no&#8220; woodmart_parallax=&#8220;0&#8243; woodmart_gradient_switch=&#8220;no&#8220; woodmart_box_shadow=&#8220;no&#8220; wd_z_index=&#8220;no&#8220; woodmart_disable_overflow=&#8220;0&#8243; row_reverse_mobile=&#8220;0&#8243; row_reverse_tablet=&#8220;0&#8243; el_class=&#8220;product-blue-row&#8220;][vc_column][vc_column_text woodmart_inline=&#8220;no&#8220; text_larger=&#8220;no&#8220; el_class=&#8220;inner-tb&#8220;]<\/p>\n<p class=\"iznad-naslova\" style=\"text-align: center;\">Pro\u010ditaj vi\u0161e<\/p>\n<h2 style=\"text-align: center;\">Microblading<\/h2>\n<p style=\"text-align: center;\">Microblading zahteva pa\u017eljivu negu kako bi se osiguralo da nacrtane linije ostanu \u010diste i higijenske, i da se ko\u017ea oko obrva nikada ne postane gruba ili nadra\u017eena. Nacrtane linije \u0107e izbledeti nakon nekoliko nedelja i zahtevati \u0107e popravku. <\/p>\n<p style=\"text-align: center;\">Ova obrada se visoko preporu\u010duje osobama sa tankim ili neoblikovanim obrvama, kao i za one koji nemaju obrve ili imaju nesimetri\u010dne obrve. Psihologija boja, oblika, boje i gustine luka moraju biti pa\u017eljivo odabrani kako bi se obrve u\u010dinile \u0161to prirodnijim i lep\u0161im. <\/p>\n<p style=\"text-align: center;\">Krajnji rezultat izgleda 100% prirodno. \u0160tedite vreme na nepotrebnom svakodnevnom \u0161minkanju. <\/p>\n<p>[\/vc_column_text][\/vc_column][\/vc_row][vc_row][vc_column][vc_raw_html]PGRpdiBjbGFzcz0ib21vdGFjLW5hYnJhamFuamEtcHJvZHVjdCBvbW90YWMtbmFicmFqYW5qYS1wcm9kdWN0LWNvbHVtbiI+CiAgICA8ZGl2IGNsYXNzPSJrb2xvbmEtbGV2byI+CiAgICAgICAgPGRpdiBjbGFzcz0iaW5uZXItbmFicmFqYW5qZSI+CiAgICAgICAgICAgIDxwIGNsYXNzPSJuYXNsb3YtbmFicmFqYW5qZSI+PHNwYW4gY2xhc3M9ImJyb2oiPsWgdGEgamUgdHJham5hIHNtaW5rYTwvc3Bhbj48L3A+CiAgICAgICAgICAgIDxwPlRyYWpuYSBzbWlua2EgamUga296bWV0acSNa2EgdGVobmlrYSDigJMgUGVtYW5lbnQgTWFrZSBVcCAsdSBrb2pvaiBzZSBib2phIHVub3NpIHUgZ29ybmppIHNsb2oga2\/FvmUga2FrbyBiaSBzZSBwb3N0aWdhbyBkdWdvdHJhamFuIGVmZWthdC4gVGFrb8SRZSBzZSBuYXppdmEgbWlrcm9waWdtZW50YWNpamEsIGplciBzZSBrb3Jpc3RlIHNpdG5lIGlnbGUgemEgdWJhY2l2YW5qZSBib2plIHUga2\/FvnUsIHN0dmFyYWp1xIdpIGl6Z2xlZCDFoW1pbmtlIGtvamEgamUgbmFuZXNlbmEgbmEga2\/FvnUuICBQb2RydcSNamEgcHJpbWVuZSBzdSByYXpub3Zyc25hIGkgdWtsanXEjXVqdSBvYnJ2ZSwga29udHVyZSB1c2FuYSwgb2JydmUsIHRyZXBhdmljZSBpIHJ1bWVuaWxvLiA8L3A+CiAgICAgICAgICAgIDxwPlphIHJhemxpa3Ugb2QgdHJhZGljaW9uYWxuZSDFoW1pbmtlLCB0cmFqbmEgc21pbmthIG5lIHNraWRhIHNlIGkgbW\/FvmUgdHJhamF0aSBuZWtvbGlrbyBnb2RpbmEsIG1hZGEgcG92cmVtZW5vIG1vxb5lIHphaHRldmF0aSBkb2RhdG5hIG9zdmXFvmVuamEuIFByZXBvcnXEjXVqZSBzZSBnb2RpxaFuamUgb3N2ZcW+ZW5qZSBib2plLiAgVGVobmlrYSBzZSBpenZvZGkgdSBwb3NlYm5vIGRpemFqbmlyYW5pbSBzYWxvbmltYSBvZCBzdHJhbmUgb2J1xI1lbmloIHByb2Zlc2lvbmFsYWNhLjwvcD4KICAgICAgICA8L2Rpdj4KICAgICAgICA8ZGl2IGNsYXNzPSJpbm5lci1uYWJyYWphbmplIj4KICAgICAgICAgICAgPHAgY2xhc3M9Im5hc2xvdi1uYWJyYWphbmplIj48c3BhbiBjbGFzcz0iYnJvaiI+UHJvY2VzIHRyYWpuZSBzbWlua2UgLSBNSUNST0JMQURJTkcgVEVITklLRSA8L3NwYW4+PC9wPgogICAgICAgICAgICA8cD5Qcm9jZXMgcG\/EjWluamUgc2Ega29uc3VsdGFjaWpvbSwgdG9rb20ga29qZSBtb8W+ZXRlIHJhemdvdmFyYXRpIHNhIHVtZXRuaWtvbSBQZXJtYW5lbnRub2cgTWFrZS11cC1hIG8gxb5lbGplbm9tIGl6Z2xlZHUuIEFydGlzdCB2YW0gbW\/FvmUgZGF0aSBwcmVwb3J1a2UgbyB0b21lIGtha28gb3B0aW1pem92YXRpIG9ibGlrIGkgYm9qdSB2YcWhaWggb2JydmEuICA8L3A+CiAgICAgICAgICAgIDxwPlphdGltLCBwcm9jZXMgcG\/EjWluamUgbG9rYWxub20gYW5lc3Rlemlqb20ga2FrbyBiaSBzZSBtaW5pbWl6b3ZhbGkgYm9sIGkgbmVsYWdvZG5vc3QuIFV0dnJkaW1vIHByb3BvcmNpamUgb2JydmEgaSBwb3N0aWduZW1vIHNhdnLFoWVuIEJST1cgZGl6YWpuIGtvamkgbW9yYXRlIHByZWdsZWRhdGkgaSBwb3R2cmRpdGkuIE5ha29uIHRvZ2EsIG9kYWJlcmVtbyBvZGdvdmFyYWp1xId1IHBpZ21lbnRudSBib2p1IHphIHZhcywgYmF6aXJhbnUgbmEgxb5lbGplbm9tIHJlenVsdGF0dSwgYm9qaSB2YcWhZSBvYnJ2ZSBpIHRvbnUgdmHFoWUga2\/FvmUuICA8L3A+CiAgICAgICAgICAgIDxwPkRvYmnEh2V0ZSBvZ2xlZGFsbyBrYWtvIGJpc3RlIHByZWdsZWRhbGkgZGl6YWpuIGtvamkgamUgaXNjcnRhbiDFoW1pbmtvbSwga2FvIGkgZGEgdmlkaXRlIGkgcG90dnJkaXRlIHBpZ21lbnRudSBib2p1IGtvamEgxIdlIHNlIGtvcmlzdGl0aSB6YSB0cmFqbmkgbWFrZS11cC48L3A+CiAgICAgICAgICAgIDxwPk5ha29uIGlzY3J0YXZhbmphIHByb3BvcmNpamUgb2JydmEgLGtvxb5hIG5hIHBvZHJ1xI1qdSBvYnJ2YSBzZSBkZXppbmZpa3VqZSwgYSBuYW5vc2kgc2UgYW5lc3RldGlrIGtha28gYmkgc2UgbWluaW1pemlyYW8gYm9sIHRva29tIHByb2Nlc2EuIFphdGltIHNlIHBvc2VibmEgYm9qYSB1YmFjdWplIHUga2\/FvnUgcG9tb8SHdSBVLWlnbGUuIDwvcD4KICAgICAgICAgICAgPHA+UHJvY2VzIG9iacSNbm8gdHJhamUgb2tvIDIgc2F0YSBpIG1vxb5lIHphaHRldmF0aSBkdmUgaWxpIHZpxaFlIHNlc2lqYSBrYWtvIGJpIHNlIHBvc3RpZ2FvIMW+ZWxqZW5pIHJlenVsdGF0LiBOYWtvbiBwb3N0dXBrYSwgbmEgb2JydmUgc2UgbmFub3NpIGtyZW1hLiA8L3A+CiAgICAgICAgICAgIDxwPlZhxb5ubyBqZSBuYXBvbWVudXRpIGRhIGJvamEgbmEgb2JydmFtYSBtb8W+ZSBpemdsZWRhdGkgamFrYSBpIHByaXJvZG5hIHUgcHJ2aWggbmVrb2xpa28gZGFuYSBuYWtvbiB0cmV0bWFuYS4gTWXEkXV0aW0sIG92byBzZSBtb8W+ZSBzbWFuaml0aSB1IHJva3Ugb2QgamVkbmUgZG8gZHZlIG5lZGVsamUsIMWhdG8gZGFqZSByZXp1bHRhdCBwcmlyb2RuaWplZyBpemdsZWRhLiA8L3A+CiAgICAgICAgICAgIDxwPsWgdGF2acWhZSwgdmHFvm5vIGplIGRhIHNlIHByaWRyxb5hdmF0ZSB1cHV0c3RhdmEgdmHFoWVnIHRyYWpub2cgxaFtaW5rZXJhIGRhIGJpc3RlIG9zaWd1cmFsaSBicnogcHJvY2VzIHphcmFzdGFuamEgaSB6YWRvdm9samF2YWp1Y8yBaSBpc2hvZC4gUHJvY2VzIHRyYWpuZSDFoW1pbmtlIHNlIHNhc3Rvamkgb2QgMiBkZWxhIHNhIGplZG5vbWVzZcSNbmltIGludGVydmFsb20uIDwvcD4KICAgICAgICA8L2Rpdj4KICAgIDwvZGl2PgogICAgPGRpdiBjbGFzcz0ia29sb25hLWRlc25vIj4KICAgICAgICA8ZGl2IGNsYXNzPSJ6YW9rcnV6ZW5vIj4KICAgICAgICAgICAgPHA+TmFrb24gdHJldG1hbmEgamUgdmHFvm5vIGRhIHByYXRpdGUgQUZURVIgQ0FSRSBkb2N1bWVudCBzYSB1cHV0c3ZpbWEsIGtvamUgY2V0ZSBkb2JpdGkgb2QgbmFzICwgSSBkYSBrb3Jpc3RpdGUgQUZURVIgQ0FSRSBrcmVtdSBrb2p1IG9kIG5hcyBkb2JpamF0ZSBuYSBwb2tsb24sIGtha28gYmlzdGUgb3NpZ3VyYWxpIGJyeiBwcm9jZXMgemFyYXN0YW5qYSBpIHphZG92b2xqYXZhanXEh2kgcmV6dWx0YXQuIEltYWp0ZSBuYSB1bXUgZGEgYmlzdGUgbmFrb24gdHJldG1hbmEgdHJlYmFsaSBpemJlZ2F2YXRpIG9kbGF6YWsgdSBzb2xhcmlqdW0gaWxpIHN1bsSNYW5qZSx2b2R1LHBsaXZhbmpl4oCmLjxicj4gPC9wPgogICAgICAgICAgICA8YnI+CiAgICAgICAgICAgIDxwPk5ha29uIHRyZXRtYW5hIGplIHZhxb5ubyBkYSBwcmF0aXRlIEFGVEVSIENBUkUgZG9jdW1lbnQgc2EgdXB1dHN2aW1hLCBrb2plIGNldGUgZG9iaXRpIG9kIG5hcyAsIEkgZGEga29yaXN0aXRlIEFGVEVSIENBUkUga3JlbXUga29qdSBvZCBuYXMgZG9iaWphdGUgbmEgcG9rbG9uLCBrYWtvIGJpc3RlIG9zaWd1cmFsaSBicnogcHJvY2VzIHphcmFzdGFuamEgaSB6YWRvdm9samF2YWp1xIdpIHJlenVsdGF0LiBQcm9jZXMgdHJham5vZyBtYWtldXBhIHNlIHNhc3Rvamkgb2QgMiBkZWxhIHNhIHJhem1ha29tIG9kIGplZG5vZyBtZXNlY2EuIDwvcD4KICAgICAgICA8L2Rpdj4KICAgIDwvZGl2Pgo8L2Rpdj4=[\/vc_raw_html][\/vc_column][\/vc_row][vc_row full_width=&#8220;stretch_row&#8220; el_class=&#8220;testimonials-red&#8220; css=&#8220;.vc_custom_1699371591429{background-image: url(https:\/\/www.kosmetiksalon-lushezy.at\/wp-content\/uploads\/2023\/11\/Adrianna-Lushezy-Blue-Background.jpg?id=69) !important;background-position: center !important;background-repeat: no-repeat !important;background-size: cover !important;}&#8220; woodmart_css_id=&#8220;654a5a258b98f&#8220; responsive_spacing=&#8220;eyJwYXJhbV90eXBlIjoid29vZG1hcnRfcmVzcG9uc2l2ZV9zcGFjaW5nIiwic2VsZWN0b3JfaWQiOiI2NTRhNWEyNThiOThmIiwic2hvcnRjb2RlIjoidmNfcm93IiwiZGF0YSI6eyJ0YWJsZXQiOnt9LCJtb2JpbGUiOnt9fX0=&#8220; mobile_bg_img_hidden=&#8220;no&#8220; tablet_bg_img_hidden=&#8220;no&#8220; woodmart_parallax=&#8220;0&#8243; woodmart_gradient_switch=&#8220;no&#8220; woodmart_box_shadow=&#8220;no&#8220; wd_z_index=&#8220;no&#8220; woodmart_disable_overflow=&#8220;0&#8243; row_reverse_mobile=&#8220;0&#8243; row_reverse_tablet=&#8220;0&#8243;][vc_column width=&#8220;1\/2&#8243;][vc_column_text woodmart_inline=&#8220;no&#8220; text_larger=&#8220;no&#8220; el_class=&#8220;testimonials-tb&#8220;]<\/p>\n<h4 class=\"veci\">Srec\u0301ni klijenti i <span class=\"flexed-testimonials\">Sjajni rezultati<\/span><\/h4>\n<p> Pridru\u017eite nam se na putovanju kroz svedo\u010danstva ispunjena rado\u0161c\u0301u na\u0161ih zadovoljnih klijenata, otkrivajuc\u0301i istinsku srec\u0301u i blistave rezultate koji ilustruju na\u0161u posvec\u0301enost pru\u017eanju izuzetnih lepotnih iskustava.[\/vc_column_text][\/vc_column][vc_column width=&#8220;1\/2&#8243;][vc_raw_html]W3RydXN0aW5kZXggbm8tcmVnaXN0cmF0aW9uPSJnb29nbGUiXQ==[\/vc_raw_html][\/vc_column][\/vc_row]<\/p>\n<\/div>","protected":false},"excerpt":{"rendered":"<p>Iscrtavanje dlacica -Trajna sminka OBRVA, Microblading je oblik trajnog makeup-a gde se tanke, fine linije urezuju u ko\u017eu kako bi se postigao izgled prirodno izgledaju\u0107ih dla\u010dica obrva. U Microblading-u se koristi ru\u010dni alat koji se sastoji od vi\u0161e malih igala postavljenih u nizu kako bi se stvorili potezi nalik na dla\u010dice. Iglice su natopljene posebnom pigmentnom bojom i utrljane u ko\u017eu kako bi se stvorile male incizije koje podse\u0107aju na dla\u010dice. Za razliku od tehnike Powder Brow, Microblading crta svaku dla\u010dicu pojedina\u010dno kako bi se postigao izgled gustih i prirodno izgledaju\u0107ih obrva. Oblik i debljina obrva prvo se ru\u010dno nacrtaju i moraju biti odobreni od strane klijenta pre nego \u0161to zapo\u010dne stvarni proces Microblading-a. Procedura obi\u010dno traje oko dva sata i zahteva dodatni tretman nakon \u010detiri do \u0161est nedelja.      <\/p>\n<ul class=\"price\">\n<li>Microblading: <span class=\"mini-price\">190\u20ac<\/span><\/li>\n<li>Korekcija: <span class=\"mini-price\">80\u20ac<\/span><\/li>\n<\/ul>\n[bookly-form category_id=\"23\" hide=\"staff_members,week_days,time_range\"]\n","protected":false},"featured_media":1241,"template":"","meta":[],"product_cat":[136],"product_tag":[],"class_list":{"0":"post-1440","1":"product","2":"type-product","3":"status-publish","4":"has-post-thumbnail","6":"product_cat-trajna-sminka","8":"first","9":"instock","10":"shipping-taxable","11":"purchasable","12":"product-type-simple"},"yoast_head":"<!-- This site is optimized with the Yoast SEO plugin v23.3 - https:\/\/yoast.com\/wordpress\/plugins\/seo\/ -->\n<title>Microblading | Adrianna Lushezy<\/title>\n<meta name=\"description\" content=\"Iscrtavanje dlacica -Trajna sminka OBRVA, Microblading je oblik trajnog makeup-a gde se tanke, fine linije urezuju u ko\u017eu kako bi se postigao izgled...\" \/>\n<meta name=\"robots\" content=\"index, follow, max-snippet:-1, max-image-preview:large, max-video-preview:-1\" \/>\n<link rel=\"canonical\" href=\"https:\/\/www.kosmetiksalon-lushezy.at\/sr\/\u043f\u0440\u043e\u0438\u0437\u0432\u043e\u0434\/microblading\/\" \/>\n<meta property=\"og:locale\" content=\"sr_RS\" \/>\n<meta property=\"og:type\" content=\"article\" \/>\n<meta property=\"og:title\" content=\"Microblading | Adrianna Lushezy\" \/>\n<meta property=\"og:description\" content=\"Iscrtavanje dlacica -Trajna sminka OBRVA, Microblading je oblik trajnog makeup-a gde se tanke, fine linije urezuju u ko\u017eu kako bi se postigao izgled...\" \/>\n<meta property=\"og:url\" content=\"https:\/\/www.kosmetiksalon-lushezy.at\/sr\/\u043f\u0440\u043e\u0438\u0437\u0432\u043e\u0434\/microblading\/\" \/>\n<meta property=\"og:site_name\" content=\"Adrianna Lushezy\" \/>\n<meta property=\"article:publisher\" content=\"https:\/\/www.facebook.com\/pmu.adrianna.lushezy\/\" \/>\n<meta property=\"article:modified_time\" content=\"2024-10-24T11:38:50+00:00\" \/>\n<meta property=\"og:image\" content=\"https:\/\/www.kosmetiksalon-lushezy.at\/wp-content\/uploads\/2023\/11\/Adrianna-Lushezy-Permanent-Makeup-Microblading-featured.jpg\" \/>\n\t<meta property=\"og:image:width\" content=\"1080\" \/>\n\t<meta property=\"og:image:height\" content=\"1080\" \/>\n\t<meta property=\"og:image:type\" content=\"image\/jpeg\" \/>\n<meta name=\"twitter:card\" content=\"summary_large_image\" \/>\n<meta name=\"twitter:label1\" content=\"\u041f\u0440\u043e\u0446\u0435\u045a\u0435\u043d\u043e \u0432\u0440\u0435\u043c\u0435 \u0447\u0438\u0442\u0430\u045a\u0430\" \/>\n\t<meta name=\"twitter:data1\" content=\"4 \u043c\u0438\u043d\u0443\u0442\u0430\" \/>\n<script type=\"application\/ld+json\" class=\"yoast-schema-graph\">{\"@context\":\"https:\/\/schema.org\",\"@graph\":[{\"@type\":\"WebPage\",\"@id\":\"https:\/\/www.kosmetiksalon-lushezy.at\/sr\/\u043f\u0440\u043e\u0438\u0437\u0432\u043e\u0434\/microblading\/\",\"url\":\"https:\/\/www.kosmetiksalon-lushezy.at\/sr\/\u043f\u0440\u043e\u0438\u0437\u0432\u043e\u0434\/microblading\/\",\"name\":\"Microblading | Adrianna Lushezy\",\"isPartOf\":{\"@id\":\"https:\/\/www.kosmetiksalon-lushezy.at\/#website\"},\"primaryImageOfPage\":{\"@id\":\"https:\/\/www.kosmetiksalon-lushezy.at\/sr\/\u043f\u0440\u043e\u0438\u0437\u0432\u043e\u0434\/microblading\/#primaryimage\"},\"image\":{\"@id\":\"https:\/\/www.kosmetiksalon-lushezy.at\/sr\/\u043f\u0440\u043e\u0438\u0437\u0432\u043e\u0434\/microblading\/#primaryimage\"},\"thumbnailUrl\":\"https:\/\/www.kosmetiksalon-lushezy.at\/wp-content\/uploads\/2023\/11\/Adrianna-Lushezy-Permanent-Makeup-Microblading-featured.jpg\",\"datePublished\":\"2023-11-06T13:05:46+00:00\",\"dateModified\":\"2024-10-24T11:38:50+00:00\",\"description\":\"Iscrtavanje dlacica -Trajna sminka OBRVA, Microblading je oblik trajnog makeup-a gde se tanke, fine linije urezuju u ko\u017eu kako bi se postigao izgled...\",\"breadcrumb\":{\"@id\":\"https:\/\/www.kosmetiksalon-lushezy.at\/sr\/\u043f\u0440\u043e\u0438\u0437\u0432\u043e\u0434\/microblading\/#breadcrumb\"},\"inLanguage\":\"sr-RS\",\"potentialAction\":[{\"@type\":\"ReadAction\",\"target\":[\"https:\/\/www.kosmetiksalon-lushezy.at\/sr\/\u043f\u0440\u043e\u0438\u0437\u0432\u043e\u0434\/microblading\/\"]}]},{\"@type\":\"ImageObject\",\"inLanguage\":\"sr-RS\",\"@id\":\"https:\/\/www.kosmetiksalon-lushezy.at\/sr\/\u043f\u0440\u043e\u0438\u0437\u0432\u043e\u0434\/microblading\/#primaryimage\",\"url\":\"https:\/\/www.kosmetiksalon-lushezy.at\/wp-content\/uploads\/2023\/11\/Adrianna-Lushezy-Permanent-Makeup-Microblading-featured.jpg\",\"contentUrl\":\"https:\/\/www.kosmetiksalon-lushezy.at\/wp-content\/uploads\/2023\/11\/Adrianna-Lushezy-Permanent-Makeup-Microblading-featured.jpg\",\"width\":1080,\"height\":1080},{\"@type\":\"BreadcrumbList\",\"@id\":\"https:\/\/www.kosmetiksalon-lushezy.at\/sr\/\u043f\u0440\u043e\u0438\u0437\u0432\u043e\u0434\/microblading\/#breadcrumb\",\"itemListElement\":[{\"@type\":\"ListItem\",\"position\":1,\"name\":\"Home\",\"item\":\"https:\/\/www.kosmetiksalon-lushezy.at\/sr\/\"},{\"@type\":\"ListItem\",\"position\":2,\"name\":\"Shop\",\"item\":\"https:\/\/www.kosmetiksalon-lushezy.at\/sr\/shop\/\"},{\"@type\":\"ListItem\",\"position\":3,\"name\":\"Microblading\"}]},{\"@type\":\"WebSite\",\"@id\":\"https:\/\/www.kosmetiksalon-lushezy.at\/#website\",\"url\":\"https:\/\/www.kosmetiksalon-lushezy.at\/\",\"name\":\"Adrianna Lushezy\",\"description\":\"Cosmetic, Permanent Make-up and Academy\",\"publisher\":{\"@id\":\"https:\/\/www.kosmetiksalon-lushezy.at\/#organization\"},\"potentialAction\":[{\"@type\":\"SearchAction\",\"target\":{\"@type\":\"EntryPoint\",\"urlTemplate\":\"https:\/\/www.kosmetiksalon-lushezy.at\/?s={search_term_string}\"},\"query-input\":\"required name=search_term_string\"}],\"inLanguage\":\"sr-RS\"},{\"@type\":\"Organization\",\"@id\":\"https:\/\/www.kosmetiksalon-lushezy.at\/#organization\",\"name\":\"Adrianna Lushezy\",\"url\":\"https:\/\/www.kosmetiksalon-lushezy.at\/\",\"logo\":{\"@type\":\"ImageObject\",\"inLanguage\":\"sr-RS\",\"@id\":\"https:\/\/www.kosmetiksalon-lushezy.at\/#\/schema\/logo\/image\/\",\"url\":\"https:\/\/www.kosmetiksalon-lushezy.at\/wp-content\/uploads\/2023\/11\/Adrianna-Lushezy-Favicon.png\",\"contentUrl\":\"https:\/\/www.kosmetiksalon-lushezy.at\/wp-content\/uploads\/2023\/11\/Adrianna-Lushezy-Favicon.png\",\"width\":64,\"height\":60,\"caption\":\"Adrianna Lushezy\"},\"image\":{\"@id\":\"https:\/\/www.kosmetiksalon-lushezy.at\/#\/schema\/logo\/image\/\"},\"sameAs\":[\"https:\/\/www.facebook.com\/pmu.adrianna.lushezy\/\",\"https:\/\/www.instagram.com\/adrianna_lushezy\/\"]}]}<\/script>\n<!-- \/ Yoast SEO plugin. -->","yoast_head_json":{"title":"Microblading | Adrianna Lushezy","description":"Iscrtavanje dlacica -Trajna sminka OBRVA, Microblading je oblik trajnog makeup-a gde se tanke, fine linije urezuju u ko\u017eu kako bi se postigao izgled...","robots":{"index":"index","follow":"follow","max-snippet":"max-snippet:-1","max-image-preview":"max-image-preview:large","max-video-preview":"max-video-preview:-1"},"canonical":"https:\/\/www.kosmetiksalon-lushezy.at\/sr\/\u043f\u0440\u043e\u0438\u0437\u0432\u043e\u0434\/microblading\/","og_locale":"sr_RS","og_type":"article","og_title":"Microblading | Adrianna Lushezy","og_description":"Iscrtavanje dlacica -Trajna sminka OBRVA, Microblading je oblik trajnog makeup-a gde se tanke, fine linije urezuju u ko\u017eu kako bi se postigao izgled...","og_url":"https:\/\/www.kosmetiksalon-lushezy.at\/sr\/\u043f\u0440\u043e\u0438\u0437\u0432\u043e\u0434\/microblading\/","og_site_name":"Adrianna Lushezy","article_publisher":"https:\/\/www.facebook.com\/pmu.adrianna.lushezy\/","article_modified_time":"2024-10-24T11:38:50+00:00","og_image":[{"width":1080,"height":1080,"url":"https:\/\/www.kosmetiksalon-lushezy.at\/wp-content\/uploads\/2023\/11\/Adrianna-Lushezy-Permanent-Makeup-Microblading-featured.jpg","type":"image\/jpeg"}],"twitter_card":"summary_large_image","twitter_misc":{"\u041f\u0440\u043e\u0446\u0435\u045a\u0435\u043d\u043e \u0432\u0440\u0435\u043c\u0435 \u0447\u0438\u0442\u0430\u045a\u0430":"4 \u043c\u0438\u043d\u0443\u0442\u0430"},"schema":{"@context":"https:\/\/schema.org","@graph":[{"@type":"WebPage","@id":"https:\/\/www.kosmetiksalon-lushezy.at\/sr\/\u043f\u0440\u043e\u0438\u0437\u0432\u043e\u0434\/microblading\/","url":"https:\/\/www.kosmetiksalon-lushezy.at\/sr\/\u043f\u0440\u043e\u0438\u0437\u0432\u043e\u0434\/microblading\/","name":"Microblading | Adrianna Lushezy","isPartOf":{"@id":"https:\/\/www.kosmetiksalon-lushezy.at\/#website"},"primaryImageOfPage":{"@id":"https:\/\/www.kosmetiksalon-lushezy.at\/sr\/\u043f\u0440\u043e\u0438\u0437\u0432\u043e\u0434\/microblading\/#primaryimage"},"image":{"@id":"https:\/\/www.kosmetiksalon-lushezy.at\/sr\/\u043f\u0440\u043e\u0438\u0437\u0432\u043e\u0434\/microblading\/#primaryimage"},"thumbnailUrl":"https:\/\/www.kosmetiksalon-lushezy.at\/wp-content\/uploads\/2023\/11\/Adrianna-Lushezy-Permanent-Makeup-Microblading-featured.jpg","datePublished":"2023-11-06T13:05:46+00:00","dateModified":"2024-10-24T11:38:50+00:00","description":"Iscrtavanje dlacica -Trajna sminka OBRVA, Microblading je oblik trajnog makeup-a gde se tanke, fine linije urezuju u ko\u017eu kako bi se postigao izgled...","breadcrumb":{"@id":"https:\/\/www.kosmetiksalon-lushezy.at\/sr\/\u043f\u0440\u043e\u0438\u0437\u0432\u043e\u0434\/microblading\/#breadcrumb"},"inLanguage":"sr-RS","potentialAction":[{"@type":"ReadAction","target":["https:\/\/www.kosmetiksalon-lushezy.at\/sr\/\u043f\u0440\u043e\u0438\u0437\u0432\u043e\u0434\/microblading\/"]}]},{"@type":"ImageObject","inLanguage":"sr-RS","@id":"https:\/\/www.kosmetiksalon-lushezy.at\/sr\/\u043f\u0440\u043e\u0438\u0437\u0432\u043e\u0434\/microblading\/#primaryimage","url":"https:\/\/www.kosmetiksalon-lushezy.at\/wp-content\/uploads\/2023\/11\/Adrianna-Lushezy-Permanent-Makeup-Microblading-featured.jpg","contentUrl":"https:\/\/www.kosmetiksalon-lushezy.at\/wp-content\/uploads\/2023\/11\/Adrianna-Lushezy-Permanent-Makeup-Microblading-featured.jpg","width":1080,"height":1080},{"@type":"BreadcrumbList","@id":"https:\/\/www.kosmetiksalon-lushezy.at\/sr\/\u043f\u0440\u043e\u0438\u0437\u0432\u043e\u0434\/microblading\/#breadcrumb","itemListElement":[{"@type":"ListItem","position":1,"name":"Home","item":"https:\/\/www.kosmetiksalon-lushezy.at\/sr\/"},{"@type":"ListItem","position":2,"name":"Shop","item":"https:\/\/www.kosmetiksalon-lushezy.at\/sr\/shop\/"},{"@type":"ListItem","position":3,"name":"Microblading"}]},{"@type":"WebSite","@id":"https:\/\/www.kosmetiksalon-lushezy.at\/#website","url":"https:\/\/www.kosmetiksalon-lushezy.at\/","name":"Adrianna Lushezy","description":"Cosmetic, Permanent Make-up and Academy","publisher":{"@id":"https:\/\/www.kosmetiksalon-lushezy.at\/#organization"},"potentialAction":[{"@type":"SearchAction","target":{"@type":"EntryPoint","urlTemplate":"https:\/\/www.kosmetiksalon-lushezy.at\/?s={search_term_string}"},"query-input":"required name=search_term_string"}],"inLanguage":"sr-RS"},{"@type":"Organization","@id":"https:\/\/www.kosmetiksalon-lushezy.at\/#organization","name":"Adrianna Lushezy","url":"https:\/\/www.kosmetiksalon-lushezy.at\/","logo":{"@type":"ImageObject","inLanguage":"sr-RS","@id":"https:\/\/www.kosmetiksalon-lushezy.at\/#\/schema\/logo\/image\/","url":"https:\/\/www.kosmetiksalon-lushezy.at\/wp-content\/uploads\/2023\/11\/Adrianna-Lushezy-Favicon.png","contentUrl":"https:\/\/www.kosmetiksalon-lushezy.at\/wp-content\/uploads\/2023\/11\/Adrianna-Lushezy-Favicon.png","width":64,"height":60,"caption":"Adrianna Lushezy"},"image":{"@id":"https:\/\/www.kosmetiksalon-lushezy.at\/#\/schema\/logo\/image\/"},"sameAs":["https:\/\/www.facebook.com\/pmu.adrianna.lushezy\/","https:\/\/www.instagram.com\/adrianna_lushezy\/"]}]}},"_links":{"self":[{"href":"https:\/\/www.kosmetiksalon-lushezy.at\/sr\/wp-json\/wp\/v2\/product\/1440","targetHints":{"allow":["GET"]}}],"collection":[{"href":"https:\/\/www.kosmetiksalon-lushezy.at\/sr\/wp-json\/wp\/v2\/product"}],"about":[{"href":"https:\/\/www.kosmetiksalon-lushezy.at\/sr\/wp-json\/wp\/v2\/types\/product"}],"wp:featuredmedia":[{"embeddable":true,"href":"https:\/\/www.kosmetiksalon-lushezy.at\/sr\/wp-json\/wp\/v2\/media\/1241"}],"wp:attachment":[{"href":"https:\/\/www.kosmetiksalon-lushezy.at\/sr\/wp-json\/wp\/v2\/media?parent=1440"}],"wp:term":[{"taxonomy":"product_cat","embeddable":true,"href":"https:\/\/www.kosmetiksalon-lushezy.at\/sr\/wp-json\/wp\/v2\/product_cat?post=1440"},{"taxonomy":"product_tag","embeddable":true,"href":"https:\/\/www.kosmetiksalon-lushezy.at\/sr\/wp-json\/wp\/v2\/product_tag?post=1440"}],"curies":[{"name":"wp","href":"https:\/\/api.w.org\/{rel}","templated":true}]}}