{"id":1439,"date":"2023-11-06T13:51:41","date_gmt":"2023-11-06T12:51:41","guid":{"rendered":"https:\/\/www.kosmetiksalon-lushezy.at\/product\/al-signature\/"},"modified":"2024-10-24T13:30:24","modified_gmt":"2024-10-24T11:30:24","slug":"al-signature","status":"publish","type":"product","link":"https:\/\/www.kosmetiksalon-lushezy.at\/sr\/\u043f\u0440\u043e\u0438\u0437\u0432\u043e\u0434\/al-signature\/","title":{"rendered":"AL Signature"},"content":{"rendered":"<div class=\"wpb-content-wrapper\"><p>[vc_row full_width=&#8220;stretch_row&#8220; css=&#8220;.vc_custom_1699454323630{background-image: url(https:\/\/www.kosmetiksalon-lushezy.at\/wp-content\/uploads\/2023\/11\/Adrianna-Lushezy-Blue-Background.jpg?id=69) !important;background-position: center !important;background-repeat: no-repeat !important;background-size: cover !important;}&#8220; woodmart_css_id=&#8220;654b9d6ad4292&#8243; responsive_spacing=&#8220;eyJwYXJhbV90eXBlIjoid29vZG1hcnRfcmVzcG9uc2l2ZV9zcGFjaW5nIiwic2VsZWN0b3JfaWQiOiI2NTRiOWQ2YWQ0MjkyIiwic2hvcnRjb2RlIjoidmNfcm93IiwiZGF0YSI6eyJ0YWJsZXQiOnt9LCJtb2JpbGUiOnt9fX0=&#8220; mobile_bg_img_hidden=&#8220;no&#8220; tablet_bg_img_hidden=&#8220;no&#8220; woodmart_parallax=&#8220;0&#8243; woodmart_gradient_switch=&#8220;no&#8220; woodmart_box_shadow=&#8220;no&#8220; wd_z_index=&#8220;no&#8220; woodmart_disable_overflow=&#8220;0&#8243; row_reverse_mobile=&#8220;0&#8243; row_reverse_tablet=&#8220;0&#8243; el_class=&#8220;product-blue-row&#8220;][vc_column][vc_column_text woodmart_inline=&#8220;no&#8220; text_larger=&#8220;no&#8220; el_class=&#8220;inner-tb&#8220;]<\/p>\n<p class=\"iznad-naslova\" style=\"text-align: center;\">Pro\u010ditaj vi\u0161e<\/p>\n<h2 style=\"text-align: center;\">AL Signature<\/h2>\n<p style=\"text-align: center;\">Evo pregleda:<\/p>\n<p>[\/vc_column_text][vc_raw_html]PGRpdiBjbGFzcz0ib21vdGFjLW5hYnJhamFuamEtcHJvZHVjdCI+CiAgICA8ZGl2IGNsYXNzPSJrb2xvbmEtbGV2byI+CiAgICAgICAgPGRpdiBjbGFzcz0iaW5uZXItbmFicmFqYW5qZSI+CiAgICAgICAgICAgIDxwIGNsYXNzPSJuYXNsb3YtbmFicmFqYW5qZSI+PHNwYW4gY2xhc3M9ImJyb2oiPjEuPC9zcGFuPiBQcmlyb2RubyBwb2phxI1hbmplOjwvcD4KICAgICAgICAgICAgPHA+UHJpbWFybmEgc3ZyaGEgdGVobmlrZSBydW1lbmlsYSB6YSBvYnJhemUgamUgZGEgcHJ1xb5pIGJsYWdpLCBwcmlyb2RubyBpemdsZWRhanXEh2kgc2phaiBrb2ppIHRyYWplLCDEjWluZcSHaSBsaWNlIHN2ZXRsaWppbSBpIG1sYcSRaW0uPC9wPgogICAgICAgIDwvZGl2PgogICAgICAgIDxkaXYgY2xhc3M9ImlubmVyLW5hYnJhamFuamUiPgogICAgICAgICAgICA8cCBjbGFzcz0ibmFzbG92LW5hYnJhamFuamUiPjxzcGFuIGNsYXNzPSJicm9qIj4yLjwvc3Bhbj4gU3VwdGlsbmEgcGlnbWVudGFjaWphOjwvcD4KICAgICAgICAgICAgPHA+UGlnbWVudGFjaWphIGtvamEgc2Uga29yaXN0aSB1IHRlaG5pY2kgcnVtZW5pbGEgb2JpxI1ubyBqZSBzdXB0aWxuaWphIG9kIGRydWdpaCB2cnN0YSBrb3ptZXRpxI1raWggdGV0b3Zhxb5hLiBEaXpham5pcmFuYSBqZSBkYSBwcnXFvmkgbWVrbyBpIHByaXJvZG5vIGl6Z2xlZGFqdcSHZSBwb2phxI1hbmplLiA8L3A+CiAgICAgICAgPC9kaXY+CiAgICAgICAgPGRpdiBjbGFzcz0iaW5uZXItbmFicmFqYW5qZSI+CiAgICAgICAgICAgIDxwIGNsYXNzPSJuYXNsb3YtbmFicmFqYW5qZSI+PHNwYW4gY2xhc3M9ImJyb2oiPjMuPC9zcGFuPiBQcm9jZWR1cmE6PC9wPgogICAgICAgICAgICA8cD5UcmV0bWFuIG1pa3JvcGlnbWVudGFjaWplIHBvZHJhenVtZXZhIGltcGxlbWV0aXJhbmplIG1hbGloIGtvbGnEjWluYSBwaWdtZW50YSB1IGdvcm5qZSBzbG9qZXZlIGtvxb5lIHBvbW\/Eh3UgbWHFoWluZSB6YSB0ZXRvdmlyYW5qZSBpbGkgdXJlxJFhamEgemEgbWlrcm8gaWdsYW5qZS4gVGVobmlrYSB6YWh0ZXZhIHByZWNpem5vc3Qga2FrbyBiaSBzZSBvc2lndXJhbG8gZGEgamUgYm9qYSByYXZub21lcm5vIHJhc3BvcmXEkWVuYSBpIGRhIHNlIGJlc3ByZWtvcm5vIHNwYWphIHNhIG9rb2xub20ga2\/Fvm9tLiA8L3A+CiAgICAgICAgPC9kaXY+CiAgICAgICAgPGRpdiBjbGFzcz0iaW5uZXItbmFicmFqYW5qZSI+CiAgICAgICAgICAgIDxwIGNsYXNzPSJuYXNsb3YtbmFicmFqYW5qZSI+PHNwYW4gY2xhc3M9ImJyb2oiPjQuPC9zcGFuPiBQcmlsYWdvxJFhdmFuamU6PC9wPgogICAgICAgICAgICA8cD5Cb2phIGkgaW50ZW56aXRldCBvYmnEjW5vIHN1IHByaWxhZ2\/EkWVuaSB0b251IGtvxb5lIGkgbGnEjW5pbSBwcmVmZXJlbmNpamFtYSBwb2plZGluY2EuIE5la2kgbGp1ZGkgbW\/FvmRhIHByZWZlcmlyYWp1IG1la3UgcnXFvmnEjWFzdHUgbmlqYW5zdSwgZG9rIGRydWdpIG1vxb5kYSDFvmVsZSBicmVza3Zhc3R1IGlsaSBicm9uemFudSBuaWphbnN1LiA8L3A+CiAgICAgICAgPC9kaXY+CiAgICAgICAgPGRpdiBjbGFzcz0iaW5uZXItbmFicmFqYW5qZSI+CiAgICAgICAgICAgIDxwIGNsYXNzPSJuYXNsb3YtbmFicmFqYW5qZSI+PHNwYW4gY2xhc3M9ImJyb2oiPjUuPC9zcGFuPiBaYWNlbGppdmFuamUgaSBuZWdhIHBvc2xlIHRyZXRtYW5hOjwvcD4KICAgICAgICAgICAgPHA+VHJldGlyYW5vIHBvZHJ1xI1qZSBtb8W+ZSBpbmljaWphbG5vIGl6Z2xlZGF0aSBpbnRlbnppdm5pamUsIGFsaSBrYWtvIGtvxb5hIHphY2VsanVqZSwgYm9qYSDEh2Ugb21la8WhYXRpIGkgbWFsbyBpemJsZWRldGkuIFByYXZpbG5hIG5lZ2EgbmFrb24gdHJldG1hbmEgamUga2xqdcSNbmEga2FrbyBiaSBzZSBzcHJlxI1pbGUga29tcGxpa2FjaWplIGkgb3NpZ3VyYWxvIHJhdm5vbWVybm8gemFkcsW+YXZhbmplIHBpZ21lbnRhLiA8L3A+CiAgICAgICAgPC9kaXY+CiAgICA8L2Rpdj4KICAgIDxkaXYgY2xhc3M9ImtvbG9uYS1kZXNubyI+CiAgICAgICAgPGRpdiBjbGFzcz0iaW5uZXItbmFicmFqYW5qZSI+CiAgICAgICAgICAgIDxwIGNsYXNzPSJuYXNsb3YtbmFicmFqYW5qZSI+PHNwYW4gY2xhc3M9ImJyb2oiPjYuPC9zcGFuPiBEdWdvdHJham5vc3Q6PC9wPgogICAgICAgICAgICA8cD5CYcWhIGthbyBpIGRydWdlIHByb2NlZHVyZSBwZXJtYW5lbnRuZSDFoW1pbmtlLCByZXp1bHRhdGkgc3UgcG9sdS10cmFqbmkuIFUgemF2aXNub3N0aSBvZCByYXpsacSNaXRpaCBmYWt0b3JhIGthbyDFoXRvIHN1IHRpcCBrb8W+ZSwgaXpsYWdhbmplIHN1bmN1LCBpemJvcmkgbmHEjWluYSDFvml2b3RhIGkgcnV0aW5lIG5lZ2Uga2\/FvmUsIHJ1bWVuaWxvIG1vxb5lIHRyYWphdGkgbmVrb2xpa28gZ29kaW5hLiBNZcSRdXRpbSwgcHJpcm9kbm8gamUgZGEgcyB2cmVtZW5vbSBibGVkaSwgcGEgc3UgcG90cmVibmkgZG9kYXRuaSB0cmV0bWFuaSBrYWtvIGJpIHNlIG9kcsW+YWxhIMW+ZWxqZW5hIGludGVueml2bm9zdCBib2plLiAgPC9wPgogICAgICAgIDwvZGl2PgogICAgICAgIDxkaXYgY2xhc3M9ImlubmVyLW5hYnJhamFuamUiPgogICAgICAgICAgICA8cCBjbGFzcz0ibmFzbG92LW5hYnJhamFuamUiPjxzcGFuIGNsYXNzPSJicm9qIj43Ljwvc3Bhbj4gUHJlZG5vc3RpOjwvcD4KICAgICAgICAgICAgPHA+VGVobmlrYSBydW1lbmlsYSB6YSBvYnJhemUgbW\/FvmUgYml0aSBrb3Jpc25hIG9uaW1hIGtvamkgxb5lbGUgZGEgc3RhbG5vIGltYWp1IHpkcmF2IHNqYWogYmV6IHN2YWtvZG5ldm5lIHByaW1lbmUgxaFtaW5rZS4gVGFrb8SRZXIgamUgaXpib3IgemEgb25lIHMgdXNsb3ZpbWEgaWxpIHNpdHVhY2lqYW1hIGtvamUgxI1pbmUgbmFub8WhZW5qZSBrb252ZW5jaW9uYWxub2cgcnVtZW5pbGEgaXphem92bmltLiA8L3A+CiAgICAgICAgPC9kaXY+CiAgICAgICAgPGRpdiBjbGFzcz0iaW5uZXItbmFicmFqYW5qZSI+CiAgICAgICAgICAgIDxwIGNsYXNzPSJuYXNsb3YtbmFicmFqYW5qZSI+PHNwYW4gY2xhc3M9ImJyb2oiPjguPC9zcGFuPiBSYXptYXRyYW5qYTo8L3A+CiAgICAgICAgICAgIDxwPlZlb21hIGplIHZhxb5ubyBkYSBwb3RlbmNpamFsbmkga2xpamVudGkgcmF6dW1lanUgZGEgc2UgdHJlbmRvdmkgdSDFoW1pbmtpIG1lbmphanUsIGkgb25vIMWhdG8gamUgdHJlbnV0bm8gcG9wdWxhcm5vIG1vxb5kYSBuZcSHZSBiaXRpIHphIG5la29saWtvIGdvZGluYS4gWmEgcmF6bGlrdSBvZCB0cmFkaWNpb25hbG5vZyBydW1lbmlsYSwga29qZSBzZSBtb8W+ZSBpc3ByYXRpLCB0ZWhuaWthIHJ1bWVuaWxhIGplIHBvbHUtdHJham5hLiA8L3A+CiAgICAgICAgPC9kaXY+CiAgICAgICAgPGRpdiBjbGFzcz0iemFva3J1emVubyI+CiAgICAgICAgICAgIDxwPlV2ZWsgc2UgcG9zYXZldHVqdGUgcyB1Z2xlZG5pbSBpIGlza3VzbmltIHVtZXRuaWtvbSBwZXJtYW5lbnRuZSDFoW1pbmtlIHByZSBuZWdvIMWhdG8gc2Ugb2RsdcSNaXRlIHphIGJpbG8ga29qaSBwb3N0dXBhay4gT25pIG1vZ3UgcHJ1xb5pdGkgc2F2ZXRlLCBwb2themF0aSBmb3RvZ3JhZmlqZSBwcmUgaSBwb3NsZSB0cmV0bWFuYSBpIG9kZ292b3JpdGkgbmEgYmlsbyBrb2phIHBpdGFuamEgaWxpIHphYnJpbnV0b3N0aS4gPC9wPgogICAgICAgIDwvZGl2PgogICAgPC9kaXY+CjwvZGl2Pg==[\/vc_raw_html][\/vc_column][\/vc_row][vc_row el_class=&#8220;single-block-row&#8220; woodmart_css_id=&#8220;654cd0269d519&#8243; responsive_spacing=&#8220;eyJwYXJhbV90eXBlIjoid29vZG1hcnRfcmVzcG9uc2l2ZV9zcGFjaW5nIiwic2VsZWN0b3JfaWQiOiI2NTRjZDAyNjlkNTE5Iiwic2hvcnRjb2RlIjoidmNfcm93IiwiZGF0YSI6eyJ0YWJsZXQiOnt9LCJtb2JpbGUiOnt9fX0=&#8220; mobile_bg_img_hidden=&#8220;no&#8220; tablet_bg_img_hidden=&#8220;no&#8220; woodmart_parallax=&#8220;0&#8243; woodmart_gradient_switch=&#8220;no&#8220; woodmart_box_shadow=&#8220;no&#8220; wd_z_index=&#8220;no&#8220; woodmart_disable_overflow=&#8220;0&#8243; row_reverse_mobile=&#8220;0&#8243; row_reverse_tablet=&#8220;0&#8243;][vc_column][vc_column_text woodmart_inline=&#8220;no&#8220; text_larger=&#8220;no&#8220;]<\/p>\n<h4>Imajte na umu da se uvek rade 2 rada u trajnoj sminci. Prvi pocetni i drugi zavrsni, u razmaku od mesec dana <\/h4>\n<p>&nbsp;<\/p>\n<h4>Posle tretmana dobicete od nas uputstva AFTER CARE DOKUMENT i AFTER CARE kremu, kako biste ocuvali vas Permanent Make up<\/h4>\n<p>[\/vc_column_text][\/vc_column][\/vc_row][vc_row full_width=&#8220;stretch_row&#8220; el_class=&#8220;testimonials-red&#8220; css=&#8220;.vc_custom_1699371591429{background-image: url(https:\/\/www.kosmetiksalon-lushezy.at\/wp-content\/uploads\/2023\/11\/Adrianna-Lushezy-Blue-Background.jpg?id=69) !important;background-position: center !important;background-repeat: no-repeat !important;background-size: cover !important;}&#8220; woodmart_css_id=&#8220;654a5a258b98f&#8220; responsive_spacing=&#8220;eyJwYXJhbV90eXBlIjoid29vZG1hcnRfcmVzcG9uc2l2ZV9zcGFjaW5nIiwic2VsZWN0b3JfaWQiOiI2NTRhNWEyNThiOThmIiwic2hvcnRjb2RlIjoidmNfcm93IiwiZGF0YSI6eyJ0YWJsZXQiOnt9LCJtb2JpbGUiOnt9fX0=&#8220; mobile_bg_img_hidden=&#8220;no&#8220; tablet_bg_img_hidden=&#8220;no&#8220; woodmart_parallax=&#8220;0&#8243; woodmart_gradient_switch=&#8220;no&#8220; woodmart_box_shadow=&#8220;no&#8220; wd_z_index=&#8220;no&#8220; woodmart_disable_overflow=&#8220;0&#8243; row_reverse_mobile=&#8220;0&#8243; row_reverse_tablet=&#8220;0&#8243;][vc_column width=&#8220;1\/2&#8243;][vc_column_text woodmart_inline=&#8220;no&#8220; text_larger=&#8220;no&#8220; el_class=&#8220;testimonials-tb&#8220;]<\/p>\n<h4 class=\"veci\">Srec\u0301ni klijenti i <span class=\"flexed-testimonials\">Sjajni rezultati<\/span><\/h4>\n<p>Pridru\u017eite nam se na putovanju kroz svedo\u010danstva ispunjena rado\u0161c\u0301u na\u0161ih zadovoljnih klijenata, otkrivajuc\u0301i istinsku srec\u0301u i blistave rezultate koji ilustruju na\u0161u posvec\u0301enost pru\u017eanju izuzetnih lepotnih iskustava.[\/vc_column_text][\/vc_column][vc_column width=&#8220;1\/2&#8243;][vc_raw_html]W3RydXN0aW5kZXggbm8tcmVnaXN0cmF0aW9uPSJnb29nbGUiXQ==[\/vc_raw_html][\/vc_column][\/vc_row]<\/p>\n<\/div>","protected":false},"excerpt":{"rendered":"<p>Tehnika rumenila u permanentnom \u0161minkanju za obraze, \u010desto se naziva &#8222;rumenilo za obraze&#8220;, &#8222;toniranje obraza&#8220; ili &#8222;stalno rumenilo&#8220;, predstavlja postupak kozmeti\u010dkog tetoviranja koji dodaje suptilnu nijansu ili boju obrazima, ciljaju\u0107i da opona\u0161a prirodnu boju koju tradicionalni prah ili kremasti rumenilo daje.<\/p>\n<ul class=\"price\">\n<li>AL Signature: <span class=\"mini-price\">250\u20ac<\/span><\/li>\n<li>Korekcija: <span class=\"mini-price\">120\u20ac<\/span><\/li>\n<\/ul>\n[bookly-form category_id=\"19\" hide=\"staff_members,week_days,time_range\"]\n","protected":false},"featured_media":1099,"template":"","meta":[],"product_cat":[136],"product_tag":[],"class_list":{"0":"post-1439","1":"product","2":"type-product","3":"status-publish","4":"has-post-thumbnail","6":"product_cat-trajna-sminka","8":"first","9":"instock","10":"shipping-taxable","11":"purchasable","12":"product-type-simple"},"yoast_head":"<!-- This site is optimized with the Yoast SEO plugin v23.3 - https:\/\/yoast.com\/wordpress\/plugins\/seo\/ -->\n<title>AL Signature | Adrianna Lushezy<\/title>\n<meta name=\"description\" content=\"Tehnika rumenila u permanentnom \u0161minkanju za obraze, \u010desto se naziva &quot;rumenilo za obraze&quot;, &quot;toniranje obraza&quot; ili &quot;stalno rumenilo&quot;, predstavlja postupak kozmeti\u010dkog...\" \/>\n<meta name=\"robots\" content=\"index, follow, max-snippet:-1, max-image-preview:large, max-video-preview:-1\" \/>\n<link rel=\"canonical\" href=\"https:\/\/www.kosmetiksalon-lushezy.at\/sr\/\u043f\u0440\u043e\u0438\u0437\u0432\u043e\u0434\/al-signature\/\" \/>\n<meta property=\"og:locale\" content=\"sr_RS\" \/>\n<meta property=\"og:type\" content=\"article\" \/>\n<meta property=\"og:title\" content=\"AL Signature | Adrianna Lushezy\" \/>\n<meta property=\"og:description\" content=\"Tehnika rumenila u permanentnom \u0161minkanju za obraze, \u010desto se naziva &quot;rumenilo za obraze&quot;, &quot;toniranje obraza&quot; ili &quot;stalno rumenilo&quot;, predstavlja postupak kozmeti\u010dkog...\" \/>\n<meta property=\"og:url\" content=\"https:\/\/www.kosmetiksalon-lushezy.at\/sr\/\u043f\u0440\u043e\u0438\u0437\u0432\u043e\u0434\/al-signature\/\" \/>\n<meta property=\"og:site_name\" content=\"Adrianna Lushezy\" \/>\n<meta property=\"article:publisher\" content=\"https:\/\/www.facebook.com\/pmu.adrianna.lushezy\/\" \/>\n<meta property=\"article:modified_time\" content=\"2024-10-24T11:30:24+00:00\" \/>\n<meta property=\"og:image\" content=\"https:\/\/www.kosmetiksalon-lushezy.at\/wp-content\/uploads\/2023\/11\/Adrianna-Lushezy-Permanent-Make-Up-AL-Signature-PMU-03.jpg\" \/>\n\t<meta property=\"og:image:width\" content=\"940\" \/>\n\t<meta property=\"og:image:height\" content=\"788\" \/>\n\t<meta property=\"og:image:type\" content=\"image\/jpeg\" \/>\n<meta name=\"twitter:card\" content=\"summary_large_image\" \/>\n<meta name=\"twitter:label1\" content=\"\u041f\u0440\u043e\u0446\u0435\u045a\u0435\u043d\u043e \u0432\u0440\u0435\u043c\u0435 \u0447\u0438\u0442\u0430\u045a\u0430\" \/>\n\t<meta name=\"twitter:data1\" content=\"5 \u043c\u0438\u043d\u0443\u0442\u0430\" \/>\n<script type=\"application\/ld+json\" class=\"yoast-schema-graph\">{\"@context\":\"https:\/\/schema.org\",\"@graph\":[{\"@type\":\"WebPage\",\"@id\":\"https:\/\/www.kosmetiksalon-lushezy.at\/sr\/\u043f\u0440\u043e\u0438\u0437\u0432\u043e\u0434\/al-signature\/\",\"url\":\"https:\/\/www.kosmetiksalon-lushezy.at\/sr\/\u043f\u0440\u043e\u0438\u0437\u0432\u043e\u0434\/al-signature\/\",\"name\":\"AL Signature | Adrianna Lushezy\",\"isPartOf\":{\"@id\":\"https:\/\/www.kosmetiksalon-lushezy.at\/#website\"},\"primaryImageOfPage\":{\"@id\":\"https:\/\/www.kosmetiksalon-lushezy.at\/sr\/\u043f\u0440\u043e\u0438\u0437\u0432\u043e\u0434\/al-signature\/#primaryimage\"},\"image\":{\"@id\":\"https:\/\/www.kosmetiksalon-lushezy.at\/sr\/\u043f\u0440\u043e\u0438\u0437\u0432\u043e\u0434\/al-signature\/#primaryimage\"},\"thumbnailUrl\":\"https:\/\/www.kosmetiksalon-lushezy.at\/wp-content\/uploads\/2023\/11\/Adrianna-Lushezy-Permanent-Make-Up-AL-Signature-PMU-03.jpg\",\"datePublished\":\"2023-11-06T12:51:41+00:00\",\"dateModified\":\"2024-10-24T11:30:24+00:00\",\"description\":\"Tehnika rumenila u permanentnom \u0161minkanju za obraze, \u010desto se naziva \\\"rumenilo za obraze\\\", \\\"toniranje obraza\\\" ili \\\"stalno rumenilo\\\", predstavlja postupak kozmeti\u010dkog...\",\"breadcrumb\":{\"@id\":\"https:\/\/www.kosmetiksalon-lushezy.at\/sr\/\u043f\u0440\u043e\u0438\u0437\u0432\u043e\u0434\/al-signature\/#breadcrumb\"},\"inLanguage\":\"sr-RS\",\"potentialAction\":[{\"@type\":\"ReadAction\",\"target\":[\"https:\/\/www.kosmetiksalon-lushezy.at\/sr\/\u043f\u0440\u043e\u0438\u0437\u0432\u043e\u0434\/al-signature\/\"]}]},{\"@type\":\"ImageObject\",\"inLanguage\":\"sr-RS\",\"@id\":\"https:\/\/www.kosmetiksalon-lushezy.at\/sr\/\u043f\u0440\u043e\u0438\u0437\u0432\u043e\u0434\/al-signature\/#primaryimage\",\"url\":\"https:\/\/www.kosmetiksalon-lushezy.at\/wp-content\/uploads\/2023\/11\/Adrianna-Lushezy-Permanent-Make-Up-AL-Signature-PMU-03.jpg\",\"contentUrl\":\"https:\/\/www.kosmetiksalon-lushezy.at\/wp-content\/uploads\/2023\/11\/Adrianna-Lushezy-Permanent-Make-Up-AL-Signature-PMU-03.jpg\",\"width\":940,\"height\":788},{\"@type\":\"BreadcrumbList\",\"@id\":\"https:\/\/www.kosmetiksalon-lushezy.at\/sr\/\u043f\u0440\u043e\u0438\u0437\u0432\u043e\u0434\/al-signature\/#breadcrumb\",\"itemListElement\":[{\"@type\":\"ListItem\",\"position\":1,\"name\":\"Home\",\"item\":\"https:\/\/www.kosmetiksalon-lushezy.at\/sr\/\"},{\"@type\":\"ListItem\",\"position\":2,\"name\":\"Shop\",\"item\":\"https:\/\/www.kosmetiksalon-lushezy.at\/sr\/shop\/\"},{\"@type\":\"ListItem\",\"position\":3,\"name\":\"AL Signature\"}]},{\"@type\":\"WebSite\",\"@id\":\"https:\/\/www.kosmetiksalon-lushezy.at\/#website\",\"url\":\"https:\/\/www.kosmetiksalon-lushezy.at\/\",\"name\":\"Adrianna Lushezy\",\"description\":\"Cosmetic, Permanent Make-up and Academy\",\"publisher\":{\"@id\":\"https:\/\/www.kosmetiksalon-lushezy.at\/#organization\"},\"potentialAction\":[{\"@type\":\"SearchAction\",\"target\":{\"@type\":\"EntryPoint\",\"urlTemplate\":\"https:\/\/www.kosmetiksalon-lushezy.at\/?s={search_term_string}\"},\"query-input\":\"required name=search_term_string\"}],\"inLanguage\":\"sr-RS\"},{\"@type\":\"Organization\",\"@id\":\"https:\/\/www.kosmetiksalon-lushezy.at\/#organization\",\"name\":\"Adrianna Lushezy\",\"url\":\"https:\/\/www.kosmetiksalon-lushezy.at\/\",\"logo\":{\"@type\":\"ImageObject\",\"inLanguage\":\"sr-RS\",\"@id\":\"https:\/\/www.kosmetiksalon-lushezy.at\/#\/schema\/logo\/image\/\",\"url\":\"https:\/\/www.kosmetiksalon-lushezy.at\/wp-content\/uploads\/2023\/11\/Adrianna-Lushezy-Favicon.png\",\"contentUrl\":\"https:\/\/www.kosmetiksalon-lushezy.at\/wp-content\/uploads\/2023\/11\/Adrianna-Lushezy-Favicon.png\",\"width\":64,\"height\":60,\"caption\":\"Adrianna Lushezy\"},\"image\":{\"@id\":\"https:\/\/www.kosmetiksalon-lushezy.at\/#\/schema\/logo\/image\/\"},\"sameAs\":[\"https:\/\/www.facebook.com\/pmu.adrianna.lushezy\/\",\"https:\/\/www.instagram.com\/adrianna_lushezy\/\"]}]}<\/script>\n<!-- \/ Yoast SEO plugin. -->","yoast_head_json":{"title":"AL Signature | Adrianna Lushezy","description":"Tehnika rumenila u permanentnom \u0161minkanju za obraze, \u010desto se naziva \"rumenilo za obraze\", \"toniranje obraza\" ili \"stalno rumenilo\", predstavlja postupak kozmeti\u010dkog...","robots":{"index":"index","follow":"follow","max-snippet":"max-snippet:-1","max-image-preview":"max-image-preview:large","max-video-preview":"max-video-preview:-1"},"canonical":"https:\/\/www.kosmetiksalon-lushezy.at\/sr\/\u043f\u0440\u043e\u0438\u0437\u0432\u043e\u0434\/al-signature\/","og_locale":"sr_RS","og_type":"article","og_title":"AL Signature | Adrianna Lushezy","og_description":"Tehnika rumenila u permanentnom \u0161minkanju za obraze, \u010desto se naziva \"rumenilo za obraze\", \"toniranje obraza\" ili \"stalno rumenilo\", predstavlja postupak kozmeti\u010dkog...","og_url":"https:\/\/www.kosmetiksalon-lushezy.at\/sr\/\u043f\u0440\u043e\u0438\u0437\u0432\u043e\u0434\/al-signature\/","og_site_name":"Adrianna Lushezy","article_publisher":"https:\/\/www.facebook.com\/pmu.adrianna.lushezy\/","article_modified_time":"2024-10-24T11:30:24+00:00","og_image":[{"width":940,"height":788,"url":"https:\/\/www.kosmetiksalon-lushezy.at\/wp-content\/uploads\/2023\/11\/Adrianna-Lushezy-Permanent-Make-Up-AL-Signature-PMU-03.jpg","type":"image\/jpeg"}],"twitter_card":"summary_large_image","twitter_misc":{"\u041f\u0440\u043e\u0446\u0435\u045a\u0435\u043d\u043e \u0432\u0440\u0435\u043c\u0435 \u0447\u0438\u0442\u0430\u045a\u0430":"5 \u043c\u0438\u043d\u0443\u0442\u0430"},"schema":{"@context":"https:\/\/schema.org","@graph":[{"@type":"WebPage","@id":"https:\/\/www.kosmetiksalon-lushezy.at\/sr\/\u043f\u0440\u043e\u0438\u0437\u0432\u043e\u0434\/al-signature\/","url":"https:\/\/www.kosmetiksalon-lushezy.at\/sr\/\u043f\u0440\u043e\u0438\u0437\u0432\u043e\u0434\/al-signature\/","name":"AL Signature | Adrianna Lushezy","isPartOf":{"@id":"https:\/\/www.kosmetiksalon-lushezy.at\/#website"},"primaryImageOfPage":{"@id":"https:\/\/www.kosmetiksalon-lushezy.at\/sr\/\u043f\u0440\u043e\u0438\u0437\u0432\u043e\u0434\/al-signature\/#primaryimage"},"image":{"@id":"https:\/\/www.kosmetiksalon-lushezy.at\/sr\/\u043f\u0440\u043e\u0438\u0437\u0432\u043e\u0434\/al-signature\/#primaryimage"},"thumbnailUrl":"https:\/\/www.kosmetiksalon-lushezy.at\/wp-content\/uploads\/2023\/11\/Adrianna-Lushezy-Permanent-Make-Up-AL-Signature-PMU-03.jpg","datePublished":"2023-11-06T12:51:41+00:00","dateModified":"2024-10-24T11:30:24+00:00","description":"Tehnika rumenila u permanentnom \u0161minkanju za obraze, \u010desto se naziva \"rumenilo za obraze\", \"toniranje obraza\" ili \"stalno rumenilo\", predstavlja postupak kozmeti\u010dkog...","breadcrumb":{"@id":"https:\/\/www.kosmetiksalon-lushezy.at\/sr\/\u043f\u0440\u043e\u0438\u0437\u0432\u043e\u0434\/al-signature\/#breadcrumb"},"inLanguage":"sr-RS","potentialAction":[{"@type":"ReadAction","target":["https:\/\/www.kosmetiksalon-lushezy.at\/sr\/\u043f\u0440\u043e\u0438\u0437\u0432\u043e\u0434\/al-signature\/"]}]},{"@type":"ImageObject","inLanguage":"sr-RS","@id":"https:\/\/www.kosmetiksalon-lushezy.at\/sr\/\u043f\u0440\u043e\u0438\u0437\u0432\u043e\u0434\/al-signature\/#primaryimage","url":"https:\/\/www.kosmetiksalon-lushezy.at\/wp-content\/uploads\/2023\/11\/Adrianna-Lushezy-Permanent-Make-Up-AL-Signature-PMU-03.jpg","contentUrl":"https:\/\/www.kosmetiksalon-lushezy.at\/wp-content\/uploads\/2023\/11\/Adrianna-Lushezy-Permanent-Make-Up-AL-Signature-PMU-03.jpg","width":940,"height":788},{"@type":"BreadcrumbList","@id":"https:\/\/www.kosmetiksalon-lushezy.at\/sr\/\u043f\u0440\u043e\u0438\u0437\u0432\u043e\u0434\/al-signature\/#breadcrumb","itemListElement":[{"@type":"ListItem","position":1,"name":"Home","item":"https:\/\/www.kosmetiksalon-lushezy.at\/sr\/"},{"@type":"ListItem","position":2,"name":"Shop","item":"https:\/\/www.kosmetiksalon-lushezy.at\/sr\/shop\/"},{"@type":"ListItem","position":3,"name":"AL Signature"}]},{"@type":"WebSite","@id":"https:\/\/www.kosmetiksalon-lushezy.at\/#website","url":"https:\/\/www.kosmetiksalon-lushezy.at\/","name":"Adrianna Lushezy","description":"Cosmetic, Permanent Make-up and Academy","publisher":{"@id":"https:\/\/www.kosmetiksalon-lushezy.at\/#organization"},"potentialAction":[{"@type":"SearchAction","target":{"@type":"EntryPoint","urlTemplate":"https:\/\/www.kosmetiksalon-lushezy.at\/?s={search_term_string}"},"query-input":"required name=search_term_string"}],"inLanguage":"sr-RS"},{"@type":"Organization","@id":"https:\/\/www.kosmetiksalon-lushezy.at\/#organization","name":"Adrianna Lushezy","url":"https:\/\/www.kosmetiksalon-lushezy.at\/","logo":{"@type":"ImageObject","inLanguage":"sr-RS","@id":"https:\/\/www.kosmetiksalon-lushezy.at\/#\/schema\/logo\/image\/","url":"https:\/\/www.kosmetiksalon-lushezy.at\/wp-content\/uploads\/2023\/11\/Adrianna-Lushezy-Favicon.png","contentUrl":"https:\/\/www.kosmetiksalon-lushezy.at\/wp-content\/uploads\/2023\/11\/Adrianna-Lushezy-Favicon.png","width":64,"height":60,"caption":"Adrianna Lushezy"},"image":{"@id":"https:\/\/www.kosmetiksalon-lushezy.at\/#\/schema\/logo\/image\/"},"sameAs":["https:\/\/www.facebook.com\/pmu.adrianna.lushezy\/","https:\/\/www.instagram.com\/adrianna_lushezy\/"]}]}},"_links":{"self":[{"href":"https:\/\/www.kosmetiksalon-lushezy.at\/sr\/wp-json\/wp\/v2\/product\/1439","targetHints":{"allow":["GET"]}}],"collection":[{"href":"https:\/\/www.kosmetiksalon-lushezy.at\/sr\/wp-json\/wp\/v2\/product"}],"about":[{"href":"https:\/\/www.kosmetiksalon-lushezy.at\/sr\/wp-json\/wp\/v2\/types\/product"}],"wp:featuredmedia":[{"embeddable":true,"href":"https:\/\/www.kosmetiksalon-lushezy.at\/sr\/wp-json\/wp\/v2\/media\/1099"}],"wp:attachment":[{"href":"https:\/\/www.kosmetiksalon-lushezy.at\/sr\/wp-json\/wp\/v2\/media?parent=1439"}],"wp:term":[{"taxonomy":"product_cat","embeddable":true,"href":"https:\/\/www.kosmetiksalon-lushezy.at\/sr\/wp-json\/wp\/v2\/product_cat?post=1439"},{"taxonomy":"product_tag","embeddable":true,"href":"https:\/\/www.kosmetiksalon-lushezy.at\/sr\/wp-json\/wp\/v2\/product_tag?post=1439"}],"curies":[{"name":"wp","href":"https:\/\/api.w.org\/{rel}","templated":true}]}}