{"id":1438,"date":"2024-04-15T12:03:41","date_gmt":"2024-04-15T10:03:41","guid":{"rendered":"https:\/\/www.kosmetiksalon-lushezy.at\/product\/hifu-7d-anti-aging\/"},"modified":"2024-10-24T13:25:39","modified_gmt":"2024-10-24T11:25:39","slug":"hifu-7d-anti-aging","status":"publish","type":"product","link":"https:\/\/www.kosmetiksalon-lushezy.at\/sr\/\u043f\u0440\u043e\u0438\u0437\u0432\u043e\u0434\/hifu-7d-anti-aging\/","title":{"rendered":"HIFU 7D Anti Aging"},"content":{"rendered":"<div class=\"wpb-content-wrapper\"><p>[vc_row full_width=&#8220;stretch_row&#8220; css=&#8220;.vc_custom_1699454323630{background-image: url(https:\/\/www.kosmetiksalon-lushezy.at\/wp-content\/uploads\/2023\/11\/Adrianna-Lushezy-Blue-Background.jpg?id=69) !important;background-position: center !important;background-repeat: no-repeat !important;background-size: cover !important;}&#8220; woodmart_css_id=&#8220;654b9d6ad4292&#8243; responsive_spacing=&#8220;eyJwYXJhbV90eXBlIjoid29vZG1hcnRfcmVzcG9uc2l2ZV9zcGFjaW5nIiwic2VsZWN0b3JfaWQiOiI2NTRiOWQ2YWQ0MjkyIiwic2hvcnRjb2RlIjoidmNfcm93IiwiZGF0YSI6eyJ0YWJsZXQiOnt9LCJtb2JpbGUiOnt9fX0=&#8220; mobile_bg_img_hidden=&#8220;no&#8220; tablet_bg_img_hidden=&#8220;no&#8220; woodmart_parallax=&#8220;0&#8243; woodmart_gradient_switch=&#8220;no&#8220; woodmart_box_shadow=&#8220;no&#8220; wd_z_index=&#8220;no&#8220; woodmart_disable_overflow=&#8220;0&#8243; row_reverse_mobile=&#8220;0&#8243; row_reverse_tablet=&#8220;0&#8243; el_class=&#8220;product-blue-row&#8220;][vc_column][vc_column_text woodmart_inline=&#8220;no&#8220; text_larger=&#8220;no&#8220; el_class=&#8220;inner-tb&#8220;]<\/p>\n<p class=\"iznad-naslova\" style=\"text-align: center;\">Pro\u010ditaj vi\u0161e<\/p>\n<h2 style=\"text-align: center;\">HIFU 7D &#8211; Zategnuta koza umesto hirurskog zahvata<\/h2>\n<p style=\"text-align: center;\">Neinvazivna &#8211; Inovativna Metoda<\/p>\n<p>[\/vc_column_text][vc_raw_html]PGRpdiBjbGFzcz0ib21vdGFjLW5hYnJhamFuamEtcHJvZHVjdCI+CiAgICA8ZGl2IGNsYXNzPSJrb2xvbmEtbGV2byI+CiAgICAgICAgPGRpdiBjbGFzcz0iaW5uZXItbmFicmFqYW5qZSI+CiAgICAgICAgICAgIDxwPklkZWFsbm8gemEgb25lIGtvamkgxb5lbGUgZGEgc2UgYm9yZSBwcm90aXYgem5ha292YSBzdGFyZW5qYSwgSElGVSA3RCBlZmlrYXNubyBzZSBiYXZpIGJvcmljYW1hLCBmaW5pbSBsaW5pamFtYSBpIG9wdcWhdGVub20ga2\/Fvm9tLCBwcnXFvmFqdcSHaSBwcmlyb2RhbiBlZmVrYXQgbGlmdGluZ2EuIFphIHJhemxpa3Ugb2QgdHJhZGljaW9uYWxuaWggbWV0b2RhLCBvdmFqIGlub3ZhdGl2bmkgc2lzdGVtIGRvc2XFvmUgZHVibGplIHNsb2pldmUga2\/FvmUgKGRvIDQsNSBtbSksIHVrbGp1xI11anXEh2kgaSBTTUFTIHNsb2oga29qaSBzZSBjaWxqYSB1IG9wZXJhY2lqYW1hIGZhY2VsaWZ0YSwgb2JlemJlxJF1anXEh2kgZHVnb3RyYWpuZSByZXp1bHRhdGUga29qaSBzZSBwb2JvbGrFoWF2YWp1IHZyZW1lbm9tLiA8L3A+CiAgICAgICAgPC9kaXY+CiAgICAgICAgPGRpdiBjbGFzcz0iaW5uZXItbmFicmFqYW5qZSI+CiAgICAgICAgICAgIDxwPlByb2NlZHVyYSBqZSBzaWd1cm5hLCBicnphIGkgbmUgemFodGV2YSB2cmVtZSBvcG9yYXZrYSwgxI1pbmXEh2kgamUgb2RsacSNbm9tIG9wY2lqb20gemEga2xpamVudGUgc2EgemF1emV0aW0gbmHEjWlub20gxb5pdm90YS4gVmXEh2luYSBrbGlqZW5hdGEgcHJpbWV0aSB6bmHEjWFqbmEgcG9ib2xqxaFhbmphIG9kbWFoIG5ha29uIHRyZXRtYW5hLCBzYSBvcHRpbWFsbmltIHJlenVsdGF0aW1hIGtvamkgc2UgbWFuaWZlc3R1anUgdW51dGFyIDItMyBtZXNlY2Ega2FrbyBzZSByYXp2aWphIG5vdmkga29sYWdlbi4gPC9wPgogICAgICAgIDwvZGl2PgogICAgPC9kaXY+CiAgICA8ZGl2IGNsYXNzPSJrb2xvbmEtZGVzbm8iPgogICAgPGRpdiBjbGFzcz0iemFva3J1emVubyI+CiAgICAgICAgPHA+VSBuYcWhZW0ga296bWV0acSNa29tIHNhbG9udSwgdXpidcSRZW5pIHNtbyDFoXRvIG1vxb5lbW8gcG9udWRpdGkgdHJldG1hbmUgSElGVSA3RCwga29qZSBzcHJvdm9kZSBuYcWhaSBzZXJ0aWZpa292YW5pIHByb2Zlc2lvbmFsY2kgdSBtaXJub20gaSBoaWdpamVuc2tvbSBva3J1xb5lbmp1LiBQb3N2ZcSHZW5pIHNtbyBwcnXFvmFuanUgcGVyc29uYWxpem92YW5lIG5lZ2UsIG9zaWd1cmF2YWp1xIdpIGRhIHN2YWtpIGtsaWplbnQgcG9zdGlnbmUgxb5lbGplbmUgcmV6dWx0YXRlLiA8L3A+CiAgICA8YnI+CiAgICAgICAgPHA+QmlsbyBkYSDFvmVsaXRlIGRhIHBvZG1sYWRpdGUgc3ZvaiBpemdsZWQgaWxpIHBvc3RpZ25ldGUgxI12csWhxId1LCBtbGHEkXUga2\/FvnUsIEhJRlUgN0QgcHJlZHN0YXZsamEgcmV2b2x1Y2lvbmFybm8gcmXFoWVuamUga29qZSBvYmXEh2F2YSByZWRlZmluaXNhbmplIHN0YW5kYXJkYSBsZXBvdGUuPC9wPgogICAgPC9kaXY+CiAgICA8L2Rpdj4KPC9kaXY+[\/vc_raw_html][\/vc_column][\/vc_row][vc_row el_class=&#8220;single-block-row&#8220; woodmart_css_id=&#8220;654ba7cc42361&#8243; responsive_spacing=&#8220;eyJwYXJhbV90eXBlIjoid29vZG1hcnRfcmVzcG9uc2l2ZV9zcGFjaW5nIiwic2VsZWN0b3JfaWQiOiI2NTRiYTdjYzQyMzYxIiwic2hvcnRjb2RlIjoidmNfcm93IiwiZGF0YSI6eyJ0YWJsZXQiOnt9LCJtb2JpbGUiOnt9fX0=&#8220; mobile_bg_img_hidden=&#8220;no&#8220; tablet_bg_img_hidden=&#8220;no&#8220; woodmart_parallax=&#8220;0&#8243; woodmart_gradient_switch=&#8220;no&#8220; woodmart_box_shadow=&#8220;no&#8220; wd_z_index=&#8220;no&#8220; woodmart_disable_overflow=&#8220;0&#8243; row_reverse_mobile=&#8220;0&#8243; row_reverse_tablet=&#8220;0&#8243;][vc_column][vc_single_image image=&#8220;630&#8243; img_size=&#8220;full&#8220; alignment=&#8220;center&#8220; parallax_scroll=&#8220;no&#8220; woodmart_inline=&#8220;no&#8220; el_class=&#8220;manja-slika&#8220;][\/vc_column][\/vc_row][vc_row full_width=&#8220;stretch_row&#8220; el_class=&#8220;testimonials-red&#8220; css=&#8220;.vc_custom_1699371591429{background-image: url(https:\/\/www.kosmetiksalon-lushezy.at\/wp-content\/uploads\/2023\/11\/Adrianna-Lushezy-Blue-Background.jpg?id=69) !important;background-position: center !important;background-repeat: no-repeat !important;background-size: cover !important;}&#8220; woodmart_css_id=&#8220;654a5a258b98f&#8220; responsive_spacing=&#8220;eyJwYXJhbV90eXBlIjoid29vZG1hcnRfcmVzcG9uc2l2ZV9zcGFjaW5nIiwic2VsZWN0b3JfaWQiOiI2NTRhNWEyNThiOThmIiwic2hvcnRjb2RlIjoidmNfcm93IiwiZGF0YSI6eyJ0YWJsZXQiOnt9LCJtb2JpbGUiOnt9fX0=&#8220; mobile_bg_img_hidden=&#8220;no&#8220; tablet_bg_img_hidden=&#8220;no&#8220; woodmart_parallax=&#8220;0&#8243; woodmart_gradient_switch=&#8220;no&#8220; woodmart_box_shadow=&#8220;no&#8220; wd_z_index=&#8220;no&#8220; woodmart_disable_overflow=&#8220;0&#8243; row_reverse_mobile=&#8220;0&#8243; row_reverse_tablet=&#8220;0&#8243;][vc_column width=&#8220;1\/2&#8243;][vc_column_text woodmart_inline=&#8220;no&#8220; text_larger=&#8220;no&#8220; el_class=&#8220;testimonials-tb&#8220;]<\/p>\n<h4 class=\"veci\">Srec\u0301ni klijenti i <span class=\"flexed-testimonials\">Sjajni rezultati<\/span><\/h4>\n<p> Pridru\u017eite nam se na putovanju kroz svedo\u010danstva ispunjena rado\u0161c\u0301u na\u0161ih zadovoljnih klijenata, otkrivajuc\u0301i istinsku srec\u0301u i blistave rezultate koji ilustruju na\u0161u posvec\u0301enost pru\u017eanju izuzetnih lepotnih iskustava.[\/vc_column_text][\/vc_column][vc_column width=&#8220;1\/2&#8243;][vc_raw_html]W3RydXN0aW5kZXggbm8tcmVnaXN0cmF0aW9uPSJnb29nbGUiXQ==[\/vc_raw_html][\/vc_column][\/vc_row]<\/p>\n<\/div>","protected":false},"excerpt":{"rendered":"<p><strong>Visokointenzivni fokusirani ultrazvuk (HIFU) 7D<\/strong> predstavlja najnoviji napredak u neinvazivnoj estetskoj tehnologiji, nude\u0107i revolucionarni pristup zatezanju i podmla\u0111ivanju ko\u017ee. Ova najsavremenija procedura koristi snagu ultrazvu\u010dne energije, precizno ciljaju\u0107i vi\u0161estruke slojeve ko\u017ee i mi\u0161i\u0107nog tkiva kako bi stimulisala proizvodnju kolagena, bez potrebe za hirur\u0161kim zahvatom. Oznaka &#8222;7D&#8220; ozna\u010dava sposobnost ure\u0111aja da deluje na sedam razli\u010ditih dubina, omogu\u0107avaju\u0107i personalizovane tretmane prilago\u0111ene jedinstvenim potrebama ko\u017ee svakog klijenta.   [bookly-form category_id=\"1\" service_id=\"113\" hide=\"staff_members,week_days,time_range\"]<\/p>\n","protected":false},"featured_media":1257,"template":"","meta":[],"product_cat":[140],"product_tag":[],"class_list":{"0":"post-1438","1":"product","2":"type-product","3":"status-publish","4":"has-post-thumbnail","6":"product_cat-kozmeticki-tretmani-za-lice","8":"first","9":"instock","10":"shipping-taxable","11":"purchasable","12":"product-type-simple"},"yoast_head":"<!-- This site is optimized with the Yoast SEO plugin v23.3 - https:\/\/yoast.com\/wordpress\/plugins\/seo\/ -->\n<title>HIFU 7D Anti Aging | Adrianna Lushezy<\/title>\n<meta name=\"description\" content=\"Anti Aging predstavlja najnoviji napredak u neinvazivnoj estetskoj tehnologiji, nudec\u0301i revolucionarni pristup zatezanju i podmla\u0111ivanju ko\u017ee.\" \/>\n<meta name=\"robots\" content=\"index, follow, max-snippet:-1, max-image-preview:large, max-video-preview:-1\" \/>\n<link rel=\"canonical\" href=\"https:\/\/www.kosmetiksalon-lushezy.at\/sr\/\u043f\u0440\u043e\u0438\u0437\u0432\u043e\u0434\/hifu-7d-anti-aging\/\" \/>\n<meta property=\"og:locale\" content=\"sr_RS\" \/>\n<meta property=\"og:type\" content=\"article\" \/>\n<meta property=\"og:title\" content=\"HIFU 7D Anti Aging | Adrianna Lushezy\" \/>\n<meta property=\"og:description\" content=\"Anti Aging predstavlja najnoviji napredak u neinvazivnoj estetskoj tehnologiji, nudec\u0301i revolucionarni pristup zatezanju i podmla\u0111ivanju ko\u017ee.\" \/>\n<meta property=\"og:url\" content=\"https:\/\/www.kosmetiksalon-lushezy.at\/sr\/\u043f\u0440\u043e\u0438\u0437\u0432\u043e\u0434\/hifu-7d-anti-aging\/\" \/>\n<meta property=\"og:site_name\" content=\"Adrianna Lushezy\" \/>\n<meta property=\"article:publisher\" content=\"https:\/\/www.facebook.com\/pmu.adrianna.lushezy\/\" \/>\n<meta property=\"article:modified_time\" content=\"2024-10-24T11:25:39+00:00\" \/>\n<meta property=\"og:image\" content=\"https:\/\/www.kosmetiksalon-lushezy.at\/wp-content\/uploads\/2024\/04\/Adrianna-Lushezy-Cosmetic-Facial-Treatments-Anti-Aging-HIFU-7D-01.jpg\" \/>\n\t<meta property=\"og:image:width\" content=\"940\" \/>\n\t<meta property=\"og:image:height\" content=\"788\" \/>\n\t<meta property=\"og:image:type\" content=\"image\/jpeg\" \/>\n<meta name=\"twitter:card\" content=\"summary_large_image\" \/>\n<meta name=\"twitter:label1\" content=\"\u041f\u0440\u043e\u0446\u0435\u045a\u0435\u043d\u043e \u0432\u0440\u0435\u043c\u0435 \u0447\u0438\u0442\u0430\u045a\u0430\" \/>\n\t<meta name=\"twitter:data1\" content=\"3 \u043c\u0438\u043d\u0443\u0442\u0430\" \/>\n<script type=\"application\/ld+json\" class=\"yoast-schema-graph\">{\"@context\":\"https:\/\/schema.org\",\"@graph\":[{\"@type\":\"WebPage\",\"@id\":\"https:\/\/www.kosmetiksalon-lushezy.at\/sr\/\u043f\u0440\u043e\u0438\u0437\u0432\u043e\u0434\/hifu-7d-anti-aging\/\",\"url\":\"https:\/\/www.kosmetiksalon-lushezy.at\/sr\/\u043f\u0440\u043e\u0438\u0437\u0432\u043e\u0434\/hifu-7d-anti-aging\/\",\"name\":\"HIFU 7D Anti Aging | Adrianna Lushezy\",\"isPartOf\":{\"@id\":\"https:\/\/www.kosmetiksalon-lushezy.at\/#website\"},\"primaryImageOfPage\":{\"@id\":\"https:\/\/www.kosmetiksalon-lushezy.at\/sr\/\u043f\u0440\u043e\u0438\u0437\u0432\u043e\u0434\/hifu-7d-anti-aging\/#primaryimage\"},\"image\":{\"@id\":\"https:\/\/www.kosmetiksalon-lushezy.at\/sr\/\u043f\u0440\u043e\u0438\u0437\u0432\u043e\u0434\/hifu-7d-anti-aging\/#primaryimage\"},\"thumbnailUrl\":\"https:\/\/www.kosmetiksalon-lushezy.at\/wp-content\/uploads\/2024\/04\/Adrianna-Lushezy-Cosmetic-Facial-Treatments-Anti-Aging-HIFU-7D-01.jpg\",\"datePublished\":\"2024-04-15T10:03:41+00:00\",\"dateModified\":\"2024-10-24T11:25:39+00:00\",\"description\":\"Anti Aging predstavlja najnoviji napredak u neinvazivnoj estetskoj tehnologiji, nudec\u0301i revolucionarni pristup zatezanju i podmla\u0111ivanju ko\u017ee.\",\"breadcrumb\":{\"@id\":\"https:\/\/www.kosmetiksalon-lushezy.at\/sr\/\u043f\u0440\u043e\u0438\u0437\u0432\u043e\u0434\/hifu-7d-anti-aging\/#breadcrumb\"},\"inLanguage\":\"sr-RS\",\"potentialAction\":[{\"@type\":\"ReadAction\",\"target\":[\"https:\/\/www.kosmetiksalon-lushezy.at\/sr\/\u043f\u0440\u043e\u0438\u0437\u0432\u043e\u0434\/hifu-7d-anti-aging\/\"]}]},{\"@type\":\"ImageObject\",\"inLanguage\":\"sr-RS\",\"@id\":\"https:\/\/www.kosmetiksalon-lushezy.at\/sr\/\u043f\u0440\u043e\u0438\u0437\u0432\u043e\u0434\/hifu-7d-anti-aging\/#primaryimage\",\"url\":\"https:\/\/www.kosmetiksalon-lushezy.at\/wp-content\/uploads\/2024\/04\/Adrianna-Lushezy-Cosmetic-Facial-Treatments-Anti-Aging-HIFU-7D-01.jpg\",\"contentUrl\":\"https:\/\/www.kosmetiksalon-lushezy.at\/wp-content\/uploads\/2024\/04\/Adrianna-Lushezy-Cosmetic-Facial-Treatments-Anti-Aging-HIFU-7D-01.jpg\",\"width\":940,\"height\":788},{\"@type\":\"BreadcrumbList\",\"@id\":\"https:\/\/www.kosmetiksalon-lushezy.at\/sr\/\u043f\u0440\u043e\u0438\u0437\u0432\u043e\u0434\/hifu-7d-anti-aging\/#breadcrumb\",\"itemListElement\":[{\"@type\":\"ListItem\",\"position\":1,\"name\":\"Home\",\"item\":\"https:\/\/www.kosmetiksalon-lushezy.at\/sr\/\"},{\"@type\":\"ListItem\",\"position\":2,\"name\":\"Shop\",\"item\":\"https:\/\/www.kosmetiksalon-lushezy.at\/sr\/shop\/\"},{\"@type\":\"ListItem\",\"position\":3,\"name\":\"HIFU 7D Anti Aging\"}]},{\"@type\":\"WebSite\",\"@id\":\"https:\/\/www.kosmetiksalon-lushezy.at\/#website\",\"url\":\"https:\/\/www.kosmetiksalon-lushezy.at\/\",\"name\":\"Adrianna Lushezy\",\"description\":\"Cosmetic, Permanent Make-up and Academy\",\"publisher\":{\"@id\":\"https:\/\/www.kosmetiksalon-lushezy.at\/#organization\"},\"potentialAction\":[{\"@type\":\"SearchAction\",\"target\":{\"@type\":\"EntryPoint\",\"urlTemplate\":\"https:\/\/www.kosmetiksalon-lushezy.at\/?s={search_term_string}\"},\"query-input\":\"required name=search_term_string\"}],\"inLanguage\":\"sr-RS\"},{\"@type\":\"Organization\",\"@id\":\"https:\/\/www.kosmetiksalon-lushezy.at\/#organization\",\"name\":\"Adrianna Lushezy\",\"url\":\"https:\/\/www.kosmetiksalon-lushezy.at\/\",\"logo\":{\"@type\":\"ImageObject\",\"inLanguage\":\"sr-RS\",\"@id\":\"https:\/\/www.kosmetiksalon-lushezy.at\/#\/schema\/logo\/image\/\",\"url\":\"https:\/\/www.kosmetiksalon-lushezy.at\/wp-content\/uploads\/2023\/11\/Adrianna-Lushezy-Favicon.png\",\"contentUrl\":\"https:\/\/www.kosmetiksalon-lushezy.at\/wp-content\/uploads\/2023\/11\/Adrianna-Lushezy-Favicon.png\",\"width\":64,\"height\":60,\"caption\":\"Adrianna Lushezy\"},\"image\":{\"@id\":\"https:\/\/www.kosmetiksalon-lushezy.at\/#\/schema\/logo\/image\/\"},\"sameAs\":[\"https:\/\/www.facebook.com\/pmu.adrianna.lushezy\/\",\"https:\/\/www.instagram.com\/adrianna_lushezy\/\"]}]}<\/script>\n<!-- \/ Yoast SEO plugin. -->","yoast_head_json":{"title":"HIFU 7D Anti Aging | Adrianna Lushezy","description":"Anti Aging predstavlja najnoviji napredak u neinvazivnoj estetskoj tehnologiji, nudec\u0301i revolucionarni pristup zatezanju i podmla\u0111ivanju ko\u017ee.","robots":{"index":"index","follow":"follow","max-snippet":"max-snippet:-1","max-image-preview":"max-image-preview:large","max-video-preview":"max-video-preview:-1"},"canonical":"https:\/\/www.kosmetiksalon-lushezy.at\/sr\/\u043f\u0440\u043e\u0438\u0437\u0432\u043e\u0434\/hifu-7d-anti-aging\/","og_locale":"sr_RS","og_type":"article","og_title":"HIFU 7D Anti Aging | Adrianna Lushezy","og_description":"Anti Aging predstavlja najnoviji napredak u neinvazivnoj estetskoj tehnologiji, nudec\u0301i revolucionarni pristup zatezanju i podmla\u0111ivanju ko\u017ee.","og_url":"https:\/\/www.kosmetiksalon-lushezy.at\/sr\/\u043f\u0440\u043e\u0438\u0437\u0432\u043e\u0434\/hifu-7d-anti-aging\/","og_site_name":"Adrianna Lushezy","article_publisher":"https:\/\/www.facebook.com\/pmu.adrianna.lushezy\/","article_modified_time":"2024-10-24T11:25:39+00:00","og_image":[{"width":940,"height":788,"url":"https:\/\/www.kosmetiksalon-lushezy.at\/wp-content\/uploads\/2024\/04\/Adrianna-Lushezy-Cosmetic-Facial-Treatments-Anti-Aging-HIFU-7D-01.jpg","type":"image\/jpeg"}],"twitter_card":"summary_large_image","twitter_misc":{"\u041f\u0440\u043e\u0446\u0435\u045a\u0435\u043d\u043e \u0432\u0440\u0435\u043c\u0435 \u0447\u0438\u0442\u0430\u045a\u0430":"3 \u043c\u0438\u043d\u0443\u0442\u0430"},"schema":{"@context":"https:\/\/schema.org","@graph":[{"@type":"WebPage","@id":"https:\/\/www.kosmetiksalon-lushezy.at\/sr\/\u043f\u0440\u043e\u0438\u0437\u0432\u043e\u0434\/hifu-7d-anti-aging\/","url":"https:\/\/www.kosmetiksalon-lushezy.at\/sr\/\u043f\u0440\u043e\u0438\u0437\u0432\u043e\u0434\/hifu-7d-anti-aging\/","name":"HIFU 7D Anti Aging | Adrianna Lushezy","isPartOf":{"@id":"https:\/\/www.kosmetiksalon-lushezy.at\/#website"},"primaryImageOfPage":{"@id":"https:\/\/www.kosmetiksalon-lushezy.at\/sr\/\u043f\u0440\u043e\u0438\u0437\u0432\u043e\u0434\/hifu-7d-anti-aging\/#primaryimage"},"image":{"@id":"https:\/\/www.kosmetiksalon-lushezy.at\/sr\/\u043f\u0440\u043e\u0438\u0437\u0432\u043e\u0434\/hifu-7d-anti-aging\/#primaryimage"},"thumbnailUrl":"https:\/\/www.kosmetiksalon-lushezy.at\/wp-content\/uploads\/2024\/04\/Adrianna-Lushezy-Cosmetic-Facial-Treatments-Anti-Aging-HIFU-7D-01.jpg","datePublished":"2024-04-15T10:03:41+00:00","dateModified":"2024-10-24T11:25:39+00:00","description":"Anti Aging predstavlja najnoviji napredak u neinvazivnoj estetskoj tehnologiji, nudec\u0301i revolucionarni pristup zatezanju i podmla\u0111ivanju ko\u017ee.","breadcrumb":{"@id":"https:\/\/www.kosmetiksalon-lushezy.at\/sr\/\u043f\u0440\u043e\u0438\u0437\u0432\u043e\u0434\/hifu-7d-anti-aging\/#breadcrumb"},"inLanguage":"sr-RS","potentialAction":[{"@type":"ReadAction","target":["https:\/\/www.kosmetiksalon-lushezy.at\/sr\/\u043f\u0440\u043e\u0438\u0437\u0432\u043e\u0434\/hifu-7d-anti-aging\/"]}]},{"@type":"ImageObject","inLanguage":"sr-RS","@id":"https:\/\/www.kosmetiksalon-lushezy.at\/sr\/\u043f\u0440\u043e\u0438\u0437\u0432\u043e\u0434\/hifu-7d-anti-aging\/#primaryimage","url":"https:\/\/www.kosmetiksalon-lushezy.at\/wp-content\/uploads\/2024\/04\/Adrianna-Lushezy-Cosmetic-Facial-Treatments-Anti-Aging-HIFU-7D-01.jpg","contentUrl":"https:\/\/www.kosmetiksalon-lushezy.at\/wp-content\/uploads\/2024\/04\/Adrianna-Lushezy-Cosmetic-Facial-Treatments-Anti-Aging-HIFU-7D-01.jpg","width":940,"height":788},{"@type":"BreadcrumbList","@id":"https:\/\/www.kosmetiksalon-lushezy.at\/sr\/\u043f\u0440\u043e\u0438\u0437\u0432\u043e\u0434\/hifu-7d-anti-aging\/#breadcrumb","itemListElement":[{"@type":"ListItem","position":1,"name":"Home","item":"https:\/\/www.kosmetiksalon-lushezy.at\/sr\/"},{"@type":"ListItem","position":2,"name":"Shop","item":"https:\/\/www.kosmetiksalon-lushezy.at\/sr\/shop\/"},{"@type":"ListItem","position":3,"name":"HIFU 7D Anti Aging"}]},{"@type":"WebSite","@id":"https:\/\/www.kosmetiksalon-lushezy.at\/#website","url":"https:\/\/www.kosmetiksalon-lushezy.at\/","name":"Adrianna Lushezy","description":"Cosmetic, Permanent Make-up and Academy","publisher":{"@id":"https:\/\/www.kosmetiksalon-lushezy.at\/#organization"},"potentialAction":[{"@type":"SearchAction","target":{"@type":"EntryPoint","urlTemplate":"https:\/\/www.kosmetiksalon-lushezy.at\/?s={search_term_string}"},"query-input":"required name=search_term_string"}],"inLanguage":"sr-RS"},{"@type":"Organization","@id":"https:\/\/www.kosmetiksalon-lushezy.at\/#organization","name":"Adrianna Lushezy","url":"https:\/\/www.kosmetiksalon-lushezy.at\/","logo":{"@type":"ImageObject","inLanguage":"sr-RS","@id":"https:\/\/www.kosmetiksalon-lushezy.at\/#\/schema\/logo\/image\/","url":"https:\/\/www.kosmetiksalon-lushezy.at\/wp-content\/uploads\/2023\/11\/Adrianna-Lushezy-Favicon.png","contentUrl":"https:\/\/www.kosmetiksalon-lushezy.at\/wp-content\/uploads\/2023\/11\/Adrianna-Lushezy-Favicon.png","width":64,"height":60,"caption":"Adrianna Lushezy"},"image":{"@id":"https:\/\/www.kosmetiksalon-lushezy.at\/#\/schema\/logo\/image\/"},"sameAs":["https:\/\/www.facebook.com\/pmu.adrianna.lushezy\/","https:\/\/www.instagram.com\/adrianna_lushezy\/"]}]}},"_links":{"self":[{"href":"https:\/\/www.kosmetiksalon-lushezy.at\/sr\/wp-json\/wp\/v2\/product\/1438","targetHints":{"allow":["GET"]}}],"collection":[{"href":"https:\/\/www.kosmetiksalon-lushezy.at\/sr\/wp-json\/wp\/v2\/product"}],"about":[{"href":"https:\/\/www.kosmetiksalon-lushezy.at\/sr\/wp-json\/wp\/v2\/types\/product"}],"wp:featuredmedia":[{"embeddable":true,"href":"https:\/\/www.kosmetiksalon-lushezy.at\/sr\/wp-json\/wp\/v2\/media\/1257"}],"wp:attachment":[{"href":"https:\/\/www.kosmetiksalon-lushezy.at\/sr\/wp-json\/wp\/v2\/media?parent=1438"}],"wp:term":[{"taxonomy":"product_cat","embeddable":true,"href":"https:\/\/www.kosmetiksalon-lushezy.at\/sr\/wp-json\/wp\/v2\/product_cat?post=1438"},{"taxonomy":"product_tag","embeddable":true,"href":"https:\/\/www.kosmetiksalon-lushezy.at\/sr\/wp-json\/wp\/v2\/product_tag?post=1438"}],"curies":[{"name":"wp","href":"https:\/\/api.w.org\/{rel}","templated":true}]}}