{"id":1437,"date":"2024-04-15T13:04:02","date_gmt":"2024-04-15T11:04:02","guid":{"rendered":"https:\/\/www.kosmetiksalon-lushezy.at\/product\/hyaluron-pen\/"},"modified":"2024-10-24T13:20:14","modified_gmt":"2024-10-24T11:20:14","slug":"hyaluron-pen","status":"publish","type":"product","link":"https:\/\/www.kosmetiksalon-lushezy.at\/sr\/\u043f\u0440\u043e\u0438\u0437\u0432\u043e\u0434\/hyaluron-pen\/","title":{"rendered":"Hyaluron Pen"},"content":{"rendered":"<div class=\"wpb-content-wrapper\"><p>[vc_row full_width=&#8220;stretch_row&#8220; css=&#8220;.vc_custom_1699454323630{background-image: url(https:\/\/www.kosmetiksalon-lushezy.at\/wp-content\/uploads\/2023\/11\/Adrianna-Lushezy-Blue-Background.jpg?id=69) !important;background-position: center !important;background-repeat: no-repeat !important;background-size: cover !important;}&#8220; woodmart_css_id=&#8220;654b9d6ad4292&#8243; responsive_spacing=&#8220;eyJwYXJhbV90eXBlIjoid29vZG1hcnRfcmVzcG9uc2l2ZV9zcGFjaW5nIiwic2VsZWN0b3JfaWQiOiI2NTRiOWQ2YWQ0MjkyIiwic2hvcnRjb2RlIjoidmNfcm93IiwiZGF0YSI6eyJ0YWJsZXQiOnt9LCJtb2JpbGUiOnt9fX0=&#8220; mobile_bg_img_hidden=&#8220;no&#8220; tablet_bg_img_hidden=&#8220;no&#8220; woodmart_parallax=&#8220;0&#8243; woodmart_gradient_switch=&#8220;no&#8220; woodmart_box_shadow=&#8220;no&#8220; wd_z_index=&#8220;no&#8220; woodmart_disable_overflow=&#8220;0&#8243; row_reverse_mobile=&#8220;0&#8243; row_reverse_tablet=&#8220;0&#8243; el_class=&#8220;product-blue-row&#8220;][vc_column][vc_column_text woodmart_inline=&#8220;no&#8220; text_larger=&#8220;no&#8220; el_class=&#8220;inner-tb&#8220;]<\/p>\n<p class=\"iznad-naslova\" style=\"text-align: center;\">Pro\u010ditaj vi\u0161e<\/p>\n<h2 style=\"text-align: center;\">Hyaluron Pen<\/h2>\n<p style=\"text-align: center;\">Hyaluron Pen je inovativna metoda koja vam omogu\u0107uje upravo to &#8211; bezbolno i bez \u0161priceva.<\/p>\n<p>[\/vc_column_text][vc_raw_html]PGRpdiBjbGFzcz0ib21vdGFjLW5hYnJhamFuamEtcHJvZHVjdCI+CiAgICA8ZGl2IGNsYXNzPSJrb2xvbmEtbGV2byI+CiAgICAgICAgPGRpdiBjbGFzcz0iaW5uZXItbmFicmFqYW5qZSI+CiAgICAgICAgICAgIDxwPlRyYcW+aXRlIGVmaWthc2FuIG5hxI1pbiBkYSBvc3Zlxb5pdGUgaSBwb2RtbGFkaXRlIGtvxb51IGJleiBpbnZheml2bmloIHByb2NlZHVyYT8gPC9wPgogICAgICAgICAgICA8cD5IeWFsdXJvbiBQZW4ga29yaXN0aSB2aXNva290bGHEjW51IHRlaG5vbG9naWp1IGtha28gYmkgdWJyaXpnYW8gaGlqYWx1cm9uc2t1IGtpc2VsaW51LCBwcmlyb2RuaSBzYXN0b2phayBrb2ppIGplIGtsanXEjWFuIHphIGhpZHJhdGFjaWp1IGkgcHVub8SHdSBrb8W+ZS4gT3ZhIG5laW52YXppdm5hIHRlaG5pa2Egb21vZ3XEh3VqZSBwcmVjaXpubyBkb3ppcmFuamUgaGlqYWx1cm9uc2tlIGtpc2VsaW5lLCBwcnXFvmFqdcSHaSB2YW0ga29udHJvbHUgbmFkIHJlenVsdGF0aW1hLiA8L3A+CiAgICAgICAgPC9kaXY+CiAgICAgICAgPGRpdiBjbGFzcz0iaW5uZXItbmFicmFqYW5qZSI+CiAgICAgICAgICAgIDxwPsWgdG8gbW\/FvmV0ZSBvxI1la2l2YXRpIG9kIEh5YWx1cm9uIFBlbiB0cmV0bWFuYT88L3A+CiAgICAgICAgICAgIDxvbD4KICAgICAgICAgICAgICAgIDxsaT48c3Ryb25nPlBvdmXEh2FuamUgdm9sdW1lbmEgdXNhbmE6PC9zdHJvbmc+IFBvc3RpZ25pdGUgcHVuaWplIGkgZGVmaW5pcmFuZSB1c25lIGJleiBwb3RyZWJlIHphIGludmF6aXZuaW0gemFodmF0aW1hLjwvbGk+CiAgICAgICAgICAgICAgICA8bGk+PHN0cm9uZz5TbWFuamVuamUgYm9yYTo8L3N0cm9uZz4gSHlhbHVyb24gUGVuIG1vxb5lIHNtYW5qaXRpIGl6Z2xlZCBmaW5paCBsaW5pamEgaSBib3JhLCBwcnXFvmFqdcSHaSB2YW0gc3ZqZcW+aWppIGkgbWxhxJFpIGl6Z2xlZC48L2xpPgogICAgICAgICAgICAgICAgPGxpPjxzdHJvbmc+SGlkcmF0YWNpamEga2\/FvmU6PC9zdHJvbmc+IEhpamFsdXJvbnNrYSBraXNlbGluYSBkdWJpbnNraSBoaWRyaXJhIGtvxb51LCBvc3RhdmxqYWp1xIdpIGplIGdsYXRrb20gaSBzamFqbm9tLjwvbGk+CiAgICAgICAgICAgICAgICA8bGk+PHN0cm9uZz5Ccnogb3BvcmF2YWs6PC9zdHJvbmc+IEJ1ZHXEh2kgZGEgamUgdHJldG1hbiBuZWludmF6aXZhbiwgbmVtYSBwb3RyZWJlIHphIHBlcmlvZG9tIG9wb3JhdmthLiBNb8W+ZXRlIHNlIG9kbWFoIHZyYXRpdGkgc3ZvamltIHN2YWtvZG5ldm5pbSBha3Rpdm5vc3RpbWEuIDwvbGk+CiAgICAgICAgICAgIDwvb2w+CiAgICAgICAgPC9kaXY+CiAgICA8L2Rpdj4KICAgIDxkaXYgY2xhc3M9ImtvbG9uYS1kZXNubyI+CiAgICA8ZGl2IGNsYXNzPSJ6YW9rcnV6ZW5vIj4KICAgICAgICA8cD5OYcWhIHRpbSBzdHJ1xI1uaWggc3RydcSNbmpha2Egb3NpZ3VyYXZhIHNpZ3VyYW4gaSB1Z29kYW4gdHJldG1hbiwgcHJpbGFnb8SRZW4gdmHFoWltIHBvdHJlYmFtYSBpIMW+ZWxqYW1hLiBPc3ZqZcW+aXRlIHN2b2ogaXpnbGVkIGkgcG92cmF0aXRlIHNhbW9wb3V6ZGFuamUgdXogSHlhbHVyb24gUGVuIHRyZXRtYW4hIDwvcD4KICAgIDxicj4KICAgICAgICA8cD5aYWthxb5pdGUgc3ZvaiB0ZXJtaW4gZGFuYXMgaSBrcmVuaXRlIHB1dGVtIHByZW1hIGxqZXBvdGkgYmV6IGJvbG5paCBpZ2FsYSBpIGR1Z2loIG9wb3JhdmFrYS48L3A+CiAgICA8L2Rpdj4KICAgIDwvZGl2Pgo8L2Rpdj4=[\/vc_raw_html][\/vc_column][\/vc_row][vc_row el_class=&#8220;single-block-row&#8220; woodmart_css_id=&#8220;654ba7cc42361&#8243; responsive_spacing=&#8220;eyJwYXJhbV90eXBlIjoid29vZG1hcnRfcmVzcG9uc2l2ZV9zcGFjaW5nIiwic2VsZWN0b3JfaWQiOiI2NTRiYTdjYzQyMzYxIiwic2hvcnRjb2RlIjoidmNfcm93IiwiZGF0YSI6eyJ0YWJsZXQiOnt9LCJtb2JpbGUiOnt9fX0=&#8220; mobile_bg_img_hidden=&#8220;no&#8220; tablet_bg_img_hidden=&#8220;no&#8220; woodmart_parallax=&#8220;0&#8243; woodmart_gradient_switch=&#8220;no&#8220; woodmart_box_shadow=&#8220;no&#8220; wd_z_index=&#8220;no&#8220; woodmart_disable_overflow=&#8220;0&#8243; row_reverse_mobile=&#8220;0&#8243; row_reverse_tablet=&#8220;0&#8243;][vc_column][vc_single_image image=&#8220;639&#8243; img_size=&#8220;full&#8220; alignment=&#8220;center&#8220; parallax_scroll=&#8220;no&#8220; woodmart_inline=&#8220;no&#8220; el_class=&#8220;manja-slika&#8220;][\/vc_column][\/vc_row][vc_row full_width=&#8220;stretch_row&#8220; el_class=&#8220;testimonials-red&#8220; css=&#8220;.vc_custom_1699371591429{background-image: url(https:\/\/www.kosmetiksalon-lushezy.at\/wp-content\/uploads\/2023\/11\/Adrianna-Lushezy-Blue-Background.jpg?id=69) !important;background-position: center !important;background-repeat: no-repeat !important;background-size: cover !important;}&#8220; woodmart_css_id=&#8220;654a5a258b98f&#8220; responsive_spacing=&#8220;eyJwYXJhbV90eXBlIjoid29vZG1hcnRfcmVzcG9uc2l2ZV9zcGFjaW5nIiwic2VsZWN0b3JfaWQiOiI2NTRhNWEyNThiOThmIiwic2hvcnRjb2RlIjoidmNfcm93IiwiZGF0YSI6eyJ0YWJsZXQiOnt9LCJtb2JpbGUiOnt9fX0=&#8220; mobile_bg_img_hidden=&#8220;no&#8220; tablet_bg_img_hidden=&#8220;no&#8220; woodmart_parallax=&#8220;0&#8243; woodmart_gradient_switch=&#8220;no&#8220; woodmart_box_shadow=&#8220;no&#8220; wd_z_index=&#8220;no&#8220; woodmart_disable_overflow=&#8220;0&#8243; row_reverse_mobile=&#8220;0&#8243; row_reverse_tablet=&#8220;0&#8243;][vc_column width=&#8220;1\/2&#8243;][vc_column_text woodmart_inline=&#8220;no&#8220; text_larger=&#8220;no&#8220; el_class=&#8220;testimonials-tb&#8220;]<\/p>\n<h4 class=\"veci\">Srec\u0301ni klijenti i <span class=\"flexed-testimonials\">Sjajni rezultati<\/span><\/h4>\n<p> Pridru\u017eite nam se na putovanju kroz svedo\u010danstva ispunjena rado\u0161c\u0301u na\u0161ih zadovoljnih klijenata, otkrivajuc\u0301i istinsku srec\u0301u i blistave rezultate koji ilustruju na\u0161u posvec\u0301enost pru\u017eanju izuzetnih lepotnih iskustava.[\/vc_column_text][\/vc_column][vc_column width=&#8220;1\/2&#8243;][vc_raw_html]W3RydXN0aW5kZXggbm8tcmVnaXN0cmF0aW9uPSJnb29nbGUiXQ==[\/vc_raw_html][\/vc_column][\/vc_row]<\/p>\n<\/div>","protected":false},"excerpt":{"rendered":"<p>Dobrodo\u0161li na na\u0161u stranicu posve\u0107enu revolucionarnom tretmanu ljepote &#8211; Hyaluron Penu! <strong>INOVATIVNO-EFEKTIVNO I BEZ BOLA<\/strong> Cena za 1ml = 180\u20ac [bookly-form category_id=\"1\" service_id=\"114\" hide=\"staff_members,week_days,time_range\"]<\/p>\n","protected":false},"featured_media":1275,"template":"","meta":[],"product_cat":[140],"product_tag":[],"class_list":{"0":"post-1437","1":"product","2":"type-product","3":"status-publish","4":"has-post-thumbnail","6":"product_cat-kozmeticki-tretmani-za-lice","8":"first","9":"instock","10":"shipping-taxable","11":"purchasable","12":"product-type-simple"},"yoast_head":"<!-- This site is optimized with the Yoast SEO plugin v23.3 - https:\/\/yoast.com\/wordpress\/plugins\/seo\/ -->\n<title>Hyaluron Pen | Adrianna Lushezy<\/title>\n<meta name=\"description\" content=\"Hyaluron Pen je inovativna metoda koja vam omogu\u0107uje upravo to - bezbolno i bez \u0161priceva. Hyaluron Pen koristi visokotla\u010dnu tehnologiju...\" \/>\n<meta name=\"robots\" content=\"index, follow, max-snippet:-1, max-image-preview:large, max-video-preview:-1\" \/>\n<link rel=\"canonical\" href=\"https:\/\/www.kosmetiksalon-lushezy.at\/sr\/\u043f\u0440\u043e\u0438\u0437\u0432\u043e\u0434\/hyaluron-pen\/\" \/>\n<meta property=\"og:locale\" content=\"sr_RS\" \/>\n<meta property=\"og:type\" content=\"article\" \/>\n<meta property=\"og:title\" content=\"Hyaluron Pen | Adrianna Lushezy\" \/>\n<meta property=\"og:description\" content=\"Hyaluron Pen je inovativna metoda koja vam omogu\u0107uje upravo to - bezbolno i bez \u0161priceva. Hyaluron Pen koristi visokotla\u010dnu tehnologiju...\" \/>\n<meta property=\"og:url\" content=\"https:\/\/www.kosmetiksalon-lushezy.at\/sr\/\u043f\u0440\u043e\u0438\u0437\u0432\u043e\u0434\/hyaluron-pen\/\" \/>\n<meta property=\"og:site_name\" content=\"Adrianna Lushezy\" \/>\n<meta property=\"article:publisher\" content=\"https:\/\/www.facebook.com\/pmu.adrianna.lushezy\/\" \/>\n<meta property=\"article:modified_time\" content=\"2024-10-24T11:20:14+00:00\" \/>\n<meta property=\"og:image\" content=\"https:\/\/www.kosmetiksalon-lushezy.at\/wp-content\/uploads\/2024\/04\/Adrianna-Lushezy-Cosmetic-Facial-Treatments-Hyaluron-Pen-01.jpg\" \/>\n\t<meta property=\"og:image:width\" content=\"940\" \/>\n\t<meta property=\"og:image:height\" content=\"788\" \/>\n\t<meta property=\"og:image:type\" content=\"image\/jpeg\" \/>\n<meta name=\"twitter:card\" content=\"summary_large_image\" \/>\n<meta name=\"twitter:label1\" content=\"\u041f\u0440\u043e\u0446\u0435\u045a\u0435\u043d\u043e \u0432\u0440\u0435\u043c\u0435 \u0447\u0438\u0442\u0430\u045a\u0430\" \/>\n\t<meta name=\"twitter:data1\" content=\"3 \u043c\u0438\u043d\u0443\u0442\u0430\" \/>\n<script type=\"application\/ld+json\" class=\"yoast-schema-graph\">{\"@context\":\"https:\/\/schema.org\",\"@graph\":[{\"@type\":\"WebPage\",\"@id\":\"https:\/\/www.kosmetiksalon-lushezy.at\/sr\/\u043f\u0440\u043e\u0438\u0437\u0432\u043e\u0434\/hyaluron-pen\/\",\"url\":\"https:\/\/www.kosmetiksalon-lushezy.at\/sr\/\u043f\u0440\u043e\u0438\u0437\u0432\u043e\u0434\/hyaluron-pen\/\",\"name\":\"Hyaluron Pen | Adrianna Lushezy\",\"isPartOf\":{\"@id\":\"https:\/\/www.kosmetiksalon-lushezy.at\/#website\"},\"primaryImageOfPage\":{\"@id\":\"https:\/\/www.kosmetiksalon-lushezy.at\/sr\/\u043f\u0440\u043e\u0438\u0437\u0432\u043e\u0434\/hyaluron-pen\/#primaryimage\"},\"image\":{\"@id\":\"https:\/\/www.kosmetiksalon-lushezy.at\/sr\/\u043f\u0440\u043e\u0438\u0437\u0432\u043e\u0434\/hyaluron-pen\/#primaryimage\"},\"thumbnailUrl\":\"https:\/\/www.kosmetiksalon-lushezy.at\/wp-content\/uploads\/2024\/04\/Adrianna-Lushezy-Cosmetic-Facial-Treatments-Hyaluron-Pen-01.jpg\",\"datePublished\":\"2024-04-15T11:04:02+00:00\",\"dateModified\":\"2024-10-24T11:20:14+00:00\",\"description\":\"Hyaluron Pen je inovativna metoda koja vam omogu\u0107uje upravo to - bezbolno i bez \u0161priceva. Hyaluron Pen koristi visokotla\u010dnu tehnologiju...\",\"breadcrumb\":{\"@id\":\"https:\/\/www.kosmetiksalon-lushezy.at\/sr\/\u043f\u0440\u043e\u0438\u0437\u0432\u043e\u0434\/hyaluron-pen\/#breadcrumb\"},\"inLanguage\":\"sr-RS\",\"potentialAction\":[{\"@type\":\"ReadAction\",\"target\":[\"https:\/\/www.kosmetiksalon-lushezy.at\/sr\/\u043f\u0440\u043e\u0438\u0437\u0432\u043e\u0434\/hyaluron-pen\/\"]}]},{\"@type\":\"ImageObject\",\"inLanguage\":\"sr-RS\",\"@id\":\"https:\/\/www.kosmetiksalon-lushezy.at\/sr\/\u043f\u0440\u043e\u0438\u0437\u0432\u043e\u0434\/hyaluron-pen\/#primaryimage\",\"url\":\"https:\/\/www.kosmetiksalon-lushezy.at\/wp-content\/uploads\/2024\/04\/Adrianna-Lushezy-Cosmetic-Facial-Treatments-Hyaluron-Pen-01.jpg\",\"contentUrl\":\"https:\/\/www.kosmetiksalon-lushezy.at\/wp-content\/uploads\/2024\/04\/Adrianna-Lushezy-Cosmetic-Facial-Treatments-Hyaluron-Pen-01.jpg\",\"width\":940,\"height\":788},{\"@type\":\"BreadcrumbList\",\"@id\":\"https:\/\/www.kosmetiksalon-lushezy.at\/sr\/\u043f\u0440\u043e\u0438\u0437\u0432\u043e\u0434\/hyaluron-pen\/#breadcrumb\",\"itemListElement\":[{\"@type\":\"ListItem\",\"position\":1,\"name\":\"Home\",\"item\":\"https:\/\/www.kosmetiksalon-lushezy.at\/sr\/\"},{\"@type\":\"ListItem\",\"position\":2,\"name\":\"Shop\",\"item\":\"https:\/\/www.kosmetiksalon-lushezy.at\/sr\/shop\/\"},{\"@type\":\"ListItem\",\"position\":3,\"name\":\"Hyaluron Pen\"}]},{\"@type\":\"WebSite\",\"@id\":\"https:\/\/www.kosmetiksalon-lushezy.at\/#website\",\"url\":\"https:\/\/www.kosmetiksalon-lushezy.at\/\",\"name\":\"Adrianna Lushezy\",\"description\":\"Cosmetic, Permanent Make-up and Academy\",\"publisher\":{\"@id\":\"https:\/\/www.kosmetiksalon-lushezy.at\/#organization\"},\"potentialAction\":[{\"@type\":\"SearchAction\",\"target\":{\"@type\":\"EntryPoint\",\"urlTemplate\":\"https:\/\/www.kosmetiksalon-lushezy.at\/?s={search_term_string}\"},\"query-input\":\"required name=search_term_string\"}],\"inLanguage\":\"sr-RS\"},{\"@type\":\"Organization\",\"@id\":\"https:\/\/www.kosmetiksalon-lushezy.at\/#organization\",\"name\":\"Adrianna Lushezy\",\"url\":\"https:\/\/www.kosmetiksalon-lushezy.at\/\",\"logo\":{\"@type\":\"ImageObject\",\"inLanguage\":\"sr-RS\",\"@id\":\"https:\/\/www.kosmetiksalon-lushezy.at\/#\/schema\/logo\/image\/\",\"url\":\"https:\/\/www.kosmetiksalon-lushezy.at\/wp-content\/uploads\/2023\/11\/Adrianna-Lushezy-Favicon.png\",\"contentUrl\":\"https:\/\/www.kosmetiksalon-lushezy.at\/wp-content\/uploads\/2023\/11\/Adrianna-Lushezy-Favicon.png\",\"width\":64,\"height\":60,\"caption\":\"Adrianna Lushezy\"},\"image\":{\"@id\":\"https:\/\/www.kosmetiksalon-lushezy.at\/#\/schema\/logo\/image\/\"},\"sameAs\":[\"https:\/\/www.facebook.com\/pmu.adrianna.lushezy\/\",\"https:\/\/www.instagram.com\/adrianna_lushezy\/\"]}]}<\/script>\n<!-- \/ Yoast SEO plugin. -->","yoast_head_json":{"title":"Hyaluron Pen | Adrianna Lushezy","description":"Hyaluron Pen je inovativna metoda koja vam omogu\u0107uje upravo to - bezbolno i bez \u0161priceva. Hyaluron Pen koristi visokotla\u010dnu tehnologiju...","robots":{"index":"index","follow":"follow","max-snippet":"max-snippet:-1","max-image-preview":"max-image-preview:large","max-video-preview":"max-video-preview:-1"},"canonical":"https:\/\/www.kosmetiksalon-lushezy.at\/sr\/\u043f\u0440\u043e\u0438\u0437\u0432\u043e\u0434\/hyaluron-pen\/","og_locale":"sr_RS","og_type":"article","og_title":"Hyaluron Pen | Adrianna Lushezy","og_description":"Hyaluron Pen je inovativna metoda koja vam omogu\u0107uje upravo to - bezbolno i bez \u0161priceva. Hyaluron Pen koristi visokotla\u010dnu tehnologiju...","og_url":"https:\/\/www.kosmetiksalon-lushezy.at\/sr\/\u043f\u0440\u043e\u0438\u0437\u0432\u043e\u0434\/hyaluron-pen\/","og_site_name":"Adrianna Lushezy","article_publisher":"https:\/\/www.facebook.com\/pmu.adrianna.lushezy\/","article_modified_time":"2024-10-24T11:20:14+00:00","og_image":[{"width":940,"height":788,"url":"https:\/\/www.kosmetiksalon-lushezy.at\/wp-content\/uploads\/2024\/04\/Adrianna-Lushezy-Cosmetic-Facial-Treatments-Hyaluron-Pen-01.jpg","type":"image\/jpeg"}],"twitter_card":"summary_large_image","twitter_misc":{"\u041f\u0440\u043e\u0446\u0435\u045a\u0435\u043d\u043e \u0432\u0440\u0435\u043c\u0435 \u0447\u0438\u0442\u0430\u045a\u0430":"3 \u043c\u0438\u043d\u0443\u0442\u0430"},"schema":{"@context":"https:\/\/schema.org","@graph":[{"@type":"WebPage","@id":"https:\/\/www.kosmetiksalon-lushezy.at\/sr\/\u043f\u0440\u043e\u0438\u0437\u0432\u043e\u0434\/hyaluron-pen\/","url":"https:\/\/www.kosmetiksalon-lushezy.at\/sr\/\u043f\u0440\u043e\u0438\u0437\u0432\u043e\u0434\/hyaluron-pen\/","name":"Hyaluron Pen | Adrianna Lushezy","isPartOf":{"@id":"https:\/\/www.kosmetiksalon-lushezy.at\/#website"},"primaryImageOfPage":{"@id":"https:\/\/www.kosmetiksalon-lushezy.at\/sr\/\u043f\u0440\u043e\u0438\u0437\u0432\u043e\u0434\/hyaluron-pen\/#primaryimage"},"image":{"@id":"https:\/\/www.kosmetiksalon-lushezy.at\/sr\/\u043f\u0440\u043e\u0438\u0437\u0432\u043e\u0434\/hyaluron-pen\/#primaryimage"},"thumbnailUrl":"https:\/\/www.kosmetiksalon-lushezy.at\/wp-content\/uploads\/2024\/04\/Adrianna-Lushezy-Cosmetic-Facial-Treatments-Hyaluron-Pen-01.jpg","datePublished":"2024-04-15T11:04:02+00:00","dateModified":"2024-10-24T11:20:14+00:00","description":"Hyaluron Pen je inovativna metoda koja vam omogu\u0107uje upravo to - bezbolno i bez \u0161priceva. Hyaluron Pen koristi visokotla\u010dnu tehnologiju...","breadcrumb":{"@id":"https:\/\/www.kosmetiksalon-lushezy.at\/sr\/\u043f\u0440\u043e\u0438\u0437\u0432\u043e\u0434\/hyaluron-pen\/#breadcrumb"},"inLanguage":"sr-RS","potentialAction":[{"@type":"ReadAction","target":["https:\/\/www.kosmetiksalon-lushezy.at\/sr\/\u043f\u0440\u043e\u0438\u0437\u0432\u043e\u0434\/hyaluron-pen\/"]}]},{"@type":"ImageObject","inLanguage":"sr-RS","@id":"https:\/\/www.kosmetiksalon-lushezy.at\/sr\/\u043f\u0440\u043e\u0438\u0437\u0432\u043e\u0434\/hyaluron-pen\/#primaryimage","url":"https:\/\/www.kosmetiksalon-lushezy.at\/wp-content\/uploads\/2024\/04\/Adrianna-Lushezy-Cosmetic-Facial-Treatments-Hyaluron-Pen-01.jpg","contentUrl":"https:\/\/www.kosmetiksalon-lushezy.at\/wp-content\/uploads\/2024\/04\/Adrianna-Lushezy-Cosmetic-Facial-Treatments-Hyaluron-Pen-01.jpg","width":940,"height":788},{"@type":"BreadcrumbList","@id":"https:\/\/www.kosmetiksalon-lushezy.at\/sr\/\u043f\u0440\u043e\u0438\u0437\u0432\u043e\u0434\/hyaluron-pen\/#breadcrumb","itemListElement":[{"@type":"ListItem","position":1,"name":"Home","item":"https:\/\/www.kosmetiksalon-lushezy.at\/sr\/"},{"@type":"ListItem","position":2,"name":"Shop","item":"https:\/\/www.kosmetiksalon-lushezy.at\/sr\/shop\/"},{"@type":"ListItem","position":3,"name":"Hyaluron Pen"}]},{"@type":"WebSite","@id":"https:\/\/www.kosmetiksalon-lushezy.at\/#website","url":"https:\/\/www.kosmetiksalon-lushezy.at\/","name":"Adrianna Lushezy","description":"Cosmetic, Permanent Make-up and Academy","publisher":{"@id":"https:\/\/www.kosmetiksalon-lushezy.at\/#organization"},"potentialAction":[{"@type":"SearchAction","target":{"@type":"EntryPoint","urlTemplate":"https:\/\/www.kosmetiksalon-lushezy.at\/?s={search_term_string}"},"query-input":"required name=search_term_string"}],"inLanguage":"sr-RS"},{"@type":"Organization","@id":"https:\/\/www.kosmetiksalon-lushezy.at\/#organization","name":"Adrianna Lushezy","url":"https:\/\/www.kosmetiksalon-lushezy.at\/","logo":{"@type":"ImageObject","inLanguage":"sr-RS","@id":"https:\/\/www.kosmetiksalon-lushezy.at\/#\/schema\/logo\/image\/","url":"https:\/\/www.kosmetiksalon-lushezy.at\/wp-content\/uploads\/2023\/11\/Adrianna-Lushezy-Favicon.png","contentUrl":"https:\/\/www.kosmetiksalon-lushezy.at\/wp-content\/uploads\/2023\/11\/Adrianna-Lushezy-Favicon.png","width":64,"height":60,"caption":"Adrianna Lushezy"},"image":{"@id":"https:\/\/www.kosmetiksalon-lushezy.at\/#\/schema\/logo\/image\/"},"sameAs":["https:\/\/www.facebook.com\/pmu.adrianna.lushezy\/","https:\/\/www.instagram.com\/adrianna_lushezy\/"]}]}},"_links":{"self":[{"href":"https:\/\/www.kosmetiksalon-lushezy.at\/sr\/wp-json\/wp\/v2\/product\/1437","targetHints":{"allow":["GET"]}}],"collection":[{"href":"https:\/\/www.kosmetiksalon-lushezy.at\/sr\/wp-json\/wp\/v2\/product"}],"about":[{"href":"https:\/\/www.kosmetiksalon-lushezy.at\/sr\/wp-json\/wp\/v2\/types\/product"}],"wp:featuredmedia":[{"embeddable":true,"href":"https:\/\/www.kosmetiksalon-lushezy.at\/sr\/wp-json\/wp\/v2\/media\/1275"}],"wp:attachment":[{"href":"https:\/\/www.kosmetiksalon-lushezy.at\/sr\/wp-json\/wp\/v2\/media?parent=1437"}],"wp:term":[{"taxonomy":"product_cat","embeddable":true,"href":"https:\/\/www.kosmetiksalon-lushezy.at\/sr\/wp-json\/wp\/v2\/product_cat?post=1437"},{"taxonomy":"product_tag","embeddable":true,"href":"https:\/\/www.kosmetiksalon-lushezy.at\/sr\/wp-json\/wp\/v2\/product_tag?post=1437"}],"curies":[{"name":"wp","href":"https:\/\/api.w.org\/{rel}","templated":true}]}}