{"id":1431,"date":"2023-11-10T11:51:17","date_gmt":"2023-11-10T10:51:17","guid":{"rendered":"https:\/\/www.kosmetiksalon-lushezy.at\/kontakt\/"},"modified":"2024-10-24T13:09:41","modified_gmt":"2024-10-24T11:09:41","slug":"kontakt","status":"publish","type":"page","link":"https:\/\/www.kosmetiksalon-lushezy.at\/sr\/kontakt\/","title":{"rendered":"Kontakt"},"content":{"rendered":"<div class=\"wpb-content-wrapper\"><p>[vc_row full_width=&#8220;stretch_row_content_no_spaces&#8220; content_placement=&#8220;middle&#8220; el_class=&#8220;header-row header-row-manji&#8220; woodmart_css_id=&#8220;654e1315254d1&#8243; responsive_spacing=&#8220;eyJwYXJhbV90eXBlIjoid29vZG1hcnRfcmVzcG9uc2l2ZV9zcGFjaW5nIiwic2VsZWN0b3JfaWQiOiI2NTRlMTMxNTI1NGQxIiwic2hvcnRjb2RlIjoidmNfcm93IiwiZGF0YSI6eyJ0YWJsZXQiOnt9LCJtb2JpbGUiOnt9fX0=&#8220; mobile_bg_img_hidden=&#8220;no&#8220; tablet_bg_img_hidden=&#8220;no&#8220; woodmart_parallax=&#8220;0&#8243; woodmart_gradient_switch=&#8220;no&#8220; woodmart_box_shadow=&#8220;no&#8220; wd_z_index=&#8220;no&#8220; woodmart_disable_overflow=&#8220;0&#8243; row_reverse_mobile=&#8220;0&#8243; row_reverse_tablet=&#8220;0&#8243; css=&#8220;.vc_custom_1699615520083{background-image: url(https:\/\/www.kosmetiksalon-lushezy.at\/wp-content\/uploads\/2023\/11\/Adrianna-Lushezy-Blue-Header-Background-min.jpg?id=15) !important;background-position: center !important;background-repeat: no-repeat !important;background-size: cover !important;}&#8220;][vc_column width=&#8220;7\/12&#8243; woodmart_css_id=&#8220;65450d378dd9e&#8220; parallax_scroll=&#8220;no&#8220; woodmart_sticky_column=&#8220;false&#8220; wd_collapsible_content_switcher=&#8220;no&#8220; wd_column_role_offcanvas_desktop=&#8220;no&#8220; wd_column_role_offcanvas_tablet=&#8220;no&#8220; wd_column_role_offcanvas_mobile=&#8220;no&#8220; wd_column_role_content_desktop=&#8220;no&#8220; wd_column_role_content_tablet=&#8220;no&#8220; wd_column_role_content_mobile=&#8220;no&#8220; mobile_bg_img_hidden=&#8220;no&#8220; tablet_bg_img_hidden=&#8220;no&#8220; woodmart_parallax=&#8220;0&#8243; woodmart_box_shadow=&#8220;no&#8220; responsive_spacing=&#8220;eyJwYXJhbV90eXBlIjoid29vZG1hcnRfcmVzcG9uc2l2ZV9zcGFjaW5nIiwic2VsZWN0b3JfaWQiOiI2NTQ1MGQzNzhkZDllIiwic2hvcnRjb2RlIjoidmNfY29sdW1uIiwiZGF0YSI6eyJ0YWJsZXQiOnt9LCJtb2JpbGUiOnt9fX0=&#8220; mobile_reset_margin=&#8220;no&#8220; tablet_reset_margin=&#8220;no&#8220; wd_z_index=&#8220;no&#8220;][vc_column_text css_animation=&#8220;fadeInLeft&#8220; woodmart_inline=&#8220;no&#8220; text_larger=&#8220;no&#8220; el_class=&#8220;header-tb header-tb-absolute header-tb-veci&#8220;]<\/p>\n<h1>Centar za korisni\u010dku podr\u0161ku <span class=\"flexed linija-bottom\">Odgovori na Va\u0161a pitanja<\/span><\/h1>\n<p>Imate pitanja o na\u0161im tretmanima ili uslugama? Kontaktirajte nas danas i hajde da zapo\u010dnemo razgovor o va\u0161im ciljevima lepote.[\/vc_column_text][\/vc_column][vc_column width=&#8220;5\/12&#8243; woodmart_css_id=&#8220;65450d3d9471e&#8220; parallax_scroll=&#8220;no&#8220; woodmart_sticky_column=&#8220;false&#8220; wd_collapsible_content_switcher=&#8220;no&#8220; wd_column_role_offcanvas_desktop=&#8220;no&#8220; wd_column_role_offcanvas_tablet=&#8220;no&#8220; wd_column_role_offcanvas_mobile=&#8220;no&#8220; wd_column_role_content_desktop=&#8220;no&#8220; wd_column_role_content_tablet=&#8220;no&#8220; wd_column_role_content_mobile=&#8220;no&#8220; mobile_bg_img_hidden=&#8220;no&#8220; tablet_bg_img_hidden=&#8220;no&#8220; woodmart_parallax=&#8220;0&#8243; woodmart_box_shadow=&#8220;no&#8220; responsive_spacing=&#8220;eyJwYXJhbV90eXBlIjoid29vZG1hcnRfcmVzcG9uc2l2ZV9zcGFjaW5nIiwic2VsZWN0b3JfaWQiOiI2NTQ1MGQzZDk0NzFlIiwic2hvcnRjb2RlIjoidmNfY29sdW1uIiwiZGF0YSI6eyJ0YWJsZXQiOnt9LCJtb2JpbGUiOnt9fX0=&#8220; mobile_reset_margin=&#8220;no&#8220; tablet_reset_margin=&#8220;no&#8220; wd_z_index=&#8220;no&#8220;][\/vc_column][\/vc_row][vc_row el_class=&#8220;kontakt-red&#8220; woodmart_css_id=&#8220;654e177bb0d0d&#8220; responsive_spacing=&#8220;eyJwYXJhbV90eXBlIjoid29vZG1hcnRfcmVzcG9uc2l2ZV9zcGFjaW5nIiwic2VsZWN0b3JfaWQiOiI2NTRlMTc3YmIwZDBkIiwic2hvcnRjb2RlIjoidmNfcm93IiwiZGF0YSI6eyJ0YWJsZXQiOnt9LCJtb2JpbGUiOnt9fX0=&#8220; mobile_bg_img_hidden=&#8220;no&#8220; tablet_bg_img_hidden=&#8220;no&#8220; woodmart_parallax=&#8220;0&#8243; woodmart_gradient_switch=&#8220;no&#8220; woodmart_box_shadow=&#8220;no&#8220; wd_z_index=&#8220;no&#8220; woodmart_disable_overflow=&#8220;0&#8243; row_reverse_mobile=&#8220;0&#8243; row_reverse_tablet=&#8220;0&#8243;][vc_column width=&#8220;1\/2&#8243; el_class=&#8220;wpb_animate_when_almost_visible wpb_fadeInUp fadeInUp&#8220; woodmart_css_id=&#8220;6627bdb2bc995&#8243; parallax_scroll=&#8220;no&#8220; woodmart_sticky_column=&#8220;false&#8220; wd_collapsible_content_switcher=&#8220;no&#8220; wd_column_role_offcanvas_desktop=&#8220;no&#8220; wd_column_role_offcanvas_tablet=&#8220;no&#8220; wd_column_role_offcanvas_mobile=&#8220;no&#8220; wd_column_role_content_desktop=&#8220;no&#8220; wd_column_role_content_tablet=&#8220;no&#8220; wd_column_role_content_mobile=&#8220;no&#8220; mobile_bg_img_hidden=&#8220;no&#8220; tablet_bg_img_hidden=&#8220;no&#8220; woodmart_parallax=&#8220;0&#8243; woodmart_box_shadow=&#8220;no&#8220; responsive_spacing=&#8220;eyJwYXJhbV90eXBlIjoid29vZG1hcnRfcmVzcG9uc2l2ZV9zcGFjaW5nIiwic2VsZWN0b3JfaWQiOiI2NjI3YmRiMmJjOTk1Iiwic2hvcnRjb2RlIjoidmNfY29sdW1uIiwiZGF0YSI6eyJ0YWJsZXQiOnt9LCJtb2JpbGUiOnt9fX0=&#8220; mobile_reset_margin=&#8220;no&#8220; tablet_reset_margin=&#8220;no&#8220; wd_z_index=&#8220;no&#8220;][vc_column_text css_animation=&#8220;fadeInUp&#8220; woodmart_inline=&#8220;no&#8220; text_larger=&#8220;no&#8220;]<\/p>\n<p class=\"iznad-naslova\">Kontaktirajte nas danas<\/p>\n<h2 class=\"manji\">Popunite kontakt formu<\/h2>\n<p>Kontaktirajte nas danas i zapo\u010dnite razgovor o va\u0161im ciljevima lepote.[\/vc_column_text]\n<div class=\"wpcf7 no-js\" id=\"wpcf7-f13-o1\" lang=\"en-US\" dir=\"ltr\">\n<div class=\"screen-reader-response\"><p role=\"status\" aria-live=\"polite\" aria-atomic=\"true\"><\/p> <ul><\/ul><\/div>\n<form action=\"\/sr\/wp-json\/wp\/v2\/pages\/1431#wpcf7-f13-o1\" method=\"post\" class=\"wpcf7-form init\" aria-label=\"Contact form\" novalidate=\"novalidate\" data-status=\"init\">\n<div style=\"display: none;\">\n<input type=\"hidden\" name=\"_wpcf7\" value=\"13\" \/>\n<input type=\"hidden\" name=\"_wpcf7_version\" value=\"5.9.8\" \/>\n<input type=\"hidden\" name=\"_wpcf7_locale\" value=\"en_US\" \/>\n<input type=\"hidden\" name=\"_wpcf7_unit_tag\" value=\"wpcf7-f13-o1\" \/>\n<input type=\"hidden\" name=\"_wpcf7_container_post\" value=\"0\" \/>\n<input type=\"hidden\" name=\"_wpcf7_posted_data_hash\" value=\"\" \/>\n<\/div>\n<div class=\"kontakt-forma-cela\">\n\t<div class=\"forma-red\">\n\t\t<div class=\"levo\">\n\t\t\t<p><span class=\"wpcf7-form-control-wrap\" data-name=\"first-name\"><input size=\"40\" maxlength=\"400\" class=\"wpcf7-form-control wpcf7-text wpcf7-validates-as-required\" aria-required=\"true\" aria-invalid=\"false\" placeholder=\"First name *\" value=\"\" type=\"text\" name=\"first-name\" \/><\/span>\n\t\t\t<\/p>\n\t\t<\/div>\n\t\t<div class=\"desno\">\n\t\t\t<p><span class=\"wpcf7-form-control-wrap\" data-name=\"last-name\"><input size=\"40\" maxlength=\"400\" class=\"wpcf7-form-control wpcf7-text wpcf7-validates-as-required\" aria-required=\"true\" aria-invalid=\"false\" placeholder=\"Last name *\" value=\"\" type=\"text\" name=\"last-name\" \/><\/span>\n\t\t\t<\/p>\n\t\t<\/div>\n\t<\/div>\n\t<div class=\"forma-red\">\n\t\t<div class=\"levo\">\n\t\t\t<p><span class=\"wpcf7-form-control-wrap\" data-name=\"email-adresa\"><input size=\"40\" maxlength=\"400\" class=\"wpcf7-form-control wpcf7-email wpcf7-validates-as-required wpcf7-text wpcf7-validates-as-email\" aria-required=\"true\" aria-invalid=\"false\" placeholder=\"Email address *\" value=\"\" type=\"email\" name=\"email-adresa\" \/><\/span>\n\t\t\t<\/p>\n\t\t<\/div>\n\t\t<div class=\"desno\">\n\t\t\t<p><span class=\"wpcf7-form-control-wrap\" data-name=\"phone-number\"><input size=\"40\" maxlength=\"400\" class=\"wpcf7-form-control wpcf7-tel wpcf7-text wpcf7-validates-as-tel\" aria-invalid=\"false\" placeholder=\"Phone number\" value=\"\" type=\"tel\" name=\"phone-number\" \/><\/span>\n\t\t\t<\/p>\n\t\t<\/div>\n\t<\/div>\n\t<div class=\"poruka\">\n\t\t<p><span class=\"wpcf7-form-control-wrap\" data-name=\"message\"><textarea cols=\"40\" rows=\"10\" maxlength=\"2000\" class=\"wpcf7-form-control wpcf7-textarea\" aria-invalid=\"false\" placeholder=\"Message...\" name=\"message\"><\/textarea><\/span>\n\t\t<\/p>\n\t<\/div>\n\t<div class=\"dugme\">\n\t\t<p><input class=\"wpcf7-form-control wpcf7-submit has-spinner\" type=\"submit\" value=\"Submit\" \/>\n\t\t<\/p>\n\t<\/div>\n<\/div><div class=\"wpcf7-response-output\" aria-hidden=\"true\"><\/div>\n<\/form>\n<\/div>\n[\/vc_column][vc_column width=&#8220;1\/2&#8243; el_class=&#8220;kolona-kontakt-info&#8220; woodmart_css_id=&#8220;654e2aaf9e569&#8243; parallax_scroll=&#8220;no&#8220; woodmart_sticky_column=&#8220;false&#8220; wd_collapsible_content_switcher=&#8220;no&#8220; wd_column_role_offcanvas_desktop=&#8220;no&#8220; wd_column_role_offcanvas_tablet=&#8220;no&#8220; wd_column_role_offcanvas_mobile=&#8220;no&#8220; wd_column_role_content_desktop=&#8220;no&#8220; wd_column_role_content_tablet=&#8220;no&#8220; wd_column_role_content_mobile=&#8220;no&#8220; mobile_bg_img_hidden=&#8220;no&#8220; tablet_bg_img_hidden=&#8220;no&#8220; woodmart_parallax=&#8220;0&#8243; woodmart_box_shadow=&#8220;no&#8220; responsive_spacing=&#8220;eyJwYXJhbV90eXBlIjoid29vZG1hcnRfcmVzcG9uc2l2ZV9zcGFjaW5nIiwic2VsZWN0b3JfaWQiOiI2NTRlMmFhZjllNTY5Iiwic2hvcnRjb2RlIjoidmNfY29sdW1uIiwiZGF0YSI6eyJ0YWJsZXQiOnt9LCJtb2JpbGUiOnt9fX0=&#8220; mobile_reset_margin=&#8220;no&#8220; tablet_reset_margin=&#8220;no&#8220; wd_z_index=&#8220;no&#8220;][vc_column_text css_animation=&#8220;fadeInUp&#8220; woodmart_inline=&#8220;no&#8220; text_larger=&#8220;no&#8220;]<\/p>\n<p class=\"iznad-naslova\">Kontakt informacije<\/p>\n<h2 class=\"manji\">Ostanite povezani<\/h2>\n<p>[\/vc_column_text][vc_raw_html]PGRpdiBjbGFzcz0ia29udGFrdC1pbmZvLW9tb3RhYyI+CiAgICA8ZGl2IGNsYXNzPSJtZWpsIHdwYl9hbmltYXRlX3doZW5fYWxtb3N0X3Zpc2libGUgd3BiX2ZhZGVJblVwIGZhZGVJblVwIj4KICAgIDxpbWcgc3JjPSJodHRwczovL3d3dy5rb3NtZXRpa3NhbG9uLWx1c2hlenkuYXQvd3AtY29udGVudC91cGxvYWRzLzIwMjMvMTEvTWFpbC1pY29uLnN2ZyI+CiAgICA8YSBocmVmPSJtYWlsdG86b2ZmaWNlQHBlcm1hbmVudC1sdXNoZXp5LmF0Ij5vZmZpY2VAcGVybWFuZW50LWx1c2hlenkuYXQ8L2E+CiAgICA8L2Rpdj4KICAgIDxkaXYgY2xhc3M9ImJyLXRlbGVmb25hIHdwYl9hbmltYXRlX3doZW5fYWxtb3N0X3Zpc2libGUgd3BiX2ZhZGVJblVwIGZhZGVJblVwIj4KICAgIDxpbWcgc3JjPSJodHRwczovL3d3dy5rb3NtZXRpa3NhbG9uLWx1c2hlenkuYXQvd3AtY29udGVudC91cGxvYWRzLzIwMjMvMTEvUGhvbmUtaWNvbi5zdmciPgogICAgPGEgaHJlZj0idGVsOis0MzY5OTE4ODgzMzc3Ij4rNDMgNjk5IDE4ODggMzM3NzwvYT4KICAgIDwvZGl2PgogICAgPGRpdiBjbGFzcz0iYWRyZXNhIHdwYl9hbmltYXRlX3doZW5fYWxtb3N0X3Zpc2libGUgd3BiX2ZhZGVJblVwIGZhZGVJblVwIj4KICAgIDxpbWcgc3JjPSJodHRwczovL3d3dy5rb3NtZXRpa3NhbG9uLWx1c2hlenkuYXQvd3AtY29udGVudC91cGxvYWRzLzIwMjMvMTEvTG9jYXRpb24taWNvbi5zdmciPgogICAgPGEgaHJlZj0iaHR0cHM6Ly9tYXBzLmFwcC5nb28uZ2wvc0VjWUtVUk5ibjRTYTU4OEEiPlNjaHVsZ2Fzc2UgNSwgVmllbm5hIDExODAgQXVzdHJpYTwvYT4KICAgIDwvZGl2PgogICAgPC9kaXY+[\/vc_raw_html][vc_column_text css_animation=&#8220;fadeInUp&#8220; woodmart_inline=&#8220;no&#8220; text_larger=&#8220;no&#8220;]<\/p>\n<h2 class=\"manji\">Radno vreme<\/h2>\n<p>[\/vc_column_text][vc_raw_html]PGRpdiBjbGFzcz0id29ya2luZy10aW1lIj4KICAgIDxwIGNsYXNzPSJ3cGJfYW5pbWF0ZV93aGVuX2FsbW9zdF92aXNpYmxlIHdwYl9mYWRlSW5VcCBmYWRlSW5VcCI+PHN0cm9uZz5Qb25lZGVsamFrOjwvc3Ryb25nPiAxMDowMGggLSAxNjowMGg8L3A+CiAgICA8cCBjbGFzcz0id3BiX2FuaW1hdGVfd2hlbl9hbG1vc3RfdmlzaWJsZSB3cGJfZmFkZUluVXAgZmFkZUluVXAiPjxzdHJvbmc+VXRvcmFrOjwvc3Ryb25nPiAwOTozMGggLSAxNjowMGg8L3A+CiAgICA8cCBjbGFzcz0id3BiX2FuaW1hdGVfd2hlbl9hbG1vc3RfdmlzaWJsZSB3cGJfZmFkZUluVXAgZmFkZUluVXAiPjxzdHJvbmc+U3JlZGE6PC9zdHJvbmc+IDA5OjMwaCAtIDE2OjAwaDwvcD4KICAgIDxwIGNsYXNzPSJ3cGJfYW5pbWF0ZV93aGVuX2FsbW9zdF92aXNpYmxlIHdwYl9mYWRlSW5VcCBmYWRlSW5VcCI+PHN0cm9uZz7EjGV0dnJ0YWs6PC9zdHJvbmc+IDA5OjAwaCAtIDE5OjAwaDwvcD4KICAgIDxwIGNsYXNzPSJ3cGJfYW5pbWF0ZV93aGVuX2FsbW9zdF92aXNpYmxlIHdwYl9mYWRlSW5VcCBmYWRlSW5VcCI+PHN0cm9uZz5QZXRhazo8L3N0cm9uZz4gMDk6NDVoIC0gMTQ6MzBoPC9wPgogICAgPHAgY2xhc3M9IndwYl9hbmltYXRlX3doZW5fYWxtb3N0X3Zpc2libGUgd3BiX2ZhZGVJblVwIGZhZGVJblVwIj48c3Ryb25nPlN1Ym90YTo8L3N0cm9uZz4gMDk6MDBoIC0gMTk6MDBoPC9wPgogICAgPHAgY2xhc3M9IndwYl9hbmltYXRlX3doZW5fYWxtb3N0X3Zpc2libGUgd3BiX2ZhZGVJblVwIGZhZGVJblVwIj48c3Ryb25nPk5lZGVsamE6PC9zdHJvbmc+IENsb3NlZDwvcD4KICAgIDwvZGl2Pg==[\/vc_raw_html][\/vc_column][\/vc_row][vc_row full_width=&#8220;stretch_row_content_no_spaces&#8220; woodmart_css_id=&#8220;654e2cf16a72f&#8220; responsive_spacing=&#8220;eyJwYXJhbV90eXBlIjoid29vZG1hcnRfcmVzcG9uc2l2ZV9zcGFjaW5nIiwic2VsZWN0b3JfaWQiOiI2NTRlMmNmMTZhNzJmIiwic2hvcnRjb2RlIjoidmNfcm93IiwiZGF0YSI6eyJ0YWJsZXQiOnt9LCJtb2JpbGUiOnt9fX0=&#8220; mobile_bg_img_hidden=&#8220;no&#8220; tablet_bg_img_hidden=&#8220;no&#8220; woodmart_parallax=&#8220;0&#8243; woodmart_gradient_switch=&#8220;no&#8220; woodmart_box_shadow=&#8220;no&#8220; wd_z_index=&#8220;no&#8220; woodmart_disable_overflow=&#8220;0&#8243; row_reverse_mobile=&#8220;0&#8243; row_reverse_tablet=&#8220;0&#8243; el_class=&#8220;mapa-red&#8220;][vc_column][vc_column_text css_animation=&#8220;fadeInUp&#8220; woodmart_inline=&#8220;no&#8220; text_larger=&#8220;no&#8220;]<\/p>\n<h2 class=\"manji\" style=\"text-align: center;\">Pratite mapu ispod<\/h2>\n<p>[\/vc_column_text][vc_gmaps link=&#8220;#E-8_JTNDaWZyYW1lJTIwc3JjJTNEJTIyaHR0cHMlM0ElMkYlMkZ3d3cuZ29vZ2xlLmNvbSUyRm1hcHMlMkZlbWJlZCUzRnBiJTNEJTIxMW0xNCUyMTFtOCUyMTFtMyUyMTFkMjY1OC4wNjcwNzQwNzE4MDI0JTIxMmQxNi4zNDgxMzU2JTIxM2Q0OC4yMjQ1ODMlMjEzbTIlMjExaTEwMjQlMjEyaTc2OCUyMTRmMTMuMSUyMTNtMyUyMTFtMiUyMTFzMHg0NzZkMDdjZjdmOTk3YWQ1JTI1M0EweDQ2NWM3MjNjMzNhZTA4MDYlMjEyc1NjaHVsZ2Fzc2UlMjUyMDUlMjUyQyUyNTIwMTE4MCUyNTIwV2llbiUyNTJDJTI1MjBBdXN0cmlhJTIxNWUwJTIxM20yJTIxMXNlbiUyMTJzcnMlMjE0djE2OTk2MjE5NTQ4NTYlMjE1bTIlMjExc2VuJTIxMnNycyUyMiUyMHdpZHRoJTNEJTIyMTkyMCUyMiUyMGhlaWdodCUzRCUyMjU2MCUyMiUyMHN0eWxlJTNEJTIyYm9yZGVyJTNBMCUzQiUyMiUyMGFsbG93ZnVsbHNjcmVlbiUzRCUyMiUyMiUyMGxvYWRpbmclM0QlMjJsYXp5JTIyJTIwcmVmZXJyZXJwb2xpY3klM0QlMjJuby1yZWZlcnJlci13aGVuLWRvd25ncmFkZSUyMiUzRSUzQyUyRmlmcmFtZSUzRQ==&#8220; css_animation=&#8220;fadeInUp&#8220;][\/vc_column][\/vc_row][vc_row full_width=&#8220;stretch_row&#8220; el_class=&#8220;testimonials-red&#8220; css=&#8220;.vc_custom_1699451916650{background-image: url(https:\/\/www.kosmetiksalon-lushezy.at\/wp-content\/uploads\/2023\/11\/Adrianna-Lushezy-Blue-Background.jpg?id=69) !important;background-position: center !important;background-repeat: no-repeat !important;background-size: cover !important;}&#8220; woodmart_css_id=&#8220;654b940292e40&#8243; responsive_spacing=&#8220;eyJwYXJhbV90eXBlIjoid29vZG1hcnRfcmVzcG9uc2l2ZV9zcGFjaW5nIiwic2VsZWN0b3JfaWQiOiI2NTRiOTQwMjkyZTQwIiwic2hvcnRjb2RlIjoidmNfcm93IiwiZGF0YSI6eyJ0YWJsZXQiOnt9LCJtb2JpbGUiOnt9fX0=&#8220; mobile_bg_img_hidden=&#8220;no&#8220; tablet_bg_img_hidden=&#8220;no&#8220; woodmart_parallax=&#8220;0&#8243; woodmart_gradient_switch=&#8220;no&#8220; woodmart_box_shadow=&#8220;no&#8220; wd_z_index=&#8220;no&#8220; woodmart_disable_overflow=&#8220;0&#8243; row_reverse_mobile=&#8220;0&#8243; row_reverse_tablet=&#8220;0&#8243;][vc_column width=&#8220;1\/2&#8243;][vc_column_text woodmart_inline=&#8220;no&#8220; text_larger=&#8220;no&#8220; el_class=&#8220;testimonials-tb&#8220;]<\/p>\n<h4 class=\"veci wpb_animate_when_almost_visible wpb_fadeInLeft fadeInLeft\">Srec\u0301ni klijenti i <span class=\"flexed-testimonials\">Sjajni rezultati<\/span><\/h4>\n<p class=\"wpb_animate_when_almost_visible wpb_fadeInLeft fadeInLeft\">Pridru\u017eite nam se na putovanju kroz svedo\u010danstva ispunjena rado\u0161c\u0301u na\u0161ih zadovoljnih klijenata, otkrivajuc\u0301i istinsku srec\u0301u i blistave rezultate koji ilustruju na\u0161u posvec\u0301enost pru\u017eanju izuzetnih lepotnih iskustava.<\/p>\n<p>[\/vc_column_text][\/vc_column][vc_column width=&#8220;1\/2&#8243;][vc_raw_html el_class=&#8220;wpb_animate_when_almost_visible wpb_fadeInRight fadeInRight&#8220;]W3RydXN0aW5kZXggbm8tcmVnaXN0cmF0aW9uPSJnb29nbGUiXQ==[\/vc_raw_html][\/vc_column][\/vc_row]<\/p>\n<\/div>","protected":false},"excerpt":{"rendered":"<p>[vc_row full_width=&#8220;stretch_row_content_no_spaces&#8220; content_placement=&#8220;middle&#8220; el_class=&#8220;header-row header-row-manji&#8220; woodmart_css_id=&#8220;654e1315254d1&#8243; responsive_spacing=&#8220;eyJwYXJhbV90eXBlIjoid29vZG1hcnRfcmVzcG9uc2l2ZV9zcGFjaW5nIiwic2VsZWN0b3JfaWQiOiI2NTRlMTMxNTI1NGQxIiwic2hvcnRjb2RlIjoidmNfcm93IiwiZGF0YSI6eyJ0YWJsZXQiOnt9LCJtb2JpbGUiOnt9fX0=&#8220; mobile_bg_img_hidden=&#8220;no&#8220; tablet_bg_img_hidden=&#8220;no&#8220; woodmart_parallax=&#8220;0&#8243; woodmart_gradient_switch=&#8220;no&#8220; woodmart_box_shadow=&#8220;no&#8220; wd_z_index=&#8220;no&#8220; woodmart_disable_overflow=&#8220;0&#8243; row_reverse_mobile=&#8220;0&#8243; row_reverse_tablet=&#8220;0&#8243; css=&#8220;.vc_custom_1699615520083{background-image: url(https:\/\/www.kosmetiksalon-lushezy.at\/wp-content\/uploads\/2023\/11\/Adrianna-Lushezy-Blue-Header-Background-min.jpg?id=15) !important;background-position: center<\/p>\n","protected":false},"author":1,"featured_media":0,"parent":0,"menu_order":5,"comment_status":"closed","ping_status":"closed","template":"","meta":{"footnotes":""},"class_list":["post-1431","page","type-page","status-publish","hentry"],"yoast_head":"<!-- This site is optimized with the Yoast SEO plugin v23.3 - https:\/\/yoast.com\/wordpress\/plugins\/seo\/ -->\n<title>Kontakt | Adrianna Lushezy<\/title>\n<meta name=\"description\" content=\"Imate pitanja o na\u0161im tretmanima ili uslugama? Kontaktirajte nas danas i hajde da zapo\u010dnemo razgovor o va\u0161im ciljevima lepote.\" \/>\n<meta name=\"robots\" content=\"index, follow, max-snippet:-1, max-image-preview:large, max-video-preview:-1\" \/>\n<link rel=\"canonical\" href=\"https:\/\/www.kosmetiksalon-lushezy.at\/sr\/kontakt\/\" \/>\n<meta property=\"og:locale\" content=\"sr_RS\" \/>\n<meta property=\"og:type\" content=\"article\" \/>\n<meta property=\"og:title\" content=\"Kontakt | Adrianna Lushezy\" \/>\n<meta property=\"og:description\" content=\"Imate pitanja o na\u0161im tretmanima ili uslugama? Kontaktirajte nas danas i hajde da zapo\u010dnemo razgovor o va\u0161im ciljevima lepote.\" \/>\n<meta property=\"og:url\" content=\"https:\/\/www.kosmetiksalon-lushezy.at\/sr\/kontakt\/\" \/>\n<meta property=\"og:site_name\" content=\"Adrianna Lushezy\" \/>\n<meta property=\"article:publisher\" content=\"https:\/\/www.facebook.com\/pmu.adrianna.lushezy\/\" \/>\n<meta property=\"article:modified_time\" content=\"2024-10-24T11:09:41+00:00\" \/>\n<meta name=\"twitter:card\" content=\"summary_large_image\" \/>\n<meta name=\"twitter:label1\" content=\"\u041f\u0440\u043e\u0446\u0435\u045a\u0435\u043d\u043e \u0432\u0440\u0435\u043c\u0435 \u0447\u0438\u0442\u0430\u045a\u0430\" \/>\n\t<meta name=\"twitter:data1\" content=\"7 \u043c\u0438\u043d\u0443\u0442\u0430\" \/>\n<script type=\"application\/ld+json\" class=\"yoast-schema-graph\">{\"@context\":\"https:\/\/schema.org\",\"@graph\":[{\"@type\":\"WebPage\",\"@id\":\"https:\/\/www.kosmetiksalon-lushezy.at\/sr\/kontakt\/\",\"url\":\"https:\/\/www.kosmetiksalon-lushezy.at\/sr\/kontakt\/\",\"name\":\"Kontakt | Adrianna Lushezy\",\"isPartOf\":{\"@id\":\"https:\/\/www.kosmetiksalon-lushezy.at\/#website\"},\"datePublished\":\"2023-11-10T10:51:17+00:00\",\"dateModified\":\"2024-10-24T11:09:41+00:00\",\"description\":\"Imate pitanja o na\u0161im tretmanima ili uslugama? Kontaktirajte nas danas i hajde da zapo\u010dnemo razgovor o va\u0161im ciljevima lepote.\",\"breadcrumb\":{\"@id\":\"https:\/\/www.kosmetiksalon-lushezy.at\/sr\/kontakt\/#breadcrumb\"},\"inLanguage\":\"sr-RS\",\"potentialAction\":[{\"@type\":\"ReadAction\",\"target\":[\"https:\/\/www.kosmetiksalon-lushezy.at\/sr\/kontakt\/\"]}]},{\"@type\":\"BreadcrumbList\",\"@id\":\"https:\/\/www.kosmetiksalon-lushezy.at\/sr\/kontakt\/#breadcrumb\",\"itemListElement\":[{\"@type\":\"ListItem\",\"position\":1,\"name\":\"Home\",\"item\":\"https:\/\/www.kosmetiksalon-lushezy.at\/sr\/\"},{\"@type\":\"ListItem\",\"position\":2,\"name\":\"Kontakt\"}]},{\"@type\":\"WebSite\",\"@id\":\"https:\/\/www.kosmetiksalon-lushezy.at\/#website\",\"url\":\"https:\/\/www.kosmetiksalon-lushezy.at\/\",\"name\":\"Adrianna Lushezy\",\"description\":\"Cosmetic, Permanent Make-up and Academy\",\"publisher\":{\"@id\":\"https:\/\/www.kosmetiksalon-lushezy.at\/#organization\"},\"potentialAction\":[{\"@type\":\"SearchAction\",\"target\":{\"@type\":\"EntryPoint\",\"urlTemplate\":\"https:\/\/www.kosmetiksalon-lushezy.at\/?s={search_term_string}\"},\"query-input\":\"required name=search_term_string\"}],\"inLanguage\":\"sr-RS\"},{\"@type\":\"Organization\",\"@id\":\"https:\/\/www.kosmetiksalon-lushezy.at\/#organization\",\"name\":\"Adrianna Lushezy\",\"url\":\"https:\/\/www.kosmetiksalon-lushezy.at\/\",\"logo\":{\"@type\":\"ImageObject\",\"inLanguage\":\"sr-RS\",\"@id\":\"https:\/\/www.kosmetiksalon-lushezy.at\/#\/schema\/logo\/image\/\",\"url\":\"https:\/\/www.kosmetiksalon-lushezy.at\/wp-content\/uploads\/2023\/11\/Adrianna-Lushezy-Favicon.png\",\"contentUrl\":\"https:\/\/www.kosmetiksalon-lushezy.at\/wp-content\/uploads\/2023\/11\/Adrianna-Lushezy-Favicon.png\",\"width\":64,\"height\":60,\"caption\":\"Adrianna Lushezy\"},\"image\":{\"@id\":\"https:\/\/www.kosmetiksalon-lushezy.at\/#\/schema\/logo\/image\/\"},\"sameAs\":[\"https:\/\/www.facebook.com\/pmu.adrianna.lushezy\/\",\"https:\/\/www.instagram.com\/adrianna_lushezy\/\"]}]}<\/script>\n<!-- \/ Yoast SEO plugin. -->","yoast_head_json":{"title":"Kontakt | Adrianna Lushezy","description":"Imate pitanja o na\u0161im tretmanima ili uslugama? Kontaktirajte nas danas i hajde da zapo\u010dnemo razgovor o va\u0161im ciljevima lepote.","robots":{"index":"index","follow":"follow","max-snippet":"max-snippet:-1","max-image-preview":"max-image-preview:large","max-video-preview":"max-video-preview:-1"},"canonical":"https:\/\/www.kosmetiksalon-lushezy.at\/sr\/kontakt\/","og_locale":"sr_RS","og_type":"article","og_title":"Kontakt | Adrianna Lushezy","og_description":"Imate pitanja o na\u0161im tretmanima ili uslugama? Kontaktirajte nas danas i hajde da zapo\u010dnemo razgovor o va\u0161im ciljevima lepote.","og_url":"https:\/\/www.kosmetiksalon-lushezy.at\/sr\/kontakt\/","og_site_name":"Adrianna Lushezy","article_publisher":"https:\/\/www.facebook.com\/pmu.adrianna.lushezy\/","article_modified_time":"2024-10-24T11:09:41+00:00","twitter_card":"summary_large_image","twitter_misc":{"\u041f\u0440\u043e\u0446\u0435\u045a\u0435\u043d\u043e \u0432\u0440\u0435\u043c\u0435 \u0447\u0438\u0442\u0430\u045a\u0430":"7 \u043c\u0438\u043d\u0443\u0442\u0430"},"schema":{"@context":"https:\/\/schema.org","@graph":[{"@type":"WebPage","@id":"https:\/\/www.kosmetiksalon-lushezy.at\/sr\/kontakt\/","url":"https:\/\/www.kosmetiksalon-lushezy.at\/sr\/kontakt\/","name":"Kontakt | Adrianna Lushezy","isPartOf":{"@id":"https:\/\/www.kosmetiksalon-lushezy.at\/#website"},"datePublished":"2023-11-10T10:51:17+00:00","dateModified":"2024-10-24T11:09:41+00:00","description":"Imate pitanja o na\u0161im tretmanima ili uslugama? Kontaktirajte nas danas i hajde da zapo\u010dnemo razgovor o va\u0161im ciljevima lepote.","breadcrumb":{"@id":"https:\/\/www.kosmetiksalon-lushezy.at\/sr\/kontakt\/#breadcrumb"},"inLanguage":"sr-RS","potentialAction":[{"@type":"ReadAction","target":["https:\/\/www.kosmetiksalon-lushezy.at\/sr\/kontakt\/"]}]},{"@type":"BreadcrumbList","@id":"https:\/\/www.kosmetiksalon-lushezy.at\/sr\/kontakt\/#breadcrumb","itemListElement":[{"@type":"ListItem","position":1,"name":"Home","item":"https:\/\/www.kosmetiksalon-lushezy.at\/sr\/"},{"@type":"ListItem","position":2,"name":"Kontakt"}]},{"@type":"WebSite","@id":"https:\/\/www.kosmetiksalon-lushezy.at\/#website","url":"https:\/\/www.kosmetiksalon-lushezy.at\/","name":"Adrianna Lushezy","description":"Cosmetic, Permanent Make-up and Academy","publisher":{"@id":"https:\/\/www.kosmetiksalon-lushezy.at\/#organization"},"potentialAction":[{"@type":"SearchAction","target":{"@type":"EntryPoint","urlTemplate":"https:\/\/www.kosmetiksalon-lushezy.at\/?s={search_term_string}"},"query-input":"required name=search_term_string"}],"inLanguage":"sr-RS"},{"@type":"Organization","@id":"https:\/\/www.kosmetiksalon-lushezy.at\/#organization","name":"Adrianna Lushezy","url":"https:\/\/www.kosmetiksalon-lushezy.at\/","logo":{"@type":"ImageObject","inLanguage":"sr-RS","@id":"https:\/\/www.kosmetiksalon-lushezy.at\/#\/schema\/logo\/image\/","url":"https:\/\/www.kosmetiksalon-lushezy.at\/wp-content\/uploads\/2023\/11\/Adrianna-Lushezy-Favicon.png","contentUrl":"https:\/\/www.kosmetiksalon-lushezy.at\/wp-content\/uploads\/2023\/11\/Adrianna-Lushezy-Favicon.png","width":64,"height":60,"caption":"Adrianna Lushezy"},"image":{"@id":"https:\/\/www.kosmetiksalon-lushezy.at\/#\/schema\/logo\/image\/"},"sameAs":["https:\/\/www.facebook.com\/pmu.adrianna.lushezy\/","https:\/\/www.instagram.com\/adrianna_lushezy\/"]}]}},"_links":{"self":[{"href":"https:\/\/www.kosmetiksalon-lushezy.at\/sr\/wp-json\/wp\/v2\/pages\/1431","targetHints":{"allow":["GET"]}}],"collection":[{"href":"https:\/\/www.kosmetiksalon-lushezy.at\/sr\/wp-json\/wp\/v2\/pages"}],"about":[{"href":"https:\/\/www.kosmetiksalon-lushezy.at\/sr\/wp-json\/wp\/v2\/types\/page"}],"author":[{"embeddable":true,"href":"https:\/\/www.kosmetiksalon-lushezy.at\/sr\/wp-json\/wp\/v2\/users\/1"}],"replies":[{"embeddable":true,"href":"https:\/\/www.kosmetiksalon-lushezy.at\/sr\/wp-json\/wp\/v2\/comments?post=1431"}],"version-history":[{"count":2,"href":"https:\/\/www.kosmetiksalon-lushezy.at\/sr\/wp-json\/wp\/v2\/pages\/1431\/revisions"}],"predecessor-version":[{"id":1433,"href":"https:\/\/www.kosmetiksalon-lushezy.at\/sr\/wp-json\/wp\/v2\/pages\/1431\/revisions\/1433"}],"wp:attachment":[{"href":"https:\/\/www.kosmetiksalon-lushezy.at\/sr\/wp-json\/wp\/v2\/media?parent=1431"}],"curies":[{"name":"wp","href":"https:\/\/api.w.org\/{rel}","templated":true}]}}