{"id":608,"date":"2024-04-15T09:31:53","date_gmt":"2024-04-15T09:31:53","guid":{"rendered":"https:\/\/www.kosmetiksalon-lushezy.at\/?page_id=608"},"modified":"2024-11-20T22:59:02","modified_gmt":"2024-11-20T21:59:02","slug":"impressum","status":"publish","type":"page","link":"https:\/\/www.kosmetiksalon-lushezy.at\/en\/impressum\/","title":{"rendered":"Impressum"},"content":{"rendered":"<div class=\"wpb-content-wrapper\"><p>[vc_row full_width=&#8221;stretch_row_content_no_spaces&#8221; content_placement=&#8221;middle&#8221; el_class=&#8221;header-row header-row-manji&#8221; woodmart_css_id=&#8221;654e1315254d1&#8243; responsive_spacing=&#8221;eyJwYXJhbV90eXBlIjoid29vZG1hcnRfcmVzcG9uc2l2ZV9zcGFjaW5nIiwic2VsZWN0b3JfaWQiOiI2NTRlMTMxNTI1NGQxIiwic2hvcnRjb2RlIjoidmNfcm93IiwiZGF0YSI6eyJ0YWJsZXQiOnt9LCJtb2JpbGUiOnt9fX0=&#8221; mobile_bg_img_hidden=&#8221;no&#8221; tablet_bg_img_hidden=&#8221;no&#8221; woodmart_parallax=&#8221;0&#8243; woodmart_gradient_switch=&#8221;no&#8221; woodmart_box_shadow=&#8221;no&#8221; wd_z_index=&#8221;no&#8221; woodmart_disable_overflow=&#8221;0&#8243; row_reverse_mobile=&#8221;0&#8243; row_reverse_tablet=&#8221;0&#8243; css=&#8221;.vc_custom_1699615520083{background-image: url(https:\/\/www.kosmetiksalon-lushezy.at\/wp-content\/uploads\/2023\/11\/Adrianna-Lushezy-Blue-Header-Background-min.jpg?id=15) !important;background-position: center !important;background-repeat: no-repeat !important;background-size: cover !important;}&#8221;][vc_column woodmart_css_id=&#8221;65450d378dd9e&#8221; parallax_scroll=&#8221;no&#8221; woodmart_sticky_column=&#8221;false&#8221; wd_collapsible_content_switcher=&#8221;no&#8221; wd_column_role_offcanvas_desktop=&#8221;no&#8221; wd_column_role_offcanvas_tablet=&#8221;no&#8221; wd_column_role_offcanvas_mobile=&#8221;no&#8221; wd_column_role_content_desktop=&#8221;no&#8221; wd_column_role_content_tablet=&#8221;no&#8221; wd_column_role_content_mobile=&#8221;no&#8221; mobile_bg_img_hidden=&#8221;no&#8221; tablet_bg_img_hidden=&#8221;no&#8221; woodmart_parallax=&#8221;0&#8243; woodmart_box_shadow=&#8221;no&#8221; responsive_spacing=&#8221;eyJwYXJhbV90eXBlIjoid29vZG1hcnRfcmVzcG9uc2l2ZV9zcGFjaW5nIiwic2VsZWN0b3JfaWQiOiI2NTQ1MGQzNzhkZDllIiwic2hvcnRjb2RlIjoidmNfY29sdW1uIiwiZGF0YSI6eyJ0YWJsZXQiOnt9LCJtb2JpbGUiOnt9fX0=&#8221; mobile_reset_margin=&#8221;no&#8221; tablet_reset_margin=&#8221;no&#8221; wd_z_index=&#8221;no&#8221;][vc_column_text css_animation=&#8221;fadeInUp&#8221; woodmart_inline=&#8221;no&#8221; text_larger=&#8221;no&#8221; el_class=&#8221;header-tb header-tb-absolute header-tb-veci tb-centrirano&#8221;]<\/p>\n<h1 style=\"text-align: center;\"><span class=\"flexed linija-bottom\">Impressum<\/span><\/h1>\n<p>[\/vc_column_text][\/vc_column][\/vc_row][vc_row el_class=&#8221;about-us-red impressum-red&#8221; woodmart_css_id=&#8221;661d017429d96&#8243; responsive_spacing=&#8221;eyJwYXJhbV90eXBlIjoid29vZG1hcnRfcmVzcG9uc2l2ZV9zcGFjaW5nIiwic2VsZWN0b3JfaWQiOiI2NjFkMDE3NDI5ZDk2Iiwic2hvcnRjb2RlIjoidmNfcm93IiwiZGF0YSI6eyJ0YWJsZXQiOnt9LCJtb2JpbGUiOnt9fX0=&#8221; mobile_bg_img_hidden=&#8221;no&#8221; tablet_bg_img_hidden=&#8221;no&#8221; woodmart_parallax=&#8221;0&#8243; woodmart_gradient_switch=&#8221;no&#8221; woodmart_box_shadow=&#8221;no&#8221; wd_z_index=&#8221;no&#8221; woodmart_disable_overflow=&#8221;0&#8243; row_reverse_mobile=&#8221;0&#8243; row_reverse_tablet=&#8221;0&#8243;][vc_column][vc_column_text css_animation=&#8221;fadeInUp&#8221; woodmart_inline=&#8221;no&#8221; text_larger=&#8221;no&#8221;]<\/p>\n<h2>Impressum &#8211; Kontakt<\/h2>\n<p>&nbsp;<\/p>\n<p><strong>Adrianna Lushezy Kosmetik und Permanent Make-Up Sch\u00f6nheitssalon <\/strong><\/p>\n<p><strong>Schulgasse 5 , 1180 Wien,<\/strong><\/p>\n<p>Telefon:\u00a0<strong>+43\/ 699 1888 33 77<\/strong><\/p>\n<p>&nbsp;<\/p>\n<p>E-Mail:\u00a0<a href=\"mailto:office@kosmetiksalon-lushezy.at\"><strong>office@kosmetiksalon-lushezy.at<\/strong><\/a><\/p>\n<p><a href=\"mailto:adrianalushezy@gmail.com\"><strong>adrianalushezy@gmail.com<\/strong><\/a><\/p>\n<p>&nbsp;<\/p>\n<p>&nbsp;<\/p>\n<p>Internet:\u00a0<strong>https:\/\/kosmetiksalon-lushezy.at\/contact-us\/<\/strong><\/p>\n<p>&nbsp;<\/p>\n<p>Rechtliche Informationen<\/p>\n<p>Inh:\u00a0<strong>Frau Adrianna Csikos<\/strong><\/p>\n<p>&nbsp;<\/p>\n<p>Rechtsform:\u00a0<strong>Einzelunternehmen<\/strong><\/p>\n<p>&nbsp;<\/p>\n<p>Kammer:\u00a0<strong>Wirtschaftskammer Wien<\/strong><\/p>\n<p>&nbsp;<\/p>\n<p>gesetzl. Berufsbezeichnung:<\/p>\n<p><strong>Kosmetik (Sch\u00f6nheitspflege), eingeschr\u00e4nkt auf Permanent Makle-Up und Microblading<\/strong><\/p>\n<p><strong>Kosmetik (Sch\u00f6nheitspflege), ausgenommen Piercen und T\u00e4towieren<\/strong><\/p>\n<p>&nbsp;<\/p>\n<p>Aufsichtsbeh\u00f6rde:\u00a0<strong>Magistratisches Bezirksamt des 18. Bezirkes<\/strong><\/p>\n<p>&nbsp;<\/p>\n<p>Sonstiges:\u00a0<strong>WKO<\/strong><\/p>\n<p>&nbsp;<\/p>\n<p>Steuernummer:\u00a0<strong>07 285\/0969<\/strong><\/p>\n<p><strong>\u00a0<\/strong><\/p>\n<p>ATU78678138<\/p>\n<p>&nbsp;<\/p>\n<p>&nbsp;<\/p>\n<p>Online-Streitbeilegung gem\u00e4\u00df Art. 14 Abs. 1 ODR-VO: Die Europ\u00e4ische Kommission stellt eine Plattform zur Online-Streitbeilegung (OS) bereit, die Sie unter http:\/\/ec.europa.eu\/consumers\/odr\/ finden. Dar\u00fcber hinaus nimmt unser Betrieb an einem Verbraucherstreitigkeitsverfahren nicht teil.<\/p>\n<p>&nbsp;<\/p>\n<p><strong>Haftungsausschluss<\/strong><\/p>\n<p>Unsere Inhalte werden sorgf\u00e4ltig gepr\u00fcft und auf Fehler kontrolliert, dennoch wird keine Haftung f\u00fcr die Richtigkeit, Aktualit\u00e4t und Vollst\u00e4ndigkeit des hier zu findenden Inhalts \u00fcbernommen. F\u00fcr die Inhalte von verlinkten Seiten, sind die Betreiber jener zu Haftung zu ziehen. Jegliche Haftung seitens Adrianna Lushezy Sch\u00f6nheitssalon und Permanent Make-Up ist daher und in weiterer Folge ausgeschlossen.<\/p>\n<p>&nbsp;<\/p>\n<p><strong>Urheberrecht<\/strong><\/p>\n<p>Der Inhalt, als auch die Grafiken und Fotos auf unserer Seite sind urheberrechtlich gesch\u00fctzt und d\u00fcrfen ausschlie\u00dflich nur nach schriftlicher Genehmigung durch Adrianna Lushezy Kosmetiksalon kopiert, ge\u00e4ndert, publiziert, versendet, vervielf\u00e4ltigt oder in irgendeiner anderen Form genutzt werden. Bei Produkt- und Firmennamen, welche hier verwendet werden, kann es sich um eingetragene Marken und Warenzeichen handeln. Kommt es zu einer unberechtigten Verwendung oben genannter kann es zu Schadensersatzanspr\u00fcchen und Unterlassungsanspr\u00fcchen seitens der Betreiber und Inhaber kommen.<\/p>\n<p>&nbsp;<\/p>\n<p><strong>Datenschutz<\/strong><\/p>\n<p>Die Betreiber dieser Seiten nehmen den Datenschutz ihrer Besucher sehr ernst und m\u00f6chten darauf hinweisen, dass auf der Seite erhobene Daten, die personenbezogen sind, also Daten welche Sie im Kontaktformular angeben haben, vertraulich und entsprechend der in \u00d6sterreich festgelegten gesetzlichen Datenschutzvorschriften behandeln.<\/p>\n<p>Es steht Ihnen zu, Fragen zum Thema \u201eDatenschutz\u201c an, die im Impressum genannte Kontaktdaten zu richten oder ihr Beschwerderecht bei der daf\u00fcr zust\u00e4ndigen Aufsichtsbeh\u00f6rde in Anspruch zu nehmen.<\/p>\n<p>&nbsp;[\/vc_column_text][\/vc_column][\/vc_row][vc_row full_width=&#8221;stretch_row&#8221; el_class=&#8221;testimonials-red&#8221; css=&#8221;.vc_custom_1699451916650{background-image: url(https:\/\/www.kosmetiksalon-lushezy.at\/wp-content\/uploads\/2023\/11\/Adrianna-Lushezy-Blue-Background.jpg?id=69) !important;background-position: center !important;background-repeat: no-repeat !important;background-size: cover !important;}&#8221; woodmart_css_id=&#8221;654b940292e40&#8243; responsive_spacing=&#8221;eyJwYXJhbV90eXBlIjoid29vZG1hcnRfcmVzcG9uc2l2ZV9zcGFjaW5nIiwic2VsZWN0b3JfaWQiOiI2NTRiOTQwMjkyZTQwIiwic2hvcnRjb2RlIjoidmNfcm93IiwiZGF0YSI6eyJ0YWJsZXQiOnt9LCJtb2JpbGUiOnt9fX0=&#8221; mobile_bg_img_hidden=&#8221;no&#8221; tablet_bg_img_hidden=&#8221;no&#8221; woodmart_parallax=&#8221;0&#8243; woodmart_gradient_switch=&#8221;no&#8221; woodmart_box_shadow=&#8221;no&#8221; wd_z_index=&#8221;no&#8221; woodmart_disable_overflow=&#8221;0&#8243; row_reverse_mobile=&#8221;0&#8243; row_reverse_tablet=&#8221;0&#8243;][vc_column width=&#8221;1\/2&#8243;][vc_column_text woodmart_inline=&#8221;no&#8221; text_larger=&#8221;no&#8221; el_class=&#8221;testimonials-tb&#8221;]<\/p>\n<h4 class=\"veci wpb_animate_when_almost_visible wpb_fadeInLeft fadeInLeft\">Happy Clients and <span class=\"flexed-testimonials\">Glowing Results<\/span><\/h4>\n<p class=\"wpb_animate_when_almost_visible wpb_fadeInLeft fadeInLeft\">Join us on a journey through the joy-filled testimonials of our satisfied clients, revealing the genuine happiness and radiant outcomes that exemplify our dedication to providing exceptional beauty experiences.<\/p>\n<p>[\/vc_column_text][\/vc_column][vc_column width=&#8221;1\/2&#8243;][vc_raw_html el_class=&#8221;wpb_animate_when_almost_visible wpb_fadeInRight fadeInRight&#8221;]JTVCdHJ1c3RpbmRleCUyMG5vLXJlZ2lzdHJhdGlvbiUzRGdvb2dsZSU1RA==[\/vc_raw_html][\/vc_column][\/vc_row]<\/p>\n<\/div>","protected":false},"excerpt":{"rendered":"<p>[vc_row full_width=&#8221;stretch_row_content_no_spaces&#8221; content_placement=&#8221;middle&#8221; el_class=&#8221;header-row header-row-manji&#8221; woodmart_css_id=&#8221;654e1315254d1&#8243; responsive_spacing=&#8221;eyJwYXJhbV90eXBlIjoid29vZG1hcnRfcmVzcG9uc2l2ZV9zcGFjaW5nIiwic2VsZWN0b3JfaWQiOiI2NTRlMTMxNTI1NGQxIiwic2hvcnRjb2RlIjoidmNfcm93IiwiZGF0YSI6eyJ0YWJsZXQiOnt9LCJtb2JpbGUiOnt9fX0=&#8221; mobile_bg_img_hidden=&#8221;no&#8221; tablet_bg_img_hidden=&#8221;no&#8221; woodmart_parallax=&#8221;0&#8243; woodmart_gradient_switch=&#8221;no&#8221; woodmart_box_shadow=&#8221;no&#8221; wd_z_index=&#8221;no&#8221; woodmart_disable_overflow=&#8221;0&#8243; row_reverse_mobile=&#8221;0&#8243; row_reverse_tablet=&#8221;0&#8243; css=&#8221;.vc_custom_1699615520083{background-image: url(https:\/\/www.kosmetiksalon-lushezy.at\/wp-content\/uploads\/2023\/11\/Adrianna-Lushezy-Blue-Header-Background-min.jpg?id=15) !important;background-position: center<\/p>\n","protected":false},"author":1,"featured_media":0,"parent":0,"menu_order":4,"comment_status":"closed","ping_status":"closed","template":"","meta":{"footnotes":""},"class_list":["post-608","page","type-page","status-publish","hentry"],"yoast_head":"<!-- This site is optimized with the Yoast SEO plugin v23.3 - https:\/\/yoast.com\/wordpress\/plugins\/seo\/ -->\n<title>Impressum | Adrianna Lushezy<\/title>\n<meta name=\"description\" content=\"Online Dispute Resolution according to Art. 14 Para. 1 ODR-VO: The European Commission provides a platform for online dispute resolution...\" \/>\n<meta name=\"robots\" content=\"index, follow, max-snippet:-1, max-image-preview:large, max-video-preview:-1\" \/>\n<link rel=\"canonical\" href=\"https:\/\/www.kosmetiksalon-lushezy.at\/en\/impressum\/\" \/>\n<meta property=\"og:locale\" content=\"en_US\" \/>\n<meta property=\"og:type\" content=\"article\" \/>\n<meta property=\"og:title\" content=\"Impressum | Adrianna Lushezy\" \/>\n<meta property=\"og:description\" content=\"Online Dispute Resolution according to Art. 14 Para. 1 ODR-VO: The European Commission provides a platform for online dispute resolution...\" \/>\n<meta property=\"og:url\" content=\"https:\/\/www.kosmetiksalon-lushezy.at\/en\/impressum\/\" \/>\n<meta property=\"og:site_name\" content=\"Adrianna Lushezy\" \/>\n<meta property=\"article:publisher\" content=\"https:\/\/www.facebook.com\/pmu.adrianna.lushezy\/\" \/>\n<meta property=\"article:modified_time\" content=\"2024-11-20T21:59:02+00:00\" \/>\n<meta name=\"twitter:card\" content=\"summary_large_image\" \/>\n<meta name=\"twitter:label1\" content=\"Est. reading time\" \/>\n\t<meta name=\"twitter:data1\" content=\"3 minutes\" \/>\n<script type=\"application\/ld+json\" class=\"yoast-schema-graph\">{\"@context\":\"https:\/\/schema.org\",\"@graph\":[{\"@type\":\"WebPage\",\"@id\":\"https:\/\/www.kosmetiksalon-lushezy.at\/en\/impressum\/\",\"url\":\"https:\/\/www.kosmetiksalon-lushezy.at\/en\/impressum\/\",\"name\":\"Impressum | Adrianna Lushezy\",\"isPartOf\":{\"@id\":\"https:\/\/www.kosmetiksalon-lushezy.at\/#website\"},\"datePublished\":\"2024-04-15T09:31:53+00:00\",\"dateModified\":\"2024-11-20T21:59:02+00:00\",\"description\":\"Online Dispute Resolution according to Art. 14 Para. 1 ODR-VO: The European Commission provides a platform for online dispute resolution...\",\"breadcrumb\":{\"@id\":\"https:\/\/www.kosmetiksalon-lushezy.at\/en\/impressum\/#breadcrumb\"},\"inLanguage\":\"en-US\",\"potentialAction\":[{\"@type\":\"ReadAction\",\"target\":[\"https:\/\/www.kosmetiksalon-lushezy.at\/en\/impressum\/\"]}]},{\"@type\":\"BreadcrumbList\",\"@id\":\"https:\/\/www.kosmetiksalon-lushezy.at\/en\/impressum\/#breadcrumb\",\"itemListElement\":[{\"@type\":\"ListItem\",\"position\":1,\"name\":\"Home\",\"item\":\"https:\/\/www.kosmetiksalon-lushezy.at\/\"},{\"@type\":\"ListItem\",\"position\":2,\"name\":\"Impressum\"}]},{\"@type\":\"WebSite\",\"@id\":\"https:\/\/www.kosmetiksalon-lushezy.at\/#website\",\"url\":\"https:\/\/www.kosmetiksalon-lushezy.at\/\",\"name\":\"Adrianna Lushezy\",\"description\":\"Cosmetic, Permanent Make-up and Academy\",\"publisher\":{\"@id\":\"https:\/\/www.kosmetiksalon-lushezy.at\/#organization\"},\"potentialAction\":[{\"@type\":\"SearchAction\",\"target\":{\"@type\":\"EntryPoint\",\"urlTemplate\":\"https:\/\/www.kosmetiksalon-lushezy.at\/?s={search_term_string}\"},\"query-input\":\"required name=search_term_string\"}],\"inLanguage\":\"en-US\"},{\"@type\":\"Organization\",\"@id\":\"https:\/\/www.kosmetiksalon-lushezy.at\/#organization\",\"name\":\"Adrianna Lushezy\",\"url\":\"https:\/\/www.kosmetiksalon-lushezy.at\/\",\"logo\":{\"@type\":\"ImageObject\",\"inLanguage\":\"en-US\",\"@id\":\"https:\/\/www.kosmetiksalon-lushezy.at\/#\/schema\/logo\/image\/\",\"url\":\"https:\/\/www.kosmetiksalon-lushezy.at\/wp-content\/uploads\/2023\/11\/Adrianna-Lushezy-Favicon.png\",\"contentUrl\":\"https:\/\/www.kosmetiksalon-lushezy.at\/wp-content\/uploads\/2023\/11\/Adrianna-Lushezy-Favicon.png\",\"width\":64,\"height\":60,\"caption\":\"Adrianna Lushezy\"},\"image\":{\"@id\":\"https:\/\/www.kosmetiksalon-lushezy.at\/#\/schema\/logo\/image\/\"},\"sameAs\":[\"https:\/\/www.facebook.com\/pmu.adrianna.lushezy\/\",\"https:\/\/www.instagram.com\/adrianna_lushezy\/\"]}]}<\/script>\n<!-- \/ Yoast SEO plugin. -->","yoast_head_json":{"title":"Impressum | Adrianna Lushezy","description":"Online Dispute Resolution according to Art. 14 Para. 1 ODR-VO: The European Commission provides a platform for online dispute resolution...","robots":{"index":"index","follow":"follow","max-snippet":"max-snippet:-1","max-image-preview":"max-image-preview:large","max-video-preview":"max-video-preview:-1"},"canonical":"https:\/\/www.kosmetiksalon-lushezy.at\/en\/impressum\/","og_locale":"en_US","og_type":"article","og_title":"Impressum | Adrianna Lushezy","og_description":"Online Dispute Resolution according to Art. 14 Para. 1 ODR-VO: The European Commission provides a platform for online dispute resolution...","og_url":"https:\/\/www.kosmetiksalon-lushezy.at\/en\/impressum\/","og_site_name":"Adrianna Lushezy","article_publisher":"https:\/\/www.facebook.com\/pmu.adrianna.lushezy\/","article_modified_time":"2024-11-20T21:59:02+00:00","twitter_card":"summary_large_image","twitter_misc":{"Est. reading time":"3 minutes"},"schema":{"@context":"https:\/\/schema.org","@graph":[{"@type":"WebPage","@id":"https:\/\/www.kosmetiksalon-lushezy.at\/en\/impressum\/","url":"https:\/\/www.kosmetiksalon-lushezy.at\/en\/impressum\/","name":"Impressum | Adrianna Lushezy","isPartOf":{"@id":"https:\/\/www.kosmetiksalon-lushezy.at\/#website"},"datePublished":"2024-04-15T09:31:53+00:00","dateModified":"2024-11-20T21:59:02+00:00","description":"Online Dispute Resolution according to Art. 14 Para. 1 ODR-VO: The European Commission provides a platform for online dispute resolution...","breadcrumb":{"@id":"https:\/\/www.kosmetiksalon-lushezy.at\/en\/impressum\/#breadcrumb"},"inLanguage":"en-US","potentialAction":[{"@type":"ReadAction","target":["https:\/\/www.kosmetiksalon-lushezy.at\/en\/impressum\/"]}]},{"@type":"BreadcrumbList","@id":"https:\/\/www.kosmetiksalon-lushezy.at\/en\/impressum\/#breadcrumb","itemListElement":[{"@type":"ListItem","position":1,"name":"Home","item":"https:\/\/www.kosmetiksalon-lushezy.at\/"},{"@type":"ListItem","position":2,"name":"Impressum"}]},{"@type":"WebSite","@id":"https:\/\/www.kosmetiksalon-lushezy.at\/#website","url":"https:\/\/www.kosmetiksalon-lushezy.at\/","name":"Adrianna Lushezy","description":"Cosmetic, Permanent Make-up and Academy","publisher":{"@id":"https:\/\/www.kosmetiksalon-lushezy.at\/#organization"},"potentialAction":[{"@type":"SearchAction","target":{"@type":"EntryPoint","urlTemplate":"https:\/\/www.kosmetiksalon-lushezy.at\/?s={search_term_string}"},"query-input":"required name=search_term_string"}],"inLanguage":"en-US"},{"@type":"Organization","@id":"https:\/\/www.kosmetiksalon-lushezy.at\/#organization","name":"Adrianna Lushezy","url":"https:\/\/www.kosmetiksalon-lushezy.at\/","logo":{"@type":"ImageObject","inLanguage":"en-US","@id":"https:\/\/www.kosmetiksalon-lushezy.at\/#\/schema\/logo\/image\/","url":"https:\/\/www.kosmetiksalon-lushezy.at\/wp-content\/uploads\/2023\/11\/Adrianna-Lushezy-Favicon.png","contentUrl":"https:\/\/www.kosmetiksalon-lushezy.at\/wp-content\/uploads\/2023\/11\/Adrianna-Lushezy-Favicon.png","width":64,"height":60,"caption":"Adrianna Lushezy"},"image":{"@id":"https:\/\/www.kosmetiksalon-lushezy.at\/#\/schema\/logo\/image\/"},"sameAs":["https:\/\/www.facebook.com\/pmu.adrianna.lushezy\/","https:\/\/www.instagram.com\/adrianna_lushezy\/"]}]}},"_links":{"self":[{"href":"https:\/\/www.kosmetiksalon-lushezy.at\/en\/wp-json\/wp\/v2\/pages\/608","targetHints":{"allow":["GET"]}}],"collection":[{"href":"https:\/\/www.kosmetiksalon-lushezy.at\/en\/wp-json\/wp\/v2\/pages"}],"about":[{"href":"https:\/\/www.kosmetiksalon-lushezy.at\/en\/wp-json\/wp\/v2\/types\/page"}],"author":[{"embeddable":true,"href":"https:\/\/www.kosmetiksalon-lushezy.at\/en\/wp-json\/wp\/v2\/users\/1"}],"replies":[{"embeddable":true,"href":"https:\/\/www.kosmetiksalon-lushezy.at\/en\/wp-json\/wp\/v2\/comments?post=608"}],"version-history":[{"count":10,"href":"https:\/\/www.kosmetiksalon-lushezy.at\/en\/wp-json\/wp\/v2\/pages\/608\/revisions"}],"predecessor-version":[{"id":1589,"href":"https:\/\/www.kosmetiksalon-lushezy.at\/en\/wp-json\/wp\/v2\/pages\/608\/revisions\/1589"}],"wp:attachment":[{"href":"https:\/\/www.kosmetiksalon-lushezy.at\/en\/wp-json\/wp\/v2\/media?parent=608"}],"curies":[{"name":"wp","href":"https:\/\/api.w.org\/{rel}","templated":true}]}}